{"id":9428,"date":"2023-09-14T09:38:28","date_gmt":"2023-09-14T07:38:28","guid":{"rendered":"https:\/\/semmelweis.hu\/tdk\/?page_id=9428"},"modified":"2025-09-17T10:32:35","modified_gmt":"2025-09-17T08:32:35","slug":"rektori-palyazat-fogpotlastani-klinika","status":"publish","type":"page","link":"https:\/\/semmelweis.hu\/tdk\/rektori-palyazat\/rektori-palyazat-meghirdetett-temak\/rektori-palyazat-fogpotlastani-klinika\/","title":{"rendered":"Fogp\u00f3tl\u00e1stani Klinika &#8211; Rektori p\u00e1ly\u00e1zat"},"content":{"rendered":"<h3>Rektori p\u00e1ly\u00e1zat\u00a0 Fogp\u00f3tl\u00e1stani Klinika 2025\/2026<\/h3>\n<table style=\"border-collapse: collapse;width: 100%;height: 597px\">\n<tbody>\n<tr style=\"height: 33px\">\n<td style=\"width: 59.0857%;height: 33px\" width=\"732\"><strong>Rektori p\u00e1lyamunka c\u00edme<\/strong><\/td>\n<td style=\"width: 40.8%;height: 33px\" width=\"533\"><strong>T\u00e9mavezet\u0151 neve (fokozattal)<\/strong><\/td>\n<\/tr>\n<tr style=\"height: 33px\">\n<td style=\"width: 59.0857%;height: 33px\">A dent\u00e1lis er\u00f3zi\u00f3 in vivo vizsg\u00e1lata<\/td>\n<td style=\"width: 40.8%;height: 33px\">Dr. Berze Ildik\u00f3 (Klinikai szakorvos)<\/td>\n<\/tr>\n<tr style=\"height: 63px\">\n<td style=\"width: 59.0857%;height: 63px\">Az intraor\u00e1lis szkennel\u00e9s tanul\u00e1si g\u00f6rb\u00e9j\u00e9nek vizsg\u00e1lata gyakorlati param\u00e9terek alapj\u00e1n<\/td>\n<td style=\"width: 40.8%;height: 63px\">Dr. R\u00f3th Ivett (PhD, Egyetemi adjunktus)<\/td>\n<\/tr>\n<tr style=\"height: 63px\">\n<td style=\"width: 59.0857%;height: 63px\">Digit\u00e1lis lenyomatv\u00e9telen alapul\u00f3 CAD\/CAM vez\u00e9relt protetikai munkafolyamat pontoss\u00e1g\u00e1nak e\u0301rte\u0301kele\u0301se<\/td>\n<td style=\"width: 40.8%;height: 63px\">Dr. Borb\u00e9ly Judit (PhD, Egyetemi docens) \u00e9s Dr. R\u00f3th Ivett (PhD, Egyetemi adjunktus)<\/td>\n<\/tr>\n<tr style=\"height: 33px\">\n<td style=\"width: 59.0857%;height: 33px\">Mersters\u00e9ges inelligencia alkalmaz\u00e1sa a mosolytervez\u00e9sben<\/td>\n<td style=\"width: 40.8%;height: 33px\">Dr. Borb\u00e9ly Judit (PhD, Egyetemi docens)<\/td>\n<\/tr>\n<tr style=\"height: 63px\">\n<td style=\"width: 59.0857%;height: 63px\">Intraor\u00e1lis szkenner gener\u00e1ci\u00f3k \u00e9s szoftververzi\u00f3k \u00f6sszehasonl\u00edt\u00f3 \u00e9rt\u00e9kel\u00e9se<\/td>\n<td style=\"width: 40.8%;height: 63px\">Dr. R\u00f3th Ivett (PhD, Egyetemi adjunktus)<\/td>\n<\/tr>\n<tr style=\"height: 123px\">\n<td style=\"width: 59.0857%;height: 123px\" width=\"732\">Prothetische Aspekte bei Implantat gest\u00fctzten Einzelzahnrestaurationen in der \u00c4sthetischen Zone Vergleich der Genaugikeit zwischen 3D gedruckten und konventionellen Models in der Frontzone bei Einzelrestaurationen<\/td>\n<td style=\"width: 40.8%;height: 123px\">Dr. Mikul\u00e1s Krisztina (PhD, Egyetemi adjunktus)<\/td>\n<\/tr>\n<tr style=\"height: 123px\">\n<td style=\"width: 59.0857%;height: 123px\" width=\"732\">\u00a0Provisorische und definitive Phasen in der Implantologie &#8211; in der \u00e4sthetischen Zone: Digitale und konventionelle Abformungsmethode\u00a0bei Einzelrestaurationen\u00a0in der \u00e4sthetischen Zone<\/td>\n<td style=\"width: 40.8%;height: 123px\">Dr. Mikul\u00e1s Krisztina (PhD, Egyetemi adjunktus)<\/td>\n<\/tr>\n<tr style=\"height: 63px\">\n<td style=\"width: 59.0857%;height: 63px\">H\u0151m\u00e9rs\u00e9klet-v\u00e1ltoz\u00e1s hat\u00e1s\u00e1nak vizsg\u00e1lata CEREC intraor\u00e1lis szkenner \u00e1ltal r\u00f6gz\u00edtett digit\u00e1lis lenyomatok pontoss\u00e1g\u00e1ra<\/td>\n<td style=\"width: 40.8%;height: 63px\">Dr. Jo\u00f3s-Kov\u00e1cs Gell\u00e9rt (PhD, Egyetemi adjunktus)<\/td>\n<\/tr>\n<tr>\n<td style=\"width: 59.0857%\">Arc\u00edv haszn\u00e1lat\u00e1nak jelent\u0151s\u00e9ge az egyedi protetikai munkafolyamatokban<\/td>\n<td style=\"width: 40.8%\">Dr. Kov\u00e1csn\u00e9 Dr. K\u00f6rmendi Szandra (egyetemi adjunktus), Dr. J\u00e1sz M\u00e1t\u00e9 (egyetemi adjunktus)<\/td>\n<\/tr>\n<tr>\n<td style=\"width: 59.0857%\" width=\"732\">Ciszt\u00e1s fibr\u00f3zisban szenved\u0151 p\u00e1ciensek sz\u00e1j\u00fcregi eg\u00e9szs\u00e9g\u00fcgyi szok\u00e1sainak vizsg\u00e1lata<\/td>\n<td style=\"width: 40.8%\" width=\"533\">Dr. Heged\u0171s Tam\u00e1s (Klinikai gyakornok)<\/td>\n<\/tr>\n<tr>\n<td style=\"width: 59.0857%\">A szkennelend\u0151 felsz\u00edn t\u00e1vols\u00e1g\u00e1nak \u00e9s felsz\u00edn g\u00f6rb\u00fclet\u00e9nek hat\u00e1sa a digit\u00e1lis lenyomatok pontoss\u00e1g\u00e1ra<\/td>\n<td style=\"width: 40.8%\">Dr. Jo\u00f3s-Kov\u00e1cs Gell\u00e9rt (Egyetemi adjunktus)<\/td>\n<\/tr>\n<tr>\n<td style=\"width: 59.0857%\">CEREC Primemillel \u00e9s Primeprinttel gy\u00e1rthat\u00f3 ideiglenes fogp\u00f3tl\u00e1sok \u00e9rt\u00e9kel\u00e9se<\/td>\n<td style=\"width: 40.8%\">Dr. Jo\u00f3s-Kov\u00e1cs Gell\u00e9rt (Egyetemi adjunktus)<\/td>\n<\/tr>\n<tr>\n<td style=\"width: 59.0857%\" width=\"732\">Direkt peri-implant\u00e1lis EP szkennel\u00e9s az eszt\u00e9tikai z\u00f3n\u00e1ban sz\u00f3l\u00f3 implant\u00e1ci\u00f3s fogp\u00f3tl\u00e1sokn\u00e1l. A digit\u00e1lis vs hagyom\u00e1nyos lenyomatv\u00e9tel az orvos \u00e9s a p\u00e1ciens szemsz\u00f6g\u00e9b\u0151l.<\/td>\n<td style=\"width: 40.8%\">Dr. Mikul\u00e1s Krisztina (Egyetemi adjunktus), dr. Qian Xinyi (Klinikai orvos)<\/td>\n<\/tr>\n<tr>\n<td style=\"width: 59.0857%\" width=\"732\">Indirekt EP szkennel\u00e9s vs hagyom\u00e1nyos lenyomatoz\u00e1s sz\u00f3l\u00f3 implant\u00e1tum elhorgonyz\u00e1s\u00fa restaur\u00e1tumokn\u00e1l. Eszt\u00e9tikai \u00e9s funkcion\u00e1lis ki\u00e9rt\u00e9kel\u00e9s.<\/td>\n<td style=\"width: 40.8%\">Dr. Mikul\u00e1s Krisztina (Egyetemi adjunktus), dr. Qian Xinyi (Klinikai orvos)<\/td>\n<\/tr>\n<tr>\n<td style=\"width: 59.0857%\">Hagyom\u00e1nyos \u00e9s hev\u00edtett doh\u00e1nyterm\u00e9ket haszn\u00e1l\u00f3k paradont\u00e1lis st\u00e1tusz\u00e1nak vizsg\u00e1lata<\/td>\n<td style=\"width: 40.8%\">Dr. Kisp\u00e9lyi Barbara (Egyetemi docens)<\/td>\n<\/tr>\n<tr>\n<td style=\"width: 59.0857%\">Digit\u00e1lis lenyomatv\u00e9telen alapul\u00f3 CAD\/CAM vez\u00e9relt protetikai munkafolyamat pontoss\u00e1g\u00e1nak e\u0301rte\u0301kele\u0301se<\/td>\n<td style=\"width: 40.8%\">Dr. Borb\u00e9ly Judit (PhD, Egyetemi docens) \u00e9s dr. R\u00f3th Ivett (PhD, Egyetemi adjunktus)<\/td>\n<\/tr>\n<tr>\n<td style=\"width: 59.0857%\">Mersters\u00e9ges inelligencia alkalmaz\u00e1sa a mosolytervez\u00e9sben<\/td>\n<td style=\"width: 40.8%\">Dr. Borb\u00e9ly Judit (PhD, Egyetemi docens)<\/td>\n<\/tr>\n<tr>\n<td style=\"width: 59.0857%\">Cirk\u00f3nium-dioxid h\u00e9j restaur\u00e1tumok klinikai \u00e9rt\u00e9kel\u00e9se<\/td>\n<td style=\"width: 40.8%\">\n<p>Dr. G\u00e9czi Zolt\u00e1n, Ph.D, <span style=\"font-family: inherit;font-size: inherit\">Dr. R\u00f3th Ivett, Ph.D<\/span><\/p>\n<\/td>\n<\/tr>\n<tr>\n<td style=\"width: 59.0857%\">Periimplant\u00e1lis l\u00e1gysz\u00f6veti gy\u00f3gyul\u00e1s sz\u00f3l\u00f3 implant\u00e1tumok k\u00f6r\u00fcl, azonnali implant\u00e1ci\u00f3 eset\u00e9n<\/td>\n<td style=\"width: 40.8%\">\n<p>Dr. Mikul\u00e1s Krisztina<\/p>\n<\/td>\n<\/tr>\n<tr>\n<td style=\"width: 59.0857%\">Temporomandibul\u00e1ris diszfunkci\u00f3ban alkalmazott hagyom\u00e1nyos \u00e9s digit\u00e1lis s\u00ednter\u00e1pia \u00f6sszehasonl\u00edt\u00e1sa<\/td>\n<td style=\"width: 40.8%\">\n<p>Kov\u00e1csn\u00e9 Dr. K\u00f6rmendi Szandra<\/p>\n<\/td>\n<\/tr>\n<tr>\n<td style=\"width: 59.0857%\">Az implant\u00e1tum poz\u00edci\u00f3 \u00e9s a horizont\u00e1lis l\u00e1gysz\u00f6veti viszonyok hat\u00e1sa a peri-implant\u00e1lis mucosa kollapszus\u00e1ra<\/td>\n<td style=\"width: 40.8%\">\n<p>Dr. Mikul\u00e1s Krisztina, Dr. Qian Xinyi<\/p>\n<\/td>\n<\/tr>\n<\/tbody>\n<\/table>\n","protected":false},"excerpt":{"rendered":"<p>Rektori p\u00e1ly\u00e1zat\u00a0 Fogp\u00f3tl\u00e1stani Klinika 2025\/2026 Rektori p\u00e1lyamunka c\u00edme T\u00e9mavezet\u0151 neve (fokozattal) A dent\u00e1lis er\u00f3zi\u00f3 in vivo vizsg\u00e1lata Dr. Berze Ildik\u00f3 (Klinikai szakorvos) Az intraor\u00e1lis szkennel\u00e9s tanul\u00e1si g\u00f6rb\u00e9j\u00e9nek vizsg\u00e1lata gyakorlati param\u00e9terek alapj\u00e1n Dr. R\u00f3th Ivett (PhD, Egyetemi adjunktus) Digit\u00e1lis lenyomatv\u00e9telen alapul\u00f3 CAD\/CAM vez\u00e9relt protetikai munkafolyamat pontoss\u00e1g\u00e1nak e\u0301rte\u0301kele\u0301se Dr. Borb\u00e9ly Judit (PhD, Egyetemi docens) \u00e9s Dr. R\u00f3th &hellip;<\/p>\n","protected":false},"author":101596,"featured_media":0,"parent":9092,"menu_order":0,"comment_status":"closed","ping_status":"closed","template":"","meta":{"_acf_changed":false,"footnotes":""},"categories":[],"tags":[97],"class_list":["post-9428","page","type-page","status-publish","hentry","tag-fok-rektori-palyazat"],"acf":[],"publishpress_future_action":{"enabled":false,"date":"1970-01-01 01:00:00","action":"","terms":[],"taxonomy":"","browser_timezone_offset":0},"_links":{"self":[{"href":"https:\/\/semmelweis.hu\/tdk\/wp-json\/wp\/v2\/pages\/9428","targetHints":{"allow":["GET"]}}],"collection":[{"href":"https:\/\/semmelweis.hu\/tdk\/wp-json\/wp\/v2\/pages"}],"about":[{"href":"https:\/\/semmelweis.hu\/tdk\/wp-json\/wp\/v2\/types\/page"}],"author":[{"embeddable":true,"href":"https:\/\/semmelweis.hu\/tdk\/wp-json\/wp\/v2\/users\/101596"}],"replies":[{"embeddable":true,"href":"https:\/\/semmelweis.hu\/tdk\/wp-json\/wp\/v2\/comments?post=9428"}],"version-history":[{"count":9,"href":"https:\/\/semmelweis.hu\/tdk\/wp-json\/wp\/v2\/pages\/9428\/revisions"}],"predecessor-version":[{"id":11715,"href":"https:\/\/semmelweis.hu\/tdk\/wp-json\/wp\/v2\/pages\/9428\/revisions\/11715"}],"up":[{"embeddable":true,"href":"https:\/\/semmelweis.hu\/tdk\/wp-json\/wp\/v2\/pages\/9092"}],"wp:attachment":[{"href":"https:\/\/semmelweis.hu\/tdk\/wp-json\/wp\/v2\/media?parent=9428"}],"wp:term":[{"taxonomy":"category","embeddable":true,"href":"https:\/\/semmelweis.hu\/tdk\/wp-json\/wp\/v2\/categories?post=9428"},{"taxonomy":"post_tag","embeddable":true,"href":"https:\/\/semmelweis.hu\/tdk\/wp-json\/wp\/v2\/tags?post=9428"}],"curies":[{"name":"wp","href":"https:\/\/api.w.org\/{rel}","templated":true}]}}