{"id":9403,"date":"2023-09-04T11:18:15","date_gmt":"2023-09-04T09:18:15","guid":{"rendered":"https:\/\/semmelweis.hu\/tdk\/?page_id=9403"},"modified":"2025-07-16T11:10:40","modified_gmt":"2025-07-16T09:10:40","slug":"kutatasmenedzsment-munkacsoport-rektori-palyazat","status":"publish","type":"page","link":"https:\/\/semmelweis.hu\/tdk\/rektori-palyazat\/rektori-palyazat-meghirdetett-temak\/kutatasmenedzsment-munkacsoport-rektori-palyazat\/","title":{"rendered":"Doktori Iskola Kutat\u00e1smenedzsment Munkacsoport &#8211; Rektori p\u00e1ly\u00e1zat"},"content":{"rendered":"<h3>Doktori Iskola Kutat\u00e1smenedzsment Munkacsoport Rektori p\u00e1ly\u00e1zat 2025\/2026<\/h3>\n<table style=\"border-collapse: collapse;width: 100%;height: 198px\">\n<tbody>\n<tr style=\"height: 33px\">\n<td style=\"width: 50%;height: 33px\"><strong>P\u00e1lyamunka c\u00edme<\/strong><\/td>\n<td style=\"width: 50%;height: 33px\"><strong>T\u00e9mavezet\u0151<\/strong><\/td>\n<\/tr>\n<tr style=\"height: 33px\">\n<td style=\"width: 50%;height: 33px\">Endokrin elt\u00e9r\u00e9sek kezel\u00e9se prekoncepcion\u00e1lis gondoz\u00e1sban \u00e9s terhess\u00e9g sor\u00e1n: Autoimmun pajzsmirigy betegs\u00e9gek<\/td>\n<td style=\"width: 50%;height: 33px\">dr. T\u00f6r\u00f6k Marianna PhD<\/td>\n<\/tr>\n<tr style=\"height: 33px\">\n<td style=\"width: 50%;height: 33px\">Endokrin elt\u00e9r\u00e9sek kezel\u00e9se prekoncepcion\u00e1lis gondoz\u00e1sban \u00e9s terhess\u00e9g sor\u00e1n: PCOS<\/td>\n<td style=\"width: 50%;height: 33px\">dr. T\u00f6r\u00f6k Marianna PhD, Prof. Dr. V\u00e1rb\u00edr\u00f3 Szabolcs, az MTA doktora<\/td>\n<\/tr>\n<tr style=\"height: 33px\">\n<td style=\"width: 50%;height: 33px\">\n<p>Sz\u00f6veti adapt\u00e1ci\u00f3 a k\u00e9zen<\/p>\n<\/td>\n<td style=\"width: 50%;height: 33px\">\u00a0<\/td>\n<\/tr>\n<tr style=\"height: 33px\">\n<td style=\"width: 50%;height: 33px\">\n<p>A k\u00e9z ortop\u00e9diai betegs\u00e9gei<\/p>\n<\/td>\n<td style=\"width: 50%;height: 33px\">\u00a0<\/td>\n<\/tr>\n<tr style=\"height: 33px\">\n<td style=\"width: 50%;height: 33px\">\n<p>A k\u00e9z rehabilit\u00e1ci\u00f3ja<\/p>\n<\/td>\n<td style=\"width: 50%;height: 33px\">\u00a0<\/td>\n<\/tr>\n<tr>\n<td style=\"width: 50%\">\n<p>Alag\u00fatszindr\u00f3m\u00e1k a fels\u0151 v\u00e9gtagon<\/p>\n<\/td>\n<td style=\"width: 50%\">\u00a0<\/td>\n<\/tr>\n<\/tbody>\n<\/table>\n","protected":false},"excerpt":{"rendered":"<p>Doktori Iskola Kutat\u00e1smenedzsment Munkacsoport Rektori p\u00e1ly\u00e1zat 2025\/2026 P\u00e1lyamunka c\u00edme T\u00e9mavezet\u0151 Endokrin elt\u00e9r\u00e9sek kezel\u00e9se prekoncepcion\u00e1lis gondoz\u00e1sban \u00e9s terhess\u00e9g sor\u00e1n: Autoimmun pajzsmirigy betegs\u00e9gek dr. T\u00f6r\u00f6k Marianna PhD Endokrin elt\u00e9r\u00e9sek kezel\u00e9se prekoncepcion\u00e1lis gondoz\u00e1sban \u00e9s terhess\u00e9g sor\u00e1n: PCOS dr. T\u00f6r\u00f6k Marianna PhD, Prof. Dr. V\u00e1rb\u00edr\u00f3 Szabolcs, az MTA doktora Sz\u00f6veti adapt\u00e1ci\u00f3 a k\u00e9zen \u00a0 A k\u00e9z ortop\u00e9diai betegs\u00e9gei \u00a0 &hellip;<\/p>\n","protected":false},"author":101596,"featured_media":0,"parent":9092,"menu_order":0,"comment_status":"closed","ping_status":"closed","template":"","meta":{"_acf_changed":false,"footnotes":""},"categories":[],"tags":[107],"class_list":["post-9403","page","type-page","status-publish","hentry","tag-kozponti-egysegek"],"acf":[],"publishpress_future_action":{"enabled":false,"date":"1970-01-01 01:00:00","action":"","terms":[],"taxonomy":"","browser_timezone_offset":0},"_links":{"self":[{"href":"https:\/\/semmelweis.hu\/tdk\/wp-json\/wp\/v2\/pages\/9403","targetHints":{"allow":["GET"]}}],"collection":[{"href":"https:\/\/semmelweis.hu\/tdk\/wp-json\/wp\/v2\/pages"}],"about":[{"href":"https:\/\/semmelweis.hu\/tdk\/wp-json\/wp\/v2\/types\/page"}],"author":[{"embeddable":true,"href":"https:\/\/semmelweis.hu\/tdk\/wp-json\/wp\/v2\/users\/101596"}],"replies":[{"embeddable":true,"href":"https:\/\/semmelweis.hu\/tdk\/wp-json\/wp\/v2\/comments?post=9403"}],"version-history":[{"count":5,"href":"https:\/\/semmelweis.hu\/tdk\/wp-json\/wp\/v2\/pages\/9403\/revisions"}],"predecessor-version":[{"id":11486,"href":"https:\/\/semmelweis.hu\/tdk\/wp-json\/wp\/v2\/pages\/9403\/revisions\/11486"}],"up":[{"embeddable":true,"href":"https:\/\/semmelweis.hu\/tdk\/wp-json\/wp\/v2\/pages\/9092"}],"wp:attachment":[{"href":"https:\/\/semmelweis.hu\/tdk\/wp-json\/wp\/v2\/media?parent=9403"}],"wp:term":[{"taxonomy":"category","embeddable":true,"href":"https:\/\/semmelweis.hu\/tdk\/wp-json\/wp\/v2\/categories?post=9403"},{"taxonomy":"post_tag","embeddable":true,"href":"https:\/\/semmelweis.hu\/tdk\/wp-json\/wp\/v2\/tags?post=9403"}],"curies":[{"name":"wp","href":"https:\/\/api.w.org\/{rel}","templated":true}]}}