{"id":936,"date":"2016-07-29T00:00:00","date_gmt":"2016-07-28T22:00:00","guid":{"rendered":"http:\/\/semmelweis.hu\/tdk\/altalanos-informaciok\/"},"modified":"2025-07-17T12:43:31","modified_gmt":"2025-07-17T10:43:31","slug":"rolunk","status":"publish","type":"page","link":"https:\/\/semmelweis.hu\/tdk\/rolunk\/","title":{"rendered":"A Tudom\u00e1nyos Di\u00e1kk\u00f6r bemutat\u00e1sa"},"content":{"rendered":"<p>A Tudom\u00e1nyos Di\u00e1kk\u00f6r (TDK) egy olyan hallgat\u00f3i \u00f6ntev\u00e9keny csoport, melynek c\u00e9lja az oktat\u00f3kkal egy\u00fcttm\u0171k\u00f6dve a tudom\u00e1nyos munk\u00e1ban val\u00f3 akt\u00edv r\u00e9szv\u00e9tel. A TDK keret\u00e9ben a hallgat\u00f3k bekapcsol\u00f3dnak az elm\u00e9leti \u00e9s gyakorlati kutat\u00f3munk\u00e1ba, ez\u00e1ltal lehet\u0151s\u00e9g\u00fck ny\u00edlik a k\u00f6telez\u0151 tananyagot meghalad\u00f3, tudom\u00e1nyos hozz\u00e1j\u00e1rul\u00e1st ig\u00e9nyl\u0151 \u00f6nk\u00e9pz\u00e9sre. A Tudom\u00e1nyos Di\u00e1kk\u00f6r v\u00e1llalt c\u00e9lja emellett a di\u00e1kk\u00f6ri munka sor\u00e1n el\u00e9rt egy\u00e9ni vagy kollekt\u00edv eredm\u00e9nyek szakmai nyilv\u00e1noss\u00e1g\u00e1nak \u00e9s meg\u00edt\u00e9l\u00e9s\u00e9nek biztos\u00edt\u00e1sa \u00e9s az eredm\u00e9nyek hasznos\u00edt\u00e1s\u00e1nak el\u0151seg\u00edt\u00e9se is.<\/p>\n<style>\n           #page-grid .card-body > .line-clamp-box.excerpt{\n        width: inherit;\n        max-width: inherit;\n        display:flex;\n        min-height: 2.4em;\n        flex-direction: column;\n        justify-content: space-around;\n        background-color: #D6E4EA;\n        min-height: 3.4rem;\n        font-family: \"Montserrat\", sans-serif;\n    }\n\n    #page-grid a:hover .card-body > .line-clamp-box.excerpt {\n        background-color: #fff;\n        color: #313B40;\n    }\n\n    #page-grid .card-body .line-clamp-box.excerpt section{\n        max-width: inherit;\n        display: -webkit-box;\n        -webkit-line-clamp: 2;\n        -webkit-box-orient: vertical;\n        overflow: hidden;\n        text-overflow: ellipsis;\n        hyphens: auto;\n        margin: auto;\n        \n    }\n    .line-clamp-box.excerpt section, .line-clamp-box.excerpt section p{\n        font-size:0.8em;\n    }\n    \n<\/style>\n    <section id=\"page-grid\">\n        <section class=\"d-block d-md-flex title-row my-3 ml-0 ml-md-1\">\n<div class=\"section-title  mb-1 \">\n<h2>\n    Kapcsol\u00f3d\u00f3 tartalmak\n<\/h2>\n<\/div>\n<\/section>\n        <div class=\"row row-cols-1 row-cols-md-2 row-cols-lg-4 no-gutters mx-0 \">    <div class =\"col  mb-2 card-wrapper\">\n        <a class=\"d-flex flex-fill card-link-warapper m-md-1\" href=\"https:\/\/semmelweis.hu\/tdk\/rolunk\/elnoki-koszonto\/\">\n            <div class=\"card border border-secondary se-border flex-fill\">\n                <div class=\"row no-gutters mx-0 d-flex flex-nowrap flex-md-wrap align-items-center\">\n                    <div class =\"  col-5 col-md-12 d-none d-md-none  card-image justify-content-center\">\n                        <img loading=\"lazy\" decoding=\"async\" width=\"753\" height=\"342\" src=\"https:\/\/semmelweis.hu\/tdk\/files\/2019\/07\/nyitolap_jpg.jpg\" class=\"landscape wp-post-image\" alt=\"\" srcset=\"https:\/\/semmelweis.hu\/tdk\/files\/2019\/07\/nyitolap_jpg.jpg 981w, https:\/\/semmelweis.hu\/tdk\/files\/2019\/07\/nyitolap_jpg-400x182.jpg 400w, https:\/\/semmelweis.hu\/tdk\/files\/2019\/07\/nyitolap_jpg-768x349.jpg 768w, https:\/\/semmelweis.hu\/tdk\/files\/2019\/07\/nyitolap_jpg-753x342.jpg 753w\" sizes=\"auto, (max-width: 753px) 100vw, 753px\" \/>\n                    <\/div>\n                    <div class=\"card-body  col flex-column  col-md-12 p-0\">\n                        <div class=\"line-clamp-box p-3\">\n                            <h5 class=\"ml-0 ml-sm-1 mt-2 align-items-center\"  >Eln\u00f6ki k\u00f6sz\u00f6nt\u0151<\/h5>\n                        <\/div>\n                        \n                    <\/div>\n                <\/div>\n\n            <\/div>\n        <\/a>\n    <\/div>    <div class =\"col  mb-2 card-wrapper\">\n        <a class=\"d-flex flex-fill card-link-warapper m-md-1\" href=\"https:\/\/semmelweis.hu\/tdk\/rolunk\/koszonto-uj-hallgatoinknak\/\">\n            <div class=\"card border border-secondary se-border flex-fill\">\n                <div class=\"row no-gutters mx-0 d-flex flex-nowrap flex-md-wrap align-items-center\">\n                    <div class =\"  col-5 col-md-12  d-none  d-md-none d-md-none  bg-image  card-image justify-content-center\">\n                        <img class='wp-post-image img-fluid landscape' src='https:\/\/semmelweis.hu\/tdk\/wp-content\/themes\/se18\/dist\/images\/svg\/bg-image.svg' \/>\n                    <\/div>\n                    <div class=\"card-body  col flex-column  col-md-12 p-0\">\n                        <div class=\"line-clamp-box p-3\">\n                            <h5 class=\"ml-0 ml-sm-1 mt-2 align-items-center\"  >K\u00f6sz\u00f6nt\u0151 \u00faj Hallgat\u00f3inknak<\/h5>\n                        <\/div>\n                        \n                    <\/div>\n                <\/div>\n\n            <\/div>\n        <\/a>\n    <\/div>    <div class =\"col  mb-2 card-wrapper\">\n        <a class=\"d-flex flex-fill card-link-warapper m-md-1\" href=\"https:\/\/semmelweis.hu\/tdk\/rolunk\/bemutato-a-tudomanyos-diakkori-mukodeserol\/\">\n            <div class=\"card border border-secondary se-border flex-fill\">\n                <div class=\"row no-gutters mx-0 d-flex flex-nowrap flex-md-wrap align-items-center\">\n                    <div class =\"  col-5 col-md-12  d-none  d-md-none d-md-none  bg-image  card-image justify-content-center\">\n                        <img class='wp-post-image img-fluid landscape' src='https:\/\/semmelweis.hu\/tdk\/wp-content\/themes\/se18\/dist\/images\/svg\/bg-image.svg' \/>\n                    <\/div>\n                    <div class=\"card-body  col flex-column  col-md-12 p-0\">\n                        <div class=\"line-clamp-box p-3\">\n                            <h5 class=\"ml-0 ml-sm-1 mt-2 align-items-center\"  >A Tudom\u00e1nyos Di\u00e1kk\u00f6r m\u0171k\u00f6d\u00e9s\u00e9r\u0151l<\/h5>\n                        <\/div>\n                        \n                    <\/div>\n                <\/div>\n\n            <\/div>\n        <\/a>\n    <\/div>    <div class =\"col  mb-2 card-wrapper\">\n        <a class=\"d-flex flex-fill card-link-warapper m-md-1\" href=\"https:\/\/semmelweis.hu\/tdk\/rolunk\/tudomanyos-diakkori-tanacs\/\">\n            <div class=\"card border border-secondary se-border flex-fill\">\n                <div class=\"row no-gutters mx-0 d-flex flex-nowrap flex-md-wrap align-items-center\">\n                    <div class =\"  col-5 col-md-12  d-none  d-md-none d-md-none  bg-image  card-image justify-content-center\">\n                        <img class='wp-post-image img-fluid landscape' src='https:\/\/semmelweis.hu\/tdk\/wp-content\/themes\/se18\/dist\/images\/svg\/bg-image.svg' \/>\n                    <\/div>\n                    <div class=\"card-body  col flex-column  col-md-12 p-0\">\n                        <div class=\"line-clamp-box p-3\">\n                            <h5 class=\"ml-0 ml-sm-1 mt-2 align-items-center\"  >Tudom\u00e1nyos Di\u00e1kk\u00f6ri Tan\u00e1cs<\/h5>\n                        <\/div>\n                        \n                    <\/div>\n                <\/div>\n\n            <\/div>\n        <\/a>\n    <\/div>    <div class =\"col  mb-2 card-wrapper\">\n        <a class=\"d-flex flex-fill card-link-warapper m-md-1\" href=\"https:\/\/semmelweis.hu\/tdk\/rolunk\/a-tudomanyos-diakkori-tanacs-tagjai\/\">\n            <div class=\"card border border-secondary se-border flex-fill\">\n                <div class=\"row no-gutters mx-0 d-flex flex-nowrap flex-md-wrap align-items-center\">\n                    <div class =\"  col-5 col-md-12  d-none  d-md-none d-md-none  bg-image  card-image justify-content-center\">\n                        <img class='wp-post-image img-fluid landscape' src='https:\/\/semmelweis.hu\/tdk\/wp-content\/themes\/se18\/dist\/images\/svg\/bg-image.svg' \/>\n                    <\/div>\n                    <div class=\"card-body  col flex-column  col-md-12 p-0\">\n                        <div class=\"line-clamp-box p-3\">\n                            <h5 class=\"ml-0 ml-sm-1 mt-2 align-items-center\"  >A Tudom\u00e1nyos Di\u00e1kk\u00f6ri Tan\u00e1cs tagjai<\/h5>\n                        <\/div>\n                        \n                    <\/div>\n                <\/div>\n\n            <\/div>\n        <\/a>\n    <\/div>    <div class =\"col  mb-2 card-wrapper\">\n        <a class=\"d-flex flex-fill card-link-warapper m-md-1\" href=\"https:\/\/semmelweis.hu\/tdk\/rolunk\/esemenyek\/\">\n            <div class=\"card border border-secondary se-border flex-fill\">\n                <div class=\"row no-gutters mx-0 d-flex flex-nowrap flex-md-wrap align-items-center\">\n                    <div class =\"  col-5 col-md-12  d-none  d-md-none d-md-none  bg-image  card-image justify-content-center\">\n                        <img class='wp-post-image img-fluid landscape' src='https:\/\/semmelweis.hu\/tdk\/wp-content\/themes\/se18\/dist\/images\/svg\/bg-image.svg' \/>\n                    <\/div>\n                    <div class=\"card-body  col flex-column  col-md-12 p-0\">\n                        <div class=\"line-clamp-box p-3\">\n                            <h5 class=\"ml-0 ml-sm-1 mt-2 align-items-center\"  >Esem\u00e9nyek<\/h5>\n                        <\/div>\n                        \n                    <\/div>\n                <\/div>\n\n            <\/div>\n        <\/a>\n    <\/div>    <div class =\"col  mb-2 card-wrapper\">\n        <a class=\"d-flex flex-fill card-link-warapper m-md-1\" href=\"https:\/\/semmelweis.hu\/tdk\/rolunk\/a-tudomanyos-diakkor-nemzetkozi-kapcsolatai\/\">\n            <div class=\"card border border-secondary se-border flex-fill\">\n                <div class=\"row no-gutters mx-0 d-flex flex-nowrap flex-md-wrap align-items-center\">\n                    <div class =\"  col-5 col-md-12  d-none  d-md-none d-md-none  bg-image  card-image justify-content-center\">\n                        <img class='wp-post-image img-fluid landscape' src='https:\/\/semmelweis.hu\/tdk\/wp-content\/themes\/se18\/dist\/images\/svg\/bg-image.svg' \/>\n                    <\/div>\n                    <div class=\"card-body  col flex-column  col-md-12 p-0\">\n                        <div class=\"line-clamp-box p-3\">\n                            <h5 class=\"ml-0 ml-sm-1 mt-2 align-items-center\"  >A Tudom\u00e1nyos Di\u00e1kk\u00f6r nemzetk\u00f6zi kapcsolatai<\/h5>\n                        <\/div>\n                        \n                    <\/div>\n                <\/div>\n\n            <\/div>\n        <\/a>\n    <\/div>    <div class =\"col  mb-2 card-wrapper\">\n        <a class=\"d-flex flex-fill card-link-warapper m-md-1\" href=\"https:\/\/semmelweis.hu\/tdk\/rolunk\/semmelweis-tudomanyos-diakkori-alapitvany\/\">\n            <div class=\"card border border-secondary se-border flex-fill\">\n                <div class=\"row no-gutters mx-0 d-flex flex-nowrap flex-md-wrap align-items-center\">\n                    <div class =\"  col-5 col-md-12  d-none  d-md-none d-md-none  bg-image  card-image justify-content-center\">\n                        <img class='wp-post-image img-fluid landscape' src='https:\/\/semmelweis.hu\/tdk\/wp-content\/themes\/se18\/dist\/images\/svg\/bg-image.svg' \/>\n                    <\/div>\n                    <div class=\"card-body  col flex-column  col-md-12 p-0\">\n                        <div class=\"line-clamp-box p-3\">\n                            <h5 class=\"ml-0 ml-sm-1 mt-2 align-items-center\"  >Semmelweis Tudom\u00e1nyos Di\u00e1kk\u00f6ri Alap\u00edtv\u00e1ny<\/h5>\n                        <\/div>\n                        \n                    <\/div>\n                <\/div>\n\n            <\/div>\n        <\/a>\n    <\/div>        <\/div>\n    <\/section>\n","protected":false},"excerpt":{"rendered":"<p>A Tudom\u00e1nyos Di\u00e1kk\u00f6r (TDK) egy olyan hallgat\u00f3i \u00f6ntev\u00e9keny csoport, melynek c\u00e9lja az oktat\u00f3kkal egy\u00fcttm\u0171k\u00f6dve a tudom\u00e1nyos munk\u00e1ban val\u00f3 akt\u00edv r\u00e9szv\u00e9tel. A TDK keret\u00e9ben a hallgat\u00f3k bekapcsol\u00f3dnak az elm\u00e9leti \u00e9s gyakorlati kutat\u00f3munk\u00e1ba, ez\u00e1ltal lehet\u0151s\u00e9g\u00fck ny\u00edlik a k\u00f6telez\u0151 tananyagot meghalad\u00f3, tudom\u00e1nyos hozz\u00e1j\u00e1rul\u00e1st ig\u00e9nyl\u0151 \u00f6nk\u00e9pz\u00e9sre. A Tudom\u00e1nyos Di\u00e1kk\u00f6r v\u00e1llalt c\u00e9lja emellett a di\u00e1kk\u00f6ri munka sor\u00e1n el\u00e9rt egy\u00e9ni vagy &hellip;<\/p>\n","protected":false},"author":158,"featured_media":0,"parent":0,"menu_order":0,"comment_status":"closed","ping_status":"closed","template":"template-fullwidth.php","meta":{"_acf_changed":false,"footnotes":""},"categories":[],"tags":[],"class_list":["post-936","page","type-page","status-publish","hentry"],"acf":[],"publishpress_future_action":{"enabled":false,"date":"1970-01-01 01:00:00","action":"","terms":[],"taxonomy":"","browser_timezone_offset":0},"_links":{"self":[{"href":"https:\/\/semmelweis.hu\/tdk\/wp-json\/wp\/v2\/pages\/936","targetHints":{"allow":["GET"]}}],"collection":[{"href":"https:\/\/semmelweis.hu\/tdk\/wp-json\/wp\/v2\/pages"}],"about":[{"href":"https:\/\/semmelweis.hu\/tdk\/wp-json\/wp\/v2\/types\/page"}],"author":[{"embeddable":true,"href":"https:\/\/semmelweis.hu\/tdk\/wp-json\/wp\/v2\/users\/158"}],"replies":[{"embeddable":true,"href":"https:\/\/semmelweis.hu\/tdk\/wp-json\/wp\/v2\/comments?post=936"}],"version-history":[{"count":11,"href":"https:\/\/semmelweis.hu\/tdk\/wp-json\/wp\/v2\/pages\/936\/revisions"}],"predecessor-version":[{"id":11528,"href":"https:\/\/semmelweis.hu\/tdk\/wp-json\/wp\/v2\/pages\/936\/revisions\/11528"}],"wp:attachment":[{"href":"https:\/\/semmelweis.hu\/tdk\/wp-json\/wp\/v2\/media?parent=936"}],"wp:term":[{"taxonomy":"category","embeddable":true,"href":"https:\/\/semmelweis.hu\/tdk\/wp-json\/wp\/v2\/categories?post=936"},{"taxonomy":"post_tag","embeddable":true,"href":"https:\/\/semmelweis.hu\/tdk\/wp-json\/wp\/v2\/tags?post=936"}],"curies":[{"name":"wp","href":"https:\/\/api.w.org\/{rel}","templated":true}]}}