{"id":9343,"date":"2023-07-03T09:09:34","date_gmt":"2023-07-03T07:09:34","guid":{"rendered":"https:\/\/semmelweis.hu\/tdk\/?page_id=9343"},"modified":"2026-03-25T13:07:33","modified_gmt":"2026-03-25T12:07:33","slug":"rektori-palyazat-pszichiatriai-es-pszichoterapias-klinika","status":"publish","type":"page","link":"https:\/\/semmelweis.hu\/tdk\/rektori-palyazat\/rektori-palyazat-meghirdetett-temak\/rektori-palyazat-pszichiatriai-es-pszichoterapias-klinika\/","title":{"rendered":"Pszichi\u00e1triai \u00e9s Pszichoter\u00e1pi\u00e1s Klinika -Rektori p\u00e1ly\u00e1zat"},"content":{"rendered":"<h3>Rektori p\u00e1ly\u00e1zat Pszichi\u00e1triai \u00e9s Pszichoter\u00e1pi\u00e1s Klinika 2025\/2026 tan\u00e9v<\/h3>\n<table style=\"width: 72.8001%\" width=\"1209\">\n<tbody>\n<tr>\n<td style=\"width: 46.1157%\" width=\"766\"><strong>P\u00e1lyat\u00e9tel c\u00edme<\/strong><\/td>\n<td style=\"width: 36.4607%\" width=\"443\"><strong>Konzulens (fokozattal)<\/strong><\/td>\n<\/tr>\n<tr>\n<td style=\"width: 46.1157%\">Klinikai, kognit\u00edv \u00e9s molekul\u00e1ris vizsg\u00e1latok szkizofr\u00e9ni\u00e1ban \u00e9s ADHD-ban\u00a0<\/td>\n<td style=\"width: 36.4607%\">Dr. R\u00e9thelyi J\u00e1nos egyetemi tan\u00e1r<\/td>\n<\/tr>\n<tr>\n<td style=\"width: 46.1157%\">\u00a0Pszichi\u00e1triai genetikai vizsg\u00e1latok\u00a0<\/td>\n<td style=\"width: 36.4607%\">Dr. R\u00e9thelyi J\u00e1nos egyetemi tan\u00e1r<\/td>\n<\/tr>\n<tr>\n<td style=\"width: 46.1157%\">Induk\u00e1l pluripotens \u0151ssejt alap\u00fa betegs\u00e9gmodellez\u00e9s\u00a0<\/td>\n<td style=\"width: 36.4607%\">Dr. R\u00e9thelyi J\u00e1nos egyetemi tan\u00e1r<\/td>\n<\/tr>\n<tr>\n<td style=\"width: 46.1157%\">A pszichi\u00e1triai betegs\u00e9gek igazs\u00e1g\u00fcgyi vonatkoz\u00e1sai Magyarorsz\u00e1gon\u00a0<\/td>\n<td style=\"width: 36.4607%\">Dr. Baran Brigitta egyetemi docens<\/td>\n<\/tr>\n<tr>\n<td style=\"width: 46.1157%\">\u00a0A pszichi\u00e1triai betegs\u00e9gek forenzikus vonatkoz\u00e1sai- Executiv funkci\u00f3k saj\u00e1toss\u00e1gai forenzikus popul\u00e1ci\u00f3ban\u00a0\u00a0<\/td>\n<td style=\"width: 36.4607%\">Dr. Baran Brigitta egyetemi docens\/ Dr. Jekkel \u00c9va adjunktus<\/td>\n<\/tr>\n<tr>\n<td style=\"width: 46.1157%\">Pszichi\u00e1triai betegs\u00e9gek neurobiol\u00f3giai alapjainak vizsg\u00e1lata bioelektromos \u00e9s multimod\u00e1lis k\u00e9palkot\u00e1ssal<\/td>\n<td style=\"width: 36.4607%\">Dr. Czobor P\u00e1l\/Dr. Kakuszi Brigitta<\/td>\n<\/tr>\n<tr>\n<td style=\"width: 46.1157%\">T\u00e1rsas interakci\u00f3k zavarainak vizsg\u00e1lata pszichi\u00e1triai megbeteged\u00e9sekben EEG hiperszkenning seg\u00edts\u00e9g\u00e9vel<\/td>\n<td style=\"width: 36.4607%\">Dr. Czobor P\u00e1l\/Dr. Kakuszi Brigitta<\/td>\n<\/tr>\n<tr>\n<td style=\"width: 46.1157%\">Szoci\u00e1lis interakci\u00f3s folyamatok real-time vizsg\u00e1lata autizmus spektrum zavarban EEG hiperszkenning seg\u00edts\u00e9g\u00e9vel<\/td>\n<td style=\"width: 36.4607%\">Dr. Kakuszi Brigitta<\/td>\n<\/tr>\n<tr>\n<td style=\"width: 46.1157%\" width=\"367\">Borderline szem\u00e9lyis\u00e9gzavar von\u00e1sok vizsg\u00e1lata<\/td>\n<td style=\"width: 36.4607%\">Dr. Unoka Zsolt egyetemi tan\u00e1r<\/td>\n<\/tr>\n<tr>\n<td style=\"width: 46.1157%\">T\u00e1rsas megismer\u00e9s (emp\u00e1tia, tudatelm\u00e9let, implicit \u00e9s explicit mentaliz\u00e1ci\u00f3) zavarainak vizsg\u00e1lata szem\u00e9lyis\u00e9gzavarokban<\/td>\n<td style=\"width: 36.4607%\">Dr. Unoka Zsolt egyetemi tan\u00e1r<\/td>\n<\/tr>\n<tr>\n<td style=\"width: 46.1157%\">A t\u00e1rsas \u00e9s szem\u00e9lyes funkcion\u00e1l\u00e1s szintjeinek vizsg\u00e1lata szem\u00e9lyis\u00e9gzavarokban<\/td>\n<td style=\"width: 36.4607%\">Dr. Unoka Zsolt egyetemi tan\u00e1r<\/td>\n<\/tr>\n<tr>\n<td style=\"width: 46.1157%\">T\u00e1rsas ingerek hat\u00e1sa a v\u00e9grehajt\u00f3 funkci\u00f3kra szem\u00e9lyis\u00e9gzavarokban, szkizofr\u00e9ni\u00e1ban \u00e9s affekt\u00edv zavarokban<\/td>\n<td style=\"width: 36.4607%\">Dr. Unoka Zsolt egyetemi tan\u00e1r<\/td>\n<\/tr>\n<tr>\n<td style=\"width: 46.1157%\">Identit\u00e1s zavarainak vizsg\u00e1lata szem\u00e9lyis\u00e9gzavarokban<\/td>\n<td style=\"width: 36.4607%\">Dr. Unoka Zsolt egyetemi tan\u00e1r<\/td>\n<\/tr>\n<tr>\n<td style=\"width: 46.1157%\">A k\u00f6z\u00f6ss\u00e9gi alap\u00fa pszichi\u00e1tria rehabilit\u00e1ci\u00f3 helye \u00e9s szerepe a pszichi\u00e1triai betegek ter\u00e1pi\u00e1j\u00e1ban \u00e9s gondoz\u00e1s\u00e1ban<\/td>\n<td style=\"width: 36.4607%\">Dr. Simon Lajos egyetemi docens<\/td>\n<\/tr>\n<tr>\n<td style=\"width: 46.1157%\">A k\u00f6z\u00f6ss\u00e9gi pszichi\u00e1tria, a m\u0171v\u00e9szetter\u00e1pia \u00e9s a foglalkoztat\u00e1s helye \u00e9s szerepe a pszichi\u00e1triai\u00a0 betegs\u00e9gekkel \u00e9l\u0151k rehabilit\u00e1ci\u00f3j\u00e1ban \u00e9s gondoz\u00e1s\u00e1ban<\/td>\n<td style=\"width: 36.4607%\">Dr. Simon Lajos egyetemi docens<\/td>\n<\/tr>\n<tr>\n<td style=\"width: 46.1157%\">A ment\u00e1lis zavarral \u00e9l\u0151ket \u00e9rint\u0151 stigmatiz\u00e1ci\u00f3 felm\u00e9r\u00e9se, k\u00e9rd\u0151\u00edvek valid\u00e1l\u00e1sa \u00e9s a hazai antistigma programok hat\u00e1svizsg\u00e1lata<\/td>\n<td style=\"width: 36.4607%\">Dr. Simon Lajos egyetemi docens<\/td>\n<\/tr>\n<tr>\n<td style=\"width: 46.1157%\">\u00c9rzelmek \u00e9s non-verb\u00e1lis kifejez\u00e9sek felismer\u00e9s\u00e9nek \u00e9s kifejez\u00e9s\u00e9nek vizsg\u00e1lata mesters\u00e9ges intelligencia (AI) alkalmaz\u00e1s\u00e1val az arcon, a gesztusokban \u00e9s a vok\u00e1lis csatorn\u00e1n<\/td>\n<td style=\"width: 36.4607%\">Dr. Simon Lajos egyetemi docens<\/td>\n<\/tr>\n<tr>\n<td style=\"width: 46.1157%\">Virtu\u00e1lis Val\u00f3s\u00e1g (VR) alkalmaz\u00e1sa a pszichi\u00e1tri\u00e1ban \u00e9s pszichoter\u00e1pi\u00e1ban a f\u00f3bi\u00e1k \u00e9s szkizofr\u00e9nia ter\u00e1pi\u00e1j\u00e1ban<\/td>\n<td style=\"width: 36.4607%\">Dr. Simon Lajos egyetemi docens<\/td>\n<\/tr>\n<tr>\n<td style=\"width: 46.1157%\">Az internetes zaklat\u00e1s (bullying) \u00e9s trollkod\u00e1s pszichol\u00f3giai, pszichi\u00e1triai vonatkoz\u00e1sai<\/td>\n<td style=\"width: 36.4607%\">Dr. Simon Lajos egyetemi docens\/Vass Edit egyetemi tan\u00e1rseg\u00e9d<\/td>\n<\/tr>\n<tr>\n<td style=\"width: 46.1157%\">\u00c9rzelemfelismer\u00e9s \u00e9s mentaliz\u00e1ci\u00f3 vizsg\u00e1lata pszichi\u00e1triai k\u00f3rk\u00e9pekben<\/td>\n<td style=\"width: 36.4607%\">Dr. Csukly G\u00e1bor egyetemi docens<\/td>\n<\/tr>\n<tr>\n<td style=\"width: 46.1157%\">Alzheimer k\u00f3r \u00e9s enyhe kognit\u00edv zavar vizsg\u00e1lata k\u00e9palkot\u00f3 \u00e9s neuropszichol\u00f3giai m\u00f3dszerekkel: rizik\u00f3faktorok \u00e9s biomarkerek keres\u00e9se<\/td>\n<td style=\"width: 36.4607%\">Dr. Csukly G\u00e1bor egyetemi docens<\/td>\n<\/tr>\n<tr>\n<td style=\"width: 46.1157%\">A pszichi\u00e1triai betegek adherenci\u00e1j\u00e1t befoly\u00e1sol\u00f3 t\u00e9nyez\u0151k vizsg\u00e1lata<\/td>\n<td style=\"width: 36.4607%\">Dr. Gazdag G\u00e1bor c\u00edmzetes egyetemi tan\u00e1r<\/td>\n<\/tr>\n<tr>\n<td style=\"width: 46.1157%\">A pszichi\u00e1triai gyakorlat forenzikus vonatkoz\u00e1sai<\/td>\n<td style=\"width: 36.4607%\">Dr. Gazdag G\u00e1bor c\u00edmzetes egyetemi tan\u00e1r<\/td>\n<\/tr>\n<tr>\n<td style=\"width: 46.1157%\">Biomarker \u00e9s fenot\u00edpus profil vizsg\u00e1lata major depresszi\u00f3ban szenved\u0151k k\u00f6r\u00e9ben<\/td>\n<td style=\"width: 36.4607%\">Dr. Laz\u00e1ry Judit f\u0151orvos<\/td>\n<\/tr>\n<tr>\n<td style=\"width: 46.1157%\">M\u00e9r\u0151eszk\u00f6z\u00f6k fejleszt\u00e9se \u00e9s valid\u00e1l\u00e1sa pszichotikus betegek \u00e1llapot\u00e1nak k\u00f6vet\u00e9s\u00e9re \u00e9s antipszichotikumok mell\u00e9khat\u00e1s\u00e1nak felm\u00e9r\u00e9s\u00e9re<\/td>\n<td style=\"width: 36.4607%\">Dr. Gonda X\u00e9nia egyetemi docens<\/td>\n<\/tr>\n<tr>\n<td style=\"width: 46.1157%\">Szem\u00e9lyis\u00e9gzavarok dimenzion\u00e1lis megk\u00f6zel\u00edt\u00e9se \u00e9s m\u00e9r\u0151eszk\u00f6zeinek vizsg\u00e1lata<\/td>\n<td style=\"width: 36.4607%\">Dr. Gonda X\u00e9nia egyetemi docens<\/td>\n<\/tr>\n<tr>\n<td style=\"width: 46.1157%\">Genetic overlap between inflammatory\/autoimmune disorders, depression, and suicide<\/td>\n<td style=\"width: 36.4607%\">Dr. Gonda X\u00e9nia egyetemi docens<\/td>\n<\/tr>\n<tr>\n<td style=\"width: 46.1157%\">Genetikai kapcsolat a gyullad\u00e1sos\/autoimmun k\u00f3rk\u00e9pek, a depresszi\u00f3, \u00e9s az \u00f6ngyilkoss\u00e1g k\u00f6z\u00f6tt<\/td>\n<td style=\"width: 36.4607%\">Dr. Gonda X\u00e9nia egyetemi docens<\/td>\n<\/tr>\n<tr>\n<td style=\"width: 46.1157%\">M\u00e9r\u0151eszk\u00f6z\u00f6k fejleszt\u00e9se \u00e9s valid\u00e1l\u00e1sa pszichotikus betegek \u00e1llapot\u00e1nak k\u00f6vet\u00e9s\u00e9re \u00e9s antipszichotikumok mell\u00e9khat\u00e1s\u00e1nak felm\u00e9r\u00e9s\u00e9re<\/td>\n<td style=\"width: 36.4607%\">Dr. Gonda X\u00e9nia egyetemi docens<\/td>\n<\/tr>\n<tr>\n<td style=\"width: 46.1157%\">Executiv funkci\u00f3k \u00e9s impulzivit\u00e1s<\/td>\n<td style=\"width: 36.4607%\">Dr. Jekkel \u00c9va adjunktus<\/td>\n<\/tr>\n<\/tbody>\n<\/table>\n","protected":false},"excerpt":{"rendered":"<p>Rektori p\u00e1ly\u00e1zat Pszichi\u00e1triai \u00e9s Pszichoter\u00e1pi\u00e1s Klinika 2025\/2026 tan\u00e9v P\u00e1lyat\u00e9tel c\u00edme Konzulens (fokozattal) Klinikai, kognit\u00edv \u00e9s molekul\u00e1ris vizsg\u00e1latok szkizofr\u00e9ni\u00e1ban \u00e9s ADHD-ban\u00a0 Dr. R\u00e9thelyi J\u00e1nos egyetemi tan\u00e1r \u00a0Pszichi\u00e1triai genetikai vizsg\u00e1latok\u00a0 Dr. R\u00e9thelyi J\u00e1nos egyetemi tan\u00e1r Induk\u00e1l pluripotens \u0151ssejt alap\u00fa betegs\u00e9gmodellez\u00e9s\u00a0 Dr. R\u00e9thelyi J\u00e1nos egyetemi tan\u00e1r A pszichi\u00e1triai betegs\u00e9gek igazs\u00e1g\u00fcgyi vonatkoz\u00e1sai Magyarorsz\u00e1gon\u00a0 Dr. Baran Brigitta egyetemi docens \u00a0A &hellip;<\/p>\n","protected":false},"author":101596,"featured_media":0,"parent":9092,"menu_order":0,"comment_status":"closed","ping_status":"closed","template":"","meta":{"_acf_changed":false,"footnotes":""},"categories":[],"tags":[99],"class_list":["post-9343","page","type-page","status-publish","hentry","tag-aok-rektori-palyazat"],"acf":[],"publishpress_future_action":{"enabled":false,"date":"1970-01-01 01:00:00","action":"","terms":[],"taxonomy":"","browser_timezone_offset":0},"_links":{"self":[{"href":"https:\/\/semmelweis.hu\/tdk\/wp-json\/wp\/v2\/pages\/9343","targetHints":{"allow":["GET"]}}],"collection":[{"href":"https:\/\/semmelweis.hu\/tdk\/wp-json\/wp\/v2\/pages"}],"about":[{"href":"https:\/\/semmelweis.hu\/tdk\/wp-json\/wp\/v2\/types\/page"}],"author":[{"embeddable":true,"href":"https:\/\/semmelweis.hu\/tdk\/wp-json\/wp\/v2\/users\/101596"}],"replies":[{"embeddable":true,"href":"https:\/\/semmelweis.hu\/tdk\/wp-json\/wp\/v2\/comments?post=9343"}],"version-history":[{"count":10,"href":"https:\/\/semmelweis.hu\/tdk\/wp-json\/wp\/v2\/pages\/9343\/revisions"}],"predecessor-version":[{"id":12040,"href":"https:\/\/semmelweis.hu\/tdk\/wp-json\/wp\/v2\/pages\/9343\/revisions\/12040"}],"up":[{"embeddable":true,"href":"https:\/\/semmelweis.hu\/tdk\/wp-json\/wp\/v2\/pages\/9092"}],"wp:attachment":[{"href":"https:\/\/semmelweis.hu\/tdk\/wp-json\/wp\/v2\/media?parent=9343"}],"wp:term":[{"taxonomy":"category","embeddable":true,"href":"https:\/\/semmelweis.hu\/tdk\/wp-json\/wp\/v2\/categories?post=9343"},{"taxonomy":"post_tag","embeddable":true,"href":"https:\/\/semmelweis.hu\/tdk\/wp-json\/wp\/v2\/tags?post=9343"}],"curies":[{"name":"wp","href":"https:\/\/api.w.org\/{rel}","templated":true}]}}