{"id":9337,"date":"2023-06-30T08:45:10","date_gmt":"2023-06-30T06:45:10","guid":{"rendered":"https:\/\/semmelweis.hu\/tdk\/?page_id=9337"},"modified":"2025-09-16T13:11:23","modified_gmt":"2025-09-16T11:11:23","slug":"rektori-palyazat-ful-orr-gegeszeti-es-fej-nyaksebeszeti-klinika-2","status":"publish","type":"page","link":"https:\/\/semmelweis.hu\/tdk\/rektori-palyazat\/rektori-palyazat-meghirdetett-temak\/rektori-palyazat-ful-orr-gegeszeti-es-fej-nyaksebeszeti-klinika-2\/","title":{"rendered":"F\u00fcl-Orr-G\u00e9g\u00e9szeti \u00e9s Fej-Nyakseb\u00e9szeti Klinika &#8211; Rektori p\u00e1ly\u00e1zat"},"content":{"rendered":"<h3>Rektori p\u00e1ly\u00e1zat F\u00fcl-Orr-G\u00e9g\u00e9szeti \u00e9s Fej-Nyakseb\u00e9szeti Klinika 2025\/2026<\/h3>\n<table width=\"543\">\n<tbody>\n<tr>\n<td width=\"344\"><strong>T\u00e9ma c\u00edm<\/strong><\/td>\n<td width=\"199\"><strong>Konzulens (fokozattal)<\/strong><\/td>\n<\/tr>\n<tr>\n<td width=\"344\">Funkcion\u00e1lis k\u00e9palkot\u00f3 m\u00f3dszerek prognosztikai \u00e9s predikt\u00edv szerep\u00e9nek vizsg\u00e1lata a fej-nyaki daganatok eset\u00e9ben<\/td>\n<td width=\"199\">Dr. D\u00e1nos Korn\u00e9l egyetemi adjunktus. Dr. Horv\u00e1th Ang\u00e9la szakorvos jel\u00f6lt<\/td>\n<\/tr>\n<tr>\n<td width=\"344\">HPV szerep\u00e9nek a vizsg\u00e1lata orrmell\u00e9k\u00fcregi betegs\u00e9gekben<\/td>\n<td width=\"199\">Dr. D\u00e1nos Korn\u00e9l egyetemi adjunktus, Dr. Forg\u00e1cs G\u00e1bor egyetemi tan\u00e1rseg\u00e9d<\/td>\n<\/tr>\n<tr>\n<td width=\"344\">F\u00fclk\u00fcrt diszfunkci\u00f3k \u00e1ttekint\u00e9se<\/td>\n<td width=\"199\">Prof. Dr. Tam\u00e1s L\u00e1szl\u00f3, Dr. Grimm Andr\u00e1s egyetemi tan\u00e1rseg\u00e9d<\/td>\n<\/tr>\n<tr>\n<td width=\"344\">Sz\u00e9d\u00fcl\u00e9s \u00e9s \u00e9letmin\u0151s\u00e9g<\/td>\n<td width=\"199\">Prof. Dr. Szirmai \u00c1gnes egy. tan\u00e1r<\/td>\n<\/tr>\n<tr>\n<td width=\"344\">A sz\u00e9d\u00fcl\u00e9s modern eszk\u00f6z\u00f6s vizsg\u00e1lata<\/td>\n<td width=\"199\">Prof. Dr. Szirmai \u00c1gnes egyetemi\u00a0 tan\u00e1r<\/td>\n<\/tr>\n<tr>\n<td width=\"344\">Cochlearis implantatio<\/td>\n<td width=\"199\">Dr. K\u00fcstel Marianna egyetemi docens<\/td>\n<\/tr>\n<tr>\n<td width=\"344\">Egyoldali hall\u00e1scs\u00f6kken\u00e9s rehabilit\u00e1ci\u00f3ja be\u00fcltethet\u0151 hall\u00f3k\u00e9sz\u00fcl\u00e9kkel<\/td>\n<td width=\"199\">Dr. K\u00fcstel Marianna egyetemi docens<\/td>\n<\/tr>\n<tr>\n<td width=\"344\">Rehabilit\u00e1ci\u00f3 k\u00f6z\u00e9pf\u00fcl implant\u00e1tumokkal<\/td>\n<td width=\"199\">Dr. K\u00fcstel Marianna egyetemi docens<\/td>\n<\/tr>\n<tr>\n<td width=\"344\">Vezet\u00e9ses hall\u00e1scs\u00f6kken\u00e9sek m\u0171t\u00e9ti rehabilit\u00e1ci\u00f3s lehet\u0151s\u00e9gei<\/td>\n<td width=\"199\">Dr. Polony G\u00e1bor egyetemi docens, Dr. Sz\u00e9kely L\u00e1szl\u00f3 egyetemi\u00a0 tan\u00e1rseg\u00e9d<\/td>\n<\/tr>\n<tr>\n<td width=\"344\">Stapes fix\u00e1ci\u00f3 m\u0171t\u00e9ti megold\u00e1sa korszer\u0171 szeml\u00e9lettel: laser assziszt\u00e1lt stapedotomia<\/td>\n<td width=\"199\">Dr. Polony G\u00e1bor egyetemi docens, Dr. Sz\u00e9kely L\u00e1szl\u00f3 egyetemi\u00a0 tan\u00e1rseg\u00e9d<\/td>\n<\/tr>\n<tr>\n<td width=\"344\">A hanganal\u00edzis szerepe a f\u00fcl-orr-g\u00e9g\u00e9szeti betegs\u00e9gek diagnosztik\u00e1j\u00e1ban<\/td>\n<td width=\"199\">Dr. Fent Zolt\u00e1n egyetemi adjunktus<\/td>\n<\/tr>\n<tr>\n<td width=\"344\">Az endoszk\u00f3pos mell\u00e9k\u00fcreg m\u0171t\u00e9tek sz\u00e1jseb\u00e9szeti hat\u00e1rter\u00fcle<\/td>\n<td width=\"199\">Dr. Fent Zolt\u00e1n egyetemi adjunktus<\/td>\n<\/tr>\n<tr>\n<td width=\"344\">Csoportos kognit\u00edv viselked\u00e9ster\u00e1pia a f\u00fclz\u00fag\u00e1s kezel\u00e9s\u00e9ben<\/td>\n<td width=\"199\">Dr. Bencsik Be\u00e1ta egyetemi\u00a0 adjunktus<\/td>\n<\/tr>\n<tr>\n<td width=\"344\">Kr\u00f3nikus f\u00fclz\u00fag\u00e1s ter\u00e1pi\u00e1s lehet\u0151s\u00e9gei<\/td>\n<td width=\"199\">Dr. Bencsik Be\u00e1ta egyetemi\u00a0 adjunktus<\/td>\n<\/tr>\n<tr>\n<td width=\"344\">A Dizziness Handicap Inventory magyar\u00a0nyelvre adapt\u00e1l\u00e1sa<\/td>\n<td width=\"199\">Dr. Bencsik Be\u00e1ta egyetemi\u00a0 adjunktus<\/td>\n<\/tr>\n<tr>\n<td width=\"344\">A NET szerepe a perif\u00e9ri\u00e1s arcidegb\u00e9nul\u00e1s diagnosztik\u00e1j\u00e1ban \u00e9s prognosztik\u00e1j\u00e1ban<\/td>\n<td width=\"199\">Dr. Bencsik Be\u00e1ta egyetemi\u00a0 adjunktus<\/td>\n<\/tr>\n<tr>\n<td width=\"344\">M. Meni\u00e9re m\u0171t\u00e9ti ter\u00e1pi\u00e1ja<\/td>\n<td width=\"199\">Dr. Bencsik Be\u00e1ta egyetemi\u00a0 adjunktus<\/td>\n<\/tr>\n<tr>\n<td width=\"344\">Zajhat\u00e1sok audiol\u00f3giai vizsg\u00e1lata<\/td>\n<td width=\"199\">Dr. G\u00e1borj\u00e1n Anita egyetemi docens<\/td>\n<\/tr>\n<tr>\n<td width=\"344\">\u00dajsz\u00fcl\u00f6ttek \u00e9s csecsem\u0151k hall\u00e1ssz\u0171r\u00e9se \u00e9s audiol\u00f3giai vizsg\u00e1lata<\/td>\n<td width=\"199\">Dr. G\u00e1borj\u00e1n Anita egyetemi docens<\/td>\n<\/tr>\n<tr>\n<td width=\"344\">I. t\u00edpus\u00fa diabeteses betegek r\u00e9szletes hall\u00e1svizsg\u00e1lata<\/td>\n<td width=\"199\">Dr. G\u00e1borj\u00e1n Anita egyetemi docens<\/td>\n<\/tr>\n<tr>\n<td width=\"344\">Parkinson-k\u00f3ros betegek audiol\u00f3giai vizsg\u00e1lata<\/td>\n<td width=\"199\">Dr. G\u00e1borj\u00e1n Anita egyetemi docens<\/td>\n<\/tr>\n<tr>\n<td width=\"344\">Sniffin&#8217; sticks szagl\u00e1steszt valid\u00e1l\u00e1s<\/td>\n<td width=\"199\">Dr. Kraxner Helga egyetemi\u00a0 adjunktus<\/td>\n<\/tr>\n<tr>\n<td width=\"344\">Poszt-COVID szagl\u00e1svizsg\u00e1latok, szagl\u00e1s tr\u00e9ning<\/td>\n<td width=\"199\">Dr. Kraxner Helga egyetemi\u00a0 adjunktus<\/td>\n<\/tr>\n<tr>\n<td width=\"344\">Biol\u00f3giai ter\u00e1pia szerepe a kr\u00f3nikus rhinosinusitis kezel\u00e9s\u00e9ben<\/td>\n<td width=\"199\">Dr. Kraxner Helga egyetemi\u00a0 adjunktus<\/td>\n<\/tr>\n<tr>\n<td width=\"344\">Kemoter\u00e0pi\u00e0s kezel\u00e9s mell\u00e9khat\u00e0sainak vizsg\u00e0lata, k\u00f6vet\u00e9se<\/td>\n<td width=\"199\">Dr. Prekopp P\u00e9ter egyetemi tan\u00e1rseg\u00e9d<\/td>\n<\/tr>\n<tr>\n<td width=\"344\">Benignus horkol\u00f3 \u00e9s OSAS- ban szenved\u0151 betegek kivizsg\u00e1l\u00e1sa, ter\u00e1pi\u00e1s lehet\u0151s\u00e9gek<\/td>\n<td width=\"199\">Dr. Moln\u00e1r Vikt\u00f3ria egyetemi\u00a0 adjunktus<\/td>\n<\/tr>\n<tr>\n<td width=\"344\">Dentog\u00e9n sinusitisek komplex kezel\u00e9se<\/td>\n<td width=\"199\">Dr. R\u00e9p\u00e1ssy G\u00e1bor egyetemi tan\u00e1rseg\u00e9d, Dr. Simonffy L\u00e1szl\u00f3 egy. tan\u00e1rseg\u00e9d<\/td>\n<\/tr>\n<tr>\n<td width=\"344\">A fej-nyaki daganatok prognosztikai faktorainak vizsg\u00e1lata<\/td>\n<td width=\"199\">Dr. R\u00e9p\u00e1ssy G\u00e1bor egyetemi tan\u00e1rseg\u00e9d\u00a0<\/td>\n<\/tr>\n<tr>\n<td width=\"344\">Liquorfisztul\u00e1k endoszk\u00f3pos z\u00e1r\u00e1sa &#8211; koponyaalapi rekonstrukci\u00f3k<\/td>\n<td width=\"199\">Dr. Szal\u00f3ki Tibor egyetemi tan\u00e1rseg\u00e9d<\/td>\n<\/tr>\n<tr>\n<td width=\"344\">Kiterjesztett endonaz\u00e1lis endoszk\u00f3pos seb\u00e9szet<\/td>\n<td width=\"199\">Dr. Szal\u00f3ki Tibor egyetemi tan\u00e1rseg\u00e9d<\/td>\n<\/tr>\n<tr>\n<td width=\"344\">Cochlearis implantatiot k\u00f6vet\u0151 reoper\u00e1ci\u00f3k<\/td>\n<td width=\"199\">Dr. Kecskem\u00e9ti N\u00f3ra egyetemi tan\u00e1rseg\u00e9d<\/td>\n<\/tr>\n<tr>\n<td width=\"344\">A fej-nyak r\u00e9gi\u00f3 anat\u00f3miai vari\u00e1ci\u00f3i \u00e9s hat\u00e1suk a f\u00fcl-orr-g\u00e9g\u00e9szeti gyakorlatra\/Anatomical variations of the head and neck with an impact on otorhinolaryngology practice<\/td>\n<td width=\"199\">Dr. Moln\u00e1r D\u00e1vid f\u0151orvos (Honv\u00e9d Kh), Dr. D\u00e1nos Korn\u00e9l egyetemi adjunktus<\/td>\n<\/tr>\n<tr>\n<td width=\"344\">A pajzsmirigy daganatainak epidemiol\u00f3giai \u00e9s seb\u00e9szi vonatkoz\u00e1sai \/ The epidemiology and surgical treatments of thyroid\u00a0cancers<\/td>\n<td width=\"199\">Dr. Moln\u00e1r D\u00e1vid f\u0151orvos (Honv\u00e9d Kh), Dr. D\u00e1nos Korn\u00e9l egyetemi adjunktus<\/td>\n<\/tr>\n<tr>\n<td width=\"344\">A mesters\u00e9ges intelligencia szerepe az obstrukt\u00edv alv\u00e1si apnoe diagnosztik\u00e1j\u00e1ban<\/td>\n<td width=\"199\">Dr. Moln\u00e1r Vikt\u00f3ria egyetemi adjunktus<\/td>\n<\/tr>\n<tr>\n<td width=\"344\">A beteg k\u00e9sleked\u00e9si id\u0151 v\u00e1ltoz\u00e1s\u00e1nak vizsg\u00e1lata \u00e9s annak klinikai relevanci\u00e1ja a fej-nyaki tumoros betegek eset\u00e9ben a COVID-19 j\u00e1rv\u00e1ny hat\u00e1s\u00e1ra<\/td>\n<td width=\"199\">Dr. D\u00e1nos Korn\u00e9l egyetemi adjunktus. Dr. Horv\u00e1th Ang\u00e9la szakorvosjel\u00f6lt<\/td>\n<\/tr>\n<tr>\n<td width=\"344\">A digit\u00e1lis k\u00e9p\u00e9rt\u00e9kel\u00e9s lehet\u0151s\u00e9gei papillaris pajzsmirigy karcin\u00f3ma aspir\u00e1ci\u00f3s citol\u00f3giai kenetein, \u00e9s ennek \u00f6sszef\u00fcgg\u00e9sei a posztoperat\u00edv rizik\u00f3besorol\u00e1ssal<\/td>\n<td width=\"199\">Dr. R\u00e9p\u00e1ssy G\u00e1bor egyetemi tan\u00e1rseg\u00e9d<\/td>\n<\/tr>\n<tr>\n<td>A fej nyaki daganatok progresszi\u00f3s \u00e9s prognosztikai faktorai<\/td>\n<td>Dr. D\u00e1nos Korn\u00e9l egyetemi adjunktus<\/td>\n<\/tr>\n<\/tbody>\n<\/table>\n","protected":false},"excerpt":{"rendered":"<p>Rektori p\u00e1ly\u00e1zat F\u00fcl-Orr-G\u00e9g\u00e9szeti \u00e9s Fej-Nyakseb\u00e9szeti Klinika 2025\/2026 T\u00e9ma c\u00edm Konzulens (fokozattal) Funkcion\u00e1lis k\u00e9palkot\u00f3 m\u00f3dszerek prognosztikai \u00e9s predikt\u00edv szerep\u00e9nek vizsg\u00e1lata a fej-nyaki daganatok eset\u00e9ben Dr. D\u00e1nos Korn\u00e9l egyetemi adjunktus. Dr. Horv\u00e1th Ang\u00e9la szakorvos jel\u00f6lt HPV szerep\u00e9nek a vizsg\u00e1lata orrmell\u00e9k\u00fcregi betegs\u00e9gekben Dr. D\u00e1nos Korn\u00e9l egyetemi adjunktus, Dr. Forg\u00e1cs G\u00e1bor egyetemi tan\u00e1rseg\u00e9d F\u00fclk\u00fcrt diszfunkci\u00f3k \u00e1ttekint\u00e9se Prof. Dr. Tam\u00e1s &hellip;<\/p>\n","protected":false},"author":101596,"featured_media":0,"parent":9092,"menu_order":0,"comment_status":"closed","ping_status":"closed","template":"","meta":{"_acf_changed":false,"footnotes":""},"categories":[],"tags":[99],"class_list":["post-9337","page","type-page","status-publish","hentry","tag-aok-rektori-palyazat"],"acf":[],"publishpress_future_action":{"enabled":false,"date":"1970-01-01 01:00:00","action":"","terms":[],"taxonomy":"","browser_timezone_offset":0},"_links":{"self":[{"href":"https:\/\/semmelweis.hu\/tdk\/wp-json\/wp\/v2\/pages\/9337","targetHints":{"allow":["GET"]}}],"collection":[{"href":"https:\/\/semmelweis.hu\/tdk\/wp-json\/wp\/v2\/pages"}],"about":[{"href":"https:\/\/semmelweis.hu\/tdk\/wp-json\/wp\/v2\/types\/page"}],"author":[{"embeddable":true,"href":"https:\/\/semmelweis.hu\/tdk\/wp-json\/wp\/v2\/users\/101596"}],"replies":[{"embeddable":true,"href":"https:\/\/semmelweis.hu\/tdk\/wp-json\/wp\/v2\/comments?post=9337"}],"version-history":[{"count":8,"href":"https:\/\/semmelweis.hu\/tdk\/wp-json\/wp\/v2\/pages\/9337\/revisions"}],"predecessor-version":[{"id":11708,"href":"https:\/\/semmelweis.hu\/tdk\/wp-json\/wp\/v2\/pages\/9337\/revisions\/11708"}],"up":[{"embeddable":true,"href":"https:\/\/semmelweis.hu\/tdk\/wp-json\/wp\/v2\/pages\/9092"}],"wp:attachment":[{"href":"https:\/\/semmelweis.hu\/tdk\/wp-json\/wp\/v2\/media?parent=9337"}],"wp:term":[{"taxonomy":"category","embeddable":true,"href":"https:\/\/semmelweis.hu\/tdk\/wp-json\/wp\/v2\/categories?post=9337"},{"taxonomy":"post_tag","embeddable":true,"href":"https:\/\/semmelweis.hu\/tdk\/wp-json\/wp\/v2\/tags?post=9337"}],"curies":[{"name":"wp","href":"https:\/\/api.w.org\/{rel}","templated":true}]}}