{"id":9331,"date":"2023-06-29T08:30:23","date_gmt":"2023-06-29T06:30:23","guid":{"rendered":"https:\/\/semmelweis.hu\/tdk\/?page_id=9331"},"modified":"2025-10-10T08:09:03","modified_gmt":"2025-10-10T06:09:03","slug":"rektori-palyazat-belgyogyaszati-es-hematologiai-klinika-infektologia-tanszeki-csoport","status":"publish","type":"page","link":"https:\/\/semmelweis.hu\/tdk\/rektori-palyazat\/rektori-palyazat-meghirdetett-temak\/rektori-palyazat-belgyogyaszati-es-hematologiai-klinika-infektologia-tanszeki-csoport\/","title":{"rendered":"Belgy\u00f3gy\u00e1szati \u00e9s Hematol\u00f3giai Klinika &#8211; Rektori p\u00e1ly\u00e1zat"},"content":{"rendered":"<h3>Rektori p\u00e1ly\u00e1zat Belgy\u00f3gy\u00e1szati \u00e9s Hematol\u00f3giai Klinika 2025\/2026<\/h3>\n<table style=\"border-collapse: collapse;width: 100.411%;height: 2760px\">\n<tbody>\n<tr style=\"height: 33px\">\n<td style=\"width: 50%;height: 33px\"><strong>Rektori p\u00e1lyamunka c\u00edme<\/strong><\/td>\n<td style=\"width: 50.4115%;height: 33px\"><strong>T\u00e9mavezet\u0151<\/strong><\/td>\n<\/tr>\n<tr style=\"height: 63px\">\n<td style=\"width: 50%;height: 63px\">A szervspecifikus autoimmun betegs\u00e9gek gyakoris\u00e1ga, autoimmun polyglandul\u00e1ris szindr\u00f3ma 1-es t\u00edpus\u00fa cukorbeteg gyermekekben \u00e9s feln\u0151ttekben, Klinikai adatok.<\/td>\n<td style=\"width: 50.4115%;height: 63px\">Dr. S\u00e1rm\u00e1n Beatrix egyetemi docens<\/td>\n<\/tr>\n<tr style=\"height: 33px\">\n<td style=\"width: 50%;height: 33px\">A prekoncepcion\u00e1lis gondoz\u00e1s jelent\u0151s\u00e9ge 1-es t\u00edpus\u00fa cukorbetegs\u00e9gben<\/td>\n<td style=\"width: 50.4115%;height: 33px\">Dr. S\u00e1rm\u00e1n Beatrix egyetemi docens<\/td>\n<\/tr>\n<tr style=\"height: 33px\">\n<td style=\"width: 50%;height: 33px\">Gyullad\u00e1s \u00e9s komplementrendszer vizsg\u00e1lata 2-es t\u00edpus\u00fa cukorbetegekben<\/td>\n<td style=\"width: 50.4115%;height: 33px\">Dr. Sipter Emese PhD<\/td>\n<\/tr>\n<tr style=\"height: 33px\">\n<td style=\"width: 50%;height: 33px\">K\u00f6rnyezeti t\u00e9nyez\u0151k \u00e9s rizik\u00f3faktorok szerepe diabetes mellitusban<\/td>\n<td style=\"width: 50.4115%;height: 33px\">Dr. Sipter Emese PhD<\/td>\n<\/tr>\n<tr style=\"height: 33px\">\n<td style=\"width: 50%;height: 33px\">Hyperlipidaemiak \u00faj kezel\u00e9si lehet\u0151s\u00e9gei<\/td>\n<td style=\"width: 50.4115%;height: 33px\">Dr. Sipter Emese PhD<\/td>\n<\/tr>\n<tr style=\"height: 29px\">\n<td style=\"width: 50%;height: 29px\" width=\"754\">Az \u00e9letm\u00f3d \u00e9s a kardiovaszkul\u00e1ris betegs\u00e9g kapcsolata<\/td>\n<td style=\"width: 50.4115%;height: 29px\" width=\"368\">Dr. Jenei Zsigmond PhD<\/td>\n<\/tr>\n<tr style=\"height: 29px\">\n<td style=\"width: 50%;height: 29px\">Kardiovaszkul\u00e1ris prevenci\u00f3 hat\u00e9konys\u00e1g\u00e1nak n\u00f6vel\u00e9se<\/td>\n<td style=\"width: 50.4115%;height: 29px\">Dr. Jenei Zsigmond PhD<\/td>\n<\/tr>\n<tr style=\"height: 29px\">\n<td style=\"width: 50%;height: 29px\">A kardiorespiratorikus fitts\u00e9g felm\u00e9r\u00e9se<\/td>\n<td style=\"width: 50.4115%;height: 29px\">Dr. Jenei Zsigmond PhD<\/td>\n<\/tr>\n<tr style=\"height: 29px\">\n<td style=\"width: 50%;height: 29px\">Sz\u00edvel\u00e9gtelen betegek szupport\u00edv ell\u00e1t\u00e1sa<\/td>\n<td style=\"width: 50.4115%;height: 29px\">Dr. Jenei Zsigmond PhD<\/td>\n<\/tr>\n<tr style=\"height: 29px\">\n<td style=\"width: 50%;height: 29px\">Sz\u00edvamyloidosisos betegek szupport\u00edv ell\u00e1t\u00e1sa<\/td>\n<td style=\"width: 50.4115%;height: 29px\">Dr. Jenei Zsigmond PhD<\/td>\n<\/tr>\n<tr style=\"height: 29px\">\n<td style=\"width: 50%;height: 29px\">A cukorbetegs\u00e9g \u00e9s prediabetes korai diagnosztiz\u00e1l\u00e1sa<\/td>\n<td style=\"width: 50.4115%;height: 29px\">Dr. Jenei Zsigmond PhD<\/td>\n<\/tr>\n<tr style=\"height: 29px\">\n<td style=\"width: 50%;height: 29px\">Magasv\u00e9rnyom\u00e1s \u00e9s az \u00e9letm\u00f3d szerepe<\/td>\n<td style=\"width: 50.4115%;height: 29px\">Dr. Jenei Zsigmond PhD<\/td>\n<\/tr>\n<tr style=\"height: 29px\">\n<td style=\"width: 50%;height: 29px\">Az ultrahang szerepe az akut betegell\u00e1t\u00e1sban.<\/td>\n<td style=\"width: 50.4115%;height: 29px\">Dr. Jenei Zsigmond PhD<\/td>\n<\/tr>\n<tr style=\"height: 29px\">\n<td style=\"width: 50%;height: 29px\">POCUS szerepe a differenci\u00e1ldiagn\u00f3zisban<\/td>\n<td style=\"width: 50.4115%;height: 29px\">Dr. Jenei Zsigmond PhD<\/td>\n<\/tr>\n<tr style=\"height: 29px\">\n<td style=\"width: 50%;height: 29px\">T\u00fcd\u0151 ultrahang vizsg\u00e1lat\u00e1nak szerepe a differenci\u00e1ldiagn\u00f3zisban<\/td>\n<td style=\"width: 50.4115%;height: 29px\">Dr. Jenei Zsigmond PhD<\/td>\n<\/tr>\n<tr style=\"height: 29px\">\n<td style=\"width: 50%;height: 29px\">Clostridium difficile fert\u0151z\u00e9s sz\u00edvel\u00e9gtelen betegek k\u00f6r\u00e9ben<\/td>\n<td style=\"width: 50.4115%;height: 29px\">Dr. Jenei Zsigmond PhD<\/td>\n<\/tr>\n<tr style=\"height: 29px\">\n<td style=\"width: 50%;height: 29px\">Clostridium difficile fert\u0151z\u00e9s visszaszor\u00edt\u00e1s\u00e1nak lehet\u0151s\u00e9gei<\/td>\n<td style=\"width: 50.4115%;height: 29px\">Dr. Jenei Zsigmond PhD<\/td>\n<\/tr>\n<tr style=\"height: 29px\">\n<td style=\"width: 50%;height: 29px\">A myeloma multiplex progn\u00f3zisa, kezel\u00e9se<\/td>\n<td style=\"width: 50.4115%;height: 29px\">Dr. Varga Gergely PhD<\/td>\n<\/tr>\n<tr style=\"height: 29px\">\n<td style=\"width: 50%;height: 29px\">Acut myeloid leukaemia kezel\u00e9si lehet\u0151s\u00e9gei \u00e9s progn\u00f3zisa<\/td>\n<td style=\"width: 50.4115%;height: 29px\">Dr. Varga Gergely PhD<\/td>\n<\/tr>\n<tr style=\"height: 29px\">\n<td style=\"width: 50%;height: 29px\">COVID-19 \u00e9s autoimmunit\u00e1s<\/td>\n<td style=\"width: 50.4115%;height: 29px\">Dr. M\u0171zes Gy\u00f6rgyi PhD<\/td>\n<\/tr>\n<tr style=\"height: 29px\">\n<td style=\"width: 50%;height: 29px\">Paraneoplasi\u00e1s autoimmun syndrom\u00e1k<\/td>\n<td style=\"width: 50.4115%;height: 29px\">Dr. M\u0171zes Gy\u00f6rgyi<\/td>\n<\/tr>\n<tr style=\"height: 29px\">\n<td style=\"width: 50%;height: 29px\">Behcet-k\u00f3r: egy ritka vasculitis<\/td>\n<td style=\"width: 50.4115%;height: 29px\">Dr. M\u0171zes Gy\u00f6rgyi<\/td>\n<\/tr>\n<tr style=\"height: 29px\">\n<td style=\"width: 50%;height: 29px\">Autoinflamm\u00e1ci\u00f3s k\u00f3rk\u00e9pek<\/td>\n<td style=\"width: 50.4115%;height: 29px\">Dr. M\u0171zes Gy\u00f6rgyi<\/td>\n<\/tr>\n<tr style=\"height: 29px\">\n<td style=\"width: 50%;height: 29px\">Az immunrendszer \u00e9s a malignit\u00e1s \u00f6sszef\u00fcgg\u00e9sei<\/td>\n<td style=\"width: 50.4115%;height: 29px\">Dr. M\u0171zes Gy\u00f6rgyi<\/td>\n<\/tr>\n<tr style=\"height: 29px\">\n<td style=\"width: 50%;height: 29px\">IgG4-asszoci\u00e1lt k\u00f3rk\u00e9pek<\/td>\n<td style=\"width: 50.4115%;height: 29px\">Dr. M\u0171zes Gy\u00f6rgyi<\/td>\n<\/tr>\n<tr style=\"height: 29px\">\n<td style=\"width: 50%;height: 29px\">A microbiom jelent\u0151s\u00e9ge autoimmun k\u00f3rk\u00e9pekben<\/td>\n<td style=\"width: 50.4115%;height: 29px\">Dr. M\u0171zes Gy\u00f6rgyi<\/td>\n<\/tr>\n<tr style=\"height: 29px\">\n<td style=\"width: 50%;height: 29px\">Antiphospholipid syndroma<\/td>\n<td style=\"width: 50.4115%;height: 29px\">Dr. M\u0171zes Gy\u00f6rgyi<\/td>\n<\/tr>\n<tr style=\"height: 29px\">\n<td style=\"width: 50%;height: 29px\">A coeliakia, mint sziszt\u00e9m\u00e1s autoimmun betegs\u00e9g<\/td>\n<td style=\"width: 50.4115%;height: 29px\">Dr. M\u0171zes Gy\u00f6rgyi<\/td>\n<\/tr>\n<tr style=\"height: 29px\">\n<td style=\"width: 50%;height: 29px\">\u00dajabb ter\u00e1pi\u00e1s lehet\u0151s\u00e9gek autoimmun betegs\u00e9gekben<\/td>\n<td style=\"width: 50.4115%;height: 29px\">Dr. M\u0171zes Gy\u00f6rgyi<\/td>\n<\/tr>\n<tr style=\"height: 29px\">\n<td style=\"width: 50%;height: 29px\">Anti-tumor immunter\u00e1pia<\/td>\n<td style=\"width: 50.4115%;height: 29px\">Dr. M\u0171zes Gy\u00f6rgyi<\/td>\n<\/tr>\n<tr style=\"height: 29px\">\n<td style=\"width: 50%;height: 29px\">Hemokromat\u00f3zis g\u00e9nvizsg\u00e1lat jelent\u0151s\u00e9ge hematol\u00f3giai betegs\u00e9gekben<\/td>\n<td style=\"width: 50.4115%;height: 29px\">Dr. V\u00e1rkonyi Judit DSc<\/td>\n<\/tr>\n<tr style=\"height: 29px\">\n<td style=\"width: 50%;height: 29px\">Sziszt\u00e9m\u00e1s masztocit\u00f3zis &#8211; kih\u00edv\u00e1sok a diagnosztik\u00e1ban.<\/td>\n<td style=\"width: 50.4115%;height: 29px\">Dr. V\u00e1rkonyi Judit<\/td>\n<\/tr>\n<tr style=\"height: 29px\">\n<td style=\"width: 50%;height: 29px\">A nyirok\u00f6d\u00e9ma \u00e9s kezel\u00e9si lehet\u0151s\u00e9gei<\/td>\n<td style=\"width: 50.4115%;height: 29px\">Dr. Horv\u00e1th Anna PhD<\/td>\n<\/tr>\n<tr style=\"height: 29px\">\n<td style=\"width: 50%;height: 29px\">F\u00e1jdalomcsillap\u00edt\u00e1s az onkol\u00f3giai betegek k\u00f6r\u00e9ben<\/td>\n<td style=\"width: 50.4115%;height: 29px\">Dr. Horv\u00e1th Anna PhD<\/td>\n<\/tr>\n<tr style=\"height: 29px\">\n<td style=\"width: 50%;height: 29px\">Von Hippel-Lindau szindr\u00f3ma patogenezise \u00e9s a sziszt\u00e9m\u00e1s kezel\u00e9si szempontok \u00e1ttekint\u00e9se<\/td>\n<td style=\"width: 50.4115%;height: 29px\">Dr. Horv\u00e1th Anna PhD<\/td>\n<\/tr>\n<tr style=\"height: 29px\">\n<td style=\"width: 50%;height: 29px\">Fetuin-A: \u00e9lettani m\u0171k\u00f6d\u00e9s, diagnosztikus jelent\u0151s\u00e9g, ter\u00e1pi\u00e1s t\u00e1vlatok<\/td>\n<td style=\"width: 50.4115%;height: 29px\">Dr. Kalabay L\u00e1szl\u00f3 DSc<\/td>\n<\/tr>\n<tr style=\"height: 29px\">\n<td style=\"width: 50%;height: 29px\">Multirezisztens k\u00f3rokoz\u00f3k a klinikumban<\/td>\n<td style=\"width: 50.4115%;height: 29px\">Dr. Pesk\u00f3 Gergely PhD<\/td>\n<\/tr>\n<tr style=\"height: 29px\">\n<td style=\"width: 50%;height: 29px\">H\u00fagy\u00fati fert\u0151z\u00e9sek a klinikai gyakorlatban<\/td>\n<td style=\"width: 50.4115%;height: 29px\">Dr. Pesk\u00f3 Gergely PhD<\/td>\n<\/tr>\n<tr style=\"height: 29px\">\n<td style=\"width: 50%;height: 29px\">Akut leuk\u00e9mi\u00e1s betegek infekci\u00f3i a klinikumban<\/td>\n<td style=\"width: 50.4115%;height: 29px\">Dr. Pesk\u00f3 Gergely PhD<\/td>\n<\/tr>\n<tr style=\"height: 29px\">\n<td style=\"width: 50%;height: 29px\">E. coli fert\u0151z\u00e9sek a klinikumban<\/td>\n<td style=\"width: 50.4115%;height: 29px\">Dr. Pesk\u00f3 Gergely PhD<\/td>\n<\/tr>\n<tr style=\"height: 29px\">\n<td style=\"width: 50%;height: 29px\">Belgy\u00f3gy\u00e1szati betegek infekci\u00f3i a klinikumban<\/td>\n<td style=\"width: 50.4115%;height: 29px\">Dr. Pesk\u00f3 Gergely PhD<\/td>\n<\/tr>\n<tr style=\"height: 29px\">\n<td style=\"width: 50%;height: 29px\">\u0150ssejt ter\u00e1pia 1-es t\u00edpus\u00fa diab\u00e9teszben<\/td>\n<td style=\"width: 50.4115%;height: 29px\">Dr. Nagy G\u00e9za PhD<\/td>\n<\/tr>\n<tr style=\"height: 29px\">\n<td style=\"width: 50%;height: 29px\">Diabetes mellitus \u00e9s pszichi\u00e1triai k\u00f3rk\u00e9pek kapcsolata<\/td>\n<td style=\"width: 50.4115%;height: 29px\">Dr. Nagy G\u00e9za PhD<\/td>\n<\/tr>\n<tr style=\"height: 29px\">\n<td style=\"width: 50%;height: 29px\">1-es t\u00edpus\u00fa diabetes mellitus \u00e9s a nem alkoholos zs\u00edrm\u00e1j betegs\u00e9g<\/td>\n<td style=\"width: 50.4115%;height: 29px\">Dr. Nagy G\u00e9za PhD<\/td>\n<\/tr>\n<tr style=\"height: 29px\">\n<td style=\"width: 50%;height: 29px\">Az 1-es t\u00edpus\u00fa cukorbetegs\u00e9g modern kezel\u00e9se: betegs\u00e9gm\u00f3dos\u00edt\u00f3 ter\u00e1pi\u00e1s lehet\u0151s\u00e9gek\u00a0<\/td>\n<td style=\"width: 50.4115%;height: 29px\">Dr. Nagy G\u00e9za PhD<\/td>\n<\/tr>\n<tr style=\"height: 29px\">\n<td style=\"width: 50%;height: 29px\">1-es t\u00edpus\u00fa diabetes mellitus<\/td>\n<td style=\"width: 50.4115%;height: 29px\">Dr. Nagy G\u00e9za PhD<\/td>\n<\/tr>\n<tr style=\"height: 29px\">\n<td style=\"width: 50%;height: 29px\">A sz\u00edv amyloidosis diagnosztik\u00e1ja, kezel\u00e9se<\/td>\n<td style=\"width: 50.4115%;height: 29px\">Dr. Pozsonyi Zolt\u00e1n PhD<\/td>\n<\/tr>\n<tr style=\"height: 29px\">\n<td style=\"width: 50%;height: 29px\">Az onko-kardiol\u00f3gia evol\u00faci\u00f3ja<\/td>\n<td style=\"width: 50.4115%;height: 29px\">Dr. Pozsonyi Zolt\u00e1n PhD<\/td>\n<\/tr>\n<tr style=\"height: 29px\">\n<td style=\"width: 50%;height: 29px\">Colorectalis daganatok kezel\u00e9s\u00e9nek kardiol\u00f3giai vonatkoz\u00e1sai<\/td>\n<td style=\"width: 50.4115%;height: 29px\">Dr. Pozsonyi Zolt\u00e1n PhD<\/td>\n<\/tr>\n<tr style=\"height: 29px\">\n<td style=\"width: 50%;height: 29px\">A sz\u00edvel\u00e9gtelens\u00e9g onkokardiol\u00f3giai vonatkoz\u00e1sai<\/td>\n<td style=\"width: 50.4115%;height: 29px\">Dr. Pozsonyi Zolt\u00e1n PhD<\/td>\n<\/tr>\n<tr style=\"height: 29px\">\n<td style=\"width: 50%;height: 29px\">Infekt\u00edv endocarditis modern diagnosztik\u00e1ja \u00e9s kezel\u00e9se<\/td>\n<td style=\"width: 50.4115%;height: 29px\">Dr. Pozsonyi Zolt\u00e1n PhD<\/td>\n<\/tr>\n<tr style=\"height: 29px\">\n<td style=\"width: 50%;height: 29px\">Infekt\u00edv endocarditis kezel\u00e9s\u00e9ben szerzett tapasztalatok a Belgy\u00f3gy\u00e1szati \u00e9s Hematol\u00f3gia Klinik\u00e1n<\/td>\n<td style=\"width: 50.4115%;height: 29px\">Dr. Pozsonyi Zolt\u00e1n PhD<\/td>\n<\/tr>\n<tr style=\"height: 29px\">\n<td style=\"width: 50%;height: 29px\">K\u00f6rnyezeti \u00e1rtalmak \u00e9s cukorbetegs\u00e9g<\/td>\n<td style=\"width: 50.4115%;height: 29px\">Dr. Sipter Emese PhD<\/td>\n<\/tr>\n<tr style=\"height: 29px\">\n<td style=\"width: 50%;height: 29px\">Hyperlipidaemiak a klinikai gyakorlatban<\/td>\n<td style=\"width: 50.4115%;height: 29px\">Dr. Sipter Emese PhD<\/td>\n<\/tr>\n<tr style=\"height: 29px\">\n<td style=\"width: 50%;height: 29px\">NAFLD \u00e9s diabetes<\/td>\n<td style=\"width: 50.4115%;height: 29px\">Dr. Sipter Emese PhD<\/td>\n<\/tr>\n<tr style=\"height: 29px\">\n<td style=\"width: 50%;height: 29px\">Infekci\u00f3k szerepe cukorbetegs\u00e9gben<\/td>\n<td style=\"width: 50.4115%;height: 29px\">Dr. Sipter Emese PhD<\/td>\n<\/tr>\n<tr style=\"height: 29px\">\n<td style=\"width: 50%;height: 29px\">Gyullad\u00e1s \u00e9s komplementrendszer vizsg\u00e1lata 2-es t\u00edpus\u00fa cukorbetegekben<\/td>\n<td style=\"width: 50.4115%;height: 29px\">Dr. Sipter Emese PhD<\/td>\n<\/tr>\n<tr style=\"height: 29px\">\n<td style=\"width: 50%;height: 29px\">Akut lymphoid leukaemia<\/td>\n<td style=\"width: 50.4115%;height: 29px\">Dr. Farkas P\u00e9ter\u00a0<\/td>\n<\/tr>\n<tr style=\"height: 29px\">\n<td style=\"width: 50%;height: 29px\">A microbiom jelent\u0151s\u00e9ge Crohn betegs\u00e9gben<\/td>\n<td style=\"width: 50.4115%;height: 29px\">Dr. Sipos Ferenc PhD<\/td>\n<\/tr>\n<tr style=\"height: 29px\">\n<td style=\"width: 50%;height: 29px\">A vastagb\u00e9lr\u00e1k \u00fajabb kezel\u00e9si lehet\u0151s\u00e9gei<\/td>\n<td style=\"width: 50.4115%;height: 29px\">Dr. Sipos Ferenc PhD<\/td>\n<\/tr>\n<tr style=\"height: 29px\">\n<td style=\"width: 50%;height: 29px\">A Sars-CoV2 infekci\u00f3 \u00e9s a GI-rendszer \u00f6sszef\u00fcgg\u00e9sei<\/td>\n<td style=\"width: 50.4115%;height: 29px\">Dr. Sipos Ferenc PhD<\/td>\n<\/tr>\n<tr style=\"height: 29px\">\n<td style=\"width: 50%;height: 29px\">A gyullad\u00e1sos b\u00e9lbetegs\u00e9g extraintestinalis megnyilv\u00e1nul\u00e1sai<\/td>\n<td style=\"width: 50.4115%;height: 29px\">Dr. Sipos Ferenc PhD<\/td>\n<\/tr>\n<tr style=\"height: 29px\">\n<td style=\"width: 50%;height: 29px\">Autoimmun m\u00e1jbetegs\u00e9gek<\/td>\n<td style=\"width: 50.4115%;height: 29px\">Dr. Sipos Ferenc PhD<\/td>\n<\/tr>\n<tr style=\"height: 29px\">\n<td style=\"width: 50%;height: 29px\">\u00c9telallergia vs. \u00e9telintolerancia<\/td>\n<td style=\"width: 50.4115%;height: 29px\">Dr. Sipos Ferenc PhD<\/td>\n<\/tr>\n<tr style=\"height: 29px\">\n<td style=\"width: 50%;height: 29px\">Eosinophili\u00e1val asszoci\u00e1lt GI-k\u00f3rk\u00e9pek<\/td>\n<td style=\"width: 50.4115%;height: 29px\">Dr. Sipos Ferenc PhD<\/td>\n<\/tr>\n<tr style=\"height: 29px\">\n<td style=\"width: 50%;height: 29px\">Hepatorenalis syndroma<\/td>\n<td style=\"width: 50.4115%;height: 29px\">Dr. Sipos Ferenc PhD<\/td>\n<\/tr>\n<tr style=\"height: 29px\">\n<td style=\"width: 50%;height: 29px\">A trombotikus mikroangiop\u00e1ti\u00e1k etiopatogenezis\u00e9nek vizsg\u00e1lata<\/td>\n<td style=\"width: 50.4115%;height: 29px\">Dr. Proh\u00e1szka Zolt\u00e1n DSc<\/td>\n<\/tr>\n<tr style=\"height: 29px\">\n<td style=\"width: 50%;height: 29px\">Patogenetikai t\u00e9nyez\u0151k vizsg\u00e1lata az at\u00edpusos HUS autoimmun form\u00e1j\u00e1nak h\u00e1tter\u00e9ben<\/td>\n<td style=\"width: 50.4115%;height: 29px\">Dr. Proh\u00e1szka Zolt\u00e1n DSc<\/td>\n<\/tr>\n<tr style=\"height: 29px\">\n<td style=\"width: 50%;height: 29px\">Trombotikus microangiopathi\u00e1k laborat\u00f3riumi differenci\u00e1ldiagnosztik\u00e1ja<\/td>\n<td style=\"width: 50.4115%;height: 29px\">Dr. Proh\u00e1szka Zolt\u00e1n DSc<\/td>\n<\/tr>\n<tr style=\"height: 29px\">\n<td style=\"width: 50%;height: 29px\">T\u00e1rsul\u00f3 betegs\u00e9gek felm\u00e9r\u00e9se C1-INH-HAE-ban<\/td>\n<td style=\"width: 50.4115%;height: 29px\">Dr. Farkas Henriette DSc<\/td>\n<\/tr>\n<tr style=\"height: 29px\">\n<td style=\"width: 50%;height: 29px\">Quality of life felm\u00e9r\u00e9se feln\u0151tt C1-INH-HAE betegekben<\/td>\n<td style=\"width: 50.4115%;height: 29px\">Dr. Farkas Henriette DSc<\/td>\n<\/tr>\n<tr style=\"height: 29px\">\n<td style=\"width: 50%;height: 29px\">Fejf\u00e1j\u00e1s felm\u00e9r\u00e9se C1-INH-HAE-ban<\/td>\n<td style=\"width: 50.4115%;height: 29px\">Dr. Farkas Henriette DSc<\/td>\n<\/tr>\n<tr style=\"height: 29px\">\n<td style=\"width: 50%;height: 29px\">A mikrobiom vizsg\u00e1lata C1-INH-HAE-ban<\/td>\n<td style=\"width: 50.4115%;height: 29px\">Dr. Farkas Henriette DSc<\/td>\n<\/tr>\n<tr style=\"height: 29px\">\n<td style=\"width: 50%;height: 29px\">Az erythema marginatum klinikai param\u00e9tereinek vizsg\u00e1lata<\/td>\n<td style=\"width: 50.4115%;height: 29px\">Dr. Farkas Henriette DSc<\/td>\n<\/tr>\n<tr style=\"height: 29px\">\n<td style=\"width: 50%;height: 29px\">Erythema marginatum sor\u00e1n t\u00f6rt\u00e9n\u0151 kezel\u00e9s hat\u00e1soss\u00e1g\u00e1nak felm\u00e9r\u00e9se<\/td>\n<td style=\"width: 50.4115%;height: 29px\">Dr. Farkas Henriette DSc<\/td>\n<\/tr>\n<tr style=\"height: 29px\">\n<td style=\"width: 50%;height: 29px\">Kil\u00e9legzett leveg\u0151 vizsg\u00e1lata C1-INH-HAE betegekben<\/td>\n<td style=\"width: 50.4115%;height: 29px\">Dr. Farkas Henriette DSc<\/td>\n<\/tr>\n<tr style=\"height: 29px\">\n<td style=\"width: 50%;height: 29px\">Szexu\u00e1lhoromonok felm\u00e9r\u00e9se C1-INH-HAE betegekben<\/td>\n<td style=\"width: 50.4115%;height: 29px\">Dr. Farkas Henriette DSc<\/td>\n<\/tr>\n<tr style=\"height: 29px\">\n<td style=\"width: 50%;height: 29px\">Endorfin szintek m\u00e9r\u00e9se C1-INH-HAE-ban<\/td>\n<td style=\"width: 50.4115%;height: 29px\">Dr. Farkas Henriette DSc<\/td>\n<\/tr>\n<tr style=\"height: 29px\">\n<td style=\"width: 50%;height: 29px\">\u00d6ninjekci\u00f3z\u00e1s sikeress\u00e9g\u00e9nek felm\u00e9r\u00e9se C1-INH-HAE-ban<\/td>\n<td style=\"width: 50.4115%;height: 29px\">Dr. Farkas Henriette DSc<\/td>\n<\/tr>\n<tr style=\"height: 29px\">\n<td style=\"width: 50%;height: 29px\">H\u00fagysav \u00e9s XII-es faktor vizsg\u00e1lata C1-INH-HAE betegekben<\/td>\n<td style=\"width: 50.4115%;height: 29px\">Dr. Farkas Henriette DSc<\/td>\n<\/tr>\n<tr style=\"height: 29px\">\n<td style=\"width: 50%;height: 29px\">HANO allergia \u00e1s autoimmunit\u00e1s<\/td>\n<td style=\"width: 50.4115%;height: 29px\">Dr. Farkas Henriette DSc<\/td>\n<\/tr>\n<tr style=\"height: 29px\">\n<td style=\"width: 50%;height: 29px\">Rituximab-induk\u00e1lt komplement medi\u00e1lt l\u00edzist befoly\u00e1sol\u00f3 t\u00e9nyez\u0151k vizsg\u00e1lata \u00e1raml\u00e1si citometri\u00e1val,\u00a0\u00a0\u00a0\u00a0\u00a0\u00a0\u00a0\u00a0\u00a0\u00a0\u00a0\u00a0 Raji B-sejt modellen.<\/td>\n<td style=\"width: 50.4115%;height: 29px\">Dr. Sinkovits Gy\u00f6rgy PhD<\/td>\n<\/tr>\n<tr style=\"height: 29px\">\n<td style=\"width: 50%;height: 29px\">HANO \u00e9s allergia, \u00e9s a nem-C1inh hi\u00e1nyos angio\u00f6d\u00e9ma genetikai vizsg\u00e1lata<\/td>\n<td style=\"width: 50.4115%;height: 29px\">Dr. Farkas Henriette DSc, Dr. Szil\u00e1gyi \u00c1gnes<\/td>\n<\/tr>\n<tr style=\"height: 29px\">\n<td style=\"width: 50%;height: 29px\">A SARS CoV-2 infekci\u00f3 patogenezise<\/td>\n<td style=\"width: 50.4115%;height: 29px\">Dr. Sinkovits Gy\u00f6rgy PhD,\u00a0<\/td>\n<\/tr>\n<tr style=\"height: 53px\">\n<td style=\"width: 50%;height: 53px\">\n<p>Pankreatog\u00e9n diabetes \u2013 a pancreatectomiz\u00e1lt betegek cukorbetegs\u00e9g\u00e9nek kezel\u00e9se<\/p>\n<\/td>\n<td style=\"width: 50.4115%;height: 53px\">Dr. Hossz\u00fafalusi N\u00f3ra egyetemi tan\u00e1r, Dr. Kis J\u00e1nos Tibor PhD<\/td>\n<\/tr>\n<tr style=\"height: 12px\">\n<td style=\"width: 50%;height: 12px\">\n<p>Investigation of obesity in clinical practice<\/p>\n<p>&nbsp;<\/p>\n<\/td>\n<td style=\"width: 50.4115%;height: 12px\">\n<p>Dr. Sipter Emese, adjunktus<\/p>\n<\/td>\n<\/tr>\n<tr style=\"height: 14px\">\n<td style=\"width: 50%;height: 14px\">\u00a0<\/td>\n<td style=\"width: 50.4115%;height: 14px\">\u00a0<\/td>\n<\/tr>\n<tr style=\"height: 33px\">\n<td style=\"width: 50%;height: 33px\"><em><strong>Infektol\u00f3gia Tansz\u00e9ki Csoport<\/strong><\/em><\/td>\n<td style=\"width: 50.4115%;height: 33px\">\u00a0<\/td>\n<\/tr>\n<tr style=\"height: 63px\">\n<td style=\"width: 50%;height: 63px\" width=\"601\">\u00daj utak a kritikus \u00e1llapot\u00fa \u00e9s immunkompromitt\u00e1lt feln\u0151ttek s\u00falyos fert\u0151z\u00e9seinek ell\u00e1t\u00e1s\u00e1ban<\/td>\n<td style=\"width: 50.4115%;height: 63px\" width=\"351\">Dr. Szab\u00f3 B\u00e1lint Gergely, PhD<\/td>\n<\/tr>\n<tr style=\"height: 33px\">\n<td style=\"width: 50%;height: 33px\">HIV \u00e9s opportunista infekci\u00f3k<\/td>\n<td style=\"width: 50.4115%;height: 33px\">Dr. Lakatos Botond PhD<\/td>\n<\/tr>\n<tr style=\"height: 33px\">\n<td style=\"width: 50%;height: 33px\">Tr\u00f3pusi betegs\u00e9gek: megel\u0151z\u00e9s, diagnosztika \u00e9s kezel\u00e9s<\/td>\n<td style=\"width: 50.4115%;height: 33px\">Dr. Lakatos Botond PhD<\/td>\n<\/tr>\n<\/tbody>\n<\/table>\n<p>&nbsp;<\/p>\n<p>&nbsp;<\/p>\n","protected":false},"excerpt":{"rendered":"<p>Rektori p\u00e1ly\u00e1zat Belgy\u00f3gy\u00e1szati \u00e9s Hematol\u00f3giai Klinika 2025\/2026 Rektori p\u00e1lyamunka c\u00edme T\u00e9mavezet\u0151 A szervspecifikus autoimmun betegs\u00e9gek gyakoris\u00e1ga, autoimmun polyglandul\u00e1ris szindr\u00f3ma 1-es t\u00edpus\u00fa cukorbeteg gyermekekben \u00e9s feln\u0151ttekben, Klinikai adatok. Dr. S\u00e1rm\u00e1n Beatrix egyetemi docens A prekoncepcion\u00e1lis gondoz\u00e1s jelent\u0151s\u00e9ge 1-es t\u00edpus\u00fa cukorbetegs\u00e9gben Dr. S\u00e1rm\u00e1n Beatrix egyetemi docens Gyullad\u00e1s \u00e9s komplementrendszer vizsg\u00e1lata 2-es t\u00edpus\u00fa cukorbetegekben Dr. Sipter Emese PhD &hellip;<\/p>\n","protected":false},"author":101596,"featured_media":0,"parent":9092,"menu_order":0,"comment_status":"closed","ping_status":"closed","template":"","meta":{"_acf_changed":false,"footnotes":""},"categories":[],"tags":[99],"class_list":["post-9331","page","type-page","status-publish","hentry","tag-aok-rektori-palyazat"],"acf":[],"publishpress_future_action":{"enabled":false,"date":"1970-01-01 01:00:00","action":"","terms":[],"taxonomy":"","browser_timezone_offset":0},"_links":{"self":[{"href":"https:\/\/semmelweis.hu\/tdk\/wp-json\/wp\/v2\/pages\/9331","targetHints":{"allow":["GET"]}}],"collection":[{"href":"https:\/\/semmelweis.hu\/tdk\/wp-json\/wp\/v2\/pages"}],"about":[{"href":"https:\/\/semmelweis.hu\/tdk\/wp-json\/wp\/v2\/types\/page"}],"author":[{"embeddable":true,"href":"https:\/\/semmelweis.hu\/tdk\/wp-json\/wp\/v2\/users\/101596"}],"replies":[{"embeddable":true,"href":"https:\/\/semmelweis.hu\/tdk\/wp-json\/wp\/v2\/comments?post=9331"}],"version-history":[{"count":10,"href":"https:\/\/semmelweis.hu\/tdk\/wp-json\/wp\/v2\/pages\/9331\/revisions"}],"predecessor-version":[{"id":11815,"href":"https:\/\/semmelweis.hu\/tdk\/wp-json\/wp\/v2\/pages\/9331\/revisions\/11815"}],"up":[{"embeddable":true,"href":"https:\/\/semmelweis.hu\/tdk\/wp-json\/wp\/v2\/pages\/9092"}],"wp:attachment":[{"href":"https:\/\/semmelweis.hu\/tdk\/wp-json\/wp\/v2\/media?parent=9331"}],"wp:term":[{"taxonomy":"category","embeddable":true,"href":"https:\/\/semmelweis.hu\/tdk\/wp-json\/wp\/v2\/categories?post=9331"},{"taxonomy":"post_tag","embeddable":true,"href":"https:\/\/semmelweis.hu\/tdk\/wp-json\/wp\/v2\/tags?post=9331"}],"curies":[{"name":"wp","href":"https:\/\/api.w.org\/{rel}","templated":true}]}}