{"id":9307,"date":"2023-06-16T09:14:22","date_gmt":"2023-06-16T07:14:22","guid":{"rendered":"https:\/\/semmelweis.hu\/tdk\/?page_id=9307"},"modified":"2025-07-16T11:13:17","modified_gmt":"2025-07-16T09:13:17","slug":"rektori-palyazat-elettani-intezet","status":"publish","type":"page","link":"https:\/\/semmelweis.hu\/tdk\/rektori-palyazat\/rektori-palyazat-meghirdetett-temak\/rektori-palyazat-elettani-intezet\/","title":{"rendered":"\u00c9lettani Int\u00e9zet &#8211; Rektori p\u00e1ly\u00e1zat"},"content":{"rendered":"<h3>Rektori p\u00e1ly\u00e1zat \u00c9lettani Int\u00e9zet 2025\/2026<\/h3>\n<table width=\"933\">\n<tbody>\n<tr>\n<td width=\"418\"><strong>P\u00e1lyat\u00e9tel c\u00edme<\/strong><\/td>\n<td width=\"515\"><strong>Konzulens (fokozattal)<\/strong><\/td>\n<\/tr>\n<tr>\n<td width=\"418\">Az angiotenzin II hat\u00e1sainak vizsg\u00e1lata simaizom sejtek m\u0171k\u00f6d\u00e9s\u00e9ben<\/td>\n<td width=\"515\">Dr. Balla Andr\u00e1s, egyetemi docens, PhD<\/td>\n<\/tr>\n<tr>\n<td width=\"418\">DUSP enzimek szerep\u00e9nek vizsg\u00e1lata az angiotenzin II hat\u00e1saiban<\/td>\n<td width=\"515\">Dr. Balla Andr\u00e1s, egyetemi docens, PhD, Dr. G\u00e9m Janka Borb\u00e1la, egyetemi tan\u00e1rseg\u00e9d<\/td>\n<\/tr>\n<tr>\n<td width=\"418\">Az AT1-receptor m\u0171k\u00f6d\u00e9s\u00e9nek \u00faj aspektusai<\/td>\n<td width=\"515\">Dr. Balla Andr\u00e1s, egyetemi docens, PhD, Dr. Hunyady L\u00e1szl\u00f3 egyetemi tan\u00e1r, az MTA rendes tagja<\/td>\n<\/tr>\n<tr>\n<td width=\"418\">Az angiotenzin II aktiv\u00e1lta koleszterin-25-hidroxil\u00e1z g\u00e9nexpresszi\u00f3j\u00e1nak vizsg\u00e1lata vaszkul\u00e1ris simaizomsejtekben<\/td>\n<td width=\"515\">Dr. Balla Andr\u00e1s, egyetemi docens, PhD, Kov\u00e1cs Kinga Bernadett, egyetemi tan\u00e1rseg\u00e9d<\/td>\n<\/tr>\n<tr>\n<td width=\"418\">Kannabinoidok \u00e9s oxidat\u00edv-nitrat\u00edv stressz kapcsolata.<\/td>\n<td width=\"515\">Dr. Benk\u0151 Rita, egyetemi adjunktus, PhD<\/td>\n<\/tr>\n<tr>\n<td width=\"418\">Cannabinoids and oxidative-nitrative stress.<\/td>\n<td width=\"515\">Dr. Benk\u0151 Rita, egyetemi adjunktus, PhD<\/td>\n<\/tr>\n<tr>\n<td width=\"418\">Az oxidat\u00edv \u00e9s nitrozat\u00edv folyamatok szerepe a kardiovaszkul\u00e1ris rendszer \u00e9lettani \u00e9s patol\u00f3gi\u00e1s \u00e1llapotaiban<\/td>\n<td width=\"515\">Dr. Benk\u0151 Rita, egyetemi adjunktus, PhD, Dr. Horv\u00e1th Eszter M\u00e1ria, egyetemi docens, PhD<\/td>\n<\/tr>\n<tr>\n<td width=\"418\">A TRESK h\u00e1tt\u00e9r K+ csatorna szab\u00e1lyoz\u00e1sa<\/td>\n<td width=\"515\">Dr. Czirj\u00e1k G\u00e1bor, egyetemi docens, az MTA doktora<\/td>\n<\/tr>\n<tr>\n<td width=\"418\">A Rac\/Rho GAP-ok specifikus hat\u00e1sainak vizsg\u00e1lata gyullad\u00e1ssal j\u00e1r\u00f3 betegs\u00e9gekben.<\/td>\n<td width=\"515\">Dr. Cs\u00e9p\u00e1nyi-K\u00f6mi Roland, egyetemi docens, PhD<\/td>\n<\/tr>\n<tr>\n<td width=\"418\">Az ARHGAP25 feh\u00e9rje szab\u00e1lyoz\u00e1s\u00e1nak vizsg\u00e1lata<\/td>\n<td width=\"515\">Dr. Cs\u00e9p\u00e1nyi-K\u00f6mi Roland, egyetemi docens, PhD<\/td>\n<\/tr>\n<tr>\n<td width=\"418\">\u00c9lettani rendszerek komplexit\u00e1sa.<\/td>\n<td width=\"515\">Dr. Eke Andr\u00e1s, egyetemi docens, PhD<\/td>\n<\/tr>\n<tr>\n<td width=\"418\">Az agyi nyugalmi aktivit\u00e1s t\u00e9r- \u00e9s id\u0151beli dinamik\u00e1ja.<\/td>\n<td width=\"515\">Dr. Eke Andr\u00e1s, egyetemi docens, PhD<\/td>\n<\/tr>\n<tr>\n<td width=\"418\">Metabolikus v\u00e1ltoz\u00e1sok \u00e9s a cirkadi\u00e1n \u00f3ra k\u00f6lcs\u00f6nhat\u00e1sai<\/td>\n<td width=\"515\">Dr. Ella Krisztina, egyetemi adjunktus, PhD, Dr. K\u00e1ldi Krisztina, egyetemi tan\u00e1r, az MTA doktora\u00a0<\/td>\n<\/tr>\n<tr>\n<td width=\"418\">Fluoreszcens bioszenzorok m\u0171k\u00f6d\u00e9se \u00e9s alkalmaz\u00e1sa<\/td>\n<td width=\"515\">Dr. Enyedi Bal\u00e1zs, egyetemi docens, PhD<\/td>\n<\/tr>\n<tr>\n<td width=\"418\">\u00daj fluoreszcens bioszenzor fejleszt\u00e9se a Leukotri\u00e9n B4 sebgy\u00f3gyul\u00e1sbeli szerep\u00e9nek megismer\u00e9s\u00e9\u00e9rt<\/td>\n<td width=\"515\">Dr. Enyedi Bal\u00e1zs, egyetemi docens, PhD<\/td>\n<\/tr>\n<tr>\n<td width=\"418\">Plazmamembr\u00e1n kalcium pumpa feh\u00e9rj\u00e9k szerep\u00e9nek vizsg\u00e1lata a sz\u00f6vets\u00e9r\u00fcl\u00e9s sor\u00e1n<\/td>\n<td width=\"515\">Dr. Enyedi Bal\u00e1zs, egyetemi docens, PhD<\/td>\n<\/tr>\n<tr>\n<td width=\"418\">Fog\u00e1szati szempontb\u00f3l l\u00e9nyeges oxitat\u00edv-nitrat\u00edv stressz detekt\u00e1l\u00e1sa policiszt\u00e1s petef\u00e9szek szindr\u00f3m\u00e1ban r\u00e1gcs\u00e1l\u00f3 modellben.<\/td>\n<td width=\"515\">Dr. Horv\u00e1th Eszter M\u00e1ria, egyetemi docens, PhD, Dr. Benk\u0151 Rita, egyetemi adjunktus, PhD<\/td>\n<\/tr>\n<tr>\n<td width=\"418\">Poli (ADP-rib\u00f3z) polimer\u00e1z aktiv\u00e1ci\u00f3 szerepe gyullad\u00e1sos betegs\u00e9gekben<\/td>\n<td width=\"515\">Dr. Horv\u00e1th Eszter M\u00e1ria, egyetemi docens, PhD<\/td>\n<\/tr>\n<tr>\n<td width=\"418\">Az oxidat\u00edv \u00e9s nitrozat\u00edv folyamatok \u00e9s a poli (ADP-rib\u00f3z) polimer\u00e1z aktiv\u00e1ci\u00f3 diab\u00e9tesz mellituszban \u00e9s inzulinrezisztens \u00e1llapotokban, k\u00fcl\u00f6n\u00f6s tekintettel a k\u00e9s\u0151i sz\u00f6v\u0151dm\u00e9nyek kialakul\u00e1s\u00e1ra. \u00daj diagnosztikus \u00e9s ter\u00e1pi\u00e1s elj\u00e1r\u00e1sok vizsg\u00e1lata<\/td>\n<td width=\"515\">Dr. Horv\u00e1th Eszter M\u00e1ria, egyetemi docens, PhD, Dr. Benk\u0151 Rita, egyetemi adjunktus, PhD<\/td>\n<\/tr>\n<tr>\n<td width=\"418\">V2 vazopresszin receptor mut\u00e1ci\u00f3k \u00e1ltal okozott betegs\u00e9gek vizsg\u00e1lata<\/td>\n<td width=\"515\">Dr. Hunyady L\u00e1szl\u00f3 egyetemi tan\u00e1r, az MTA rendes tagja<\/td>\n<\/tr>\n<tr>\n<td width=\"418\">A nefrog\u00e9n k\u00f3ros antidiur\u00e9zis szindr\u00f3ma genetikai h\u00e1ttere<\/td>\n<td width=\"515\">Dr. Hunyady L\u00e1szl\u00f3 egyetemi tan\u00e1r, az MTA rendes tagja<\/td>\n<\/tr>\n<tr>\n<td width=\"418\">G-feh\u00e9rj\u00e9hez kapcsolt receptorok dimeriz\u00e1ci\u00f3j\u00e1nak biol\u00f3giai jelent\u0151s\u00e9ge<\/td>\n<td width=\"515\">Dr. Hunyady L\u00e1szl\u00f3 egyetemi tan\u00e1r, az MTA rendes tagja<\/td>\n<\/tr>\n<tr>\n<td width=\"418\">A nyirokerek \u00e9s a nyirok\u00e9rn\u00f6veked\u00e9si jelp\u00e1ly\u00e1k szerepe a gyullad\u00e1sos folyamatok szab\u00e1lyoz\u00e1s\u00e1ban<\/td>\n<td width=\"515\">Dr. Jakus Zolt\u00e1n, egyetemi docens, PhD<\/td>\n<\/tr>\n<tr>\n<td width=\"418\">A nyirok\u00e9rn\u00f6veked\u00e9st szab\u00e1lyoz\u00f3 molekul\u00e1ris mechanizmusok jellemz\u00e9se in vivo \u00e1llatmodellek seg\u00edts\u00e9g\u00e9vel<\/td>\n<td width=\"515\">Dr. Jakus Zolt\u00e1n, egyetemi docens, PhD<\/td>\n<\/tr>\n<tr>\n<td width=\"418\">A nyirok\u00e9rm\u0171k\u00f6d\u00e9s zavar\u00e1val \u00f6sszef\u00fcgg\u0151 k\u00f3rfolyamatok<\/td>\n<td width=\"515\">Dr. Jakus Zolt\u00e1n, egyetemi docens, PhD<\/td>\n<\/tr>\n<tr>\n<td width=\"418\">A szervspecifikus nyirok\u00e9rn\u00f6veked\u00e9si program vizsg\u00e1lata in vivo \u00e1llatmodellekben<\/td>\n<td width=\"515\">Dr. Jakus Zolt\u00e1n, egyetemi docens, PhD<\/td>\n<\/tr>\n<tr>\n<td width=\"418\">A k\u00f6zponti idegrendszerhez kapcsol\u00f3d\u00f3 nyirok\u00e9r strukt\u00far\u00e1k szerep\u00e9nek vizsg\u00e1lata<\/td>\n<td width=\"515\">Dr. Jakus Zolt\u00e1n, egyetemi docens, PhD<\/td>\n<\/tr>\n<tr>\n<td width=\"418\">A magzati t\u00fcd\u0151t az \u00fajsz\u00fcl\u00f6ttkori l\u00e9gz\u00e9sre felk\u00e9sz\u00edt\u0151 mechanizmusok vizsg\u00e1lata k\u00eds\u00e9rletes \u00e1llatmodellekben<\/td>\n<td width=\"515\">Dr. Jakus Zolt\u00e1n, egyetemi docens, PhD<\/td>\n<\/tr>\n<tr>\n<td width=\"418\">A nyirokrendszer szerep\u00e9nek vizsg\u00e1lata gyullad\u00e1sos b\u0151rbetegs\u00e9gekben<\/td>\n<td width=\"515\">Dr. Jakus Zolt\u00e1n, egyetemi docens, PhD<\/td>\n<\/tr>\n<tr>\n<td width=\"418\">A nukleozid-m\u00f3dos\u00edtott mRNS-LNP komplexek nyirok\u00e9r-f\u00fcgg\u0151 hat\u00e1smechanizmusainak vizsg\u00e1lata in vivo<\/td>\n<td width=\"515\">Dr. Jakus Zolt\u00e1n, egyetemi docens, PhD, Dr. Kov\u00e1cs G\u00e1bor, egyetemi tan\u00e1rseg\u00e9d<\/td>\n<\/tr>\n<tr>\n<td width=\"418\">A nyirokerek szerep\u00e9nek vizsg\u00e1lata fiziol\u00f3gi\u00e1s \u00e9s patofiziol\u00f3gi\u00e1s k\u00f6r\u00fclm\u00e9nyek k\u00f6z\u00f6tt a sz\u00edvben<\/td>\n<td width=\"515\">Dr. Jakus Zolt\u00e1n, egyetemi docens, PhD, Dr. Ocskay Zsombor, egyetemi tan\u00e1rseg\u00e9d<\/td>\n<\/tr>\n<tr>\n<td width=\"418\">A cirkadi\u00e1n ritmus szab\u00e1lyoz\u00e1sa<\/td>\n<td width=\"515\">Dr. K\u00e1ldi Krisztina, egyetemi tan\u00e1r, az MTA doktora<\/td>\n<\/tr>\n<tr>\n<td width=\"418\">A cirkadi\u00e1n \u00f3ra m\u0171k\u00f6d\u00e9s\u00e9nek molekul\u00e1ris mechanizmusa \u00e9s annak orvosi vonatkoz\u00e1sai<\/td>\n<td width=\"515\">Dr. K\u00e1ldi Krisztina, egyetemi tan\u00e1r, az MTA doktora, Dr. Ella Krisztina, egyetemi adjunktus, PhD<\/td>\n<\/tr>\n<tr>\n<td width=\"418\">Feh\u00e9rv\u00e9rsejtek m\u0171k\u00f6d\u00e9s\u00e9nek napi ritmusa<\/td>\n<td width=\"515\">Dr. K\u00e1ldi Krisztina, egyetemi tan\u00e1r, az MTA doktora, Dr. Ella Krisztina, egyetemi adjunktus, PhD<\/td>\n<\/tr>\n<tr>\n<td width=\"418\">Az id\u0151z\u00edtett t\u00e1pl\u00e1l\u00e9kfelv\u00e9tel hat\u00e1s\u00e1nak vizsg\u00e1lata autoimmun gyullad\u00e1sos modellekben<\/td>\n<td width=\"515\">Dr. K\u00e1ldi Krisztina, egyetemi tan\u00e1r, az MTA doktora, Dr. Ella Krisztina, egyetemi adjunktus, PhD<\/td>\n<\/tr>\n<tr>\n<td width=\"418\">Small molecule sensitivity map of melanoma based on proteogenomic profiling<\/td>\n<td width=\"515\">Dr. Kem\u00e9ny Lajos, tudom\u00e1nyos f\u0151munkat\u00e1rs<\/td>\n<\/tr>\n<tr>\n<td width=\"418\">Genetic dependency map of melanoma based on Proteogenomic profiling<\/td>\n<td width=\"515\">Dr. Kem\u00e9ny Lajos, tudom\u00e1nyos f\u0151munkat\u00e1rs<\/td>\n<\/tr>\n<tr>\n<td width=\"418\">An Observational Study on the Molecular Profiling of Primary Melanomas Reveals Pathways associated with Progression<\/td>\n<td width=\"515\">Dr. Kem\u00e9ny Lajos, tudom\u00e1nyos f\u0151munkat\u00e1rs<\/td>\n<\/tr>\n<tr>\n<td width=\"418\">A k\u00e9nhidrog\u00e9n \u00e9lettani \u00e9s k\u00f3r\u00e9lettani szerepe a kardiovaszkul\u00e1ris rendszerben<\/td>\n<td width=\"515\">Dr. Kiss Levente, egyetemi docens, PhD<\/td>\n<\/tr>\n<tr>\n<td width=\"418\">Az \u00e9lettan oktat\u00e1s\u00e1nak aktu\u00e1lis k\u00e9rd\u00e9sei<\/td>\n<td width=\"515\">Dr. Kiss Levente, egyetemi docens, PhD<\/td>\n<\/tr>\n<tr>\n<td width=\"418\">\u00daj diagnosztikus lehet\u0151s\u00e9gek a mikr\u00f3b\u00e1k elleni k\u00fczdelemben<\/td>\n<td width=\"515\">Dr. L\u0151rincz M\u00e1rton \u00c1kos, egyetemi adjunktus, PhD<\/td>\n<\/tr>\n<tr>\n<td width=\"418\">Jel\u00e1tviteli folyamatok szerepe az eg\u00e9szs\u00e9ges \u00e9s k\u00f3ros csontlebont\u00e1sban<\/td>\n<td width=\"515\">Dr. M\u00f3csai Attila, egyetemi tan\u00e1r, az MTA levelez\u0151 tagja<\/td>\n<\/tr>\n<tr>\n<td width=\"418\">Az oszteoklasztok fejl\u0151d\u00e9s\u00e9nek \u00e9s m\u0171k\u00f6d\u00e9s\u00e9nek molekul\u00e1ris mechanizmusai<\/td>\n<td width=\"515\">Dr. M\u00f3csai Attila, egyetemi tan\u00e1r, az MTA levelez\u0151 tagja<\/td>\n<\/tr>\n<tr>\n<td width=\"418\">Az autoimmun gyullad\u00e1sos betegs\u00e9gek in vivo vizsg\u00e1lati modelljei<\/td>\n<td width=\"515\">Dr. M\u00f3csai Attila, egyetemi tan\u00e1r, az MTA levelez\u0151 tagja<\/td>\n<\/tr>\n<tr>\n<td width=\"418\">A krist\u00e1ly-induk\u00e1lt gyullad\u00e1s cellul\u00e1ris \u00e9s molekul\u00e1ris mechanizmusai<\/td>\n<td width=\"515\">Dr. M\u00f3csai Attila, egyetemi tan\u00e1r, az MTA levelez\u0151 tagja<\/td>\n<\/tr>\n<tr>\n<td width=\"418\">A foszfolip\u00e1z C\u03b32 szerep\u00e9nek vizsg\u00e1lata a krist\u00e1ly-induk\u00e1lt gyullad\u00e1sos folyamatokban<\/td>\n<td width=\"515\">Dr. M\u00f3csai Attila, egyetemi tan\u00e1r, az MTA levelez\u0151 tagja<\/td>\n<\/tr>\n<tr>\n<td width=\"418\">Jel\u00e1tviteli folyamatok autoimmun gyullad\u00e1sos betegs\u00e9gekben<\/td>\n<td width=\"515\">Dr. M\u00f3csai Attila, egyetemi tan\u00e1r, az MTA levelez\u0151 tagja<\/td>\n<\/tr>\n<tr>\n<td width=\"418\">Autoimmun betegs\u00e9gek vizsg\u00e1lata sejtvonal-specifikus megk\u00f6zel\u00edt\u00e9ssel<\/td>\n<td width=\"515\">Dr. M\u00f3csai Attila, egyetemi tan\u00e1r, az MTA levelez\u0151 tagja<\/td>\n<\/tr>\n<tr>\n<td width=\"418\">Tirozin-foszforil\u00e1ci\u00f3s jelp\u00e1ly\u00e1k szerepe autoimmun gyullad\u00e1sos betegs\u00e9gekben<\/td>\n<td width=\"515\">Dr. M\u00f3csai Attila, egyetemi tan\u00e1r, az MTA levelez\u0151 tagja<\/td>\n<\/tr>\n<tr>\n<td width=\"418\">Autoimmun h\u00f3lyagos b\u0151rbetegs\u00e9gek cellul\u00e1ris \u00e9s molekul\u00e1ris mechanizmusai<\/td>\n<td width=\"515\">Dr. M\u00f3csai Attila, egyetemi tan\u00e1r, az MTA levelez\u0151 tagja<\/td>\n<\/tr>\n<tr>\n<td width=\"418\">Az Src-kin\u00e1zok szerepe a gyullad\u00e1sos folyamatok l\u00e9trej\u00f6tt\u00e9ben<\/td>\n<td width=\"515\">Dr. M\u00f3csai Attila, egyetemi tan\u00e1r, az MTA levelez\u0151 tagja<\/td>\n<\/tr>\n<tr>\n<td width=\"418\">Autoimmun h\u00f3lyagos b\u0151rbetegs\u00e9gek vizsg\u00e1lata sejtvonal-specifikus megk\u00f6zel\u00edt\u00e9ssel<\/td>\n<td width=\"515\">Dr. M\u00f3csai Attila, egyetemi tan\u00e1r, az MTA levelez\u0151 tagja<\/td>\n<\/tr>\n<tr>\n<td width=\"418\">A foszfolip\u00e1z C\u03b32 feh\u00e9rje szerep\u00e9nek vizsg\u00e1lata az oszteoklasztok biok\u00e9miai \u00e9r\u00e9s\u00e9ben egy \u00faj fluoreszcens mikroszk\u00f3pi\u00e1s m\u00f3dszer seg\u00edts\u00e9g\u00e9vel<\/td>\n<td width=\"515\">Dr. M\u00f3csai Attila, egyetemi tan\u00e1r, az MTA levelez\u0151 tagja<\/td>\n<\/tr>\n<tr>\n<td width=\"418\">Kondicion\u00e1lisan immortaliz\u00e1lt neutrofil progenitorsejtek c\u00e9lzott genetikai m\u00f3dos\u00edt\u00e1sa \u00e9s jellemz\u00e9se<\/td>\n<td width=\"515\">Dr. M\u00f3csai Attila, egyetemi tan\u00e1r, az MTA levelez\u0151 tagja<\/td>\n<\/tr>\n<tr>\n<td width=\"418\">\u00c9rfal biomechanikai \u00e9s farmako-fiziol\u00f3giai szab\u00e1lyoz\u00f3 mechanizmusok koszor\u00faerekben<\/td>\n<td width=\"515\">Dr. N\u00e1dasy Gy\u00f6rgy, egyetemi docens, PhD<\/td>\n<\/tr>\n<tr>\n<td width=\"418\">Az \u00e9letkor hat\u00e1sai a nagy- \u00e9s a kiserek h\u00e1l\u00f3zati \u00e9s biomechanikai tulajdons\u00e1gaira<\/td>\n<td width=\"515\">Dr. N\u00e1dasy Gy\u00f6rgy, egyetemi docens, PhD<\/td>\n<\/tr>\n<tr>\n<td width=\"418\">Az angiogenezis biomechanikai saj\u00e1toss\u00e1gai<\/td>\n<td width=\"515\">Dr. N\u00e1dasy Gy\u00f6rgy, egyetemi docens, PhD<\/td>\n<\/tr>\n<tr>\n<td width=\"418\">\u00c9rfal biomechanikai \u00e9s farmako-fiziol\u00f3giai szab\u00e1lyoz\u00f3 mechanizmusok k\u00eds\u00e9rletes hipert\u00f3ni\u00e1ban<\/td>\n<td width=\"515\">Dr. N\u00e1dasy Gy\u00f6rgy, egyetemi docens, PhD<\/td>\n<\/tr>\n<tr>\n<td width=\"418\">A v\u00e9n\u00e1s rendszer alkalmazkod\u00e1sa gravit\u00e1ci\u00f3s terhel\u00e9shez<\/td>\n<td width=\"515\">Dr. N\u00e1dasy Gy\u00f6rgy, egyetemi docens, PhD<\/td>\n<\/tr>\n<tr>\n<td width=\"418\">A neutrofil granulocit\u00e1k szerepe sziszt\u00e9m\u00e1s lupus erythematosus-ban<\/td>\n<td width=\"515\">Dr. N\u00e9meth Tam\u00e1s, egyetemi docens, PhD<\/td>\n<\/tr>\n<tr>\n<td width=\"418\">Tirozin-kin\u00e1z-g\u00e1tl\u00f3k autoimmun \u00edz\u00fcleti gyullad\u00e1sban<\/td>\n<td width=\"515\">Dr. N\u00e9meth Tam\u00e1s, egyetemi docens, PhD<\/td>\n<\/tr>\n<tr>\n<td width=\"418\">A szinovi\u00e1lis fibroblasztok szerepe autoimmun \u00edz\u00fcleti gyullad\u00e1sban<\/td>\n<td width=\"515\">Dr. N\u00e9meth Tam\u00e1s, egyetemi docens, PhD<\/td>\n<\/tr>\n<tr>\n<td width=\"418\">A C-t\u00edpus\u00fa lektin receptorok \u00e9s az autoimmun gyullad\u00e1s<\/td>\n<td width=\"515\">Dr. N\u00e9meth Tam\u00e1s, egyetemi docens, PhD<\/td>\n<\/tr>\n<tr>\n<td width=\"418\">A rheumatoid arthritis patogenezis\u00e9nek vizsg\u00e1lata k\u00eds\u00e9rletes \u00e1llatmodellek seg\u00edts\u00e9g\u00e9vel<\/td>\n<td width=\"515\">Dr. N\u00e9meth Tam\u00e1s, egyetemi docens, PhD<\/td>\n<\/tr>\n<tr>\n<td width=\"418\">Extracellul\u00e1ris m\u00e1trix feh\u00e9rj\u00e9k szerepe a sejtek k\u00f6z\u00f6tti jel\u00e1tvitel szab\u00e1lyoz\u00e1s\u00e1ban<\/td>\n<td width=\"515\">Dr. Sirokm\u00e1ny G\u00e1bor, egyetemi docens, PhD<\/td>\n<\/tr>\n<tr>\n<td width=\"418\">DUOX enzimek<\/td>\n<td width=\"515\">Dr. Sirokm\u00e1ny G\u00e1bor, egyetemi docens, PhD<\/td>\n<\/tr>\n<tr>\n<td width=\"418\">A peroxidazin enzim m\u0171k\u00f6d\u00e9s\u00e9nek vizsg\u00e1lata<\/td>\n<td width=\"515\">Dr. Sirokm\u00e1ny G\u00e1bor, egyetemi docens, PhD<\/td>\n<\/tr>\n<tr>\n<td width=\"418\">Hem-tartalm\u00fa peroxid\u00e1z enzimek m\u0171k\u00f6d\u00e9se \u00e9s funkci\u00f3i<\/td>\n<td width=\"515\">Dr. Sirokm\u00e1ny G\u00e1bor, egyetemi docens, PhD<\/td>\n<\/tr>\n<tr>\n<td width=\"418\">Endokannabinoid rendszer ter\u00e1pi\u00e1s vonatkoz\u00e1sai<\/td>\n<td width=\"515\">Dr. Szekeres M\u00e1ria, tudom\u00e1nyos munkat\u00e1rs, PhD<\/td>\n<\/tr>\n<tr>\n<td width=\"418\">Neutrofil granulocit\u00e1kb\u00f3l keletkez\u0151 mikrovezikulumok antibakteri\u00e1lis hat\u00e1s\u00e1nak jellemz\u00e9se<\/td>\n<td width=\"515\">Dr. Tim\u00e1r Csaba Istv\u00e1n, egyetemi adjunktus, PhD<\/td>\n<\/tr>\n<tr>\n<td width=\"418\">Neutrofil granulocit\u00e1k szepszisben jellemz\u0151 elv\u00e1ltoz\u00e1sainak vizsg\u00e1lata<\/td>\n<td width=\"515\">Dr. Tim\u00e1r Csaba Istv\u00e1n, egyetemi adjunktus, PhD<\/td>\n<\/tr>\n<tr>\n<td width=\"418\">Foszfoinozitidek metabolizmus\u00e1nak vizsg\u00e1lata akutan induk\u00e1lhat\u00f3 enzimdegrad\u00e1ci\u00f3val<\/td>\n<td width=\"515\">Dr. T\u00f3th D\u00e1niel, egyetemi adjunktus PhD<\/td>\n<\/tr>\n<tr>\n<td width=\"418\">Arrestin partnerfeh\u00e9rj\u00e9k szab\u00e1lyoz\u00e1sa G-feh\u00e9rje kapcsolt receptorokon kereszt\u00fcl<\/td>\n<td width=\"515\">Dr. Turu G\u00e1bor, egyetemi docens PhD<\/td>\n<\/tr>\n<tr>\n<td width=\"418\">Az arresztinek szerepe a nem receptor feh\u00e9rj\u00e9k szab\u00e1lyoz\u00e1s\u00e1ban<\/td>\n<td width=\"515\">Dr. Turu G\u00e1bor, egyetemi docens PhD, Solt\u00e9sz-Katona Eszter, tudom\u00e1nyos seg\u00e9dmunkat\u00e1rs<\/td>\n<\/tr>\n<tr>\n<td width=\"418\">The role of phosphoinositides in the membrane localization of K-Ras proteins<\/td>\n<td width=\"515\">Dr. V\u00e1rnai P\u00e9ter, egyetemi tan\u00e1r, az MTA doktora<\/td>\n<\/tr>\n<\/tbody>\n<\/table>\n","protected":false},"excerpt":{"rendered":"<p>Rektori p\u00e1ly\u00e1zat \u00c9lettani Int\u00e9zet 2025\/2026 P\u00e1lyat\u00e9tel c\u00edme Konzulens (fokozattal) Az angiotenzin II hat\u00e1sainak vizsg\u00e1lata simaizom sejtek m\u0171k\u00f6d\u00e9s\u00e9ben Dr. Balla Andr\u00e1s, egyetemi docens, PhD DUSP enzimek szerep\u00e9nek vizsg\u00e1lata az angiotenzin II hat\u00e1saiban Dr. Balla Andr\u00e1s, egyetemi docens, PhD, Dr. G\u00e9m Janka Borb\u00e1la, egyetemi tan\u00e1rseg\u00e9d Az AT1-receptor m\u0171k\u00f6d\u00e9s\u00e9nek \u00faj aspektusai Dr. Balla Andr\u00e1s, egyetemi docens, PhD, Dr. &hellip;<\/p>\n","protected":false},"author":101596,"featured_media":0,"parent":9092,"menu_order":0,"comment_status":"closed","ping_status":"closed","template":"","meta":{"_acf_changed":false,"footnotes":""},"categories":[],"tags":[99],"class_list":["post-9307","page","type-page","status-publish","hentry","tag-aok-rektori-palyazat"],"acf":[],"publishpress_future_action":{"enabled":false,"date":"1970-01-01 01:00:00","action":"","terms":[],"taxonomy":"","browser_timezone_offset":0},"_links":{"self":[{"href":"https:\/\/semmelweis.hu\/tdk\/wp-json\/wp\/v2\/pages\/9307","targetHints":{"allow":["GET"]}}],"collection":[{"href":"https:\/\/semmelweis.hu\/tdk\/wp-json\/wp\/v2\/pages"}],"about":[{"href":"https:\/\/semmelweis.hu\/tdk\/wp-json\/wp\/v2\/types\/page"}],"author":[{"embeddable":true,"href":"https:\/\/semmelweis.hu\/tdk\/wp-json\/wp\/v2\/users\/101596"}],"replies":[{"embeddable":true,"href":"https:\/\/semmelweis.hu\/tdk\/wp-json\/wp\/v2\/comments?post=9307"}],"version-history":[{"count":6,"href":"https:\/\/semmelweis.hu\/tdk\/wp-json\/wp\/v2\/pages\/9307\/revisions"}],"predecessor-version":[{"id":11488,"href":"https:\/\/semmelweis.hu\/tdk\/wp-json\/wp\/v2\/pages\/9307\/revisions\/11488"}],"up":[{"embeddable":true,"href":"https:\/\/semmelweis.hu\/tdk\/wp-json\/wp\/v2\/pages\/9092"}],"wp:attachment":[{"href":"https:\/\/semmelweis.hu\/tdk\/wp-json\/wp\/v2\/media?parent=9307"}],"wp:term":[{"taxonomy":"category","embeddable":true,"href":"https:\/\/semmelweis.hu\/tdk\/wp-json\/wp\/v2\/categories?post=9307"},{"taxonomy":"post_tag","embeddable":true,"href":"https:\/\/semmelweis.hu\/tdk\/wp-json\/wp\/v2\/tags?post=9307"}],"curies":[{"name":"wp","href":"https:\/\/api.w.org\/{rel}","templated":true}]}}