{"id":9301,"date":"2023-06-16T08:48:04","date_gmt":"2023-06-16T06:48:04","guid":{"rendered":"https:\/\/semmelweis.hu\/tdk\/?page_id=9301"},"modified":"2025-07-10T10:02:11","modified_gmt":"2025-07-10T08:02:11","slug":"rektori-palyazat-patologiai-igazsagugyi-es-biztositasi-orvostani-intezet","status":"publish","type":"page","link":"https:\/\/semmelweis.hu\/tdk\/rektori-palyazat\/rektori-palyazat-meghirdetett-temak\/rektori-palyazat-patologiai-igazsagugyi-es-biztositasi-orvostani-intezet\/","title":{"rendered":"Patol\u00f3giai, Igazs\u00e1g\u00fcgyi \u00e9s Biztos\u00edt\u00e1si Orvostani Int\u00e9zet &#8211; Rektori p\u00e1ly\u00e1zat"},"content":{"rendered":"<h3>Rektori p\u00e1ly\u00e1zat Patol\u00f3giai, Igazs\u00e1g\u00fcgyi \u00e9s Biztos\u00edt\u00e1si Orvostani Int\u00e9zet 2025\/2026<\/h3>\n<table style=\"border-collapse: collapse;width: 100%;height: 585px\">\n<tbody>\n<tr style=\"height: 33px\">\n<td style=\"width: 52.3429%;height: 33px\" width=\"386\"><strong>Rektori P\u00e1lyamunka c\u00edme<\/strong><\/td>\n<td style=\"width: 47.5429%;height: 33px\" width=\"351\"><strong>T\u00e9mavezet\u0151 neve (fokozattal)<\/strong><\/td>\n<\/tr>\n<tr style=\"height: 33px\">\n<td style=\"width: 52.3429%;height: 33px\" width=\"386\">\u00c9les eszk\u00f6zzel elk\u00f6vetett \u00f6nkez\u0171 \u00e9s idegenkez\u0171 s\u00e9r\u00fcl\u00e9sek differenci\u00e1l\u00e1sa<\/td>\n<td style=\"width: 47.5429%;height: 33px\" width=\"351\">Dr. Bokor J\u00e1nos \u2013 egyetemi tan\u00e1rseg\u00e9d<\/td>\n<\/tr>\n<tr style=\"height: 33px\">\n<td style=\"width: 52.3429%;height: 33px\" width=\"386\">Csecsem\u0151hal\u00e1loz\u00e1s vizsg\u00e1lata<\/td>\n<td style=\"width: 47.5429%;height: 33px\" width=\"351\">Dr. Bokor J\u00e1nos \u2013 egyetemi tan\u00e1rseg\u00e9d<\/td>\n<\/tr>\n<tr style=\"height: 63px\">\n<td style=\"width: 52.3429%;height: 63px\" width=\"386\">Koponya\u0171ri s\u00e9r\u00fcl\u00e9sek differenci\u00e1lt diagnosztikai probl\u00e9m\u00e1i a mindennapi igazs\u00e1g\u00fcgyi orvosszak\u00e9rt\u0151i gyakorlatban<\/td>\n<td style=\"width: 47.5429%;height: 63px\">Dr. Danics Krisztina, egyetemi adjunktus<\/td>\n<\/tr>\n<tr style=\"height: 33px\">\n<td style=\"width: 52.3429%;height: 33px\">Igazs\u00e1g\u00fcgyi szem\u00e9lyazonos\u00edt\u00e1s<\/td>\n<td style=\"width: 47.5429%;height: 33px\" width=\"351\">Dr. Magyar L\u00f3r\u00e1nt &#8211; mesteroktat\u00f3<\/td>\n<\/tr>\n<tr style=\"height: 33px\">\n<td style=\"width: 52.3429%;height: 33px\">Alacsony HER2 amplifik\u00e1ci\u00f3t mutat\u00f3 eml\u0151r\u00e1kok progn\u00f3zisa<\/td>\n<td style=\"width: 47.5429%;height: 33px\" width=\"351\">Dr. T\u0151k\u00e9s Anna M\u00e1ria, tudom\u00e1nyos f\u0151munkat\u00e1rs<\/td>\n<\/tr>\n<tr style=\"height: 63px\">\n<td style=\"width: 52.3429%;height: 63px\" width=\"386\">Egyszeri vagy t\u00f6bbsz\u00f6r\u00f6s lok\u00e1lis recid\u00edv\u00e1k kialakul\u00e1sa eml\u0151r\u00e1kokban: klinikopatol\u00f3giai \u00e9s molekul\u00e1ris markerek kutat\u00e1sa<\/td>\n<td style=\"width: 47.5429%;height: 63px\">Dr. T\u0151k\u00e9s Anna M\u00e1ria, tudom\u00e1nyos f\u0151munkat\u00e1rs<\/td>\n<\/tr>\n<tr style=\"height: 33px\">\n<td style=\"width: 52.3429%;height: 33px\">A terhess\u00e9gi eml\u0151r\u00e1k klinikopatol\u00f3gi\u00e1ja<\/td>\n<td style=\"width: 47.5429%;height: 33px\" width=\"351\">Dr. Madaras Lilla \u2013 egyetemi docens<\/td>\n<\/tr>\n<tr style=\"height: 33px\">\n<td style=\"width: 52.3429%;height: 33px\">A fiatalkori eml\u0151r\u00e1k klinikopatol\u00f3giai jellemz\u0151i<\/td>\n<td style=\"width: 47.5429%;height: 33px\" width=\"351\">Dr. Madaras Lilla \u2013 egyetemi docens<\/td>\n<\/tr>\n<tr style=\"height: 33px\">\n<td style=\"width: 52.3429%;height: 33px\">Az endometrium carcinom\u00e1k molekul\u00e1ris patol\u00f3gi\u00e1ja<\/td>\n<td style=\"width: 47.5429%;height: 33px\">Dr. Madaras Lilla \u2013 egyetemi docens<\/td>\n<\/tr>\n<tr style=\"height: 63px\">\n<td style=\"width: 52.3429%;height: 63px\" width=\"386\">Az endometriosis- \u00e9s annak talaj\u00e1n kialakul\u00f3 daganatok klinikopatol\u00f3giai jellegzetess\u00e9gei<\/td>\n<td style=\"width: 47.5429%;height: 63px\">Dr. Madaras Lilla \u2013 egyetemi docens<\/td>\n<\/tr>\n<tr>\n<td style=\"width: 52.3429%\">\u00d6r\u00f6kl\u00f6tt n\u0151gy\u00f3gy\u00e1szati daganat szindr\u00f3m\u00e1k<\/td>\n<td style=\"width: 47.5429%\">Dr. Madaras Lilla &#8211;\u00a0 egyetemi docens<\/td>\n<\/tr>\n<tr style=\"height: 33px\">\n<td style=\"width: 52.3429%;height: 33px\">A pancreasdaganatok patol\u00f3gi\u00e1ja<\/td>\n<td style=\"width: 47.5429%;height: 33px\" width=\"351\">Dr. Borka Katalin \u2013 egyetemi docens<\/td>\n<\/tr>\n<tr style=\"height: 33px\">\n<td style=\"width: 52.3429%;height: 33px\" width=\"386\">A gastroenteropancreaticus neuroendocrin daganatok prognosztikai faktorai<\/td>\n<td style=\"width: 47.5429%;height: 33px\" width=\"351\">Dr. Borka Katalin \u2013 egyetemi docens<\/td>\n<\/tr>\n<tr style=\"height: 33px\">\n<td style=\"width: 52.3429%;height: 33px\">N\u0151gy\u00f3gy\u00e1szati sz\u0171r\u0151vizsg\u00e1latok \u00f6sszehasonl\u00edt\u00e1sa<\/td>\n<td style=\"width: 47.5429%;height: 33px\">Dr. V\u00e1rkonyi Tibor \u2013 egyetemi adjunktus<\/td>\n<\/tr>\n<tr>\n<td style=\"width: 52.3429%\">S\u00e9r\u00fcl\u00e9smint\u00e1zatok elemz\u00e9se d\u00f6nt\u00e9si fa algoritmusok seg\u00edts\u00e9g\u00e9vel<\/td>\n<td style=\"width: 47.5429%\">Dr. J\u00e1mbor-Heged\u0171s Panna &#8211; rezidens<\/td>\n<\/tr>\n<\/tbody>\n<\/table>\n","protected":false},"excerpt":{"rendered":"<p>Rektori p\u00e1ly\u00e1zat Patol\u00f3giai, Igazs\u00e1g\u00fcgyi \u00e9s Biztos\u00edt\u00e1si Orvostani Int\u00e9zet 2025\/2026 Rektori P\u00e1lyamunka c\u00edme T\u00e9mavezet\u0151 neve (fokozattal) \u00c9les eszk\u00f6zzel elk\u00f6vetett \u00f6nkez\u0171 \u00e9s idegenkez\u0171 s\u00e9r\u00fcl\u00e9sek differenci\u00e1l\u00e1sa Dr. Bokor J\u00e1nos \u2013 egyetemi tan\u00e1rseg\u00e9d Csecsem\u0151hal\u00e1loz\u00e1s vizsg\u00e1lata Dr. Bokor J\u00e1nos \u2013 egyetemi tan\u00e1rseg\u00e9d Koponya\u0171ri s\u00e9r\u00fcl\u00e9sek differenci\u00e1lt diagnosztikai probl\u00e9m\u00e1i a mindennapi igazs\u00e1g\u00fcgyi orvosszak\u00e9rt\u0151i gyakorlatban Dr. Danics Krisztina, egyetemi adjunktus Igazs\u00e1g\u00fcgyi szem\u00e9lyazonos\u00edt\u00e1s Dr. &hellip;<\/p>\n","protected":false},"author":101596,"featured_media":0,"parent":9092,"menu_order":0,"comment_status":"closed","ping_status":"closed","template":"","meta":{"_acf_changed":false,"footnotes":""},"categories":[],"tags":[99],"class_list":["post-9301","page","type-page","status-publish","hentry","tag-aok-rektori-palyazat"],"acf":[],"publishpress_future_action":{"enabled":false,"date":"1970-01-01 01:00:00","action":"","terms":[],"taxonomy":"","browser_timezone_offset":0},"_links":{"self":[{"href":"https:\/\/semmelweis.hu\/tdk\/wp-json\/wp\/v2\/pages\/9301","targetHints":{"allow":["GET"]}}],"collection":[{"href":"https:\/\/semmelweis.hu\/tdk\/wp-json\/wp\/v2\/pages"}],"about":[{"href":"https:\/\/semmelweis.hu\/tdk\/wp-json\/wp\/v2\/types\/page"}],"author":[{"embeddable":true,"href":"https:\/\/semmelweis.hu\/tdk\/wp-json\/wp\/v2\/users\/101596"}],"replies":[{"embeddable":true,"href":"https:\/\/semmelweis.hu\/tdk\/wp-json\/wp\/v2\/comments?post=9301"}],"version-history":[{"count":9,"href":"https:\/\/semmelweis.hu\/tdk\/wp-json\/wp\/v2\/pages\/9301\/revisions"}],"predecessor-version":[{"id":11438,"href":"https:\/\/semmelweis.hu\/tdk\/wp-json\/wp\/v2\/pages\/9301\/revisions\/11438"}],"up":[{"embeddable":true,"href":"https:\/\/semmelweis.hu\/tdk\/wp-json\/wp\/v2\/pages\/9092"}],"wp:attachment":[{"href":"https:\/\/semmelweis.hu\/tdk\/wp-json\/wp\/v2\/media?parent=9301"}],"wp:term":[{"taxonomy":"category","embeddable":true,"href":"https:\/\/semmelweis.hu\/tdk\/wp-json\/wp\/v2\/categories?post=9301"},{"taxonomy":"post_tag","embeddable":true,"href":"https:\/\/semmelweis.hu\/tdk\/wp-json\/wp\/v2\/tags?post=9301"}],"curies":[{"name":"wp","href":"https:\/\/api.w.org\/{rel}","templated":true}]}}