{"id":9291,"date":"2023-06-15T12:02:22","date_gmt":"2023-06-15T10:02:22","guid":{"rendered":"https:\/\/semmelweis.hu\/tdk\/?page_id=9291"},"modified":"2025-07-10T10:33:46","modified_gmt":"2025-07-10T08:33:46","slug":"rektori-palyazat-farmakognoziai-intezet","status":"publish","type":"page","link":"https:\/\/semmelweis.hu\/tdk\/rektori-palyazat\/rektori-palyazat-meghirdetett-temak\/rektori-palyazat-farmakognoziai-intezet\/","title":{"rendered":"Farmakogn\u00f3ziai Int\u00e9zet &#8211; Rektori p\u00e1ly\u00e1zat"},"content":{"rendered":"<h3>Rektori p\u00e1ly\u00e1zat Farmakogn\u00f3ziai Int\u00e9zet 2025\/2026<\/h3>\n<table style=\"border-collapse: collapse;width: 100%\">\n<tbody>\n<tr>\n<td style=\"width: 56.2286%\" width=\"453\"><strong>Rektori p\u00e1lyamunka c\u00edme<\/strong><\/td>\n<td style=\"width: 43.5429%\" width=\"351\"><strong>T\u00e9mavezet\u0151 neve (fokozattal)<\/strong><\/td>\n<\/tr>\n<tr>\n<td style=\"width: 56.2286%\">Ashwagandha tartalm\u00fa \u00e9trend-kieg\u00e9sz\u00edt\u0151k analitikai vizsg\u00e1lata<\/td>\n<td style=\"width: 43.5429%\">Dr. Csern\u00e1k Orsolya Zsuzsa, Ph.D.<\/td>\n<\/tr>\n<tr>\n<td style=\"width: 56.2286%\">Line\u00e1ris \u00e9s ciklusos diarilheptanoidok ciklodextrin komplexk\u00e9pz\u00e9s\u00e9nek vizsg\u00e1lata<\/td>\n<td style=\"width: 43.5429%\">Dr. Fej\u0151s Ida Ph.D.<\/td>\n<\/tr>\n<tr>\n<td style=\"width: 56.2286%\">Benzil-tetrahidroizokinolin v\u00e1zas alkaloidok kir\u00e1lis analitikai vizsg\u00e1lata<\/td>\n<td style=\"width: 43.5429%\">Dr. Fej\u0151s Ida Ph.D.<\/td>\n<\/tr>\n<tr>\n<td style=\"width: 56.2286%\">Az Alpinia officinarum komponenseinek izol\u00e1l\u00e1sa \u00e9s ciklodextrin komplexk\u00e9pz\u00e9s\u00e9nek vizsg\u00e1lata<\/td>\n<td style=\"width: 43.5429%\">Dr. Fej\u0151s Ida Ph.D., Dr. Riethm\u00fcller Eszter, Ph.D<\/td>\n<\/tr>\n<tr>\n<td style=\"width: 56.2286%\">Apiaceae csal\u00e1d kiv\u00e1lasztott fajainak n\u00f6v\u00e9nyk\u00e9miai vizsg\u00e1latai<\/td>\n<td style=\"width: 43.5429%\">Dr. Boldizs\u00e1r Imre, Ph.D.<\/td>\n<\/tr>\n<tr>\n<td style=\"width: 56.2286%\">Oleaceae csal\u00e1d kiv\u00e1lasztott fajainak n\u00f6v\u00e9nyk\u00e9miai vizsg\u00e1latai<\/td>\n<td style=\"width: 43.5429%\">Dr. Boldizs\u00e1r Imre, Ph.D.<\/td>\n<\/tr>\n<\/tbody>\n<\/table>\n<p>&nbsp;<\/p>\n","protected":false},"excerpt":{"rendered":"<p>Rektori p\u00e1ly\u00e1zat Farmakogn\u00f3ziai Int\u00e9zet 2025\/2026 Rektori p\u00e1lyamunka c\u00edme T\u00e9mavezet\u0151 neve (fokozattal) Ashwagandha tartalm\u00fa \u00e9trend-kieg\u00e9sz\u00edt\u0151k analitikai vizsg\u00e1lata Dr. Csern\u00e1k Orsolya Zsuzsa, Ph.D. Line\u00e1ris \u00e9s ciklusos diarilheptanoidok ciklodextrin komplexk\u00e9pz\u00e9s\u00e9nek vizsg\u00e1lata Dr. Fej\u0151s Ida Ph.D. Benzil-tetrahidroizokinolin v\u00e1zas alkaloidok kir\u00e1lis analitikai vizsg\u00e1lata Dr. Fej\u0151s Ida Ph.D. Az Alpinia officinarum komponenseinek izol\u00e1l\u00e1sa \u00e9s ciklodextrin komplexk\u00e9pz\u00e9s\u00e9nek vizsg\u00e1lata Dr. Fej\u0151s Ida Ph.D., &hellip;<\/p>\n","protected":false},"author":101596,"featured_media":0,"parent":9092,"menu_order":0,"comment_status":"closed","ping_status":"closed","template":"","meta":{"_acf_changed":false,"footnotes":""},"categories":[],"tags":[103],"class_list":["post-9291","page","type-page","status-publish","hentry","tag-gytk-rektori-palyazat"],"acf":[],"publishpress_future_action":{"enabled":false,"date":"1970-01-01 01:00:00","action":"","terms":[],"taxonomy":"","browser_timezone_offset":0},"_links":{"self":[{"href":"https:\/\/semmelweis.hu\/tdk\/wp-json\/wp\/v2\/pages\/9291","targetHints":{"allow":["GET"]}}],"collection":[{"href":"https:\/\/semmelweis.hu\/tdk\/wp-json\/wp\/v2\/pages"}],"about":[{"href":"https:\/\/semmelweis.hu\/tdk\/wp-json\/wp\/v2\/types\/page"}],"author":[{"embeddable":true,"href":"https:\/\/semmelweis.hu\/tdk\/wp-json\/wp\/v2\/users\/101596"}],"replies":[{"embeddable":true,"href":"https:\/\/semmelweis.hu\/tdk\/wp-json\/wp\/v2\/comments?post=9291"}],"version-history":[{"count":6,"href":"https:\/\/semmelweis.hu\/tdk\/wp-json\/wp\/v2\/pages\/9291\/revisions"}],"predecessor-version":[{"id":11441,"href":"https:\/\/semmelweis.hu\/tdk\/wp-json\/wp\/v2\/pages\/9291\/revisions\/11441"}],"up":[{"embeddable":true,"href":"https:\/\/semmelweis.hu\/tdk\/wp-json\/wp\/v2\/pages\/9092"}],"wp:attachment":[{"href":"https:\/\/semmelweis.hu\/tdk\/wp-json\/wp\/v2\/media?parent=9291"}],"wp:term":[{"taxonomy":"category","embeddable":true,"href":"https:\/\/semmelweis.hu\/tdk\/wp-json\/wp\/v2\/categories?post=9291"},{"taxonomy":"post_tag","embeddable":true,"href":"https:\/\/semmelweis.hu\/tdk\/wp-json\/wp\/v2\/tags?post=9291"}],"curies":[{"name":"wp","href":"https:\/\/api.w.org\/{rel}","templated":true}]}}