{"id":9277,"date":"2023-06-15T11:38:40","date_gmt":"2023-06-15T09:38:40","guid":{"rendered":"https:\/\/semmelweis.hu\/tdk\/?page_id=9277"},"modified":"2025-07-18T13:53:44","modified_gmt":"2025-07-18T11:53:44","slug":"rektori-palyazat-varosmajori-sziv-es-ergyogyaszati-klinika-repulo-es-urorvostani-tanszek","status":"publish","type":"page","link":"https:\/\/semmelweis.hu\/tdk\/rektori-palyazat\/rektori-palyazat-meghirdetett-temak\/rektori-palyazat-varosmajori-sziv-es-ergyogyaszati-klinika-repulo-es-urorvostani-tanszek\/","title":{"rendered":"V\u00e1rosmajori Sz\u00edv- \u00e9s \u00c9rgy\u00f3gy\u00e1szati Klinika Rep\u00fcl\u0151-\u00e9s \u0170rorvostani Tansz\u00e9k &#8211; Rektori p\u00e1ly\u00e1zat"},"content":{"rendered":"<h3>V\u00e1rosmajori Sz\u00edv- \u00e9s \u00c9rgy\u00f3gy\u00e1szati Klinika Rep\u00fcl\u0151-\u00e9s \u0170rorvostani Tansz\u00e9k 2025\/2026<\/h3>\n<table width=\"810\">\n<tbody>\n<tr>\n<td width=\"338\"><strong>Rektori p\u00e1lyamunka c\u00edme 2023\/2024\u00a0<\/strong><\/td>\n<td width=\"472\"><strong>T\u00e9mavezet\u0151 neve (fokozattal)<\/strong><\/td>\n<\/tr>\n<tr>\n<td width=\"338\">A magyar \u0171rprogram t\u00e1masztotta eg\u00e9szs\u00e9g\u00fcgyi kih\u00edv\u00e1sok: asztronauta kiv\u00e1laszt\u00e1s, kik\u00e9pz\u00e9s<\/td>\n<td width=\"472\">Dr. Nagy Klaudia Vivien, Ph.D. adjunktus, Dr. Nagy-Bozsoky J\u00f3zsef Ph.D. hallgat\u00f3<\/td>\n<\/tr>\n<tr>\n<td width=\"338\">\u00daj telemedik\u00e1lis rendszerek alkalmaz\u00e1sa emberes \u0171rrep\u00fcl\u00e9s sor\u00e1n<\/td>\n<td width=\"472\">Dr. Nagy Klaudia Vivien, Ph.D. adjunktus, Dr. Nagy-Bozsoky J\u00f3zsef Ph.D. hallgat\u00f3<\/td>\n<\/tr>\n<tr>\n<td width=\"338\">Dekond\u00edcion\u00e1l\u00e1s megel\u0151z\u00e9se a s\u00falytalans\u00e1gban: \u00faj edz\u00e9sprogram asztronaut\u00e1knak<\/td>\n<td width=\"472\">Dr. Nagy Klaudia Vivien, Ph.D. adjunktus, Dr. Syd\u00f3 N\u00f3ra, egyetemi tan\u00e1rseg\u00e9d<\/td>\n<\/tr>\n<tr>\n<td width=\"338\">\u0170rrep\u00fcl\u00e9s ut\u00e1ni rehabilit\u00e1ci\u00f3<\/td>\n<td width=\"472\">Dr. Nagy Klaudia Vivien, Ph.D. adjunktus, Dr. Syd\u00f3 N\u00f3ra, egyetemi tan\u00e1rseg\u00e9d<\/td>\n<\/tr>\n<\/tbody>\n<\/table>\n","protected":false},"excerpt":{"rendered":"<p>V\u00e1rosmajori Sz\u00edv- \u00e9s \u00c9rgy\u00f3gy\u00e1szati Klinika Rep\u00fcl\u0151-\u00e9s \u0170rorvostani Tansz\u00e9k 2025\/2026 Rektori p\u00e1lyamunka c\u00edme 2023\/2024\u00a0 T\u00e9mavezet\u0151 neve (fokozattal) A magyar \u0171rprogram t\u00e1masztotta eg\u00e9szs\u00e9g\u00fcgyi kih\u00edv\u00e1sok: asztronauta kiv\u00e1laszt\u00e1s, kik\u00e9pz\u00e9s Dr. Nagy Klaudia Vivien, Ph.D. adjunktus, Dr. Nagy-Bozsoky J\u00f3zsef Ph.D. hallgat\u00f3 \u00daj telemedik\u00e1lis rendszerek alkalmaz\u00e1sa emberes \u0171rrep\u00fcl\u00e9s sor\u00e1n Dr. Nagy Klaudia Vivien, Ph.D. adjunktus, Dr. Nagy-Bozsoky J\u00f3zsef Ph.D. hallgat\u00f3 Dekond\u00edcion\u00e1l\u00e1s &hellip;<\/p>\n","protected":false},"author":101596,"featured_media":0,"parent":9092,"menu_order":0,"comment_status":"closed","ping_status":"closed","template":"","meta":{"_acf_changed":false,"footnotes":""},"categories":[],"tags":[99],"class_list":["post-9277","page","type-page","status-publish","hentry","tag-aok-rektori-palyazat"],"acf":[],"publishpress_future_action":{"enabled":false,"date":"1970-01-01 01:00:00","action":"","terms":[],"taxonomy":"","browser_timezone_offset":0},"_links":{"self":[{"href":"https:\/\/semmelweis.hu\/tdk\/wp-json\/wp\/v2\/pages\/9277","targetHints":{"allow":["GET"]}}],"collection":[{"href":"https:\/\/semmelweis.hu\/tdk\/wp-json\/wp\/v2\/pages"}],"about":[{"href":"https:\/\/semmelweis.hu\/tdk\/wp-json\/wp\/v2\/types\/page"}],"author":[{"embeddable":true,"href":"https:\/\/semmelweis.hu\/tdk\/wp-json\/wp\/v2\/users\/101596"}],"replies":[{"embeddable":true,"href":"https:\/\/semmelweis.hu\/tdk\/wp-json\/wp\/v2\/comments?post=9277"}],"version-history":[{"count":4,"href":"https:\/\/semmelweis.hu\/tdk\/wp-json\/wp\/v2\/pages\/9277\/revisions"}],"predecessor-version":[{"id":11544,"href":"https:\/\/semmelweis.hu\/tdk\/wp-json\/wp\/v2\/pages\/9277\/revisions\/11544"}],"up":[{"embeddable":true,"href":"https:\/\/semmelweis.hu\/tdk\/wp-json\/wp\/v2\/pages\/9092"}],"wp:attachment":[{"href":"https:\/\/semmelweis.hu\/tdk\/wp-json\/wp\/v2\/media?parent=9277"}],"wp:term":[{"taxonomy":"category","embeddable":true,"href":"https:\/\/semmelweis.hu\/tdk\/wp-json\/wp\/v2\/categories?post=9277"},{"taxonomy":"post_tag","embeddable":true,"href":"https:\/\/semmelweis.hu\/tdk\/wp-json\/wp\/v2\/tags?post=9277"}],"curies":[{"name":"wp","href":"https:\/\/api.w.org\/{rel}","templated":true}]}}