{"id":9273,"date":"2023-06-15T11:36:33","date_gmt":"2023-06-15T09:36:33","guid":{"rendered":"https:\/\/semmelweis.hu\/tdk\/?page_id=9273"},"modified":"2025-07-10T11:04:49","modified_gmt":"2025-07-10T09:04:49","slug":"rektori-palyazat-varosmajori-sziv-es-ergyogyaszati-klinika-szivsebeszeti-tanszeki-csoport","status":"publish","type":"page","link":"https:\/\/semmelweis.hu\/tdk\/rektori-palyazat\/rektori-palyazat-meghirdetett-temak\/rektori-palyazat-varosmajori-sziv-es-ergyogyaszati-klinika-szivsebeszeti-tanszeki-csoport\/","title":{"rendered":"V\u00e1rosmajori Sz\u00edv- \u00e9s \u00c9rgy\u00f3gy\u00e1szati Klinika Sz\u00edvseb\u00e9szeti Tansz\u00e9ki Csoport &#8211; Rektori p\u00e1ly\u00e1zat"},"content":{"rendered":"<h3>Rektori p\u00e1ly\u00e1zat V\u00e1rosmajori Sz\u00edv- \u00e9s \u00c9rgy\u00f3gy\u00e1szati Klinika Sz\u00edvseb\u00e9szeti Tansz\u00e9ki Csoport 2025\/2026<\/h3>\n<table style=\"border-collapse: collapse;width: 100%;height: 4588px\">\n<tbody>\n<tr style=\"height: 34px\">\n<td style=\"width: 41.7143%;height: 34px\" width=\"338\"><strong>Rektori p\u00e1lyamunka c\u00edme\u00a0<\/strong><\/td>\n<td style=\"width: 58.1714%;height: 34px\" width=\"472\"><strong>T\u00e9mavezet\u0151 neve (fokozattal)<\/strong><\/td>\n<\/tr>\n<tr style=\"height: 63px\">\n<td style=\"width: 41.7143%;height: 63px\" width=\"338\">Ischaemi\u00e1s sz\u00edvbetegs\u00e9g seb\u00e9szete \u2013 off pump m\u0171t\u00e9ti technika<\/td>\n<td style=\"width: 58.1714%;height: 63px\" width=\"472\">Dr. Horkay Ferenc egyetemi tan\u00e1r<\/td>\n<\/tr>\n<tr style=\"height: 33px\">\n<td style=\"width: 41.7143%;height: 33px\" width=\"338\">Ischaemi\u00e1s sz\u00edvel\u00e9gtelens\u00e9g kezel\u00e9se<\/td>\n<td style=\"width: 58.1714%;height: 33px\" width=\"472\">Dr. Horkay Ferenc egyetemi tan\u00e1r<\/td>\n<\/tr>\n<tr style=\"height: 33px\">\n<td style=\"width: 41.7143%;height: 33px\" width=\"338\">Mitralis billenty\u0171 el\u00e9gtelens\u00e9g kezel\u00e9se<\/td>\n<td style=\"width: 58.1714%;height: 33px\" width=\"472\">Dr. Horkay Ferenc egyetemi tan\u00e1r<\/td>\n<\/tr>\n<tr style=\"height: 63px\">\n<td style=\"width: 41.7143%;height: 63px\" width=\"338\">Az ischaemi\u00e1s sz\u00edvbetegs\u00e9g korszer\u0171 kezel\u00e9se: PCI vagy ACBG?<\/td>\n<td style=\"width: 58.1714%;height: 63px\" width=\"472\">Dr. Horkay Ferenc egyetemi tan\u00e1r<\/td>\n<\/tr>\n<tr style=\"height: 63px\">\n<td style=\"width: 41.7143%;height: 63px\" width=\"338\">A Marfan syndroma seb\u00e9szi \u00e9s genetikai vonatkoz\u00e1sa<\/td>\n<td style=\"width: 58.1714%;height: 63px\" width=\"472\">Dr. Szabolcs Zolt\u00e1n egyetemi tan\u00e1r<\/td>\n<\/tr>\n<tr style=\"height: 63px\">\n<td style=\"width: 41.7143%;height: 63px\" width=\"338\">Gyermekv\u00e1llal\u00e1s lehet\u0151s\u00e9gei marfanos sz\u00fcl\u0151k eset\u00e9ben<\/td>\n<td style=\"width: 58.1714%;height: 63px\" width=\"472\">Dr. Szabolcs Zolt\u00e1n egyetemi tan\u00e1r<\/td>\n<\/tr>\n<tr style=\"height: 63px\">\n<td style=\"width: 41.7143%;height: 63px\" width=\"338\">A donorszerv maximaliz\u00e1ci\u00f3 lehet\u0151s\u00e9gei sz\u00edvtranszplant\u00e1ci\u00f3 kapcs\u00e1n<\/td>\n<td style=\"width: 58.1714%;height: 63px\" width=\"472\">Dr. Szabolcs Zolt\u00e1n egyetemi tan\u00e1r<\/td>\n<\/tr>\n<tr style=\"height: 63px\">\n<td style=\"width: 41.7143%;height: 63px\" width=\"338\">Margin\u00e1lis donor \u2013 margin\u00e1lis recipiens \u00e9s a sikeres sz\u00edvtranszplant\u00e1ci\u00f3<\/td>\n<td style=\"width: 58.1714%;height: 63px\" width=\"472\">Dr. Szabolcs Zolt\u00e1n egyetemi tan\u00e1r<\/td>\n<\/tr>\n<tr style=\"height: 63px\">\n<td style=\"width: 41.7143%;height: 63px\" width=\"338\">Sz\u00edvtranszplant\u00e1ci\u00f3 \u00e9s mechanikus kering\u00e9st\u00e1mogat\u00e1s<\/td>\n<td style=\"width: 58.1714%;height: 63px\" width=\"472\">Dr. Harty\u00e1nszky Istv\u00e1n egyetemi docens<\/td>\n<\/tr>\n<tr style=\"height: 63px\">\n<td style=\"width: 41.7143%;height: 63px\" width=\"338\">A konstrikt\u00edv perikarditisz modern sz\u00edvseb\u00e9szeti kezel\u00e9se<\/td>\n<td style=\"width: 58.1714%;height: 63px\" width=\"472\">Dr. Harty\u00e1nszky Istv\u00e1n egyetemi docens<\/td>\n<\/tr>\n<tr style=\"height: 63px\">\n<td style=\"width: 41.7143%;height: 63px\" width=\"338\">ECMO ter\u00e1pia \u2013 r\u00f6vid t\u00e1v\u00fa kering\u00e9st\u00e1mogat\u00e1s szerepe a sz\u00edvseb\u00e9szetben<\/td>\n<td style=\"width: 58.1714%;height: 63px\" width=\"472\">Dr. Harty\u00e1nszky Istv\u00e1n egyetemi docens<\/td>\n<\/tr>\n<tr style=\"height: 63px\">\n<td style=\"width: 41.7143%;height: 63px\" width=\"338\">Minim\u00e1l invaz\u00edv, szem\u00e9lyre szabott m\u0171sz\u00edv be\u00fcltet\u00e9s<\/td>\n<td style=\"width: 58.1714%;height: 63px\" width=\"472\">Dr. Harty\u00e1nszky Istv\u00e1n egyetemi docens<\/td>\n<\/tr>\n<tr style=\"height: 63px\">\n<td style=\"width: 41.7143%;height: 63px\" width=\"338\">A koszor\u00fa\u00e9r bypass graftok \u00e9lettartam\u00e1nak vizsg\u00e1lata \u2013 no-touch saphena harvesting<\/td>\n<td style=\"width: 58.1714%;height: 63px\" width=\"472\">Dr. Harty\u00e1nszky Istv\u00e1n egyetemi docens<\/td>\n<\/tr>\n<tr style=\"height: 63px\">\n<td style=\"width: 41.7143%;height: 63px\" width=\"338\">Koron\u00e1ria ered\u00e9si anom\u00e1li\u00e1k feln\u0151ttkori sz\u00edvseb\u00e9szeti ell\u00e1t\u00e1sa<\/td>\n<td style=\"width: 58.1714%;height: 63px\" width=\"472\">Dr. Harty\u00e1nszky Istv\u00e1n egyetemi docens<\/td>\n<\/tr>\n<tr style=\"height: 63px\">\n<td style=\"width: 41.7143%;height: 63px\" width=\"338\">A massz\u00edv pulmon\u00e1lis emb\u00f3lia modern sz\u00edvseb\u00e9szeti kezel\u00e9se<\/td>\n<td style=\"width: 58.1714%;height: 63px\" width=\"472\">Dr. Harty\u00e1nszky Istv\u00e1n egyetemi docens<\/td>\n<\/tr>\n<tr style=\"height: 93px\">\n<td style=\"width: 41.7143%;height: 93px\" width=\"338\">A bal kamra aneurysma modern sz\u00edvseb\u00e9szeti kezel\u00e9se \u2013 szem\u00e9lyre szabott m\u0171t\u00e9ti technika<\/td>\n<td style=\"width: 58.1714%;height: 93px\" width=\"472\">Dr. Harty\u00e1nszky Istv\u00e1n egyetemi docens<\/td>\n<\/tr>\n<tr style=\"height: 63px\">\n<td style=\"width: 41.7143%;height: 63px\" width=\"338\">A sz\u00edvel\u00e9gtelens\u00e9g v\u00edrusos etiol\u00f3gi\u00e1j\u00e1nak vizsg\u00e1lata<\/td>\n<td style=\"width: 58.1714%;height: 63px\" width=\"472\">Dr. Harty\u00e1nszky Istv\u00e1n egyetemi docens<\/td>\n<\/tr>\n<tr style=\"height: 63px\">\n<td style=\"width: 41.7143%;height: 63px\" width=\"338\">\u00daj technika bevezet\u00e9se a coronaria anom\u00e1li\u00e1k seb\u00e9szet\u00e9ben 3D tervez\u00e9ssel<\/td>\n<td style=\"width: 58.1714%;height: 63px\" width=\"472\">Dr. Harty\u00e1nszky Istv\u00e1n egyetemi docens<\/td>\n<\/tr>\n<tr style=\"height: 63px\">\n<td style=\"width: 41.7143%;height: 63px\" width=\"338\">Modern perf\u00fazi\u00f3s technik\u00e1k a sz\u00edvseb\u00e9szetben.<\/td>\n<td style=\"width: 58.1714%;height: 63px\" width=\"472\">Dr. Harty\u00e1nszky Istv\u00e1n egyetemi docens<\/td>\n<\/tr>\n<tr style=\"height: 63px\">\n<td style=\"width: 41.7143%;height: 63px\" width=\"338\">Az ECMO szerepe az akut kering\u00e9si sokk kezel\u00e9s\u00e9ben \u2013 E-CPR<\/td>\n<td style=\"width: 58.1714%;height: 63px\" width=\"472\">Dr. Fazekas Levente egyetemi docens<\/td>\n<\/tr>\n<tr style=\"height: 123px\">\n<td style=\"width: 41.7143%;height: 123px\" width=\"338\">The role of arch replacement in acute type A aortic dissection \/ Az aorta \u00edv rekonstrukci\u00f3 jelent\u0151s\u00e9ge az A t\u00edpus\u00fa aorta disszekci\u00f3 ell\u00e1t\u00e1s\u00e1ban<\/td>\n<td style=\"width: 58.1714%;height: 123px\" width=\"472\">Dr. Fazekas Levente egyetemi docens<\/td>\n<\/tr>\n<tr style=\"height: 123px\">\n<td style=\"width: 41.7143%;height: 123px\" width=\"338\">Vascular Ring Connector \u2013 an old\/new method in aortic surgery \/ Vaszkul\u00e1ris ring csatlakoz\u00f3 \u2013 r\u00e9gi\/\u00faj technika az aorta seb\u00e9szetben<\/td>\n<td style=\"width: 58.1714%;height: 123px\" width=\"472\">Dr. Fazekas Levente egyetemi docens<\/td>\n<\/tr>\n<tr style=\"height: 93px\">\n<td style=\"width: 41.7143%;height: 93px\" width=\"338\">Biomarkers in critically ill patients after open heart surgery \/ Biomarkerek a sz\u00edvm\u0171t\u00e9tet k\u00f6vet\u0151 kritikus \u00e1llapotokban<\/td>\n<td style=\"width: 58.1714%;height: 93px\" width=\"472\">Dr. Fazekas Levente egyetemi docens<\/td>\n<\/tr>\n<tr style=\"height: 93px\">\n<td style=\"width: 41.7143%;height: 93px\" width=\"338\">Role of biomarkers in cardiac transplantation \/ Biomarkerek szerepe a sz\u00edvtranszplant\u00e1ci\u00f3ban<\/td>\n<td style=\"width: 58.1714%;height: 93px\" width=\"472\">Dr. Fazekas Levente egyetemi docens<\/td>\n<\/tr>\n<tr style=\"height: 123px\">\n<td style=\"width: 41.7143%;height: 123px\" width=\"338\">Role of biomarkers in mechanical circulatory support (ECMO and LVAD) \/ Biomarkerek szerepe a mechanikus kering\u00e9st\u00e1mogat\u00e1sban (ECMO \u00e9s LVAD)<\/td>\n<td style=\"width: 58.1714%;height: 123px\" width=\"472\">Dr. Fazekas Levente egyetemi docens<\/td>\n<\/tr>\n<tr style=\"height: 63px\">\n<td style=\"width: 41.7143%;height: 63px\" width=\"338\">The role of ECMO in lung transplantation \/ Az ECMO szerepe a t\u00fcd\u0151transzplant\u00e1ci\u00f3ban<\/td>\n<td style=\"width: 58.1714%;height: 63px\" width=\"472\">Dr. Fazekas Levente egyetemi docens<\/td>\n<\/tr>\n<tr style=\"height: 63px\">\n<td style=\"width: 41.7143%;height: 63px\" width=\"338\">Fluid management in MCS \/ Folyad\u00e9k ter\u00e1pia mechanikus kering\u00e9st\u00e1mogat\u00e1sban<\/td>\n<td style=\"width: 58.1714%;height: 63px\" width=\"472\">Dr. Fazekas Levente egyetemi docens<\/td>\n<\/tr>\n<tr style=\"height: 63px\">\n<td style=\"width: 41.7143%;height: 63px\" width=\"338\">Fluid management in lung transplantation \/ Folyad\u00e9k ter\u00e1pia t\u00fcd\u0151transzplant\u00e1ci\u00f3ban<\/td>\n<td style=\"width: 58.1714%;height: 63px\" width=\"472\">Dr. Fazekas Levente egyetemi docens<\/td>\n<\/tr>\n<tr style=\"height: 153px\">\n<td style=\"width: 41.7143%;height: 153px\" width=\"338\">Fluid management in general cardiac surgery and its relation to perioperative atrial fibrillation \/ Folyad\u00e9k ter\u00e1pia a sz\u00edvseb\u00e9szetben \u00e9s jelent\u0151s\u00e9ge a perioperat\u00edv pitvarfibrill\u00e1ci\u00f3 kialakul\u00e1s\u00e1ban.\u00a0<\/td>\n<td style=\"width: 58.1714%;height: 153px\" width=\"472\">Dr. Fazekas Levente egyetemi docens<\/td>\n<\/tr>\n<tr style=\"height: 153px\">\n<td style=\"width: 41.7143%;height: 153px\" width=\"338\">Computer aided decision making in the management of patients at the cardiac surgical intensive care unit \/ Sz\u00e1m\u00edt\u00f3g\u00e9pes d\u00f6nt\u00e9s-t\u00e1mogat\u00e1s a sz\u00edvseb\u00e9szeti intenz\u00edves gyakorlatban<\/td>\n<td style=\"width: 58.1714%;height: 153px\" width=\"472\">Dr. Fazekas Levente egyetemi docens<\/td>\n<\/tr>\n<tr style=\"height: 123px\">\n<td style=\"width: 41.7143%;height: 123px\" width=\"338\">Change management \u2013 moving from paper based documentation to EPR in cardiac surgery \/ V\u00e1ltoz\u00e1smenedzsment \u2013 \u00fat a pap\u00edr alap\u00fa dokument\u00e1ci\u00f3t\u00f3l a digit\u00e1lis l\u00e1zlap fel\u00e9<\/td>\n<td style=\"width: 58.1714%;height: 123px\" width=\"472\">Dr. Fazekas Levente egyetemi docens<\/td>\n<\/tr>\n<tr style=\"height: 63px\">\n<td style=\"width: 41.7143%;height: 63px\" width=\"338\">Az aortagy\u00f6k rekonstrukci\u00f3 seb\u00e9szi lehet\u0151s\u00e9gei<\/td>\n<td style=\"width: 58.1714%;height: 63px\" width=\"472\">Dr. P\u00f3los Mikl\u00f3s egyetemi tan\u00e1rseg\u00e9d<\/td>\n<\/tr>\n<tr style=\"height: 63px\">\n<td style=\"width: 41.7143%;height: 63px\" width=\"338\">Billenty\u0171 megtart\u00f3 aortagy\u00f6k rekonstrukci\u00f3s m\u0171t\u00e9tek Marfan syndrom\u00e1ban<\/td>\n<td style=\"width: 58.1714%;height: 63px\" width=\"472\">Dr. P\u00f3los Mikl\u00f3s egyetemi tan\u00e1rseg\u00e9d<\/td>\n<\/tr>\n<tr style=\"height: 93px\">\n<td style=\"width: 41.7143%;height: 93px\" width=\"338\">A Marfan syndrom\u00e1s betegek sz\u00edvm\u0171t\u00e9teinek pszichoszoci\u00e1lis vonatkoz\u00e1sai<\/td>\n<td style=\"width: 58.1714%;height: 93px\" width=\"472\">Dr. P\u00f3los Mikl\u00f3s egyetemi tan\u00e1rseg\u00e9d<\/td>\n<\/tr>\n<tr style=\"height: 33px\">\n<td style=\"width: 41.7143%;height: 33px\" width=\"338\">Az aorta\u00edv m\u0171t\u00e9tek \u00fajszer\u0171 megold\u00e1sai<\/td>\n<td style=\"width: 58.1714%;height: 33px\" width=\"472\">Dr. P\u00f3los Mikl\u00f3s egyetemi tan\u00e1rseg\u00e9d<\/td>\n<\/tr>\n<tr style=\"height: 63px\">\n<td style=\"width: 41.7143%;height: 63px\" width=\"338\">Sz\u00edvtranszplant\u00e1ci\u00f3 HOCM \u00e1ltal okozott v\u00e9gst\u00e1dium\u00fa sz\u00edvel\u00e9gtelens\u00e9gben<\/td>\n<td style=\"width: 58.1714%;height: 63px\" width=\"472\">Dr. P\u00f3los Mikl\u00f3s egyetemi tan\u00e1rseg\u00e9d<\/td>\n<\/tr>\n<tr style=\"height: 33px\">\n<td style=\"width: 41.7143%;height: 33px\" width=\"338\">Acut dissectio<\/td>\n<td style=\"width: 58.1714%;height: 33px\" width=\"472\">Dr. Dar\u00f3czi L\u00e1szl\u00f3 klinikai f\u0151orvos<\/td>\n<\/tr>\n<tr style=\"height: 63px\">\n<td style=\"width: 41.7143%;height: 63px\" width=\"338\">Az ECMO kezel\u00e9s szerepe a kr\u00f3nikus sz\u00edvel\u00e9gtelens\u00e9gben.<\/td>\n<td style=\"width: 58.1714%;height: 63px\" width=\"472\">Dr. P\u00f3los Mikl\u00f3s egyetemi tan\u00e1rseg\u00e9d \u00e9s Dr. Kopp\u00e1nyi \u00c1d\u00e1m szakorvosjel\u00f6lt<\/td>\n<\/tr>\n<tr style=\"height: 63px\">\n<td style=\"width: 41.7143%;height: 63px\" width=\"338\">Innovat\u00edv lehet\u0151s\u00e9gek a sz\u00edvseb\u00e9szetben 3D tervez\u00e9s<\/td>\n<td style=\"width: 58.1714%;height: 63px\" width=\"472\">Dr. Barab\u00e1s J. Imre Ph.D.<\/td>\n<\/tr>\n<tr style=\"height: 123px\">\n<td style=\"width: 41.7143%;height: 123px\" width=\"338\">Az akut \u201cA t\u00edpus\u00fa\u201d disszekci\u00f3k etiol\u00f3gi\u00e1ja \u00e9s ter\u00e1pi\u00e1ja a V\u00e1rosmajori Sz\u00edv- \u00e9s \u00c9rgy\u00f3gy\u00e1szati Klinika beteganyag\u00e1nak t\u00fckr\u00e9ben<\/td>\n<td style=\"width: 58.1714%;height: 123px\" width=\"472\">Dr. Szabolcs Zolt\u00e1n egyetemi tan\u00e1r \u00e9s Dr. P\u00f3los Mikl\u00f3s egyetemi tan\u00e1rseg\u00e9d<\/td>\n<\/tr>\n<tr style=\"height: 183px\">\n<td style=\"width: 41.7143%;height: 183px\" width=\"338\">Gy\u00f3gyszer repoz\u00edci\u00f3 az ischaemia-reperf\u00fazi\u00f3s k\u00e1rosod\u00e1s cs\u00f6kkent\u00e9s\u00e9re k\u00eds\u00e9rletes sz\u00edvseb\u00e9szeti modellekben- Drug repositioning for the reduction of ischemia-reperfusion injury in experimental cardiac surgical models<\/td>\n<td style=\"width: 58.1714%;height: 183px\" width=\"472\">Dr. Benke K\u00e1lm\u00e1n egyetemi adjunktus, Dr. Veres G\u00e1bor egyetemi docens, Dr. Stengl Roland sz\u00edvseb\u00e9sz rezidens<\/td>\n<\/tr>\n<tr style=\"height: 243px\">\n<td style=\"width: 41.7143%;height: 243px\" width=\"338\">\u00a0Az aorta biomechanikai tulajdons\u00e1gainak jellemz\u00e9se \u00e9s \u00faj ter\u00e1pi\u00e1s lehet\u0151s\u00e9gek azonos\u00edt\u00e1sa az aortafal er\u0151s\u00edt\u00e9s\u00e9re k\u00f6t\u0151sz\u00f6veti betegs\u00e9gek eg\u00e9rmodelljeiben &#8211; Characterizing the biomechanical integrity of the aorta and identifying aortic wall strengthening drugs in mouse models of connective tissue disorders<\/td>\n<td style=\"width: 58.1714%;height: 243px\" width=\"472\">Dr. Stengl Roland sz\u00edvseb\u00e9sz rezidens, Dr. Benke K\u00e1lm\u00e1n egyetemi adjunktus<\/td>\n<\/tr>\n<tr style=\"height: 153px\">\n<td style=\"width: 41.7143%;height: 153px\" width=\"338\">\u00a0Az akut \u00e9rkatasztr\u00f3fa kialakul\u00e1s\u00e1nak prediktorai Marfan-szindr\u00f3m\u00e1ban \u00e9s t\u00e1rsbetegs\u00e9geiben- Predictors of the development of acute aortic events in Marfan syndrome and related disorders<\/td>\n<td style=\"width: 58.1714%;height: 153px\" width=\"472\">Dr. Benke K\u00e1lm\u00e1n egyetemi adjunktus, Dr. Stengl Roland sz\u00edvseb\u00e9sz rezidens<\/td>\n<\/tr>\n<tr style=\"height: 33px\">\n<td style=\"width: 41.7143%;height: 33px\" width=\"338\">Edzetts\u00e9g vizsg\u00e1lata mesters\u00e9ges intelligenci\u00e1val\/Identifying factors affecting sports performance using artificial intelligence<\/td>\n<td style=\"width: 58.1714%;height: 33px\" width=\"472\">Dr. Syd\u00f3 N\u00f3ra, Dr. Csulak Emese, Dr. Kiss Anna R\u00e9ka<\/td>\n<\/tr>\n<tr style=\"height: 63px\">\n<td style=\"width: 41.7143%;height: 63px\" width=\"338\">A GOKVI-ban k\u00e9sz\u00edthet\u0151 rektori p\u00e1lyamunka c\u00edme 2023\/2024<\/td>\n<td style=\"width: 58.1714%;height: 63px\" width=\"472\">\u00a0<\/td>\n<\/tr>\n<tr style=\"height: 63px\">\n<td style=\"width: 41.7143%;height: 63px\" width=\"338\">\u00daj perspekt\u00edv\u00e1k az aortabillenty\u0171 seb\u00e9szetben.<\/td>\n<td style=\"width: 58.1714%;height: 63px\" width=\"472\">Dr. Juh\u00e1sz Bogl\u00e1rka f\u0151orvos<\/td>\n<\/tr>\n<tr style=\"height: 33px\">\n<td style=\"width: 41.7143%;height: 33px\" width=\"338\">A mediastinitis korszer\u0171 kezel\u00e9se<\/td>\n<td style=\"width: 58.1714%;height: 33px\" width=\"472\">Dr. Juh\u00e1sz Bogl\u00e1rka f\u0151orvos<\/td>\n<\/tr>\n<tr style=\"height: 63px\">\n<td style=\"width: 41.7143%;height: 63px\" width=\"338\">Driveline infekci\u00f3k kezel\u00e9se sor\u00e1n nyert tapasztalataink<\/td>\n<td style=\"width: 58.1714%;height: 63px\" width=\"472\">Dr. Juh\u00e1sz Bogl\u00e1rka f\u0151orvos<\/td>\n<\/tr>\n<tr style=\"height: 63px\">\n<td style=\"width: 41.7143%;height: 63px\" width=\"338\">Dobog\u00f3 sz\u00edven v\u00e9gzett koszor\u00fa\u00e9rm\u0171t\u00e9tek coronaria shunt haszn\u00e1lat\u00e1val \u00e9s an\u00e9lk\u00fcl<\/td>\n<td style=\"width: 58.1714%;height: 63px\" width=\"472\">Dr. Szolnoky Jen\u0151 oszt\u00e1lyvezet\u0151 f\u0151orvos<\/td>\n<\/tr>\n<tr style=\"height: 63px\">\n<td style=\"width: 41.7143%;height: 63px\" width=\"338\">Az aorta billenty\u0171 el\u00e9gtelens\u00e9g seb\u00e9szi kezel\u00e9se.<\/td>\n<td style=\"width: 58.1714%;height: 63px\" width=\"472\">Dr. Szolnoky Jen\u0151 oszt\u00e1lyvezet\u0151 f\u0151orvos<\/td>\n<\/tr>\n<tr style=\"height: 63px\">\n<td style=\"width: 41.7143%;height: 63px\" width=\"338\">Minim\u00e1l invaz\u00edv sz\u00edvseb\u00e9szeti beavatkoz\u00e1sok<\/td>\n<td style=\"width: 58.1714%;height: 63px\" width=\"472\">Dr. Szolnoky Jen\u0151 oszt\u00e1lyvezet\u0151 f\u0151orvos<\/td>\n<\/tr>\n<tr style=\"height: 33px\">\n<td style=\"width: 41.7143%;height: 33px\" width=\"338\">Pitvarfibrill\u00e1ci\u00f3 seb\u00e9szi kezel\u00e9se<\/td>\n<td style=\"width: 58.1714%;height: 33px\" width=\"472\">Dr. Szolnoky Jen\u0151 oszt\u00e1lyvezet\u0151 f\u0151orvos<\/td>\n<\/tr>\n<tr style=\"height: 93px\">\n<td style=\"width: 41.7143%;height: 93px\" width=\"338\">3D technol\u00f3gia alkalmaz\u00e1s\u00e1nak el\u0151nyei a komplex gyermeksz\u00edvseb\u00e9szeti beavatkoz\u00e1sokn\u00e1l<\/td>\n<td style=\"width: 58.1714%;height: 93px\" width=\"472\">Dr. Prod\u00e1n Zsolt, oszt\u00e1lyvezet\u0151 f\u0151orvos, Dr. Barab\u00e1s J. Imre Ph.D.<\/td>\n<\/tr>\n<tr style=\"height: 93px\">\n<td style=\"width: 41.7143%;height: 93px\" width=\"338\">Kisgyermekkorban v\u00e9gzett mechanikus m\u0171sz\u00edv be\u00fcltet\u00e9s sz\u00e1m\u00edt\u00e1stechnikai szimul\u00e1ci\u00f3 seg\u00edts\u00e9g\u00e9vel.<\/td>\n<td style=\"width: 58.1714%;height: 93px\" width=\"472\">Dr. Prod\u00e1n Zsolt, oszt\u00e1lyvezet\u0151 f\u0151orvos, Dr. Barab\u00e1s J. Imre Ph.D.<\/td>\n<\/tr>\n<tr style=\"height: 93px\">\n<td style=\"width: 41.7143%;height: 93px\" width=\"338\">Szemiauton\u00f3m szegment\u00e1l\u00e1si m\u00f3dszer kidolgoz\u00e1sa kisgyermekkori sz\u00edvtumorok ter\u00e1pi\u00e1j\u00e1ban<\/td>\n<td style=\"width: 58.1714%;height: 93px\" width=\"472\">Dr. F\u00e9s\u0171s G\u00e1bor, adjunktus, Dr. Barab\u00e1s J. Imre Ph.D.<\/td>\n<\/tr>\n<tr style=\"height: 93px\">\n<td style=\"width: 41.7143%;height: 93px\" width=\"338\">Szem\u00e9lyre szabott 3D modellek alkalmazhat\u00f3s\u00e1ga komplex pulmonalis atr\u00e9zi\u00e1ban<\/td>\n<td style=\"width: 58.1714%;height: 93px\" width=\"472\">Dr. Nagy Zsolt L\u00e1szl\u00f3, f\u0151orvos, Dr. Barab\u00e1s J. Imre Ph.D.<\/td>\n<\/tr>\n<tr style=\"height: 93px\">\n<td style=\"width: 41.7143%;height: 93px\" width=\"338\">Kisgyermekkorban v\u00e9gzett coarctatio m\u0171t\u00e9tetek \u00e1ramlastani szimul\u00e1ci\u00f3ja 3D nyomtatott modelleken<\/td>\n<td style=\"width: 58.1714%;height: 93px\" width=\"472\">Dr. Kis \u00c9va szakorvos, Dr. Barab\u00e1s J. Imre Ph.D.<\/td>\n<\/tr>\n<tr>\n<td style=\"width: 41.7143%\">A new non-invasive diagnostic parameter in chronic coronary syndrome\u00a0<\/td>\n<td style=\"width: 58.1714%\">Tam\u00e1s Radovits MD PhD Professor, Attila Ol\u00e1h MD PhD Assistant Lecturer<\/td>\n<\/tr>\n<\/tbody>\n<\/table>\n","protected":false},"excerpt":{"rendered":"<p>Rektori p\u00e1ly\u00e1zat V\u00e1rosmajori Sz\u00edv- \u00e9s \u00c9rgy\u00f3gy\u00e1szati Klinika Sz\u00edvseb\u00e9szeti Tansz\u00e9ki Csoport 2025\/2026 Rektori p\u00e1lyamunka c\u00edme\u00a0 T\u00e9mavezet\u0151 neve (fokozattal) Ischaemi\u00e1s sz\u00edvbetegs\u00e9g seb\u00e9szete \u2013 off pump m\u0171t\u00e9ti technika Dr. Horkay Ferenc egyetemi tan\u00e1r Ischaemi\u00e1s sz\u00edvel\u00e9gtelens\u00e9g kezel\u00e9se Dr. Horkay Ferenc egyetemi tan\u00e1r Mitralis billenty\u0171 el\u00e9gtelens\u00e9g kezel\u00e9se Dr. Horkay Ferenc egyetemi tan\u00e1r Az ischaemi\u00e1s sz\u00edvbetegs\u00e9g korszer\u0171 kezel\u00e9se: PCI vagy ACBG? &hellip;<\/p>\n","protected":false},"author":101596,"featured_media":0,"parent":9092,"menu_order":0,"comment_status":"closed","ping_status":"closed","template":"","meta":{"_acf_changed":false,"footnotes":""},"categories":[],"tags":[99],"class_list":["post-9273","page","type-page","status-publish","hentry","tag-aok-rektori-palyazat"],"acf":[],"publishpress_future_action":{"enabled":false,"date":"1970-01-01 01:00:00","action":"","terms":[],"taxonomy":"","browser_timezone_offset":0},"_links":{"self":[{"href":"https:\/\/semmelweis.hu\/tdk\/wp-json\/wp\/v2\/pages\/9273","targetHints":{"allow":["GET"]}}],"collection":[{"href":"https:\/\/semmelweis.hu\/tdk\/wp-json\/wp\/v2\/pages"}],"about":[{"href":"https:\/\/semmelweis.hu\/tdk\/wp-json\/wp\/v2\/types\/page"}],"author":[{"embeddable":true,"href":"https:\/\/semmelweis.hu\/tdk\/wp-json\/wp\/v2\/users\/101596"}],"replies":[{"embeddable":true,"href":"https:\/\/semmelweis.hu\/tdk\/wp-json\/wp\/v2\/comments?post=9273"}],"version-history":[{"count":5,"href":"https:\/\/semmelweis.hu\/tdk\/wp-json\/wp\/v2\/pages\/9273\/revisions"}],"predecessor-version":[{"id":11448,"href":"https:\/\/semmelweis.hu\/tdk\/wp-json\/wp\/v2\/pages\/9273\/revisions\/11448"}],"up":[{"embeddable":true,"href":"https:\/\/semmelweis.hu\/tdk\/wp-json\/wp\/v2\/pages\/9092"}],"wp:attachment":[{"href":"https:\/\/semmelweis.hu\/tdk\/wp-json\/wp\/v2\/media?parent=9273"}],"wp:term":[{"taxonomy":"category","embeddable":true,"href":"https:\/\/semmelweis.hu\/tdk\/wp-json\/wp\/v2\/categories?post=9273"},{"taxonomy":"post_tag","embeddable":true,"href":"https:\/\/semmelweis.hu\/tdk\/wp-json\/wp\/v2\/tags?post=9273"}],"curies":[{"name":"wp","href":"https:\/\/api.w.org\/{rel}","templated":true}]}}