{"id":9268,"date":"2023-06-15T11:22:35","date_gmt":"2023-06-15T09:22:35","guid":{"rendered":"https:\/\/semmelweis.hu\/tdk\/?page_id=9268"},"modified":"2026-03-12T12:46:15","modified_gmt":"2026-03-12T11:46:15","slug":"rektori-palyazat-arc-allcsont-szajsebeszeti-es-fogaszati-klinika","status":"publish","type":"page","link":"https:\/\/semmelweis.hu\/tdk\/rektori-palyazat\/rektori-palyazat-meghirdetett-temak\/rektori-palyazat-arc-allcsont-szajsebeszeti-es-fogaszati-klinika\/","title":{"rendered":"Arc-\u00c1llcsont-Sz\u00e1jseb\u00e9szeti \u00e9s Fog\u00e1szati Klinika &#8211; Rektori p\u00e1ly\u00e1zat"},"content":{"rendered":"<h3>Rektori p\u00e1ly\u00e1zat Arc-\u00c1llcsont-Sz\u00e1jseb\u00e9szeti \u00e9s Fog\u00e1szati Klinika 2025\/2026<\/h3>\n<table style=\"width: 68.415%\" width=\"1608\">\n<tbody>\n<tr>\n<td style=\"width: 36.4823%\" width=\"1064\"><strong>Rektori p\u00e1lyamunka c\u00edme<\/strong><\/td>\n<td style=\"width: 21.9028%\" width=\"544\"><strong>T\u00e9mavezet\u0151 neve (fokozattal)<\/strong><\/td>\n<\/tr>\n<tr>\n<td style=\"width: 36.4823%\" width=\"1064\">Sz\u00e1j\u00fcregi daganatos betegek kezel\u00e9s\u00e9t k\u00f6vet\u0151 rehabilit\u00e1ci\u00f3s lehet\u0151s\u00e9gek<\/td>\n<td style=\"width: 21.9028%\">Dr. Barab\u00e1s P\u00e9ter klinikai szakorvos<\/td>\n<\/tr>\n<tr>\n<td style=\"width: 36.4823%\" width=\"1064\">Az odontogen gyullad\u00e1sok k\u00f3rlefoly\u00e1s\u00e1nak alakul\u00e1sa az Arc- \u00c1llcsont- Sz\u00e1jseb\u00e9szeti \u00e9s Fog\u00e1szati Klinika beteganyag\u00e1ban.<\/td>\n<td style=\"width: 21.9028%\">Dr. Barab\u00e1s P\u00e9ter klinikai szakorvos<\/td>\n<\/tr>\n<tr>\n<td style=\"width: 36.4823%\">Sz\u00e1jseb\u00e9szeti m\u0171t\u00e9tek pszich\u00e9s hat\u00e1sainak vizsg\u00e1lata rosszindulat\u00fa daganatos betegek k\u00f6r\u00e9ben PROMIS-29 profil k\u00e9rd\u0151\u00edv alkalmaz\u00e1s\u00e1val<\/td>\n<td style=\"width: 21.9028%\">Dr. Barab\u00e1s P\u00e9ter klinikai szakorvos<\/td>\n<\/tr>\n<tr>\n<td style=\"width: 36.4823%\">Sz\u00e1j\u00fcregi rosszindulat\u00fa daganatok m\u0171t\u00e9ti kezel\u00e9s\u00e9nek \u00e9letmin\u0151s\u00e9gbeli hat\u00e1sai a PROMIS-29 k\u00e9rd\u0151\u00edv alapj\u00e1n<\/td>\n<td style=\"width: 21.9028%\">Dr. Barab\u00e1s P\u00e9ter klinikai szakorvos<\/td>\n<\/tr>\n<tr>\n<td style=\"width: 36.4823%\">A piezoseb\u00e9szet helye az arc-\u00e1llcsont-sz\u00e1jseb\u00e9szetben<\/td>\n<td style=\"width: 21.9028%\">Dr. Bogd\u00e1n S\u00e1ndor egyetemi docens<\/td>\n<\/tr>\n<tr>\n<td style=\"width: 36.4823%\">A maxillofaci\u00e1lis r\u00e9gi\u00f3 defektusainak rekonstrukci\u00f3j\u00e1hoz haszn\u00e1lt mikrovaszkul\u00e1ris szabadlebenyek kering\u00e9s\u00e9nek vizsg\u00e1lata laser speckle m\u00f3dszerrel<\/td>\n<td style=\"width: 21.9028%\">Dr. Bogd\u00e1n S\u00e1ndor egyetemi docens<\/td>\n<\/tr>\n<tr>\n<td style=\"width: 36.4823%\" width=\"1064\">Navig\u00e1ci\u00f3s rendszerek alkalmaz\u00e1s\u00e1nak lehet\u0151s\u00e9gei a modern implantol\u00f3gi\u00e1ban<\/td>\n<td style=\"width: 21.9028%\">Dr. Decker Iv\u00e1n klinikai f\u0151orvos<\/td>\n<\/tr>\n<tr>\n<td style=\"width: 36.4823%\">X-guide rendszerrel v\u00e9gzett dinamikusan navig\u00e1lt implant\u00e1ci\u00f3 pontoss\u00e1g\u00e1nak vizsg\u00e1lata<\/td>\n<td style=\"width: 21.9028%\">Dr. Husz\u00e1r Tam\u00e1s egyetemi adjunktus<\/td>\n<\/tr>\n<tr>\n<td style=\"width: 36.4823%\" width=\"1064\">A maxillofaci\u00e1lis r\u00e9gi\u00f3 rosszindulat\u00fa daganatos betegs\u00e9geinek \u00e9letmin\u0151s\u00e9gre kifejtett hat\u00e1s\u00e1nak vizsg\u00e1lata<\/td>\n<td style=\"width: 21.9028%\">Dr. Husz\u00e1r Tam\u00e1s egyetemi adjunktus<\/td>\n<\/tr>\n<tr>\n<td style=\"width: 36.4823%\">A modern k\u00e9palkot\u00f3 elj\u00e1r\u00e1sokhoz kapcsol\u00f3d\u00f3 diagnosztikai szoftverek vizsg\u00e1lata \u00e9s felhaszn\u00e1l\u00e1sa a maxillofaci\u00e1lis r\u00e9gi\u00f3 csontp\u00f3tl\u00f3 elj\u00e1r\u00e1sainak tervez\u00e9s\u00e9ben \u00e9s \u00e9rt\u00e9kel\u00e9s\u00e9ben<\/td>\n<td style=\"width: 21.9028%\">Dr. Husz\u00e1r Tam\u00e1s egyetemi adjunktus<\/td>\n<\/tr>\n<tr>\n<td style=\"width: 36.4823%\" width=\"1064\">Modern biol\u00f3giai elj\u00e1r\u00e1sok alkalmaz\u00e1sa az \u00e1llcsont defektusok kezel\u00e9s\u00e9ben<\/td>\n<td style=\"width: 21.9028%\">Dr. Husz\u00e1r Tam\u00e1s egyetemi adjunktus<\/td>\n<\/tr>\n<tr>\n<td style=\"width: 36.4823%\" width=\"1064\">A horizont\u00e1lis processus alveol\u00e1ris csontp\u00f3tl\u00e1si technik\u00e1k \u00f6sszehasonl\u00edt\u00f3 vizsg\u00e1lata<\/td>\n<td style=\"width: 21.9028%\">Dr. Husz\u00e1r Tam\u00e1s egyetemi adjunktus<\/td>\n<\/tr>\n<tr>\n<td style=\"width: 36.4823%\" width=\"1064\">Dinamikus navig\u00e1ci\u00f3s seb\u00e9szi rendszerek alkalmaz\u00e1sa a dentalis implantol\u00f3gi\u00e1ban<\/td>\n<td style=\"width: 21.9028%\">Dr. Husz\u00e1r Tam\u00e1s egyetemi adjunktus<\/td>\n<\/tr>\n<tr>\n<td style=\"width: 36.4823%\" width=\"1064\">A navig\u00e1lt fog\u00e1szati implant\u00e1ci\u00f3s elj\u00e1r\u00e1sok pontoss\u00e1g\u00e1nak,klinikai alkalmazhat\u00f3s\u00e1g\u00e1nak \u00e9rt\u00e9kel\u00e9se<\/td>\n<td style=\"width: 21.9028%\">Dr. Husz\u00e1r Tam\u00e1s egyetemi adjunktus<\/td>\n<\/tr>\n<tr>\n<td style=\"width: 36.4823%\">Maxillofaci\u00e1lis r\u00e9gi\u00f3ban alkalmazott navig\u00e1lt seb\u00e9szi technik\u00e1k \u00e9s azok gyakorlati jelent\u0151s\u00e9ge<\/td>\n<td style=\"width: 21.9028%\">Dr. Husz\u00e1r Tam\u00e1s egyetemi adjunktus<\/td>\n<\/tr>\n<tr>\n<td style=\"width: 36.4823%\">Modern implantol\u00f3gi\u00e1ban alkalmazott seb\u00e9szi navig\u00e1ci\u00f3s rendszerek \u00f6sszehasonl\u00edt\u00e1sa (Andr\u00e1si \u00c9da)<\/td>\n<td style=\"width: 21.9028%\">Dr. Husz\u00e1r Tam\u00e1s egyetemi adjunktus<\/td>\n<\/tr>\n<tr>\n<td style=\"width: 36.4823%\" width=\"1064\">Hibaforr\u00e1sok \u00e9s pontoss\u00e1g a dinamikus navig\u00e1ci\u00f3val v\u00e9gzett implant\u00e1ci\u00f3s seb\u00e9szetben<\/td>\n<td style=\"width: 21.9028%\">Dr. Husz\u00e1r Tam\u00e1s egyetemi adjunktus &#8211; Dr. Pint\u00e9r G\u00e1bor klinikai szakorvos<\/td>\n<\/tr>\n<tr>\n<td style=\"width: 36.4823%\" width=\"1064\">\u00c1llcsont rekonstrukci\u00f3 sor\u00e1n v\u00e9gzett azonnali \u00e9s k\u00e9sleltetett implant\u00e1ci\u00f3 sikeress\u00e9g\u00e9nek \u00f6sszehasonl\u00edt\u00f3 vizsg\u00e1lata<\/td>\n<td style=\"width: 21.9028%\">Dr. Husz\u00e1r Tam\u00e1s egyetemi adjunktus &#8211; Dr.Tasi Laura Zs\u00f3fia klinikai orvos<\/td>\n<\/tr>\n<tr>\n<td style=\"width: 36.4823%\" width=\"1064\">Als\u00f3 b\u00f6lcsess\u00e9gfogak m\u0171t\u00e9ti elt\u00e1vol\u00edt\u00e1sa sor\u00e1n alkalmazott lebenyt\u00edpusok \u00f6sszehasonl\u00edt\u00f3 vizsg\u00e1lata<\/td>\n<td style=\"width: 21.9028%\">Dr. Jo\u00f3b-Fancsaly \u00c1rp\u00e1d egyetemi tan\u00e1r<\/td>\n<\/tr>\n<tr>\n<td style=\"width: 36.4823%\" width=\"1064\">Keskeny implant\u00e1tumok l\u00e9tjogosults\u00e1ga a mol\u00e1ris r\u00e9gi\u00f3ban<\/td>\n<td style=\"width: 21.9028%\">Dr. Jo\u00f3b-Fancsaly \u00c1rp\u00e1d egyetemi tan\u00e1r<\/td>\n<\/tr>\n<tr>\n<td style=\"width: 36.4823%\" width=\"1064\">Fog\u00e1szati implant\u00e1tumok csontintegr\u00e1ci\u00f3ja az alapkutat\u00e1sok t\u00fckr\u00e9ben.<\/td>\n<td style=\"width: 21.9028%\">Dr. Kopp\u00e1ny Ferenc egyetemi adjunkus &#8211; Dr. Csom\u00f3 Kriszti\u00e1n sz\u00e1jseb\u00e9sz szakorvos<\/td>\n<\/tr>\n<tr>\n<td style=\"width: 36.4823%\" width=\"1064\">Er\u0151sen hidrofil nanomorfol\u00f3gi\u00e1j\u00fa tit\u00e1nfel\u00fclet kifejleszt\u00e9se<\/td>\n<td style=\"width: 21.9028%\">Dr. Kopp\u00e1ny Ferenc egyetemi adjunkus &#8211; Dr. Csom\u00f3 Kriszti\u00e1n sz\u00e1jseb\u00e9sz szakorvos<\/td>\n<\/tr>\n<tr>\n<td style=\"width: 36.4823%\" width=\"1064\">Mund\u00f6hlentumoren bei jungen Patienten<\/td>\n<td style=\"width: 21.9028%\">Dr. N\u00e9meth Zsolt egyetemi tan\u00e1r<\/td>\n<\/tr>\n<tr>\n<td style=\"width: 36.4823%\" width=\"1064\">Sz\u00e1j\u00fcregi daganatok \u00e9s az \u00e9letkor \u00f6sszef\u00fcgg\u00e9sei<\/td>\n<td style=\"width: 21.9028%\">Dr. N\u00e9meth Zsolt egyetemi tan\u00e1r<\/td>\n<\/tr>\n<tr>\n<td style=\"width: 36.4823%\" width=\"1064\">Oral cancer in young adults<\/td>\n<td style=\"width: 21.9028%\">Dr. N\u00e9meth Zsolt egyetemi tan\u00e1r<\/td>\n<\/tr>\n<tr>\n<td style=\"width: 36.4823%\">Ki\u00e9g\u00e9s el\u0151fordul\u00e1sa a fogorvosi \u00e9s sz\u00e1jseb\u00e9szeti szakm\u00e1kban<\/td>\n<td style=\"width: 21.9028%\">Dr. N\u00e9meth Zsolt egyetemi tan\u00e1r<\/td>\n<\/tr>\n<tr>\n<td style=\"width: 36.4823%\" width=\"1064\">Modern k\u00e9palkot\u00f3 elj\u00e1r\u00e1sok a maxillofaci\u00e1lis seb\u00e9szetben<\/td>\n<td style=\"width: 21.9028%\">Dr. N\u00e9meth Zsolt egyetemi tan\u00e1r<\/td>\n<\/tr>\n<tr>\n<td style=\"width: 36.4823%\" width=\"1064\">A PRF alkalmaz\u00e1s\u00e1nak vizsg\u00e1lata a gy\u00f3gyszer okozta \u00e1llcsontnekr\u00f3zis kezel\u00e9s\u00e9ben<\/td>\n<td style=\"width: 21.9028%\">Dr. Szentp\u00e9teri Sz\u00f3fia egyetem tan\u00e1rseg\u00e9d<\/td>\n<\/tr>\n<tr>\n<td style=\"width: 36.4823%\" width=\"1064\">Gy\u00f3gyszer okozta \u00e1llcsontnekr\u00f3zis seb\u00e9szi ter\u00e1pi\u00e1j\u00e1t kieg\u00e9sz\u00edt\u0151 elj\u00e1r\u00e1sok hat\u00e9konys\u00e1g\u00e1nak vizsg\u00e1lata<\/td>\n<td style=\"width: 21.9028%\">Dr. Szentp\u00e9teri Sz\u00f3fia egyetem tan\u00e1rseg\u00e9d<\/td>\n<\/tr>\n<tr>\n<td style=\"width: 36.4823%\">Bakt\u00e9riumok etiol\u00f3giai szerep\u00e9nek vizsg\u00e1lata gy\u00f3gyszer okozta \u00e1llcsontnekr\u00f3zisban<\/td>\n<td style=\"width: 21.9028%\">Dr. Szentp\u00e9teri Sz\u00f3fia egyetem tan\u00e1rseg\u00e9d<\/td>\n<\/tr>\n<tr>\n<td style=\"width: 36.4823%\">A PRF (Platelet Rich Fibrin) alkalmaz\u00e1sa nagy \u00e1llcsontciszt\u00e1k kezel\u00e9se sor\u00e1n<\/td>\n<td style=\"width: 21.9028%\">Dr. Sz\u0171cs Attila egyetemi docens<\/td>\n<\/tr>\n<tr>\n<td style=\"width: 36.4823%\">A temporomandibul\u00e1ris \u00edz\u00fcleti diszfunkci\u00f3 gy\u00f3gy\u00edt\u00e1sa minim\u00e1l invaz\u00edv m\u00f3dszerekkel<\/td>\n<td style=\"width: 21.9028%\">Dr. Vaszilk\u00f3 Mih\u00e1ly egyetemi docens<\/td>\n<\/tr>\n<tr>\n<td style=\"width: 36.4823%\">A PRP \u00e9s PRF szerepe az \u00e1llkapocs\u00edz\u00fcleti diszfunkci\u00f3 ter\u00e1pi\u00e1j\u00e1ban<\/td>\n<td style=\"width: 21.9028%\">Dr. Vaszilk\u00f3 Mih\u00e1ly egyetemi docens<\/td>\n<\/tr>\n<tr>\n<td style=\"width: 36.4823%\">Genetikai vari\u00e1ci\u00f3 szerepe az \u00e1llcsont nekr\u00f3zis h\u00e1tter\u00e9ben<\/td>\n<td style=\"width: 21.9028%\">Dr. Vaszilk\u00f3 Mih\u00e1ly egyetemi docens<\/td>\n<\/tr>\n<\/tbody>\n<\/table>\n","protected":false},"excerpt":{"rendered":"<p>Rektori p\u00e1ly\u00e1zat Arc-\u00c1llcsont-Sz\u00e1jseb\u00e9szeti \u00e9s Fog\u00e1szati Klinika 2025\/2026 Rektori p\u00e1lyamunka c\u00edme T\u00e9mavezet\u0151 neve (fokozattal) Sz\u00e1j\u00fcregi daganatos betegek kezel\u00e9s\u00e9t k\u00f6vet\u0151 rehabilit\u00e1ci\u00f3s lehet\u0151s\u00e9gek Dr. Barab\u00e1s P\u00e9ter klinikai szakorvos Az odontogen gyullad\u00e1sok k\u00f3rlefoly\u00e1s\u00e1nak alakul\u00e1sa az Arc- \u00c1llcsont- Sz\u00e1jseb\u00e9szeti \u00e9s Fog\u00e1szati Klinika beteganyag\u00e1ban. Dr. Barab\u00e1s P\u00e9ter klinikai szakorvos Sz\u00e1jseb\u00e9szeti m\u0171t\u00e9tek pszich\u00e9s hat\u00e1sainak vizsg\u00e1lata rosszindulat\u00fa daganatos betegek k\u00f6r\u00e9ben PROMIS-29 profil k\u00e9rd\u0151\u00edv &hellip;<\/p>\n","protected":false},"author":101596,"featured_media":0,"parent":9092,"menu_order":0,"comment_status":"closed","ping_status":"closed","template":"","meta":{"_acf_changed":false,"footnotes":""},"categories":[],"tags":[97],"class_list":["post-9268","page","type-page","status-publish","hentry","tag-fok-rektori-palyazat"],"acf":[],"publishpress_future_action":{"enabled":false,"date":"1970-01-01 01:00:00","action":"","terms":[],"taxonomy":"","browser_timezone_offset":0},"_links":{"self":[{"href":"https:\/\/semmelweis.hu\/tdk\/wp-json\/wp\/v2\/pages\/9268","targetHints":{"allow":["GET"]}}],"collection":[{"href":"https:\/\/semmelweis.hu\/tdk\/wp-json\/wp\/v2\/pages"}],"about":[{"href":"https:\/\/semmelweis.hu\/tdk\/wp-json\/wp\/v2\/types\/page"}],"author":[{"embeddable":true,"href":"https:\/\/semmelweis.hu\/tdk\/wp-json\/wp\/v2\/users\/101596"}],"replies":[{"embeddable":true,"href":"https:\/\/semmelweis.hu\/tdk\/wp-json\/wp\/v2\/comments?post=9268"}],"version-history":[{"count":9,"href":"https:\/\/semmelweis.hu\/tdk\/wp-json\/wp\/v2\/pages\/9268\/revisions"}],"predecessor-version":[{"id":12025,"href":"https:\/\/semmelweis.hu\/tdk\/wp-json\/wp\/v2\/pages\/9268\/revisions\/12025"}],"up":[{"embeddable":true,"href":"https:\/\/semmelweis.hu\/tdk\/wp-json\/wp\/v2\/pages\/9092"}],"wp:attachment":[{"href":"https:\/\/semmelweis.hu\/tdk\/wp-json\/wp\/v2\/media?parent=9268"}],"wp:term":[{"taxonomy":"category","embeddable":true,"href":"https:\/\/semmelweis.hu\/tdk\/wp-json\/wp\/v2\/categories?post=9268"},{"taxonomy":"post_tag","embeddable":true,"href":"https:\/\/semmelweis.hu\/tdk\/wp-json\/wp\/v2\/tags?post=9268"}],"curies":[{"name":"wp","href":"https:\/\/api.w.org\/{rel}","templated":true}]}}