{"id":9264,"date":"2023-06-15T11:12:05","date_gmt":"2023-06-15T09:12:05","guid":{"rendered":"https:\/\/semmelweis.hu\/tdk\/?page_id=9264"},"modified":"2025-07-16T12:27:31","modified_gmt":"2025-07-16T10:27:31","slug":"rektori-palyamunka-onkologiai-tanszek","status":"publish","type":"page","link":"https:\/\/semmelweis.hu\/tdk\/rektori-palyazat\/rektori-palyazat-meghirdetett-temak\/rektori-palyamunka-onkologiai-tanszek\/","title":{"rendered":"Onkol\u00f3giai Tansz\u00e9k &#8211; Rektori p\u00e1ly\u00e1zat"},"content":{"rendered":"<h3>Rektori p\u00e1lyamunka Onkol\u00f3giai Tansz\u00e9k 2025\/2026<\/h3>\n<table style=\"border-collapse: collapse;width: 100%\">\n<tbody>\n<tr>\n<td style=\"width: 67.3143%\" width=\"781\"><strong>Rektori p\u00e1lyamunka c\u00edme\u00a0<\/strong><\/td>\n<td style=\"width: 32.5714%\" width=\"186\"><strong>Konzulens (fokozattal)<\/strong><\/td>\n<\/tr>\n<tr>\n<td style=\"width: 67.3143%\" width=\"781\">Gyors\u00edtott r\u00e9szleges k\u00e9pvez\u00e9relt k\u00fcls\u0151 eml\u0151besug\u00e1rz\u00e1s robotkaros line\u00e1ris gyors\u00edt\u00f3val<\/td>\n<td style=\"width: 32.5714%\" width=\"186\">Prof. Dr. Polg\u00e1r Csaba PhD, DsC<\/td>\n<\/tr>\n<tr>\n<td style=\"width: 67.3143%\">Kolin PET\/CT alkalmaz\u00e1sa prosztata tumoros betegek restaging vizsg\u00e1lat\u00e1ban<\/td>\n<td style=\"width: 32.5714%\">Dr. \u00c1goston P\u00e9ter PhD<\/td>\n<\/tr>\n<tr>\n<td style=\"width: 67.3143%\">H\u00fagyh\u00f3lyag tumor adapt\u00edv besug\u00e1rz\u00e1sa<\/td>\n<td style=\"width: 32.5714%\">Dr. \u00c1goston P\u00e9ter PhD<\/td>\n<\/tr>\n<tr>\n<td style=\"width: 67.3143%\">Reszekabilit\u00e1s meg\u00edt\u00e9l\u00e9se a hasny\u00e1lmirigyr\u00e1k seb\u00e9szet\u00e9ben<\/td>\n<td style=\"width: 32.5714%\">Dr. Mersich Tam\u00e1s PhD<\/td>\n<\/tr>\n<tr>\n<td style=\"width: 67.3143%\">Stomak\u00e9pz\u00e9s helye a kismedencei daganatseb\u00e9szetben<\/td>\n<td style=\"width: 32.5714%\">Dr. Mersich Tam\u00e1s PhD<\/td>\n<\/tr>\n<tr>\n<td style=\"width: 67.3143%\">A hasny\u00e1lmirigydaganatok onkoseb\u00e9szeti lehet\u0151s\u00e9gei<\/td>\n<td style=\"width: 32.5714%\">Dr. Mersich Tam\u00e1s PhD<\/td>\n<\/tr>\n<tr>\n<td style=\"width: 67.3143%\">Perioperat\u00edv pszich\u00e9s seg\u00edts\u00e9g lehets\u00e9ges szerepe a m\u0171t\u00e9ti morbidit\u00e1sra \u00e9s a hossz\u00fa t\u00e1v\u00fa onkol\u00f3giai eredm\u00e9nyre<\/td>\n<td style=\"width: 32.5714%\">Dr. Mersich Tam\u00e1s PhD<\/td>\n<\/tr>\n<tr>\n<td style=\"width: 67.3143%\">Minim\u00e1lisan invaz\u00edv seb\u00e9szi technik\u00e1k a komplex onkoter\u00e1pi\u00e1ban\u00a0<\/td>\n<td style=\"width: 32.5714%\">Dr. Mersich Tam\u00e1s PhD<\/td>\n<\/tr>\n<tr>\n<td style=\"width: 67.3143%\">Ism\u00e9telt bevatkoz\u00e1sok a primer \u00e9s secunder m\u00e1jdaganatok kezel\u00e9s\u00e9ben\u00a0<\/td>\n<td style=\"width: 32.5714%\">Dr. Mersich Tam\u00e1s PhD<\/td>\n<\/tr>\n<tr>\n<td style=\"width: 67.3143%\">Immunter\u00e1pi\u00e1k az onkol\u00f3gi\u00e1ban<\/td>\n<td style=\"width: 32.5714%\">Prof. Dr. Dank Magdolna PhD, DsC<\/td>\n<\/tr>\n<tr>\n<td style=\"width: 67.3143%\">HER-2 pozit\u00edv eml\u0151r\u00e1k gy\u00f3gyszeres kezel\u00e9s\u00e9nek lehet\u0151s\u00e9gei<\/td>\n<td style=\"width: 32.5714%\">Prof. Dr. Dank Magdolna PhD, DsC<\/td>\n<\/tr>\n<tr>\n<td style=\"width: 67.3143%\">A hepatocellul\u00e1ris karcin\u00f3ma korszer\u0171 ter\u00e1pi\u00e1ja<\/td>\n<td style=\"width: 32.5714%\">Prof. Dr. Dank Magdolna PhD, DsC<\/td>\n<\/tr>\n<tr>\n<td style=\"width: 67.3143%\">Sarcopenias obesitas tumoros betegeken<\/td>\n<td style=\"width: 32.5714%\">Prof. Dr. Dank Magdolna PhD, DsC<\/td>\n<\/tr>\n<tr>\n<td style=\"width: 67.3143%\">Tumorok radiomikai elemz\u00e9se, radiogenomika<\/td>\n<td style=\"width: 32.5714%\">Dr. T\u00e1rnoki \u00c1d\u00e1m Ph.D, med.habil, Dr. T\u00e1rnoki D\u00e1vid Ph.D, med.habil.<\/td>\n<\/tr>\n<tr>\n<td style=\"width: 67.3143%\">Adenoid cysticus carcinoma \u00a0prognosztikai \u00e9s predikt\u00edv faktorai, kezel\u00e9se<\/td>\n<td style=\"width: 32.5714%\">Dr. Hitre Erika Ph.D, Dr. Pint\u00e9r Tam\u00e1s Ph.D<\/td>\n<\/tr>\n<tr>\n<td style=\"width: 67.3143%\">45 \u00e9v alatti eml\u0151r\u00e1kos betegek retrospekt\u00edv vizsg\u00e1lata seb\u00e9szeti \u00e9s onkol\u00f3giai szempontb\u00f3l\u00a0\u00a0\u00a0\u00a0\u00a0\u00a0\u00a0\u00a0\u00a0\u00a0\u00a0\u00a0\u00a0\u00a0\u00a0\u00a0\u00a0 \u00a0\u00a0\u00a0\u00a0\u00a0<\/td>\n<td style=\"width: 32.5714%\">Dr. Husz\u00e1r Orsolya PhD<\/td>\n<\/tr>\n<tr>\n<td style=\"width: 67.3143%\">Colorect\u00e1lis daganatok radiomikai vizsg\u00e1lata<\/td>\n<td style=\"width: 32.5714%\">Dr. T\u00e1rnoki \u00c1d\u00e1m Ph.D, med.habil, Dr. T\u00e1rnoki D\u00e1vid Ph.D, med.habil.<\/td>\n<\/tr>\n<tr>\n<td style=\"width: 67.3143%\">Sz\u00e1jgarat daganatok sug\u00e1rkezel\u00e9ssel el\u00e9rt eredm\u00e9nyei<\/td>\n<td style=\"width: 32.5714%\">Dr. Tak\u00e1csi-Nagy Zolt\u00e1n Ph.D., med.habil.<\/td>\n<\/tr>\n<tr>\n<td style=\"width: 67.3143%\">Fenntart\u00f3 kezel\u00e9si lehet\u0151s\u00e9gek primer k\u00f6zponti idegrendszeri lymphom\u00e1ban<\/td>\n<td style=\"width: 32.5714%\">Dr. Kir\u00e1ly P\u00e9ter Attila PhD, Dr. De\u00e1k Margit Be\u00e1ta<\/td>\n<\/tr>\n<tr>\n<td style=\"width: 67.3143%\">K\u00f6penysejtes lymphoma els\u0151vonalbeli kezel\u00e9s\u00e9t befoly\u00e1sol\u00f3 prognosztikus \u00e9s predikt\u00edv faktorok vizsg\u00e1lata<\/td>\n<td style=\"width: 32.5714%\">Dr. Rottek J\u00e1nos\u00a0<\/td>\n<\/tr>\n<tr>\n<td style=\"width: 67.3143%\">Urol\u00f3giai tumorok immunol\u00f3giai kezel\u00e9s\u00e9nek mell\u00e9khat\u00e1sai<\/td>\n<td style=\"width: 32.5714%\">Dr. Horv\u00e1th Orsolya Ph.D<\/td>\n<\/tr>\n<\/tbody>\n<\/table>\n<p>&nbsp;<\/p>\n","protected":false},"excerpt":{"rendered":"<p>Rektori p\u00e1lyamunka Onkol\u00f3giai Tansz\u00e9k 2025\/2026 Rektori p\u00e1lyamunka c\u00edme\u00a0 Konzulens (fokozattal) Gyors\u00edtott r\u00e9szleges k\u00e9pvez\u00e9relt k\u00fcls\u0151 eml\u0151besug\u00e1rz\u00e1s robotkaros line\u00e1ris gyors\u00edt\u00f3val Prof. Dr. Polg\u00e1r Csaba PhD, DsC Kolin PET\/CT alkalmaz\u00e1sa prosztata tumoros betegek restaging vizsg\u00e1lat\u00e1ban Dr. \u00c1goston P\u00e9ter PhD H\u00fagyh\u00f3lyag tumor adapt\u00edv besug\u00e1rz\u00e1sa Dr. \u00c1goston P\u00e9ter PhD Reszekabilit\u00e1s meg\u00edt\u00e9l\u00e9se a hasny\u00e1lmirigyr\u00e1k seb\u00e9szet\u00e9ben Dr. Mersich Tam\u00e1s PhD Stomak\u00e9pz\u00e9s helye &hellip;<\/p>\n","protected":false},"author":101596,"featured_media":0,"parent":9092,"menu_order":0,"comment_status":"closed","ping_status":"closed","template":"","meta":{"_acf_changed":false,"footnotes":""},"categories":[],"tags":[99],"class_list":["post-9264","page","type-page","status-publish","hentry","tag-aok-rektori-palyazat"],"acf":[],"publishpress_future_action":{"enabled":false,"date":"1970-01-01 01:00:00","action":"","terms":[],"taxonomy":"","browser_timezone_offset":0},"_links":{"self":[{"href":"https:\/\/semmelweis.hu\/tdk\/wp-json\/wp\/v2\/pages\/9264","targetHints":{"allow":["GET"]}}],"collection":[{"href":"https:\/\/semmelweis.hu\/tdk\/wp-json\/wp\/v2\/pages"}],"about":[{"href":"https:\/\/semmelweis.hu\/tdk\/wp-json\/wp\/v2\/types\/page"}],"author":[{"embeddable":true,"href":"https:\/\/semmelweis.hu\/tdk\/wp-json\/wp\/v2\/users\/101596"}],"replies":[{"embeddable":true,"href":"https:\/\/semmelweis.hu\/tdk\/wp-json\/wp\/v2\/comments?post=9264"}],"version-history":[{"count":6,"href":"https:\/\/semmelweis.hu\/tdk\/wp-json\/wp\/v2\/pages\/9264\/revisions"}],"predecessor-version":[{"id":11518,"href":"https:\/\/semmelweis.hu\/tdk\/wp-json\/wp\/v2\/pages\/9264\/revisions\/11518"}],"up":[{"embeddable":true,"href":"https:\/\/semmelweis.hu\/tdk\/wp-json\/wp\/v2\/pages\/9092"}],"wp:attachment":[{"href":"https:\/\/semmelweis.hu\/tdk\/wp-json\/wp\/v2\/media?parent=9264"}],"wp:term":[{"taxonomy":"category","embeddable":true,"href":"https:\/\/semmelweis.hu\/tdk\/wp-json\/wp\/v2\/categories?post=9264"},{"taxonomy":"post_tag","embeddable":true,"href":"https:\/\/semmelweis.hu\/tdk\/wp-json\/wp\/v2\/tags?post=9264"}],"curies":[{"name":"wp","href":"https:\/\/api.w.org\/{rel}","templated":true}]}}