{"id":9251,"date":"2023-06-14T08:22:23","date_gmt":"2023-06-14T06:22:23","guid":{"rendered":"https:\/\/semmelweis.hu\/tdk\/?page_id=9251"},"modified":"2025-07-15T13:54:12","modified_gmt":"2025-07-15T11:54:12","slug":"rektori-palyamunka-csaladorvostani-tanszek","status":"publish","type":"page","link":"https:\/\/semmelweis.hu\/tdk\/rektori-palyazat\/rektori-palyazat-meghirdetett-temak\/rektori-palyamunka-csaladorvostani-tanszek\/","title":{"rendered":"Csal\u00e1dorvosi Tansz\u00e9k &#8211; Rektori p\u00e1ly\u00e1zat"},"content":{"rendered":"<h3>Rektori p\u00e1lyamunka Csal\u00e1dorvosi Tansz\u00e9k 2025\/2026<\/h3>\n<table style=\"border-collapse: collapse;width: 100%;height: 3693px\">\n<tbody>\n<tr style=\"height: 33px\">\n<td style=\"width: 49.9636%;height: 33px\" width=\"276\"><strong>TDK munka c\u00edme<\/strong><\/td>\n<td style=\"width: 49.9636%;height: 33px\" width=\"345\"><strong>T\u00e9mavezet\u0151 neve (fokozattal)<\/strong><\/td>\n<\/tr>\n<tr style=\"height: 63px\">\n<td style=\"width: 49.9636%;height: 63px\" width=\"276\">Az OSAS \u00e9s RLS sz\u0171r\u00e9se ABPM-el, tov\u00e1bbi k\u00f6vet\u00e9se az alv\u00e1slaborokban<\/td>\n<td style=\"width: 49.9636%;height: 63px\" width=\"345\">Dr. \u00c1d\u00e1m \u00c1gnes<\/td>\n<\/tr>\n<tr style=\"height: 63px\">\n<td style=\"width: 49.9636%;height: 63px\" width=\"276\">Az alv\u00e1si apnoe szindr\u00f3ma (OSAS) \u00f6sszef\u00fcgg\u00e9se m\u00e1s rizik\u00f3faktorokkal,- k\u00fcl\u00f6n\u00f6s tekintettel a hipert\u00f3ni\u00e1ra<\/td>\n<td style=\"width: 49.9636%;height: 63px\" width=\"345\">Dr. \u00c1d\u00e1m \u00c1gnes<\/td>\n<\/tr>\n<tr style=\"height: 63px\">\n<td style=\"width: 49.9636%;height: 63px\" width=\"276\">OSAS \u00e9s COVID-19 &#8211; \u00f6sszef\u00fcgg\u00e9sek egy \u00faj dimenzi\u00f3ban<\/td>\n<td style=\"width: 49.9636%;height: 63px\" width=\"345\">Dr. \u00c1d\u00e1m \u00c1gnes<\/td>\n<\/tr>\n<tr style=\"height: 63px\">\n<td style=\"width: 49.9636%;height: 63px\" width=\"276\">Down szindr\u00f3m\u00e1sak vizsg\u00e1lata egy lak\u00f3otthonban. K\u00fcl\u00f6n\u00f6s tekintettel rizik\u00f3faktoraikra.<\/td>\n<td style=\"width: 49.9636%;height: 63px\" width=\"345\">Dr. \u00c1d\u00e1m \u00c1gnes<\/td>\n<\/tr>\n<tr style=\"height: 63px\">\n<td style=\"width: 49.9636%;height: 63px\" width=\"276\">A hipert\u00f3nia lelki eredete, jellemz\u0151i, diagn\u00f3zisa, kezel\u00e9s\u00e9nek specialit\u00e1sai.<\/td>\n<td style=\"width: 49.9636%;height: 63px\" width=\"345\">Dr. \u00c1d\u00e1m \u00c1gnes<\/td>\n<\/tr>\n<tr style=\"height: 33px\">\n<td style=\"width: 49.9636%;height: 33px\" width=\"276\">Kr\u00f3nikus sz\u00edvbetegek ell\u00e1t\u00e1sa a praxisban<\/td>\n<td style=\"width: 49.9636%;height: 33px\" width=\"345\">Dr. Antalics G\u00e1bor<\/td>\n<\/tr>\n<tr style=\"height: 63px\">\n<td style=\"width: 49.9636%;height: 63px\" width=\"276\">Az art\u00e9ri\u00e1s \u00e9rbetegs\u00e9g \u00e9s a well-being kapcsolat\u00e1nak vizsg\u00e1lata hajl\u00e9ktalanokn\u00e1l<\/td>\n<td style=\"width: 49.9636%;height: 63px\" width=\"345\">Dr. E\u0151ry Aj\u00e1nd\u00e9k PhD<\/td>\n<\/tr>\n<tr style=\"height: 63px\">\n<td style=\"width: 49.9636%;height: 63px\" width=\"276\">A munkahelyi tanul\u00e1s hat\u00e1sa az orvosi identit\u00e1s fejl\u0151d\u00e9s\u00e9re orvostanhallgat\u00f3k gradu\u00e1lis k\u00e9pz\u00e9s\u00e9ben<\/td>\n<td style=\"width: 49.9636%;height: 63px\" width=\"345\">Dr. E\u0151ry Aj\u00e1nd\u00e9k PhD<\/td>\n<\/tr>\n<tr style=\"height: 33px\">\n<td style=\"width: 49.9636%;height: 33px\" width=\"276\">Orvostanhallgat\u00f3k ment\u00e1lis eg\u00e9szs\u00e9ge<\/td>\n<td style=\"width: 49.9636%;height: 33px\" width=\"345\">Dr. E\u0151ry Aj\u00e1nd\u00e9k PhD<\/td>\n<\/tr>\n<tr style=\"height: 33px\">\n<td style=\"width: 49.9636%;height: 33px\" width=\"276\">Kr\u00f3nikus f\u00e1jdalom pszichoszoci\u00e1lis h\u00e1tt\u00e9rt\u00e9nyez\u0151i<\/td>\n<td style=\"width: 49.9636%;height: 33px\" width=\"345\">Dr. E\u0151ry Aj\u00e1nd\u00e9k PhD<\/td>\n<\/tr>\n<tr style=\"height: 33px\">\n<td style=\"width: 49.9636%;height: 33px\" width=\"276\">Term\u00e9szetgy\u00f3gy\u00e1szat k\u00fcl\u00f6nb\u00f6z\u0151 aspektusai<\/td>\n<td style=\"width: 49.9636%;height: 33px\" width=\"345\">Dr. E\u0151ry Aj\u00e1nd\u00e9k PhD<\/td>\n<\/tr>\n<tr style=\"height: 63px\">\n<td style=\"width: 49.9636%;height: 63px\" width=\"276\">A depresszi\u00f3 \u00e9s a szorong\u00e1s sz\u0171r\u00e9se cukorbetegek k\u00f6r\u00e9ben<\/td>\n<td style=\"width: 49.9636%;height: 63px\" width=\"345\">Dr. Hargittay Csenge PhD<\/td>\n<\/tr>\n<tr style=\"height: 63px\">\n<td style=\"width: 49.9636%;height: 63px\" width=\"276\">Az affekt\u00edv temperamentum t\u00edpusok cukorbetegek k\u00f6r\u00e9ben<\/td>\n<td style=\"width: 49.9636%;height: 63px\" width=\"345\">Dr. Hargittay Csenge PhD<\/td>\n<\/tr>\n<tr style=\"height: 33px\">\n<td style=\"width: 49.9636%;height: 33px\" width=\"276\">\u00c9letm\u00f3dorvosl\u00e1s a h\u00e1ziorvosi gyakorlatban<\/td>\n<td style=\"width: 49.9636%;height: 33px\" width=\"345\">Dr. Hargittay Csenge PhD<\/td>\n<\/tr>\n<tr style=\"height: 63px\">\n<td style=\"width: 49.9636%;height: 63px\" width=\"276\">Sz\u0171r\u0151vizsg\u00e1latok \u00e9s a prevenci\u00f3 szerepe a h\u00e1ziorvosi ell\u00e1t\u00e1sban<\/td>\n<td style=\"width: 49.9636%;height: 63px\" width=\"345\">Dr. Hargittay Csenge PhD<\/td>\n<\/tr>\n<tr style=\"height: 63px\">\n<td style=\"width: 49.9636%;height: 63px\" width=\"276\">\u00d6nv\u00e9rnyom\u00e1sm\u00e9r\u00e9s kivitelezhet\u0151s\u00e9ge \u00e9s elfogadhat\u00f3s\u00e1ga a napi betegell\u00e1t\u00e1sban<\/td>\n<td style=\"width: 49.9636%;height: 63px\" width=\"345\">Dr. M\u00f3cz\u00e1r Csaba PhD<\/td>\n<\/tr>\n<tr style=\"height: 63px\">\n<td style=\"width: 49.9636%;height: 63px\" width=\"276\">24 \u00f3r\u00e1s v\u00e9rnyom\u00e1smonitoroz\u00e1s helye a csal\u00e1dorvosi gyakorlatban<\/td>\n<td style=\"width: 49.9636%;height: 63px\" width=\"345\">Dr. M\u00f3cz\u00e1r Csaba PhD<\/td>\n<\/tr>\n<tr style=\"height: 33px\">\n<td style=\"width: 49.9636%;height: 33px\" width=\"276\">Stroke-ot t\u00fal\u00e9lt betegek helyzete Magyarorsz\u00e1gon<\/td>\n<td style=\"width: 49.9636%;height: 33px\" width=\"345\">Dr. M\u00f3cz\u00e1r Csaba PhD<\/td>\n<\/tr>\n<tr style=\"height: 63px\">\n<td style=\"width: 49.9636%;height: 63px\" width=\"276\">Az emelkedett h\u00fagysavszint \u00e9s a kardiovaszkul\u00e1ris megbeteged\u00e9sek k\u00f6z\u00f6tti kapcsolat<\/td>\n<td style=\"width: 49.9636%;height: 63px\" width=\"345\">Dr. M\u00f3cz\u00e1r Csaba PhD<\/td>\n<\/tr>\n<tr style=\"height: 63px\">\n<td style=\"width: 49.9636%;height: 63px\" width=\"276\">A doh\u00e1nyz\u00e1s \u00e9s a kardiovaszkul\u00e1ris megbeteged\u00e9sek k\u00f6z\u00f6tti kapcsolat<\/td>\n<td style=\"width: 49.9636%;height: 63px\" width=\"345\">Dr. M\u00f3cz\u00e1r Csaba PhD<\/td>\n<\/tr>\n<tr style=\"height: 33px\">\n<td style=\"width: 49.9636%;height: 33px\" width=\"276\">Hipert\u00f3nia kezel\u00e9se, gondoz\u00e1sa<\/td>\n<td style=\"width: 49.9636%;height: 33px\" width=\"345\">Dr. M\u00f3cz\u00e1r Csaba PhD<\/td>\n<\/tr>\n<tr style=\"height: 93px\">\n<td style=\"width: 49.9636%;height: 93px\" width=\"276\">Az art\u00e9ri\u00e1s \u00e9rfalmerevs\u00e9g, a centr\u00e1lis hemodinamikai param\u00e9terek \u00e9s a vaszkul\u00e1ris \u00e9letkor szerepe a kardiovaszkul\u00e1ris rizik\u00f3becsl\u00e9sben<\/td>\n<td style=\"width: 49.9636%;height: 93px\" width=\"345\">Dr. Nemcsik J\u00e1nos PhD<\/td>\n<\/tr>\n<tr style=\"height: 93px\">\n<td style=\"width: 49.9636%;height: 93px\" width=\"276\">Az affekt\u00edv temperamentumok \u00e9s az art\u00e9ri\u00e1s \u00e9rfalmerevs\u00e9g jellemz\u0151i k\u00fcl\u00f6nb\u00f6z\u0151 hypertonia fenot\u00edpusokban<\/td>\n<td style=\"width: 49.9636%;height: 93px\" width=\"345\">Dr. Nemcsik J\u00e1nos PhD<\/td>\n<\/tr>\n<tr style=\"height: 33px\">\n<td style=\"width: 49.9636%;height: 33px\">Az ambul\u00e1ns v\u00e9rnyom\u00e1s monitoroz\u00e1s klinikai haszna emelkedett-norm\u00e1lis rendel\u0151i v\u00e9rnyom\u00e1s eset\u00e9n<\/td>\n<td style=\"width: 49.9636%;height: 33px\">Dr. Nemcsik J\u00e1nos PhD<\/td>\n<\/tr>\n<tr style=\"height: 63px\">\n<td style=\"width: 49.9636%;height: 63px\" width=\"276\">Hipert\u00f3nia-medi\u00e1lta c\u00e9lszervk\u00e1rosod\u00e1sok vizsg\u00e1lata csal\u00e1dorvosi szinten<\/td>\n<td style=\"width: 49.9636%;height: 63px\" width=\"345\">Dr. Nemcsik J\u00e1nos PhD<\/td>\n<\/tr>\n<tr style=\"height: 33px\">\n<td style=\"width: 49.9636%;height: 33px\" width=\"276\">Nemi k\u00fcl\u00f6nbs\u00e9gek a hipert\u00f3nia vonatkoz\u00e1s\u00e1ban<\/td>\n<td style=\"width: 49.9636%;height: 33px\" width=\"345\">Dr. Nemcsik J\u00e1nos PhD<\/td>\n<\/tr>\n<tr style=\"height: 33px\">\n<td style=\"width: 49.9636%;height: 33px\" width=\"276\">A centr\u00e1lis v\u00e9rnyom\u00e1s prognosztikai jelent\u0151s\u00e9ge<\/td>\n<td style=\"width: 49.9636%;height: 33px\" width=\"345\">Dr. Nemcsik J\u00e1nos PhD<\/td>\n<\/tr>\n<tr style=\"height: 33px\">\n<td style=\"width: 49.9636%;height: 33px\" width=\"276\">Az adherencia szerepe a hipert\u00f3nia gondoz\u00e1sban<\/td>\n<td style=\"width: 49.9636%;height: 33px\" width=\"345\">Dr. Nemcsik J\u00e1nos PhD<\/td>\n<\/tr>\n<tr style=\"height: 63px\">\n<td style=\"width: 49.9636%;height: 63px\" width=\"276\">Primer \u00e9s szekunder prevenci\u00f3 megval\u00f3s\u00edt\u00e1sa \u00e9s hat\u00e9konys\u00e1ga a csal\u00e1dorvosi praxisban<\/td>\n<td style=\"width: 49.9636%;height: 63px\" width=\"345\">Dr. Ol\u00e1h Ilona<\/td>\n<\/tr>\n<tr style=\"height: 63px\">\n<td style=\"width: 49.9636%;height: 63px\" width=\"276\">A diabetes mellitus gondoz\u00e1sa a csal\u00e1dorvosi praxisban<\/td>\n<td style=\"width: 49.9636%;height: 63px\" width=\"345\">Dr. Ol\u00e1h Ilona<\/td>\n<\/tr>\n<tr style=\"height: 93px\">\n<td style=\"width: 49.9636%;height: 93px\" width=\"276\">T\u00e1pl\u00e1lkoz\u00e1si szok\u00e1sok, di\u00e9t\u00e1k, \u00e9tel allergi\u00e1k, intoleranci\u00e1k, egyedi \u00e9trendek, eg\u00e9szs\u00e9ges t\u00e1pl\u00e1lkoz\u00e1s<\/td>\n<td style=\"width: 49.9636%;height: 93px\" width=\"345\">Dr. Simon Judit<\/td>\n<\/tr>\n<tr style=\"height: 33px\">\n<td style=\"width: 49.9636%;height: 33px\" width=\"276\">Nem fert\u0151z\u0151 betegs\u00e9gek dinamizmus\u00e1nak v\u00e1ltoz\u00e1sa<\/td>\n<td style=\"width: 49.9636%;height: 33px\" width=\"345\">Dr. Sir\u00e1k Andr\u00e1s<\/td>\n<\/tr>\n<tr style=\"height: 33px\">\n<td style=\"width: 49.9636%;height: 33px\" width=\"276\">H\u00e1ziorvos a s\u00fcrg\u0151ss\u00e9gi betegell\u00e1t\u00e1sban<\/td>\n<td style=\"width: 49.9636%;height: 33px\" width=\"345\">Dr. Sir\u00e1k Andr\u00e1s<\/td>\n<\/tr>\n<tr style=\"height: 63px\">\n<td style=\"width: 49.9636%;height: 63px\" width=\"276\">Pszichoszomatikus betegs\u00e9gek el\u0151fordul\u00e1sa a csal\u00e1dorvosi gyakorlatban<\/td>\n<td style=\"width: 49.9636%;height: 63px\" width=\"345\">Dr. Szab\u00f3 J\u00e1nos<\/td>\n<\/tr>\n<tr style=\"height: 33px\">\n<td style=\"width: 49.9636%;height: 33px\" width=\"276\">Demenci\u00e1k, a demens betegek csal\u00e1dorvos gondoz\u00e1sa<\/td>\n<td style=\"width: 49.9636%;height: 33px\" width=\"345\">Dr. Szab\u00f3 J\u00e1nos<\/td>\n<\/tr>\n<tr style=\"height: 63px\">\n<td style=\"width: 49.9636%;height: 63px\" width=\"276\">Tan\u00e1csad\u00e1s, betegoktat\u00e1s, eg\u00e9szs\u00e9gnevel\u00e9s a csal\u00e1dorvosi munk\u00e1ban<\/td>\n<td style=\"width: 49.9636%;height: 63px\" width=\"345\">Dr. Szab\u00f3 J\u00e1nos<\/td>\n<\/tr>\n<tr style=\"height: 63px\">\n<td style=\"width: 49.9636%;height: 63px\" width=\"276\">Haldokl\u00f3 betegek ell\u00e1t\u00e1sa, gy\u00e1szreakci\u00f3 seg\u00edt\u00e9se a csal\u00e1dorvosi munk\u00e1ban<\/td>\n<td style=\"width: 49.9636%;height: 63px\" width=\"345\">Dr. Szab\u00f3 J\u00e1nos<\/td>\n<\/tr>\n<tr style=\"height: 33px\">\n<td style=\"width: 49.9636%;height: 33px\" width=\"276\">Csal\u00e1di betegs\u00e9gek, beteg a csal\u00e1dban<\/td>\n<td style=\"width: 49.9636%;height: 33px\" width=\"345\">Dr. Szab\u00f3 J\u00e1nos<\/td>\n<\/tr>\n<tr style=\"height: 33px\">\n<td style=\"width: 49.9636%;height: 33px\" width=\"276\">S\u00fcrg\u0151ss\u00e9gi ell\u00e1t\u00e1s a csal\u00e1dorvos munk\u00e1j\u00e1ban<\/td>\n<td style=\"width: 49.9636%;height: 33px\" width=\"345\">Dr. Szab\u00f3 J\u00e1nos<\/td>\n<\/tr>\n<tr style=\"height: 63px\">\n<td style=\"width: 49.9636%;height: 63px\" width=\"276\">A h\u00e1ziorvosi team prevenci\u00f3s munk\u00e1ja az alapell\u00e1t\u00e1si praxisk\u00f6z\u00f6ss\u00e9gben<\/td>\n<td style=\"width: 49.9636%;height: 63px\" width=\"345\">Dr. Szab\u00f3 J\u00e1nos<\/td>\n<\/tr>\n<tr style=\"height: 33px\">\n<td style=\"width: 49.9636%;height: 33px\" width=\"276\">Alapell\u00e1t\u00e1si praxisk\u00f6z\u00f6ss\u00e9g &#8211; prevenci\u00f3<\/td>\n<td style=\"width: 49.9636%;height: 33px\" width=\"345\">Dr. Szab\u00f3 J\u00e1nos<\/td>\n<\/tr>\n<tr style=\"height: 33px\">\n<td style=\"width: 49.9636%;height: 33px\" width=\"276\">Palliat\u00edv ter\u00e1pia lehet\u0151s\u00e9gei a h\u00e1ziorvosi praxisban<\/td>\n<td style=\"width: 49.9636%;height: 33px\" width=\"345\">Dr. Sz\u00e9lv\u00e1ri \u00c1gnes<\/td>\n<\/tr>\n<tr style=\"height: 63px\">\n<td style=\"width: 49.9636%;height: 63px\" width=\"276\">Diagnosztikus \u00e9s d\u00f6nt\u00e9si algoritmusok alkalmaz\u00e1sa az alapell\u00e1t\u00e1sban<\/td>\n<td style=\"width: 49.9636%;height: 63px\" width=\"345\">Dr. Sz\u00e9lv\u00e1ri \u00c1gnes<\/td>\n<\/tr>\n<tr style=\"height: 33px\">\n<td style=\"width: 49.9636%;height: 33px\" width=\"276\">Diab\u00e9tesz-gondoz\u00e1s, metabolikus szindr\u00f3ma<\/td>\n<td style=\"width: 49.9636%;height: 33px\" width=\"345\">Dr. Torzsa P\u00e9ter egyetemi tan\u00e1r<\/td>\n<\/tr>\n<tr style=\"height: 63px\">\n<td style=\"width: 49.9636%;height: 63px\" width=\"276\">Alv\u00e1si apnoe &#8211; \u00f6sszef\u00fcgg\u00e9s a kardiovaszkul\u00e1ris \u00e9s pszichi\u00e1triai betegs\u00e9gekkel<\/td>\n<td style=\"width: 49.9636%;height: 63px\" width=\"345\">Dr. Torzsa P\u00e9ter egyetemi tan\u00e1r<\/td>\n<\/tr>\n<tr style=\"height: 63px\">\n<td style=\"width: 49.9636%;height: 63px\" width=\"276\">Az affekt\u00edv temperamentum-t\u00edpusok alakul\u00e1sa alv\u00e1si apno\u00e9s betegekben<\/td>\n<td style=\"width: 49.9636%;height: 63px\" width=\"345\">Dr. Torzsa P\u00e9ter egyetemi tan\u00e1r<\/td>\n<\/tr>\n<tr style=\"height: 63px\">\n<td style=\"width: 49.9636%;height: 63px\" width=\"276\">Depresszi\u00f3 \u00e9s szorong\u00e1s sz\u0171r\u00e9se kr\u00f3nikus betegek k\u00f6r\u00e9ben<\/td>\n<td style=\"width: 49.9636%;height: 63px\" width=\"345\">Dr. Torzsa P\u00e9ter egyetemi tan\u00e1r<\/td>\n<\/tr>\n<tr style=\"height: 63px\">\n<td style=\"width: 49.9636%;height: 63px\" width=\"276\">A csal\u00e1dorvosok eg\u00e9szs\u00e9gi \u00e1llapot\u00e1nak, ki\u00e9g\u00e9s\u00e9nek vizsg\u00e1lata<\/td>\n<td style=\"width: 49.9636%;height: 63px\" width=\"345\">Dr. Torzsa P\u00e9ter egyetemi tan\u00e1r<\/td>\n<\/tr>\n<tr style=\"height: 33px\">\n<td style=\"width: 49.9636%;height: 33px\" width=\"276\">Az elh\u00edz\u00e1s kezel\u00e9se a csal\u00e1dorvosi gyakorlatban<\/td>\n<td style=\"width: 49.9636%;height: 33px\" width=\"345\">Dr. Torzsa P\u00e9ter egyetemi tan\u00e1r<\/td>\n<\/tr>\n<tr style=\"height: 63px\">\n<td style=\"width: 49.9636%;height: 63px\" width=\"276\">Depresszi\u00f3 \u00e9s \u00f6ngyilkoss\u00e1g el\u0151fordul\u00e1sa a csal\u00e1dorvosi praxisban<\/td>\n<td style=\"width: 49.9636%;height: 63px\" width=\"345\">Dr. Torzsa P\u00e9ter egyetemi tan\u00e1r<\/td>\n<\/tr>\n<tr style=\"height: 33px\">\n<td style=\"width: 49.9636%;height: 33px\" width=\"276\">Alv\u00e1szavarok el\u0151fordul\u00e1sa, kezel\u00e9se az alapell\u00e1t\u00e1sban<\/td>\n<td style=\"width: 49.9636%;height: 33px\" width=\"345\">Dr. Torzsa P\u00e9ter egyetemi tan\u00e1r<\/td>\n<\/tr>\n<tr style=\"height: 63px\">\n<td style=\"width: 49.9636%;height: 63px\" width=\"276\">Az affekt\u00edv temperamentum-t\u00edpusok alakul\u00e1sa cukorbetegekben<\/td>\n<td style=\"width: 49.9636%;height: 63px\">Dr. Torzsa P\u00e9ter egyetemi tan\u00e1r, Dr. Ol\u00e1h Ilona<\/td>\n<\/tr>\n<tr style=\"height: 93px\">\n<td style=\"width: 49.9636%;height: 93px\" width=\"276\">Orvostanhallgat\u00f3k p\u00e1lyav\u00e1laszt\u00e1s\u00e1t befoly\u00e1sol\u00f3 t\u00e9nyez\u0151k vizsg\u00e1lata &#8211; k\u00fcl\u00f6n\u00f6s tekintettel a csal\u00e1dorvosl\u00e1sra<\/td>\n<td style=\"width: 49.9636%;height: 93px\">Dr. Torzsa P\u00e9ter egyetemi tan\u00e1r, Dr. Vajer P\u00e9ter PhD<\/td>\n<\/tr>\n<tr style=\"height: 63px\">\n<td style=\"width: 49.9636%;height: 63px\" width=\"276\">Post-Covid szindr\u00f3ma ell\u00e1t\u00e1sa a csal\u00e1dorvosi gyakorlatban<\/td>\n<td style=\"width: 49.9636%;height: 63px\" width=\"345\">Dr. Vajer P\u00e9ter PhD<\/td>\n<\/tr>\n<tr style=\"height: 33px\">\n<td style=\"width: 49.9636%;height: 33px\" width=\"276\">Alapell\u00e1t\u00e1s fejleszt\u00e9s Magyarorsz\u00e1gon<\/td>\n<td style=\"width: 49.9636%;height: 33px\" width=\"345\">Dr. Vajer P\u00e9ter PhD<\/td>\n<\/tr>\n<tr style=\"height: 33px\">\n<td style=\"width: 49.9636%;height: 33px\" width=\"276\">Sz\u00edv-\u00e9s \u00e9rrendszeri prevenci\u00f3 a gyakorlatban<\/td>\n<td style=\"width: 49.9636%;height: 33px\" width=\"345\">Dr. Vajer P\u00e9ter PhD<\/td>\n<\/tr>\n<tr style=\"height: 33px\">\n<td style=\"width: 49.9636%;height: 33px\" width=\"276\">Osteoporosis sz\u0171r\u00e9se a h\u00e1ziorvosi gyakorlatban<\/td>\n<td style=\"width: 49.9636%;height: 33px\" width=\"345\">Dr. Vajer P\u00e9ter PhD<\/td>\n<\/tr>\n<tr style=\"height: 63px\">\n<td style=\"width: 49.9636%;height: 63px\" width=\"276\">Sz\u00edv- \u00e9s \u00e9rrendszeri prevenci\u00f3 a gyakorlatban &#8211; a praxisk\u00f6z\u00f6ss\u00e9gek lehet\u0151s\u00e9gei<\/td>\n<td style=\"width: 49.9636%;height: 63px\" width=\"345\">Dr. Vajer P\u00e9ter PhD<\/td>\n<\/tr>\n<tr style=\"height: 63px\">\n<td style=\"width: 49.9636%;height: 63px\" width=\"276\">Fizikai aktivit\u00e1s, mint a kr\u00f3nikus nemfert\u0151z\u0151 betegs\u00e9gek megel\u0151z\u00e9s\u00e9nek eszk\u00f6ze<\/td>\n<td style=\"width: 49.9636%;height: 63px\" width=\"345\">Dr. Vajer P\u00e9ter PhD<\/td>\n<\/tr>\n<tr style=\"height: 33px\">\n<td style=\"width: 49.9636%;height: 33px\" width=\"276\">Alapell\u00e1t\u00e1sfejleszt\u00e9s<\/td>\n<td style=\"width: 49.9636%;height: 33px\" width=\"345\">Dr. Vajer P\u00e9ter PhD<\/td>\n<\/tr>\n<tr style=\"height: 33px\">\n<td style=\"width: 49.9636%;height: 33px\" width=\"276\">Kardiometabolikus betegs\u00e9gek gondoz\u00e1sa<\/td>\n<td style=\"width: 49.9636%;height: 33px\" width=\"345\">Dr. V\u00f6r\u00f6s Kriszti\u00e1n PhD<\/td>\n<\/tr>\n<tr style=\"height: 33px\">\n<td style=\"width: 49.9636%;height: 33px\" width=\"276\">Sz\u0171r\u0151vizsg\u00e1latok &#8211; \u00f6szt\u00f6nz\u0151k \u00e9s akad\u00e1lyok<\/td>\n<td style=\"width: 49.9636%;height: 33px\" width=\"345\">Dr. V\u00f6r\u00f6s Kriszti\u00e1n PhD<\/td>\n<\/tr>\n<tr style=\"height: 33px\">\n<td style=\"width: 49.9636%;height: 33px\" width=\"276\">Diabetesz \u00e9s sz\u00f6v\u0151dm\u00e9nyei &#8211; gondoz\u00e1s<\/td>\n<td style=\"width: 49.9636%;height: 33px\" width=\"345\">Dr. V\u00f6r\u00f6s Kriszti\u00e1n PhD<\/td>\n<\/tr>\n<tr style=\"height: 63px\">\n<td style=\"width: 49.9636%;height: 63px\" width=\"276\">A hasi aorta aneurizma sz\u0171r\u00e9s\u00e9nek lehet\u0151s\u00e9gei a h\u00e1ziorvosi praxisban<\/td>\n<td style=\"width: 49.9636%;height: 63px\" width=\"345\">Dr. Xantus G\u00e1bor<\/td>\n<\/tr>\n<tr style=\"height: 63px\">\n<td style=\"width: 49.9636%;height: 63px\" width=\"276\">A \u201cTrain the Trainer\u201d m\u00f3dszer lehet\u0151s\u00e9gei az orvostan hallgat\u00f3k POCUS oktat\u00e1s\u00e1ban<\/td>\n<td style=\"width: 49.9636%;height: 63px\" width=\"345\">Dr. Xantus G\u00e1bor<\/td>\n<\/tr>\n<tr style=\"height: 63px\">\n<td style=\"width: 49.9636%;height: 63px\" width=\"276\">A cervicogen fejf\u00e1j\u00e1sok kezel\u00e9snek \u00fajszer\u0171 m\u00f3dszerei\u00a0<\/td>\n<td style=\"width: 49.9636%;height: 63px\" width=\"345\">Dr. Xantus G\u00e1bor<\/td>\n<\/tr>\n<tr style=\"height: 33px\">\n<td style=\"width: 49.9636%;height: 33px\" width=\"276\">A f\u00fclz\u00fag\u00e1s mozg\u00e1sszervi aspektusai<\/td>\n<td style=\"width: 49.9636%;height: 33px\" width=\"345\">Dr. Xantus G\u00e1bor<\/td>\n<\/tr>\n<tr style=\"height: 63px\">\n<td style=\"width: 49.9636%;height: 63px\" width=\"276\">A k\u00f6z\u00f6ss\u00e9gi torna hat\u00e1sa az id\u0151skori popul\u00e1ci\u00f3 j\u00e1r\u00e1s biztons\u00e1g\u00e1ra<\/td>\n<td style=\"width: 49.9636%;height: 63px\" width=\"345\">Dr. Xantus G\u00e1bor<\/td>\n<\/tr>\n<tr style=\"height: 63px\">\n<td style=\"width: 49.9636%;height: 63px\" width=\"276\">A kognit\u00edv hanyatl\u00e1s megel\u0151z\u00e9se, sz\u0171r\u00e9se \u00e9s gondoz\u00e1sa a csal\u00e1dorvosi praxisban<\/td>\n<td style=\"width: 49.9636%;height: 63px\" width=\"345\">Dr. Zsuffa J\u00e1nos<\/td>\n<\/tr>\n<tr style=\"height: 63px\">\n<td style=\"width: 49.9636%;height: 63px\" width=\"276\">Mammogr\u00e1fi\u00e1s sz\u0171r\u00e9si r\u00e9szv\u00e9telt befoly\u00e1sol\u00f3 t\u00e9nyez\u0151k<\/td>\n<td style=\"width: 49.9636%;height: 63px\" width=\"345\">Dr. V\u00f6r\u00f6s Kriszti\u00e1n<\/td>\n<\/tr>\n<tr>\n<td style=\"width: 49.9636%\">A koszor\u00fa\u00e9r-betegs\u00e9g kiterjedts\u00e9ge \u00e9s az affekt\u00edv temperamentumok kapcsolata<\/td>\n<td style=\"width: 49.9636%\">Dr. Nemcsik J\u00e1nos; <br \/>\nDr. Szilveszter B\u00e1lint (V\u00e1rosmajori Sz\u00edv -\u00e9s \u00c9rgy\u00f3gy\u00e1szati Klinika)\u00a0<\/td>\n<\/tr>\n<\/tbody>\n<\/table>\n<p>&nbsp;<\/p>\n","protected":false},"excerpt":{"rendered":"<p>Rektori p\u00e1lyamunka Csal\u00e1dorvosi Tansz\u00e9k 2025\/2026 TDK munka c\u00edme T\u00e9mavezet\u0151 neve (fokozattal) Az OSAS \u00e9s RLS sz\u0171r\u00e9se ABPM-el, tov\u00e1bbi k\u00f6vet\u00e9se az alv\u00e1slaborokban Dr. \u00c1d\u00e1m \u00c1gnes Az alv\u00e1si apnoe szindr\u00f3ma (OSAS) \u00f6sszef\u00fcgg\u00e9se m\u00e1s rizik\u00f3faktorokkal,- k\u00fcl\u00f6n\u00f6s tekintettel a hipert\u00f3ni\u00e1ra Dr. \u00c1d\u00e1m \u00c1gnes OSAS \u00e9s COVID-19 &#8211; \u00f6sszef\u00fcgg\u00e9sek egy \u00faj dimenzi\u00f3ban Dr. \u00c1d\u00e1m \u00c1gnes Down szindr\u00f3m\u00e1sak vizsg\u00e1lata egy lak\u00f3otthonban. &hellip;<\/p>\n","protected":false},"author":101596,"featured_media":0,"parent":9092,"menu_order":0,"comment_status":"closed","ping_status":"closed","template":"","meta":{"_acf_changed":false,"footnotes":""},"categories":[],"tags":[99],"class_list":["post-9251","page","type-page","status-publish","hentry","tag-aok-rektori-palyazat"],"acf":[],"publishpress_future_action":{"enabled":false,"date":"1970-01-01 01:00:00","action":"","terms":[],"taxonomy":"","browser_timezone_offset":0},"_links":{"self":[{"href":"https:\/\/semmelweis.hu\/tdk\/wp-json\/wp\/v2\/pages\/9251","targetHints":{"allow":["GET"]}}],"collection":[{"href":"https:\/\/semmelweis.hu\/tdk\/wp-json\/wp\/v2\/pages"}],"about":[{"href":"https:\/\/semmelweis.hu\/tdk\/wp-json\/wp\/v2\/types\/page"}],"author":[{"embeddable":true,"href":"https:\/\/semmelweis.hu\/tdk\/wp-json\/wp\/v2\/users\/101596"}],"replies":[{"embeddable":true,"href":"https:\/\/semmelweis.hu\/tdk\/wp-json\/wp\/v2\/comments?post=9251"}],"version-history":[{"count":10,"href":"https:\/\/semmelweis.hu\/tdk\/wp-json\/wp\/v2\/pages\/9251\/revisions"}],"predecessor-version":[{"id":11484,"href":"https:\/\/semmelweis.hu\/tdk\/wp-json\/wp\/v2\/pages\/9251\/revisions\/11484"}],"up":[{"embeddable":true,"href":"https:\/\/semmelweis.hu\/tdk\/wp-json\/wp\/v2\/pages\/9092"}],"wp:attachment":[{"href":"https:\/\/semmelweis.hu\/tdk\/wp-json\/wp\/v2\/media?parent=9251"}],"wp:term":[{"taxonomy":"category","embeddable":true,"href":"https:\/\/semmelweis.hu\/tdk\/wp-json\/wp\/v2\/categories?post=9251"},{"taxonomy":"post_tag","embeddable":true,"href":"https:\/\/semmelweis.hu\/tdk\/wp-json\/wp\/v2\/tags?post=9251"}],"curies":[{"name":"wp","href":"https:\/\/api.w.org\/{rel}","templated":true}]}}