{"id":9247,"date":"2023-06-14T08:18:32","date_gmt":"2023-06-14T06:18:32","guid":{"rendered":"https:\/\/semmelweis.hu\/tdk\/?page_id=9247"},"modified":"2025-10-03T09:42:40","modified_gmt":"2025-10-03T07:42:40","slug":"rektori-palyazat-kiserleti-orvostudomanyi-kutatointezet","status":"publish","type":"page","link":"https:\/\/semmelweis.hu\/tdk\/rektori-palyazat\/rektori-palyazat-meghirdetett-temak\/rektori-palyazat-kiserleti-orvostudomanyi-kutatointezet\/","title":{"rendered":"K\u00eds\u00e9rleti Orvostudom\u00e1nyi Kutat\u00f3int\u00e9zet &#8211; Rektori p\u00e1ly\u00e1zat"},"content":{"rendered":"<h3>Rektori p\u00e1ly\u00e1zat HUN-REN K\u00eds\u00e9rleti Orvostudom\u00e1nyi Kutat\u00f3int\u00e9zet 2025\/2026<\/h3>\n<table style=\"border-collapse: collapse;width: 100%\">\n<tbody>\n<tr>\n<td style=\"width: 58.4%\" width=\"637\"><strong>Rektori p\u00e1lyamunka c\u00edme<\/strong><\/td>\n<td style=\"width: 41.4857%\" width=\"456\"><strong>T\u00e9mavezet\u0151 neve (fokozattal)<\/strong><\/td>\n<\/tr>\n<tr>\n<td style=\"width: 58.4%\">Curli feh\u00e9rje termel\u0151 bak\u00e9riumok hat\u00e1sa a b\u00e9l-agy tengelyre<\/td>\n<td style=\"width: 41.4857%\">Kuti D\u00e1niel, PhD<\/td>\n<\/tr>\n<tr>\n<td style=\"width: 58.4%\">5. r\u00e9tegi kortiko-talamikus p\u00e1ly\u00e1k r\u00e9gi\u00f3 specificit\u00e1sa \u00e9s azok funkcion\u00e1lis k\u00f6vetkezm\u00e9nye<\/td>\n<td style=\"width: 41.4857%\">Acs\u00e1dy L\u00e1szl\u00f3, Dsc, az MTA level\u0151z\u0151 tagja \u00e9s Bokor Hajnalka, PhD<\/td>\n<\/tr>\n<tr>\n<td style=\"width: 58.4%\">\u00daj fluoreszcens fotoaffinit\u00e1sligand-alap\u00fa technika a D3dopamin receptor vizsg\u00e1lat\u00e1ra<\/td>\n<td style=\"width: 41.4857%\">Prokop Susanne, PhD \u00e9s Katona Istv\u00e1n, D.Sc.\u00a0<\/td>\n<\/tr>\n<tr>\n<td style=\"width: 58.4%\">A neuromodul\u00e1torok szerep\u00e9nek vizsg\u00e1lata implicit tanul\u00e1sban eg\u00e9rmodellen<\/td>\n<td style=\"width: 41.4857%\">Hangya Bal\u00e1zs, Phd<\/td>\n<\/tr>\n<tr>\n<td style=\"width: 58.4%\" width=\"918\">A paraventrikul\u00e1ris talamusz mag afferent\u00e1ci\u00f3j\u00e1nak vizsg\u00e1lata<\/td>\n<td style=\"width: 41.4857%\" width=\"688\">Acs\u00e1dy L\u00e1szl\u00f3, Dsc, MTA levelez\u0151 tagja \u00e9s Bir\u00f3 L\u00e1szl\u00f3, PhD<\/td>\n<\/tr>\n<tr>\n<td style=\"width: 58.4%\" width=\"918\">Investigating Cholinergic Signaling in the Ventral Pallidum and Horizontal Diagonal Band: Implications for Neural Circuitry and Behavior<\/td>\n<td style=\"width: 41.4857%\" width=\"688\">Bal\u00e1zs Hangya, MD PhD and \u00cdrisz Szab\u00f3, PhD<\/td>\n<\/tr>\n<tr>\n<td style=\"width: 58.4%\">Behavioural deficits after inflammation-sensitized\u00a0perinatal asphyxia: the role of neuroinflammation<\/td>\n<td style=\"width: 41.4857%\">Mikics \u00c9va, PhD<\/td>\n<\/tr>\n<tr>\n<td style=\"width: 58.4%\">A mikroglia \u00e9s a gyullad\u00e1sos folyamatok szerepe a sporadikus \u00e9s a SORL1-f\u00fcgg\u0151 Alzheimer-k\u00f3rban<\/td>\n<td style=\"width: 41.4857%\">P\u00f3sfai Bal\u00e1zs PhD, D\u00e9nes \u00c1d\u00e1m DSc<\/td>\n<\/tr>\n<tr>\n<td style=\"width: 58.4%\">Design and Application of a Novel Fluorescent Photoaffinity Probe for Brain Receptor Characterization<\/td>\n<td style=\"width: 41.4857%\">Prokopp Susanne, PhD<\/td>\n<\/tr>\n<tr>\n<td style=\"width: 58.4%\" width=\"833\">\n<p>Neuroinflamm\u00e1ci\u00f3 az el\u0151zetes gyullad\u00e1ssal \u00e9rz\u00e9keny\u00edtett perinat\u00e1lis asphyxi\u00e1t k\u00f6vet\u0151 magatart\u00e1szavarok h\u00e1tter\u00e9ben<\/p>\n<\/td>\n<td style=\"width: 41.4857%\">\u00a0Mikics \u00c9va, PhD<\/td>\n<\/tr>\n<\/tbody>\n<\/table>\n","protected":false},"excerpt":{"rendered":"<p>Rektori p\u00e1ly\u00e1zat HUN-REN K\u00eds\u00e9rleti Orvostudom\u00e1nyi Kutat\u00f3int\u00e9zet 2025\/2026 Rektori p\u00e1lyamunka c\u00edme T\u00e9mavezet\u0151 neve (fokozattal) Curli feh\u00e9rje termel\u0151 bak\u00e9riumok hat\u00e1sa a b\u00e9l-agy tengelyre Kuti D\u00e1niel, PhD 5. r\u00e9tegi kortiko-talamikus p\u00e1ly\u00e1k r\u00e9gi\u00f3 specificit\u00e1sa \u00e9s azok funkcion\u00e1lis k\u00f6vetkezm\u00e9nye Acs\u00e1dy L\u00e1szl\u00f3, Dsc, az MTA level\u0151z\u0151 tagja \u00e9s Bokor Hajnalka, PhD \u00daj fluoreszcens fotoaffinit\u00e1sligand-alap\u00fa technika a D3dopamin receptor vizsg\u00e1lat\u00e1ra Prokop Susanne, &hellip;<\/p>\n","protected":false},"author":101596,"featured_media":0,"parent":9092,"menu_order":0,"comment_status":"closed","ping_status":"closed","template":"","meta":{"_acf_changed":false,"footnotes":""},"categories":[],"tags":[105],"class_list":["post-9247","page","type-page","status-publish","hentry","tag-kulsos-intezetek"],"acf":[],"publishpress_future_action":{"enabled":false,"date":"1970-01-01 01:00:00","action":"","terms":[],"taxonomy":"","browser_timezone_offset":0},"_links":{"self":[{"href":"https:\/\/semmelweis.hu\/tdk\/wp-json\/wp\/v2\/pages\/9247","targetHints":{"allow":["GET"]}}],"collection":[{"href":"https:\/\/semmelweis.hu\/tdk\/wp-json\/wp\/v2\/pages"}],"about":[{"href":"https:\/\/semmelweis.hu\/tdk\/wp-json\/wp\/v2\/types\/page"}],"author":[{"embeddable":true,"href":"https:\/\/semmelweis.hu\/tdk\/wp-json\/wp\/v2\/users\/101596"}],"replies":[{"embeddable":true,"href":"https:\/\/semmelweis.hu\/tdk\/wp-json\/wp\/v2\/comments?post=9247"}],"version-history":[{"count":9,"href":"https:\/\/semmelweis.hu\/tdk\/wp-json\/wp\/v2\/pages\/9247\/revisions"}],"predecessor-version":[{"id":11787,"href":"https:\/\/semmelweis.hu\/tdk\/wp-json\/wp\/v2\/pages\/9247\/revisions\/11787"}],"up":[{"embeddable":true,"href":"https:\/\/semmelweis.hu\/tdk\/wp-json\/wp\/v2\/pages\/9092"}],"wp:attachment":[{"href":"https:\/\/semmelweis.hu\/tdk\/wp-json\/wp\/v2\/media?parent=9247"}],"wp:term":[{"taxonomy":"category","embeddable":true,"href":"https:\/\/semmelweis.hu\/tdk\/wp-json\/wp\/v2\/categories?post=9247"},{"taxonomy":"post_tag","embeddable":true,"href":"https:\/\/semmelweis.hu\/tdk\/wp-json\/wp\/v2\/tags?post=9247"}],"curies":[{"name":"wp","href":"https:\/\/api.w.org\/{rel}","templated":true}]}}