{"id":9228,"date":"2023-06-06T12:35:17","date_gmt":"2023-06-06T10:35:17","guid":{"rendered":"https:\/\/semmelweis.hu\/tdk\/?page_id=9228"},"modified":"2025-07-16T12:33:04","modified_gmt":"2025-07-16T10:33:04","slug":"rektori-palyazat-orvosi-kepalkoto-klinika","status":"publish","type":"page","link":"https:\/\/semmelweis.hu\/tdk\/rektori-palyazat\/rektori-palyazat-meghirdetett-temak\/rektori-palyazat-orvosi-kepalkoto-klinika\/","title":{"rendered":"Orvosi K\u00e9palkot\u00f3 Klinika &#8211; Rektori p\u00e1ly\u00e1zat"},"content":{"rendered":"<h3>Rektori p\u00e1ly\u00e1zat Orvosi K\u00e9palkot\u00f3 Klinika 2025\/2026<\/h3>\n<table style=\"border-collapse: collapse;width: 100%;height: 1227px\">\n<tbody>\n<tr style=\"height: 33px\">\n<td style=\"width: 50%;height: 33px\"><strong>Rektori p\u00e1lyamunka c\u00edme<\/strong><\/td>\n<td style=\"width: 50%;height: 33px\"><strong>T\u00e9mavezet\u0151<\/strong><\/td>\n<\/tr>\n<tr>\n<td style=\"width: 50%\" width=\"1038\">PET\/CT vizsg\u00e1lat szerepe eml\u0151tumorok primer sziszt\u00e9m\u00e1s kezel\u00e9se sor\u00e1n<\/td>\n<td style=\"width: 50%\" width=\"504\">Dr. Gy\u00f6rke Tam\u00e1s\u00a0 PhD \u00e9s Dr. Barra Magdolna<\/td>\n<\/tr>\n<tr>\n<td style=\"width: 50%\">PET\/CT vizg\u00e1lat szerepe a gyermekkori sarkom\u00e1k vizsg\u00e1lat\u00e1ban<\/td>\n<td style=\"width: 50%\">Dr. Gy\u00f6rke Tam\u00e1s PhD \u00e9s Dr. Magyar Bogl\u00e1rka\u00a0<\/td>\n<\/tr>\n<tr>\n<td style=\"width: 50%\">Cardiovascularis ikervizsg\u00e1latok<\/td>\n<td style=\"width: 50%\">Dr. med. habil. T\u00e1rnoki \u00c1d\u00e1m Domonkos, Dr. med. habil. T\u00e1rnoki D\u00e1vid L\u00e1szl\u00f3<\/td>\n<\/tr>\n<tr>\n<td style=\"width: 50%\">Neurol\u00f3giai ikervizsg\u00e1latok<\/td>\n<td style=\"width: 50%\">Dr. med. habil. T\u00e1rnoki \u00c1d\u00e1m Domonkos, Dr. med. habil. T\u00e1rnoki D\u00e1vid L\u00e1szl\u00f3<\/td>\n<\/tr>\n<tr>\n<td style=\"width: 50%\">L\u00e9gz\u0151szervi ikervizsg\u00e1latok<\/td>\n<td style=\"width: 50%\">Dr. med. habil. T\u00e1rnoki \u00c1d\u00e1m Domonkos, Dr. med. habil. T\u00e1rnoki D\u00e1vid L\u00e1szl\u00f3<\/td>\n<\/tr>\n<tr>\n<td style=\"width: 50%\">Interstitialis t\u00fcd\u0151betegs\u00e9gek k\u00e9palkot\u00e1sa PCCT-vel<\/td>\n<td style=\"width: 50%\">Dr. med. habil. T\u00e1rnoki \u00c1d\u00e1m Domonkos, Dr. med. habil. T\u00e1rnoki D\u00e1vid L\u00e1szl\u00f3<\/td>\n<\/tr>\n<tr>\n<td style=\"width: 50%\">T\u00fcd\u0151tumorok PCCT k\u00e9palkot\u00e1sa<\/td>\n<td style=\"width: 50%\">Dr. med. habil. T\u00e1rnoki \u00c1d\u00e1m Domonkos, Dr. med. habil. T\u00e1rnoki D\u00e1vid L\u00e1szl\u00f3<\/td>\n<\/tr>\n<tr>\n<td style=\"width: 50%\">T\u00fcd\u0151nodulusok detekt\u00e1l\u00e1sa AI seg\u00edts\u00e9g\u00e9vel<\/td>\n<td style=\"width: 50%\">Dr. med. habil. T\u00e1rnoki \u00c1d\u00e1m Domonkos, Dr. med. habil. T\u00e1rnoki D\u00e1vid L\u00e1szl\u00f3<\/td>\n<\/tr>\n<tr>\n<td style=\"width: 50%\" width=\"1038\">D\u00f3zismodul\u00e1ci\u00f3s be\u00e1ll\u00edt\u00e1sok hat\u00e1sa a plakk \u00f6sszet\u00e9telre fotonsz\u00e1ml\u00e1l\u00f3-detektoros CT k\u00e9sz\u00fcl\u00e9k seg\u00edts\u00e9g\u00e9vel: ex vivo tanulm\u00e1ny<\/td>\n<td style=\"width: 50%\" width=\"504\">Dr. Sz\u00e1raz Lili (PhD hallgat\u00f3), Prof. Dr. Maurovich Horvat P\u00e1l<\/td>\n<\/tr>\n<tr>\n<td style=\"width: 50%\" width=\"1038\">Sz\u00edv-CT felv\u00e9telek diagnosztikai teljes\u00edtm\u00e9ny\u00e9nek elemz\u00e9se Single-source \u00e9s dual-source fotonsz\u00e1ml\u00e1l\u00f3 CT k\u00e9sz\u00fcl\u00e9kek haszn\u00e1lat\u00e1val<\/td>\n<td style=\"width: 50%\" width=\"504\">Dr. Sz\u00e1raz Lili (PhD hallgat\u00f3), Prof. Dr. Maurovich Horvat P\u00e1l<\/td>\n<\/tr>\n<tr>\n<td style=\"width: 50%\">Nagy nyelvi modellek seg\u00edts\u00e9g\u00e9vel k\u00e9sz\u00fclt betegbar\u00e1t leletek elemz\u00e9se<\/td>\n<td style=\"width: 50%\" width=\"504\">Dr. Baksa Barnab\u00e1s (PhD hallgat\u00f3), Prof. Dr. Maurovich Horvat P\u00e1l<\/td>\n<\/tr>\n<tr>\n<td style=\"width: 50%\" width=\"1038\">K\u00fcl\u00f6nb\u00f6z\u0151 fotonsz\u00e1ml\u00e1l\u00f3-detektor CT g\u00e9pek k\u00e9pmin\u0151s\u00e9g\u00e9nek \u00e9s sug\u00e1rd\u00f3zis\u00e1nak \u00f6sszehasonl\u00edt\u00e1sa<\/td>\n<td style=\"width: 50%\">Dr. Bettina Katalin Budai PhD; Dr. Ibolyka Dud\u00e1s<\/td>\n<\/tr>\n<tr>\n<td style=\"width: 50%\" width=\"1038\">Comparison of radiation dose and image quality between photon-counting detector vs. energy-integrating detector CT scanners<\/td>\n<td style=\"width: 50%\">Bettina Katalin Budai, MD, PhD; Ibolyka Dud\u00e1s, MD<\/td>\n<\/tr>\n<tr>\n<td style=\"width: 50%\" width=\"1038\">The utility of photon-counting detector CT scanners spectral imaging in the diagnosis of pancreas tumors<\/td>\n<td style=\"width: 50%\">Bettina Katalin Budai, MD, PhD; Ibolyka Dud\u00e1s, MD<\/td>\n<\/tr>\n<tr>\n<td style=\"width: 50%\">Az ultrahanggal becs\u00fclt zs\u00edrfrakci\u00f3 sz\u00e1m\u00edt\u00e1s nem-alkoholos zs\u00edrm\u00e1jbetegs\u00e9gben \u00e9s metabolikus eredet\u0171 zs\u00edrm\u00e1jbetegs\u00e9gben<\/td>\n<td style=\"width: 50%\">Dr Kaposi P\u00e1l, Prof. Dr. B\u00e9rczi Viktor<\/td>\n<\/tr>\n<tr>\n<td style=\"width: 50%\">Artificial Intelligence-Calculated Hepatorenal Index for Diagnosing Mild and Moderate Hepatic Steatosis in Non-Alcoholic Fatty Liver Disease\u00a0<\/td>\n<td style=\"width: 50%\">Kaposi P\u00e1l MD, PhD, B\u00e9rczi Viktor MD, PhD<\/td>\n<\/tr>\n<tr>\n<td style=\"width: 50%\">Myoma volumen meghat\u00e1roz\u00e1s volumen szegment\u00e1ci\u00f3val illetve ellipsoid k\u00e9plettel<\/td>\n<td style=\"width: 50%\">Prof. Dr. B\u00e9rczi Viktor<\/td>\n<\/tr>\n<tr>\n<td style=\"width: 50%\">Effectiveness and safety in unilateral uterine artery embolisation<\/td>\n<td style=\"width: 50%\">B\u00e9rczi Viktor MD, PhD<\/td>\n<\/tr>\n<tr>\n<td style=\"width: 50%\">Patellofemoralis instabilit\u00e1s k\u00e9palkot\u00f3 diagnosztikai vonatkoz\u00e1sai<\/td>\n<td style=\"width: 50%\">Dr. Gul\u00e1csi Gy\u00f6rgy<\/td>\n<\/tr>\n<tr>\n<td style=\"width: 50%\">Medialis collateralis szalags\u00e9r\u00fcl\u00e9sek t\u00edpusai gyermek- \u00e9s serd\u00fcl\u0151kori t\u00e9rds\u00e9r\u00fcl\u00e9sek eset\u00e9n<\/td>\n<td style=\"width: 50%\">Dr. Gul\u00e1csi Gy\u00f6rgy<\/td>\n<\/tr>\n<tr>\n<td style=\"width: 50%\">El\u00fcls\u0151 keresztszalag szakad\u00e1shoz t\u00e1rsul\u00f3 l\u00e1gyr\u00e9sz s\u00e9r\u00fcl\u00e9sek k\u00e9palkot\u00f3 diagnosztik\u00e1ja<\/td>\n<td style=\"width: 50%\">Dr. Gul\u00e1csi Gy\u00f6rgy<\/td>\n<\/tr>\n<tr>\n<td style=\"width: 50%\">Csont- \u00e9s l\u00e1gyr\u00e9sz tumorok radiomikai elemz\u00e9se<\/td>\n<td style=\"width: 50%\">Dr. Gul\u00e1csi Gy\u00f6rgy<\/td>\n<\/tr>\n<tr>\n<td style=\"width: 50%\">V\u00e1ll\u00edz\u00fclet k\u00f6rny\u00e9ki MSK intervenci\u00f3k<\/td>\n<td style=\"width: 50%\">Dr. Gul\u00e1csi Gy\u00f6rgy<\/td>\n<\/tr>\n<tr>\n<td style=\"width: 50%\">Als\u00f3 v\u00e9gtagi izoms\u00e9r\u00fcl\u00e9sek MR diagnosztik\u00e1ja<\/td>\n<td style=\"width: 50%\">Dr. Gul\u00e1csi Gy\u00f6rgy<\/td>\n<\/tr>\n<tr>\n<td style=\"width: 50%\">Melanoma malignum PCD-CT vizsg\u00e1lat\u00e1nak \u00faj lehet\u0151s\u00e9gei<\/td>\n<td style=\"width: 50%\">Dr. L\u00e9n\u00e1rd Zsuzsanna\u00a0<\/td>\n<\/tr>\n<tr>\n<td style=\"width: 50%\">Fontan-asszoci\u00e1lt m\u00e1jbetegs\u00e9g k\u00e9palkot\u00f3 vizsg\u00e1lat\u00e1nak lehet\u0151s\u00e9gei<\/td>\n<td style=\"width: 50%\">Dr. L\u00e9n\u00e1rd Zsuzsanna PhD, Dr. Hives Vir\u00e1g (PhD hallgat\u00f3)<\/td>\n<\/tr>\n<tr>\n<td style=\"width: 50%\">Cs\u00edp\u0151\u00edz\u00fcleti prot\u00e9zis sz\u00f6v\u0151dm\u00e9nyek MR diagnosztik\u00e1ja<\/td>\n<td style=\"width: 50%\">Dr. Gul\u00e1csi Gy\u00f6rgy<\/td>\n<\/tr>\n<\/tbody>\n<\/table>\n","protected":false},"excerpt":{"rendered":"<p>Rektori p\u00e1ly\u00e1zat Orvosi K\u00e9palkot\u00f3 Klinika 2025\/2026 Rektori p\u00e1lyamunka c\u00edme T\u00e9mavezet\u0151 PET\/CT vizsg\u00e1lat szerepe eml\u0151tumorok primer sziszt\u00e9m\u00e1s kezel\u00e9se sor\u00e1n Dr. Gy\u00f6rke Tam\u00e1s\u00a0 PhD \u00e9s Dr. Barra Magdolna PET\/CT vizg\u00e1lat szerepe a gyermekkori sarkom\u00e1k vizsg\u00e1lat\u00e1ban Dr. Gy\u00f6rke Tam\u00e1s PhD \u00e9s Dr. Magyar Bogl\u00e1rka\u00a0 Cardiovascularis ikervizsg\u00e1latok Dr. med. habil. T\u00e1rnoki \u00c1d\u00e1m Domonkos, Dr. med. habil. T\u00e1rnoki D\u00e1vid L\u00e1szl\u00f3 &hellip;<\/p>\n","protected":false},"author":101596,"featured_media":0,"parent":9092,"menu_order":0,"comment_status":"closed","ping_status":"closed","template":"","meta":{"_acf_changed":false,"footnotes":""},"categories":[],"tags":[99],"class_list":["post-9228","page","type-page","status-publish","hentry","tag-aok-rektori-palyazat"],"acf":[],"publishpress_future_action":{"enabled":false,"date":"1970-01-01 01:00:00","action":"","terms":[],"taxonomy":"","browser_timezone_offset":0},"_links":{"self":[{"href":"https:\/\/semmelweis.hu\/tdk\/wp-json\/wp\/v2\/pages\/9228","targetHints":{"allow":["GET"]}}],"collection":[{"href":"https:\/\/semmelweis.hu\/tdk\/wp-json\/wp\/v2\/pages"}],"about":[{"href":"https:\/\/semmelweis.hu\/tdk\/wp-json\/wp\/v2\/types\/page"}],"author":[{"embeddable":true,"href":"https:\/\/semmelweis.hu\/tdk\/wp-json\/wp\/v2\/users\/101596"}],"replies":[{"embeddable":true,"href":"https:\/\/semmelweis.hu\/tdk\/wp-json\/wp\/v2\/comments?post=9228"}],"version-history":[{"count":8,"href":"https:\/\/semmelweis.hu\/tdk\/wp-json\/wp\/v2\/pages\/9228\/revisions"}],"predecessor-version":[{"id":11523,"href":"https:\/\/semmelweis.hu\/tdk\/wp-json\/wp\/v2\/pages\/9228\/revisions\/11523"}],"up":[{"embeddable":true,"href":"https:\/\/semmelweis.hu\/tdk\/wp-json\/wp\/v2\/pages\/9092"}],"wp:attachment":[{"href":"https:\/\/semmelweis.hu\/tdk\/wp-json\/wp\/v2\/media?parent=9228"}],"wp:term":[{"taxonomy":"category","embeddable":true,"href":"https:\/\/semmelweis.hu\/tdk\/wp-json\/wp\/v2\/categories?post=9228"},{"taxonomy":"post_tag","embeddable":true,"href":"https:\/\/semmelweis.hu\/tdk\/wp-json\/wp\/v2\/tags?post=9228"}],"curies":[{"name":"wp","href":"https:\/\/api.w.org\/{rel}","templated":true}]}}