{"id":9223,"date":"2023-06-06T11:29:10","date_gmt":"2023-06-06T09:29:10","guid":{"rendered":"https:\/\/semmelweis.hu\/tdk\/?page_id=9223"},"modified":"2025-10-13T14:19:34","modified_gmt":"2025-10-13T12:19:34","slug":"rektori-palyazat-egeszsegtudomanyi-kar","status":"publish","type":"page","link":"https:\/\/semmelweis.hu\/tdk\/rektori-palyazat\/rektori-palyazat-meghirdetett-temak\/rektori-palyazat-egeszsegtudomanyi-kar\/","title":{"rendered":"Eg\u00e9szs\u00e9gtudom\u00e1nyi Kar &#8211; Rektori p\u00e1ly\u00e1zat"},"content":{"rendered":"<h3>Rektori p\u00e1ly\u00e1zat Eg\u00e9szs\u00e9gtudom\u00e1nyi Kar 2025\/2026<\/h3>\n<table width=\"737\">\n<tbody>\n<tr>\n<td width=\"344\"><strong>P\u00e1lyat\u00e9tel c\u00edme<\/strong><\/td>\n<td width=\"393\"><strong>Konzulens (fokozattal)<\/strong><\/td>\n<\/tr>\n<tr>\n<td>Mindennapos eg\u00e9szs\u00e9g\u00fcgyi ell\u00e1t\u00e1s jogi \u00e9s\/vagy eg\u00e9szs\u00e9gszociol\u00f3giai aspektusb\u00f3l\u00a0<\/td>\n<td>Dr. Feith Helga Judit (PhD, habil) DG9IYE<\/td>\n<\/tr>\n<tr>\n<td>Egy paramedik\u00e1lis hivat\u00e1s szakmapolitikai helyzet\u00e9nek t\u00f6rt\u00e9neti \u00f6sszehasonl\u00edt\u00f3 elemz\u00e9se \u00e9s \u00e9rt\u00e9kel\u00e9se<\/td>\n<td>Dr. Feith Helga Judit (PhD, habil) DG9IYE<\/td>\n<\/tr>\n<tr>\n<td width=\"344\">\u00a0<\/td>\n<td>Dr. N\u00e9methn\u00e9 dr. Gradvohl Edina (PhD) WKRS0J\u00a0<\/td>\n<\/tr>\n<tr>\n<td>Iskolai eg\u00e9szs\u00e9gfejleszt\u00e9si programok hat\u00e9konys\u00e1gvizsg\u00e1lata<\/td>\n<td>Dr. Luk\u00e1cs J. \u00c1gnes (PhD) ZXIG17<\/td>\n<\/tr>\n<tr>\n<td>Az eg\u00e9szs\u00e9g\u00fcgyi ell\u00e1t\u00e1s kult\u00fara-specifikus aspektusai, tekintettel az egyes kisebbs\u00e9gi csoportok ig\u00e9nyeire.<\/td>\n<td>Dr. Dobos Attila (PhD) HJR5G8<\/td>\n<\/tr>\n<tr>\n<td>Fogyat\u00e9koss\u00e1ggal \u00e9l\u0151 emberek helyzete \u00e9s hozz\u00e1f\u00e9r\u00e9si lehet\u0151s\u00e9gei az eg\u00e9szs\u00e9g\u00fcgyi ell\u00e1t\u00e1sban<\/td>\n<td>Nagy \u00c9va D2T3OE<\/td>\n<\/tr>\n<tr>\n<td>Az eg\u00e9szs\u00e9gturizmus fejleszt\u00e9si lehet\u0151s\u00e9gei egy v\u00e1lasztott r\u00e9gi\u00f3ban.<\/td>\n<td>Dr. Sztrilich Andr\u00e1s E05YEP<\/td>\n<\/tr>\n<tr>\n<td width=\"344\">\u00a0<\/td>\n<td>Dr. Mar\u00e1czi Ferenc ENLPD9<\/td>\n<\/tr>\n<tr>\n<td>Szakdolgoz\u00f3 bevon\u00e1s\u00e1nak hat\u00e1sa a praxisk\u00f6z\u00f6ss\u00e9g \u00e1ltal ny\u00fajtott szolg\u00e1ltat\u00e1sok hat\u00e9konys\u00e1g\u00e1ra<\/td>\n<td>Dr. Sztrilich Andr\u00e1s E05YEP<\/td>\n<\/tr>\n<tr>\n<td width=\"344\">\u00a0<\/td>\n<td>Dr. Mar\u00e1czi Ferenc ENLPD9<\/td>\n<\/tr>\n<tr>\n<td>Szem\u00e9lyesen k\u00f6zrem\u0171k\u00f6d\u0151 szakdolgoz\u00f3 \u00e1ltal v\u00e1laszthat\u00f3 v\u00e1llalkoz\u00e1si form\u00e1k j\u00f6vedelemtermel\u0151 k\u00e9pess\u00e9geinek \u00f6sszehasonl\u00edt\u00f3 vizsg\u00e1lata<\/td>\n<td>Dr. Sztrilich Andr\u00e1s E05YEP<\/td>\n<\/tr>\n<tr>\n<td width=\"344\">\u00a0<\/td>\n<td>Dr. Mar\u00e1czi Ferenc ENLPD9<\/td>\n<\/tr>\n<tr>\n<td width=\"344\">Az eg\u00e9szs\u00e9g\u00fcgy marketingje<\/td>\n<td>Dr. Mar\u00e1czi Ferenc ENLPD9<\/td>\n<\/tr>\n<tr>\n<td width=\"344\">Szoci\u00e1lis k\u00e9szenl\u00e9t az eg\u00e9szs\u00e9gturizmusra<\/td>\n<td>Dr. Mar\u00e1czi Ferenc ENLPD9<\/td>\n<\/tr>\n<tr>\n<td width=\"344\">Jogi probl\u00e9m\u00e1k a turizmus ter\u00fclet\u00e9n<\/td>\n<td>Dr. Mar\u00e1czi Ferenc ENLPD9<\/td>\n<\/tr>\n<tr>\n<td>Az eg\u00e9szs\u00e9gturizmusban alkalmazhat\u00f3 marketingeszk\u00f6z\u00f6k \u00e9rt\u00e9kel\u00e9se<\/td>\n<td>Dr. Mar\u00e1czi Ferenc ENLPD9<\/td>\n<\/tr>\n<tr>\n<td>Az eg\u00e9szs\u00e9g\u00fcgyi szakdolgoz\u00f3i hum\u00e1n er\u0151forr\u00e1s-fejleszt\u00e9s technik\u00e1i, m\u00f3dszerei, csatorn\u00e1i<\/td>\n<td>Dr. Vingender Istv\u00e1n (PhD, habil) G47N4D<\/td>\n<\/tr>\n<tr>\n<td>Kult\u00farspecifikus \u00e9rtelmez\u00e9sek \u00e9s kommunik\u00e1ci\u00f3s strat\u00e9gi\u00e1k az eg\u00e9szs\u00e9g\u00fcgyben<\/td>\n<td>Dr. Horkai Anita (PhD) NOVX9P<\/td>\n<\/tr>\n<tr>\n<td>Kognit\u00edv funkci\u00f3k vizsg\u00e1lata k\u00fcl\u00f6nb\u00f6z\u0151 \u00e1llapotokban<\/td>\n<td>Dr. Tak\u00e1cs Johanna (PhD) RUDFQ9<\/td>\n<\/tr>\n<tr>\n<td>A terhess\u00e9gi hipert\u00f3ni\u00e1k oszt\u00e1lyoz\u00e1s\u00e1nak klinikai jelent\u0151s\u00e9ge<\/td>\n<td>Prof. Dr. Rig\u00f3 J\u00e1nos (egytemi tan\u00e1r, MTA doktora) APKRY1<\/td>\n<\/tr>\n<tr>\n<td>Dializ\u00e1lt betegek di\u00e9t\u00e1hoz val\u00f3 viszonyul\u00e1sa, \u00e9s ennek hat\u00e1sa a t\u00e1pl\u00e1lts\u00e1gi \u00e1llapotra<\/td>\n<td>Veresn\u00e9 Dr. B\u00e1lint M\u00e1rta (PhD) G3134X<\/td>\n<\/tr>\n<tr>\n<td>Fajtam\u00e9zek eredetmeghat\u00e1roz\u00e1si lehet\u0151s\u00e9gei pollenspektrumuk \u00e9s \u00f6sszet\u00e9tel\u00fck alapj\u00e1n<\/td>\n<td>Dr. Benedek Csilla PhD EKAYJE<\/td>\n<\/tr>\n<tr>\n<td>&nbsp;<\/td>\n<td>Bodor Zsanett HSC2RB<\/td>\n<\/tr>\n<tr>\n<td>\n<p>Ritka gabon\u00e1k felhaszn\u00e1lhat\u00f3s\u00e1ga \u00e9lelmiszeripari term\u00e9kekben (t\u00e9szt\u00e1k, kenyerek, s\u00fctem\u00e9nyek)<\/p>\n<\/td>\n<td>Dr. Benedek Csilla PhD EKAYJE<\/td>\n<\/tr>\n<tr>\n<td>&nbsp;<\/td>\n<td>Bodor Zsanett HSC2RB<\/td>\n<\/tr>\n<tr>\n<td>&nbsp;<\/td>\n<td>K\u00f3kai Zolt\u00e1n (MATE) DJ4H6C<\/td>\n<\/tr>\n<tr>\n<td>T\u00e1pl\u00e1lts\u00e1gi \u00e1llapot \u00e9s di\u00e9ta adherencia k\u00f6vet\u00e9se coeli\u00e1ki\u00e1sok k\u00f6r\u00e9ben<\/td>\n<td>Dr. P\u00e1lfi Erzs\u00e9bet (PhD) HBIEFH<\/td>\n<\/tr>\n<tr>\n<td>Elektronikus eg\u00e9szs\u00e9g\u00fcgyi szolg\u00e1ltat\u00e1sok szerepe a biztons\u00e1gos beteg- \u00e9s\u00a0gy\u00f3gyszerell\u00e1t\u00e1sban<\/td>\n<td>Dr. Bertalan L\u00f3r\u00e1nt HIM1AG<\/td>\n<\/tr>\n<tr>\n<td>A prim\u00e9r prevenci\u00f3 jelent\u0151s\u00e9ge az onkol\u00f3gi\u00e1ban<\/td>\n<td width=\"393\">Dr. Harisi Revekka (PhD) O5HS9F<\/td>\n<\/tr>\n<tr>\n<td>A secunder prevenci\u00f3 jelent\u0151s\u00e9ge az onkol\u00f3gi\u00e1ban.<\/td>\n<td width=\"393\">Dr. Harisi Revekka (PhD) O5HS9F<\/td>\n<\/tr>\n<tr>\n<td>A tercier prevenci\u00f3 jelent\u0151s\u00e9ge az onkol\u00f3gi\u00e1ban<\/td>\n<td width=\"393\">Dr. Harisi Revekka (PhD) O5HS9F<\/td>\n<\/tr>\n<tr>\n<td>A daganatos betegek t\u00e1pl\u00e1l\u00e1ster\u00e1pi\u00e1ja<\/td>\n<td width=\"393\">Dr. Harisi Revekka (PhD) O5HS9F<\/td>\n<\/tr>\n<tr>\n<td>Szabadon el\u00e9rhet\u0151 mesters\u00e9ges intelligencia eszk\u00f6z\u00f6k haszn\u00e1lata az oktat\u00e1sban \u00e9s az eg\u00e9szs\u00e9g\u00fcgyben<\/td>\n<td width=\"393\">Dr. Lantos Zolt\u00e1n (PhD) JQZIDB<\/td>\n<\/tr>\n<tr>\n<td>Eg\u00e9szs\u00e9gcoaching \u00e9s a virtu\u00e1lis eg\u00e9szs\u00e9gasszisztens<\/td>\n<td width=\"393\">Dr. Lantos Zolt\u00e1n (PhD) JQZIDB<\/td>\n<\/tr>\n<tr>\n<td>BeReal &#8211; eg\u00e9szs\u00e9gmeg\u0151rz\u00e9s a digit\u00e1lis bennsz\u00fcl\u00f6ttek k\u00f6r\u00e9ben<\/td>\n<td width=\"393\">Dr. Lantos Zolt\u00e1n (PhD) JQZIDB<\/td>\n<\/tr>\n<tr>\n<td>T\u00e1rsalkot\u00e1si folyamatok az egy\u00e9nk\u00f6zpont\u00fa eg\u00e9szs\u00e9g\u00fcgyben<\/td>\n<td width=\"393\">Dr. Lantos Zolt\u00e1n (PhD) JQZIDB<\/td>\n<\/tr>\n<tr>\n<td>Csecsem\u0151k, korasz\u00fcl\u00f6tt csecsem\u0151k t\u00e1pl\u00e1l\u00e1si neh\u00e9zs\u00e9geinek fizioter\u00e1pi\u00e1s kezel\u00e9si lehet\u0151s\u00e9gei<\/td>\n<td>Dr. Kert\u00e9sz Bernadett (PhD) FJ9AQJ<\/td>\n<\/tr>\n<tr>\n<td width=\"344\">Gy\u00f3gytorn\u00e1sz jelenl\u00e9te gyermek intenz\u00edv oszt\u00e1lyon<\/td>\n<td>Dr. Kert\u00e9sz Bernadett (PhD) FJ9AQJ<\/td>\n<\/tr>\n<tr>\n<td width=\"344\">SMA diagnosztiz\u00e1lt gyermekek fizioter\u00e1pi\u00e1s ell\u00e1t\u00e1sa<\/td>\n<td>Dr. Kert\u00e9sz Bernadett (PhD) FJ9AQJ<\/td>\n<\/tr>\n<tr>\n<td width=\"344\">Physiotherapist in Pediatric Intensive Care Unit<\/td>\n<td>Dr. Kert\u00e9sz Bernadett (PhD) FJ9AQJ<\/td>\n<\/tr>\n<tr>\n<td width=\"344\">Physiotherapy of premature, new born and infants in case of feeding problems<\/td>\n<td>Dr. Kert\u00e9sz Bernadett (PhD) FJ9AQJ<\/td>\n<\/tr>\n<tr>\n<td width=\"344\">Physiotherapy in case of Pediatric SMA<\/td>\n<td>Dr. Kert\u00e9sz Bernadett (PhD) FJ9AQJ<\/td>\n<\/tr>\n<tr>\n<td width=\"344\">Sports\u00e9r\u00fcl\u00e9sek prevenci\u00f3ja<\/td>\n<td>Dr. Mayer \u00c1gnes (PhD) ES6QMD<\/td>\n<\/tr>\n<tr>\n<td>A zen\u00e9szek hangszerspecifikus mozg\u00e1sszervi probl\u00e9m\u00e1inak felm\u00e9r\u00e9se \u00e9s fizioter\u00e1pi\u00e1ja a primer prevenci\u00f3 c\u00e9lj\u00e1b\u00f3l<\/td>\n<td>Dr. Horv\u00e1th M\u00f3nika (PhD) MOGCWO<\/td>\n<\/tr>\n<tr>\n<td width=\"344\">Rehabilit\u00e1ci\u00f3 t\u00f6rt\u00e9nete, mai helyzete<\/td>\n<td width=\"393\">T\u00f3th-Jova Erzs\u00e9bet MGC35V<\/td>\n<\/tr>\n<tr>\n<td>N\u0151i ut\u00e1np\u00f3tl\u00e1s labdar\u00fag\u00f3k prevent\u00edv edz\u00e9sszeml\u00e9lete<\/td>\n<td width=\"393\">T\u00f3th-Jova Erzs\u00e9bet MGC35V<\/td>\n<\/tr>\n<tr>\n<td>A de Quervain-f\u00e9le tendinop\u00e1tia kezel\u00e9se excentrikus tr\u00e9ninggel<\/td>\n<td>Dr. F\u00f6ldv\u00e1ri-Nagy L\u00e1szl\u00f3n\u00e9 Dr. Lenti Katalin (PhD) DT2CVV<\/td>\n<\/tr>\n<tr>\n<td>&nbsp;<\/td>\n<td>Dr. F\u00f6ldv\u00e1ri-Nagy L\u00e1szl\u00f3 (PhD) D2KQXP<\/td>\n<\/tr>\n<tr>\n<td>Endokrin \u00e9s anyagcsere betegs\u00e9gek kutat\u00e1sa<\/td>\n<td>Dr. F\u00f6ldv\u00e1ri-Nagy L\u00e1szl\u00f3n\u00e9 Dr. Lenti Katalin (PhD) DT2CVV<\/td>\n<\/tr>\n<tr>\n<td>&nbsp;<\/td>\n<td>Dr. F\u00f6ldv\u00e1ri-Nagy L\u00e1szl\u00f3 (PhD) D2KQXP<\/td>\n<\/tr>\n<tr>\n<td>Gasztrointesztin\u00e1lis vizsg\u00e1lata<\/td>\n<td>Dr. F\u00f6ldv\u00e1ri-Nagy L\u00e1szl\u00f3n\u00e9 Dr. Lenti Katalin (PhD) DT2CVV<\/td>\n<\/tr>\n<tr>\n<td>&nbsp;<\/td>\n<td>Dr. F\u00f6ldv\u00e1ri-Nagy L\u00e1szl\u00f3 (PhD) D2KQXP<\/td>\n<\/tr>\n<tr>\n<td>Probiotikum szed\u00e9s hat\u00e1sa a butir\u00e1t termel\u00e9sre<\/td>\n<td>Dr. F\u00f6ldv\u00e1ri-Nagy L\u00e1szl\u00f3n\u00e9 Dr. Lenti Katalin (PhD) DT2CVV<\/td>\n<\/tr>\n<tr>\n<td>&nbsp;<\/td>\n<td>Dr. F\u00f6ldv\u00e1ri-Nagy L\u00e1szl\u00f3 (PhD) D2KQXP<\/td>\n<\/tr>\n<tr>\n<td>A probiotikum szed\u00e9s hat\u00e1sa a b\u00e9l perme\u00e1bilit\u00e1s\u00e1t jelz\u0151 zonulin szintre<\/td>\n<td>Dr. F\u00f6ldv\u00e1ri-Nagy L\u00e1szl\u00f3n\u00e9 Dr. Lenti Katalin (PhD) DT2CVV<\/td>\n<\/tr>\n<tr>\n<td>&nbsp;<\/td>\n<td>Dr. F\u00f6ldv\u00e1ri-Nagy L\u00e1szl\u00f3 (PhD) D2KQXP<\/td>\n<\/tr>\n<tr>\n<td>A v\u00e9n\u00e1s varikozit\u00e1s egy lehets\u00e9ges modellje patk\u00e1nyban\u00a0<\/td>\n<td>Bedn\u00e1rikn\u00e9 Dr. D\u00f6rnyei Gabriella (PhD)\u00a0 JEHFRM<\/td>\n<\/tr>\n<tr>\n<td>Id\u0151s szem\u00e9lyek funkcion\u00e1lis k\u00e9pess\u00e9geinek meg\u0151rz\u00e9se<\/td>\n<td>Dr. Kov\u00e1cs \u00c9va (PhD) FDL6ML<\/td>\n<\/tr>\n<tr>\n<td>Az \u00e9relmeszesed\u00e9s patomechanizmusa\u00a0<\/td>\n<td>Dr. Szekeres M\u00e1ria (PhD) TXD1GX<\/td>\n<\/tr>\n<tr>\n<td>Az \u00e9relmeszesed\u00e9s vizsg\u00e1lata \u00e1llatk\u00eds\u00e9rletes modelleken<\/td>\n<td>Dr. Szekeres M\u00e1ria (PhD) TXD1GX<\/td>\n<\/tr>\n<tr>\n<td>D vitamin adagol\u00e1s hat\u00e1sa a vaszkul\u00e1ris adapt\u00e1ci\u00f3ra hiperandrog\u00e9n patk\u00e1ny modellben<\/td>\n<td>Dr. B\u00e1nyai B\u00e1lint (PhD hallgat\u00f3) OMZNHY<\/td>\n<\/tr>\n<tr>\n<td>&nbsp;<\/td>\n<td>Dr. Szekeres M\u00e1ria (PhD) TXD1GX<\/td>\n<\/tr>\n<tr>\n<td>Az agyi v\u00e9rkering\u00e9s szab\u00e1lyoz\u00e1s v\u00e1ltoz\u00e1sa eg\u00e9szs\u00e9ges\u00a0\u00e9s k\u00f3ros terhess\u00e9gben.<\/td>\n<td>Prof. Koller \u00c1kos (DSc) HJQ11Q<\/td>\n<\/tr>\n<tr>\n<td>&nbsp;<\/td>\n<td>Dr. Szekeres M\u00e1ria (PhD) TXD1GX<\/td>\n<\/tr>\n<tr>\n<td>CB1 kannabinoid receptorhi\u00e1ny kardiovaszkul\u00e1ris hat\u00e1sai hipert\u00f3ni\u00e1s \u00e9s hiperkoleszterin\u00e9mi\u00e1s \u00e1llatmodellben<\/td>\n<td>Dr. Szekeres M\u00e1ria (PhD) TXD1GX<\/td>\n<\/tr>\n<tr>\n<td>Osteogenesis Imperfecta \u00e9s a t\u00e1pl\u00e1lkoz\u00e1s kapcsolata, a betegs\u00e9gben \u00e9rintett\/szenved\u0151 magyar popul\u00e1ci\u00f3 t\u00e1pl\u00e1lkoz\u00e1si szok\u00e1sainak felm\u00e9r\u00e9se<\/td>\n<td>\u00a0Dr. Lichthammer Adrienn, ETK Dietetikai \u00e9s T\u00e1pl\u00e1lkoz\u00e1studom\u00e1nyi Tansz\u00e9k<\/td>\n<\/tr>\n<tr>\n<td>A t\u00e1pl\u00e1lkoz\u00e1si szok\u00e1sok hat\u00e1sa a fut\u00f3k teljes\u00edtm\u00e9ny\u00e9re<\/td>\n<td>Kormosn\u00e9 Dr. Bugyi Zsuzsanna, ETK Dietetikai \u00e9s T\u00e1pl\u00e1lkoz\u00e1studom\u00e1nyi Tansz\u00e9k<\/td>\n<\/tr>\n<\/tbody>\n<\/table>\n","protected":false},"excerpt":{"rendered":"<p>Rektori p\u00e1ly\u00e1zat Eg\u00e9szs\u00e9gtudom\u00e1nyi Kar 2025\/2026 P\u00e1lyat\u00e9tel c\u00edme Konzulens (fokozattal) Mindennapos eg\u00e9szs\u00e9g\u00fcgyi ell\u00e1t\u00e1s jogi \u00e9s\/vagy eg\u00e9szs\u00e9gszociol\u00f3giai aspektusb\u00f3l\u00a0 Dr. Feith Helga Judit (PhD, habil) DG9IYE Egy paramedik\u00e1lis hivat\u00e1s szakmapolitikai helyzet\u00e9nek t\u00f6rt\u00e9neti \u00f6sszehasonl\u00edt\u00f3 elemz\u00e9se \u00e9s \u00e9rt\u00e9kel\u00e9se Dr. Feith Helga Judit (PhD, habil) DG9IYE \u00a0 Dr. N\u00e9methn\u00e9 dr. Gradvohl Edina (PhD) WKRS0J\u00a0 Iskolai eg\u00e9szs\u00e9gfejleszt\u00e9si programok hat\u00e9konys\u00e1gvizsg\u00e1lata Dr. Luk\u00e1cs J. &hellip;<\/p>\n","protected":false},"author":101596,"featured_media":0,"parent":9092,"menu_order":0,"comment_status":"closed","ping_status":"closed","template":"","meta":{"_acf_changed":false,"footnotes":""},"categories":[26],"tags":[101],"class_list":["post-9223","page","type-page","status-publish","hentry","category-hirek-hu","tag-etk-rektori-palyazat"],"acf":[],"publishpress_future_action":{"enabled":false,"date":"1970-01-01 01:00:00","action":"","terms":[],"taxonomy":"","browser_timezone_offset":0},"_links":{"self":[{"href":"https:\/\/semmelweis.hu\/tdk\/wp-json\/wp\/v2\/pages\/9223","targetHints":{"allow":["GET"]}}],"collection":[{"href":"https:\/\/semmelweis.hu\/tdk\/wp-json\/wp\/v2\/pages"}],"about":[{"href":"https:\/\/semmelweis.hu\/tdk\/wp-json\/wp\/v2\/types\/page"}],"author":[{"embeddable":true,"href":"https:\/\/semmelweis.hu\/tdk\/wp-json\/wp\/v2\/users\/101596"}],"replies":[{"embeddable":true,"href":"https:\/\/semmelweis.hu\/tdk\/wp-json\/wp\/v2\/comments?post=9223"}],"version-history":[{"count":8,"href":"https:\/\/semmelweis.hu\/tdk\/wp-json\/wp\/v2\/pages\/9223\/revisions"}],"predecessor-version":[{"id":11821,"href":"https:\/\/semmelweis.hu\/tdk\/wp-json\/wp\/v2\/pages\/9223\/revisions\/11821"}],"up":[{"embeddable":true,"href":"https:\/\/semmelweis.hu\/tdk\/wp-json\/wp\/v2\/pages\/9092"}],"wp:attachment":[{"href":"https:\/\/semmelweis.hu\/tdk\/wp-json\/wp\/v2\/media?parent=9223"}],"wp:term":[{"taxonomy":"category","embeddable":true,"href":"https:\/\/semmelweis.hu\/tdk\/wp-json\/wp\/v2\/categories?post=9223"},{"taxonomy":"post_tag","embeddable":true,"href":"https:\/\/semmelweis.hu\/tdk\/wp-json\/wp\/v2\/tags?post=9223"}],"curies":[{"name":"wp","href":"https:\/\/api.w.org\/{rel}","templated":true}]}}