{"id":9218,"date":"2023-06-06T08:20:32","date_gmt":"2023-06-06T06:20:32","guid":{"rendered":"https:\/\/semmelweis.hu\/tdk\/?page_id=9218"},"modified":"2025-09-03T09:34:07","modified_gmt":"2025-09-03T07:34:07","slug":"rektori-palyazat-szemeszeti-klinika","status":"publish","type":"page","link":"https:\/\/semmelweis.hu\/tdk\/rektori-palyazat\/rektori-palyazat-meghirdetett-temak\/rektori-palyazat-szemeszeti-klinika\/","title":{"rendered":"Szem\u00e9szeti Klinika &#8211; Rektori p\u00e1ly\u00e1zat"},"content":{"rendered":"<h3>Rektori p\u00e1ly\u00e1zat Szem\u00e9szeti Klinika 2025\/2026<\/h3>\n<table style=\"border-collapse: collapse;width: 100%\">\n<tbody>\n<tr>\n<td style=\"width: 59.5429%\" width=\"373\"><strong>Rektori p\u00e1lyamunka c\u00edme<\/strong><\/td>\n<td style=\"width: 40.3429%\" width=\"253\"><strong>T\u00e9mavezet\u0151 neve (fokozattal)<\/strong><\/td>\n<\/tr>\n<tr>\n<td style=\"width: 59.5429%\" width=\"373\">Gyeng\u00e9nl\u00e1t\u00e1s \u00e9s l\u00e1t\u00e1s-rehabilit\u00e1ci\u00f3<\/td>\n<td style=\"width: 40.3429%\">Dr. Barcsay Gy\u00f6rgy, PhD<\/td>\n<\/tr>\n<tr>\n<td style=\"width: 59.5429%\" width=\"373\">Korszer\u0171 m\u00e9r\u0151m\u00f3dszerek a szemgoly\u00f3 biometri\u00e1j\u00e1ban<\/td>\n<td style=\"width: 40.3429%\">Dr. Cs\u00e1k\u00e1ny B\u00e9la<\/td>\n<\/tr>\n<tr>\n<td style=\"width: 59.5429%\" width=\"373\">\u00daj diagnosztikus \u00e9s ter\u00e1pi\u00e1s lehet\u0151s\u00e9gek diab\u00e9teszes retinopathi\u00e1ban \u00e9s egy\u00e9b retina betegs\u00e9gekben<\/td>\n<td style=\"width: 40.3429%\">Dr. Ecsedy M\u00f3nika, PhD<\/td>\n<\/tr>\n<tr>\n<td style=\"width: 59.5429%\" width=\"373\">\u00daj diagnosztikus lehet\u0151s\u00e9gek a szemfen\u00e9ki v\u00e9n\u00e1s kering\u00e9szavarok vizsg\u00e1lat\u00e1ban\u00a0<\/td>\n<td style=\"width: 40.3429%\">Dr. Ecsedy M\u00f3nika, PhD<\/td>\n<\/tr>\n<tr>\n<td style=\"width: 59.5429%\" width=\"373\">Chorioidea vizsg\u00e1lata diabeteses betegekben Swept Source-OCT seg\u00edts\u00e9g\u00e9vel<\/td>\n<td style=\"width: 40.3429%\">Dr. Ecsedy M\u00f3nika, PhD<br \/>\nProf. Dr. Nagy Zolt\u00e1n Zsolt, MTA Doktora<\/td>\n<\/tr>\n<tr>\n<td style=\"width: 59.5429%\" width=\"373\">Modern diagnosztikus m\u00f3dszerek a szemfelsz\u00edn betegs\u00e9geinek vizsg\u00e1lat\u00e1ban<\/td>\n<td style=\"width: 40.3429%\">Dr. F\u00fcst \u00c1gnes, PhD<\/td>\n<\/tr>\n<tr>\n<td style=\"width: 59.5429%\" width=\"373\">Szem\u00e9szeti elektrofiziol\u00f3giai vizsg\u00e1latok<\/td>\n<td style=\"width: 40.3429%\">Dr. Kn\u00e9zy Krisztina<\/td>\n<\/tr>\n<tr>\n<td style=\"width: 59.5429%\" width=\"373\">Szemh\u00e9j tumorok differenci\u00e1ldiagnosztik\u00e1ja<\/td>\n<td style=\"width: 40.3429%\" width=\"253\">Dr. Luk\u00e1ts Olga, PhD<\/td>\n<\/tr>\n<tr>\n<td style=\"width: 59.5429%\" width=\"373\">Szemh\u00e9j tumorok m\u0171t\u00e9ti kezel\u00e9se<\/td>\n<td style=\"width: 40.3429%\">Dr. Luk\u00e1ts Olga, PhD<\/td>\n<\/tr>\n<tr>\n<td style=\"width: 59.5429%\" width=\"373\">\u00d6r\u00f6kl\u0151d\u0151 szem\u00e9szeti betegs\u00e9gek<\/td>\n<td style=\"width: 40.3429%\">Prof. Dr. Nagy Zolt\u00e1n Zsolt, MTA Doktora<br \/>\nDr. Szab\u00f3 Vikt\u00f3ria, PhD<\/td>\n<\/tr>\n<tr>\n<td style=\"width: 59.5429%\" width=\"373\">Keratoconus hossz\u00fat\u00e1v\u00fa kezel\u00e9s\u00e9nek eredm\u00e9nyei CXL ter\u00e1pi\u00e1val<\/td>\n<td style=\"width: 40.3429%\">Prof. Dr. Nagy Zolt\u00e1n Zsolt, MTA Doktora<\/td>\n<\/tr>\n<tr>\n<td style=\"width: 59.5429%\" width=\"373\">A femtol\u00e9zerek intraocularis felhaszn\u00e1l\u00e1sa<\/td>\n<td style=\"width: 40.3429%\">Prof. Dr. Nagy Zolt\u00e1n Zsolt, MTA Doktora<\/td>\n<\/tr>\n<tr>\n<td style=\"width: 59.5429%\" width=\"373\">A posztoperat\u00edv l\u00e1t\u00f3\u00e9less\u00e9g \u00e9s betegel\u00e9gedetts\u00e9g \u00f6sszehasonl\u00edt\u00e1sa trifok\u00e1lis m\u0171lencs\u00e9k be\u00fcltet\u00e9s\u00e9t k\u00f6vet\u0151en<\/td>\n<td style=\"width: 40.3429%\">Prof. Dr. Nagy Zolt\u00e1n Zsolt, MTA Doktora<\/td>\n<\/tr>\n<tr>\n<td style=\"width: 59.5429%\" width=\"373\">Az ametropi\u00e1k seb\u00e9szi \u00e9s refraktiv seb\u00e9szeti kezel\u00e9s\u00e9nek lehet\u0151s\u00e9gei<\/td>\n<td style=\"width: 40.3429%\">Prof. Dr. Nagy Zolt\u00e1n Zsolt, MTA Doktora<\/td>\n<\/tr>\n<tr>\n<td style=\"width: 59.5429%\" width=\"373\">Az id\u0151skori maculadegeneratio kezel\u00e9s\u00e9nek mai gyakorlata<\/td>\n<td style=\"width: 40.3429%\">Dr. Papp Andr\u00e1s, PhD<\/td>\n<\/tr>\n<tr>\n<td style=\"width: 59.5429%\" width=\"373\">K\u00e9palkot\u00f3 elj\u00e1r\u00e1sok a szem\u00e9szetben<\/td>\n<td style=\"width: 40.3429%\">Dr. R\u00e9cs\u00e1n Zsuzsa, PhD<\/td>\n<\/tr>\n<tr>\n<td style=\"width: 59.5429%\" width=\"373\">A retinalev\u00e1l\u00e1s kialakul\u00e1sa \u00e9s gy\u00f3gyul\u00e1sa<\/td>\n<td style=\"width: 40.3429%\">Dr. Resch Mikl\u00f3s PhD<\/td>\n<\/tr>\n<tr>\n<td style=\"width: 59.5429%\" width=\"373\">A maculalyuk \u00e9s gy\u00f3gy\u00edt\u00e1sa<\/td>\n<td style=\"width: 40.3429%\">Dr. Szab\u00f3 Antal, PhD<\/td>\n<\/tr>\n<tr>\n<td style=\"width: 59.5429%\" width=\"373\">A klinikai genetika szem\u00e9szeti aspektusai<\/td>\n<td style=\"width: 40.3429%\">Dr. Szab\u00f3 Vikt\u00f3ria, PhD<\/td>\n<\/tr>\n<tr>\n<td style=\"width: 59.5429%\" width=\"373\">Prevenci\u00f3 a gyermekszem\u00e9szetben<\/td>\n<td style=\"width: 40.3429%\">Dr. Szamosi Anna, PhD<\/td>\n<\/tr>\n<tr>\n<td style=\"width: 59.5429%\" width=\"373\">Rejtett kancsals\u00e1g vizsg\u00e1lata \u00e9s kezel\u00e9se<\/td>\n<td style=\"width: 40.3429%\">Dr. Szamosi Anna, PhD<\/td>\n<\/tr>\n<tr>\n<td style=\"width: 59.5429%\" width=\"373\">A monoklon\u00e1lis gammopathia szem\u00e9szeti jelei<\/td>\n<td style=\"width: 40.3429%\">Prof. Dr. Szentm\u00e1ry N\u00f3ra, MTA Doktora<\/td>\n<\/tr>\n<tr>\n<td style=\"width: 59.5429%\" width=\"373\">Cornea-dystrophi\u00e1k<\/td>\n<td style=\"width: 40.3429%\" width=\"253\">Prof. Dr. Szentm\u00e1ry N\u00f3ra, MTA Doktora<\/td>\n<\/tr>\n<tr>\n<td style=\"width: 59.5429%\" width=\"373\">Biol\u00f3giai ter\u00e1pia a szem\u00e9szetben<\/td>\n<td style=\"width: 40.3429%\">Dr. Szepessy Zsuzsanna, PhD<\/td>\n<\/tr>\n<tr>\n<td style=\"width: 59.5429%\" width=\"373\">Funkcion\u00e1lis \u00e9s k\u00e9palkot\u00f3 diagnosztika \u00f6r\u00f6kl\u0151d\u0151 retinabetegs\u00e9gekben<\/td>\n<td style=\"width: 40.3429%\" width=\"253\">Dr. Zobor Annam\u00e1ria Ditta, PhD<\/td>\n<\/tr>\n<tr>\n<td style=\"width: 59.5429%\">Genot\u00edpus- Fenot\u00edpus Korrel\u00e1ci\u00f3k \u00f6r\u00f6kl\u0151d\u0151 retinabetegs\u00e9gekben<\/td>\n<td style=\"width: 40.3429%\" width=\"253\">Dr. Zobor Annam\u00e1ria Ditta, PhD<\/td>\n<\/tr>\n<\/tbody>\n<\/table>\n","protected":false},"excerpt":{"rendered":"<p>Rektori p\u00e1ly\u00e1zat Szem\u00e9szeti Klinika 2025\/2026 Rektori p\u00e1lyamunka c\u00edme T\u00e9mavezet\u0151 neve (fokozattal) Gyeng\u00e9nl\u00e1t\u00e1s \u00e9s l\u00e1t\u00e1s-rehabilit\u00e1ci\u00f3 Dr. Barcsay Gy\u00f6rgy, PhD Korszer\u0171 m\u00e9r\u0151m\u00f3dszerek a szemgoly\u00f3 biometri\u00e1j\u00e1ban Dr. Cs\u00e1k\u00e1ny B\u00e9la \u00daj diagnosztikus \u00e9s ter\u00e1pi\u00e1s lehet\u0151s\u00e9gek diab\u00e9teszes retinopathi\u00e1ban \u00e9s egy\u00e9b retina betegs\u00e9gekben Dr. Ecsedy M\u00f3nika, PhD \u00daj diagnosztikus lehet\u0151s\u00e9gek a szemfen\u00e9ki v\u00e9n\u00e1s kering\u00e9szavarok vizsg\u00e1lat\u00e1ban\u00a0 Dr. Ecsedy M\u00f3nika, PhD Chorioidea vizsg\u00e1lata &hellip;<\/p>\n","protected":false},"author":101596,"featured_media":0,"parent":9092,"menu_order":0,"comment_status":"closed","ping_status":"closed","template":"","meta":{"_acf_changed":false,"footnotes":""},"categories":[],"tags":[99],"class_list":["post-9218","page","type-page","status-publish","hentry","tag-aok-rektori-palyazat"],"acf":[],"publishpress_future_action":{"enabled":false,"date":"1970-01-01 01:00:00","action":"","terms":[],"taxonomy":"","browser_timezone_offset":0},"_links":{"self":[{"href":"https:\/\/semmelweis.hu\/tdk\/wp-json\/wp\/v2\/pages\/9218","targetHints":{"allow":["GET"]}}],"collection":[{"href":"https:\/\/semmelweis.hu\/tdk\/wp-json\/wp\/v2\/pages"}],"about":[{"href":"https:\/\/semmelweis.hu\/tdk\/wp-json\/wp\/v2\/types\/page"}],"author":[{"embeddable":true,"href":"https:\/\/semmelweis.hu\/tdk\/wp-json\/wp\/v2\/users\/101596"}],"replies":[{"embeddable":true,"href":"https:\/\/semmelweis.hu\/tdk\/wp-json\/wp\/v2\/comments?post=9218"}],"version-history":[{"count":7,"href":"https:\/\/semmelweis.hu\/tdk\/wp-json\/wp\/v2\/pages\/9218\/revisions"}],"predecessor-version":[{"id":11636,"href":"https:\/\/semmelweis.hu\/tdk\/wp-json\/wp\/v2\/pages\/9218\/revisions\/11636"}],"up":[{"embeddable":true,"href":"https:\/\/semmelweis.hu\/tdk\/wp-json\/wp\/v2\/pages\/9092"}],"wp:attachment":[{"href":"https:\/\/semmelweis.hu\/tdk\/wp-json\/wp\/v2\/media?parent=9218"}],"wp:term":[{"taxonomy":"category","embeddable":true,"href":"https:\/\/semmelweis.hu\/tdk\/wp-json\/wp\/v2\/categories?post=9218"},{"taxonomy":"post_tag","embeddable":true,"href":"https:\/\/semmelweis.hu\/tdk\/wp-json\/wp\/v2\/tags?post=9218"}],"curies":[{"name":"wp","href":"https:\/\/api.w.org\/{rel}","templated":true}]}}