{"id":9214,"date":"2023-06-05T11:17:35","date_gmt":"2023-06-05T09:17:35","guid":{"rendered":"https:\/\/semmelweis.hu\/tdk\/?page_id=9214"},"modified":"2025-09-12T14:40:16","modified_gmt":"2025-09-12T12:40:16","slug":"rektori-palyazat-gyermekgyogyaszati-klinika-tuzolto-utcai-reszleg","status":"publish","type":"page","link":"https:\/\/semmelweis.hu\/tdk\/rektori-palyazat\/rektori-palyazat-meghirdetett-temak\/rektori-palyazat-gyermekgyogyaszati-klinika-tuzolto-utcai-reszleg\/","title":{"rendered":"Gyermekgy\u00f3gy\u00e1szati Klinika T\u0171zolt\u00f3 utcai r\u00e9szleg &#8211; Rektori p\u00e1ly\u00e1zat"},"content":{"rendered":"<h3>Rektori p\u00e1ly\u00e1zat Gyermekgy\u00f3gy\u00e1szati Klinika T\u0171zolt\u00f3 utcai r\u00e9szleg 2025\/2026<\/h3>\n<table style=\"width: 72.4167%\" width=\"980\">\n<tbody>\n<tr>\n<td style=\"width: 55.78%\" width=\"287\"><strong>Magyar nyelv\u0171<\/strong><\/td>\n<td style=\"width: 44.0172%\" width=\"693\">\u00a0<\/td>\n<\/tr>\n<tr>\n<td style=\"width: 55.78%\"><strong>T\u00e9mavezet\u0151 neve (fokozattal)<\/strong><\/td>\n<td style=\"width: 44.0172%\"><strong>Dolgozat c\u00edme<\/strong><\/td>\n<\/tr>\n<tr>\n<td style=\"width: 55.78%\" width=\"287\">Dr. Bertalan Rita (klinikai f\u0151orvos, Phd)<\/td>\n<td style=\"width: 44.0172%\">Gonad dysgenesis gyermek \u00e9s fiatal feln\u0151ttkorban<\/td>\n<\/tr>\n<tr>\n<td style=\"width: 55.78%\" width=\"287\">Dr. Bertalan Rita (klinikai f\u0151orvos, Phd)<\/td>\n<td style=\"width: 44.0172%\">N\u00f6veked\u00e9si hormonhi\u00e1ny gyermekkorban<\/td>\n<\/tr>\n<tr>\n<td style=\"width: 55.78%\" width=\"287\">Dr. Bertalan Rita (klinikai f\u0151orvos, Phd)<\/td>\n<td style=\"width: 44.0172%\">Noonan szindr\u00f3ma gyermekkorban<\/td>\n<\/tr>\n<tr>\n<td style=\"width: 55.78%\" width=\"287\">Dr. Constantin Tam\u00e1s (egyetemi docens,PhD)<\/td>\n<td style=\"width: 44.0172%\">Kezel\u00e9si lehet\u0151s\u00e9gek standard ter\u00e1pi\u00e1ra rezisztens JIA-ban<\/td>\n<\/tr>\n<tr>\n<td style=\"width: 55.78%\" width=\"287\">Dr. Constantin Tam\u00e1s (egyetemi docens,PhD)<\/td>\n<td style=\"width: 44.0172%\">Betegk\u00f6zpont\u00fa kimeneti mutat\u00f3k vizsg\u00e1lata JIA-ban<\/td>\n<\/tr>\n<tr>\n<td style=\"width: 55.78%\" width=\"287\">Dr. Constantin Tam\u00e1s (egyetemi docens,PhD)<\/td>\n<td style=\"width: 44.0172%\">Aktivit\u00e1si \u00e9s kimeneteli klinikai \u00e9s biomarkerek juvenilis idiopathi\u00e1s arthritisben<\/td>\n<\/tr>\n<tr>\n<td style=\"width: 55.78%\" width=\"287\">Dr. Cs\u00f3ka Monika (med. habil. egyetemi docens, Phd)<\/td>\n<td style=\"width: 44.0172%\">C\u00e9lzott kezel\u00e9sek gyermekkori l\u00e1gyr\u00e9szszark\u00f3m\u00e1kban<\/td>\n<\/tr>\n<tr>\n<td style=\"width: 55.78%\" width=\"287\">Dr. Cs\u00f3ka Monika (med. habil. egyetemi docens, Phd)<\/td>\n<td style=\"width: 44.0172%\">C\u00e9lzott kezel\u00e9sek ritka gyermekkori tumorokban<\/td>\n<\/tr>\n<tr>\n<td style=\"width: 55.78%\" width=\"287\">Dr. Dobner Sarolta (klinikai szakorvos)<\/td>\n<td style=\"width: 44.0172%\">Agyi vasculitisek etiol\u00f3gi\u00e1ja, klinikai k\u00e9pe, kezel\u00e9se, kimenetele<\/td>\n<\/tr>\n<tr>\n<td style=\"width: 55.78%\" width=\"287\">Dr. Dobner Sarolta (klinikai szakorvos)<\/td>\n<td style=\"width: 44.0172%\">Gyermekkori primer k\u00f6zponti idegrendszeri vasculitisek<\/td>\n<\/tr>\n<tr>\n<td style=\"width: 55.78%\" width=\"287\">Dr. Dobner Sarolta (klinikai szakorvos)<\/td>\n<td style=\"width: 44.0172%\">Immunmedi\u00e1lt k\u00f6zponti idegrendszeri k\u00f3rk\u00e9pek gyermekkorban<\/td>\n<\/tr>\n<tr>\n<td style=\"width: 55.78%\" width=\"287\">Dr. Dobner Sarolta (klinikai szakorvos)<\/td>\n<td style=\"width: 44.0172%\">Gyermekkori purulens \u00e9s serosus meningitisek epidemiol\u00f3gi\u00e1ja, klinikuma \u00e9s laborat\u00f3riumi eredm\u00e9nyeinek elemz\u00e9se<\/td>\n<\/tr>\n<tr>\n<td style=\"width: 55.78%\">Dr. Dobner Sarolta (klinikai szakorvos)<\/td>\n<td style=\"width: 44.0172%\">Onkol\u00f3giai betegek neurol\u00f3giai sz\u00f6v\u0151dm\u00e9nyei<\/td>\n<\/tr>\n<tr>\n<td style=\"width: 55.78%\">Dr. Dobner Sarolta (klinikai szakorvos)<\/td>\n<td style=\"width: 44.0172%\">Sport \u00e9s neurol\u00f3giai betegs\u00e9gek<\/td>\n<\/tr>\n<tr>\n<td style=\"width: 55.78%\">Dr. Egyed B\u00e1lint (klinikai szakorvos, Phd)<\/td>\n<td style=\"width: 44.0172%\">A genetikai eredet\u0171 kr\u00f3nikus gyermekkori cytopeni\u00e1k diagnosztik\u00e1ja \u00e9s kezel\u00e9se a molekul\u00e1ris medicina korszak\u00e1ban<\/td>\n<\/tr>\n<tr>\n<td style=\"width: 55.78%\">Dr. Erd\u00e9lyi D\u00e1niel (med. habil. egyetemi docens, Phd)<\/td>\n<td style=\"width: 44.0172%\">Gyermekkori \u00e9s kamasz\/fiatal feln\u0151ttkori ALL recid\u00edva kezel\u00e9se<\/td>\n<\/tr>\n<tr>\n<td style=\"width: 55.78%\">Dr. Erd\u00e9lyi D\u00e1niel (med. habil. egyetemi docens, Phd)<\/td>\n<td style=\"width: 44.0172%\">Gyermekkori akut limfoblasztos leuk\u00e9mia k\u00f6zponti idegrendszeri \u00e9rintetts\u00e9g\u00e9nek diagnosztik\u00e1ja<\/td>\n<\/tr>\n<tr>\n<td style=\"width: 55.78%\">Dr. Erd\u00e9lyi D\u00e1niel (med. habil. egyetemi docens, Phd)<\/td>\n<td style=\"width: 44.0172%\">Rizik\u00f3faktorok gyermekkori akut limfoblasztos leuk\u00e9mia recid\u00edv\u00e1ban<\/td>\n<\/tr>\n<tr>\n<td style=\"width: 55.78%\">Dr. G\u00e1cs Zs\u00f3fia (klinikai szakorvos, egyetemi tan\u00e1rseg\u00e9d)<\/td>\n<td style=\"width: 44.0172%\">A csal\u00e1d \u00e9s a gyermek viszonya 1. t\u00edpus\u00fa diab\u00e9teszes betegekn\u00e9l<\/td>\n<\/tr>\n<tr>\n<td style=\"width: 55.78%\">Dr. G\u00e1cs Zs\u00f3fia (klinikai szakorvos, egyetemi tan\u00e1rseg\u00e9d)<\/td>\n<td style=\"width: 44.0172%\">\u00c1ltal\u00e1nos j\u00f3ll\u00e9t \u00e9s betegs\u00e9gspecifikus t\u00e9nyez\u0151k diab\u00e9teszes gyermekek csal\u00e1dj\u00e1ban<\/td>\n<\/tr>\n<tr>\n<td style=\"width: 55.78%\">Dr. G\u00e1cs Zs\u00f3fia (klinikai szakorvos, egyetemi tan\u00e1rseg\u00e9d)<\/td>\n<td style=\"width: 44.0172%\">T\u00fals\u00falyos \u00e9s elh\u00edzott gyermekek gondoz\u00e1sa az \u00c9letm\u00f3d ambulanci\u00e1n<\/td>\n<\/tr>\n<tr>\n<td style=\"width: 55.78%\">Dr. G\u00e1cs Zs\u00f3fia (klinikai szakorvos, egyetemi tan\u00e1rseg\u00e9d)<\/td>\n<td style=\"width: 44.0172%\">A gyerekkori t\u00fals\u00faly meg\u00edt\u00e9l\u00e9se gyermekekkel foglalkoz\u00f3 szakemberek k\u00f6z\u00f6tt<\/td>\n<\/tr>\n<tr>\n<td style=\"width: 55.78%\">Dr. G\u00e1cs Zs\u00f3fia (klinikai szakorvos, egyetemi tan\u00e1rseg\u00e9d)<\/td>\n<td style=\"width: 44.0172%\">Sz\u00e1m\u00edt\u00f3g\u00e9pes j\u00e1t\u00e9k \u00e9s hypertonia<\/td>\n<\/tr>\n<tr>\n<td style=\"width: 55.78%\">Dr. Garami Mikl\u00f3s (med. habil. egyetemi docens, Phd)<\/td>\n<td style=\"width: 44.0172%\">Ritka gyermekkori k\u00f6zponti idegrendszeri embryonalis tu &#8211; Regiszter analysis<\/td>\n<\/tr>\n<tr>\n<td style=\"width: 55.78%\">Dr. Garami Mikl\u00f3s (med. habil. egyetemi docens, Phd)<\/td>\n<td style=\"width: 44.0172%\">Gyermekkori daganatos megbeteged\u00e9ssel diagnosztiz\u00e1ltak sz\u00fcks\u00e9gletei: irodalom kutat\u00e1s \u00e9s meta anal\u00edzis (e-QoL)<\/td>\n<\/tr>\n<tr>\n<td style=\"width: 55.78%\">Dr. Garami Mikl\u00f3s (med. habil. egyetemi docens, Phd), Dr. Botos P\u00e9ter<\/td>\n<td style=\"width: 44.0172%\">I-es t\u00edpus\u00fa neurofibromatosis: genot\u00edpus &#8211; fenot\u00edpus \u00f6sszef\u00fcgg\u00e9se<\/td>\n<\/tr>\n<tr>\n<td style=\"width: 55.78%\">Dr. Garami Mikl\u00f3s (med. habil. egyetemi docens, Phd), Dr. Juh\u00e1sz Orsolya (egyetemi tan\u00e1rseg\u00e9d, PhD)<\/td>\n<td style=\"width: 44.0172%\">A gyeremkonkologiai protokollok &#8211; k\u00e9s\u0151i sz\u00f6v\u0151dm\u00e9nyek:fertilit\u00e1si probl\u00e9m\u00e1k \u00e9s megold\u00e1sok<\/td>\n<\/tr>\n<tr>\n<td style=\"width: 55.78%\">Dr. Garami Mikl\u00f3s (med. habil. egyetemi docens, Phd), Dr. Pfeffer Anita<\/td>\n<td style=\"width: 44.0172%\">N\u00f6veked\u00e9si hormonp\u00f3tl\u00e1s a klinikai gyakorlatban: tapasztalatok a gyermekkori agytumort t\u00fal\u00e9l\u0151k k\u00f6r\u00e9ben<\/td>\n<\/tr>\n<tr>\n<td style=\"width: 55.78%\">Dr. Garami Mikl\u00f3s (med. habil. egyetemi docens, Phd), Dr. S\u00e1gi Vikt\u00f3ria<\/td>\n<td style=\"width: 44.0172%\">A b\u00e9l mikrobiom \u00e9s tumormikrobiom st\u00e1tusz vizsg\u00e1lata szold agyi tumoros gyermekekben<\/td>\n<\/tr>\n<tr>\n<td style=\"width: 55.78%\">Dr. Garami Mikl\u00f3s (med. habil. egyetemi docens, Phd), Dr. Szanados M\u00e1rton<\/td>\n<td style=\"width: 44.0172%\">Medulloblastom\u00e1s gyermekek neurokognit\u00edv funkci\u00f3inak vizsg\u00e1lata<\/td>\n<\/tr>\n<tr>\n<td style=\"width: 55.78%\">Dr. Haltrich Ir\u00e9n (tudom\u00e1nyos f\u0151munkat\u00e1rs, PhD)<\/td>\n<td style=\"width: 44.0172%\">A 22q11 mikrodel\u00e9ci\u00f3s szindr\u00f3ma klinikai aspektusai<\/td>\n<\/tr>\n<tr>\n<td style=\"width: 55.78%\">Dr. Hegyi M\u00e1rta (egyetemi tan\u00e1rseg\u00e9d, PhD)<\/td>\n<td style=\"width: 44.0172%\">Centr\u00e1lis kan\u00fclh\u00f6z kapcsol\u00f3d\u00f3 sz\u00f6v\u0151dm\u00e9nyek gyermekkori haemato-onkol\u00f3giai megbeteged\u00e9sekben<\/td>\n<\/tr>\n<tr>\n<td style=\"width: 55.78%\">Dr. Horv\u00e1th Kl\u00e1ra (egyetemi adjunktus, PhD)<\/td>\n<td style=\"width: 44.0172%\">Virtu\u00e1lis val\u00f3s\u00e1g\u00a0alap\u00fa felk\u00e9sz\u00edt\u00e9s hat\u00e1sa MRI vizsg\u00e1latban r\u00e9szes\u00fcl\u0151 gyermekekben<\/td>\n<\/tr>\n<tr>\n<td style=\"width: 55.78%\">Dr. Horv\u00e1th Kl\u00e1ra (egyetemi adjunktus, PhD)<\/td>\n<td style=\"width: 44.0172%\">A pszichoszoci\u00e1lis, kognit\u00edv \u00e9s szubjekt\u00edv fizik\u00e1lis k\u00e9pess\u00e9gek hossz\u00fa t\u00e1v\u00fa v\u00e1ltoz\u00e1sa intenz\u00edv oszt\u00e1lyon kezelt gyermekekn\u00e9l<\/td>\n<\/tr>\n<tr>\n<td style=\"width: 55.78%\">Dr. Horv\u00e1th Kl\u00e1ra (egyetemi adjunktus, PhD)<\/td>\n<td style=\"width: 44.0172%\">Autoinflammat\u00f3rikus betegs\u00e9gek \u00e9s amyloid\u00f3zis<\/td>\n<\/tr>\n<tr>\n<td style=\"width: 55.78%\">Dr. Horv\u00e1th Kl\u00e1ra (egyetemi adjunktus, PhD)<\/td>\n<td style=\"width: 44.0172%\">Kock\u00e1zatbecsl\u00e9s Kawasaki szindr\u00f3m\u00e1ban<\/td>\n<\/tr>\n<tr>\n<td style=\"width: 55.78%\">Dr. Hossz\u00fa \u00c9va (klinikai szakorvos)<\/td>\n<td style=\"width: 44.0172%\">Turnes syndrom\u00e1s betegek ut\u00e1nk\u00f6vet\u00e9se<\/td>\n<\/tr>\n<tr>\n<td style=\"width: 55.78%\">Dr. Hossz\u00fa \u00c9va (klinikai szakorvos)<\/td>\n<td style=\"width: 44.0172%\">Turner syndrom\u00e1s betegek n\u00f6veked\u00e9se GH kezel\u00e9s alatt<\/td>\n<\/tr>\n<tr>\n<td style=\"width: 55.78%\">Dr. Hossz\u00fa \u00c9va (klinikai szakorvos)<\/td>\n<td style=\"width: 44.0172%\">Obesitas \u00e9s hypothyreosis<\/td>\n<\/tr>\n<tr>\n<td style=\"width: 55.78%\">Dr. Hossz\u00fa \u00c9va (klinikai szakorvos)<\/td>\n<td style=\"width: 44.0172%\">Csontt\u00f6r\u00e9sek \u00e9s a csont \u00e1sv\u00e1nyianyagtartam\u00e1nak \u00f6sszef\u00fcgg\u00e9se<\/td>\n<\/tr>\n<tr>\n<td style=\"width: 55.78%\">Dr. Hossz\u00fa \u00c9va (klinikai szakorvos)<\/td>\n<td style=\"width: 44.0172%\">Duchenne izomdisztrofi\u00e1s betegek csontmetabolizmusa<\/td>\n<\/tr>\n<tr>\n<td style=\"width: 55.78%\">Dr. Hossz\u00fa \u00c9va (klinikai szakorvos)<\/td>\n<td style=\"width: 44.0172%\">Duchenne izomdisztrofi\u00e1s betegek csontv\u00e9delme<\/td>\n<\/tr>\n<tr>\n<td style=\"width: 55.78%\">Dr. Hossz\u00fa \u00c9va (klinikai szakorvos)<\/td>\n<td style=\"width: 44.0172%\">Osteogenesis imperfectas betegek kezel\u00e9si lehet\u0151s\u00e9gei<\/td>\n<\/tr>\n<tr>\n<td style=\"width: 55.78%\">Dr. Jen\u0151v\u00e1ri Zolt\u00e1n (klinikai f\u0151orvos<\/td>\n<td style=\"width: 44.0172%\">Gyermekkori appedicitsek mikrobiol\u00f3giai vizsg\u00e1latainak retrospekt\u00edv elemz\u00e9se<\/td>\n<\/tr>\n<tr>\n<td style=\"width: 55.78%\">Dr. Jen\u0151v\u00e1ri Zolt\u00e1n (klinikai f\u0151orvos<\/td>\n<td style=\"width: 44.0172%\">Gyermekkori t\u00f6r\u00e9sek r\u00f6gz\u00edt\u00e9se percutan Kirschner dr\u00f3tos r\u00f6gz\u00edt\u00e9ssel<\/td>\n<\/tr>\n<tr>\n<td style=\"width: 55.78%\">Dr. Jen\u0151v\u00e1ri Zolt\u00e1n (klinikai f\u0151orvos<\/td>\n<td style=\"width: 44.0172%\">Gyermekkori l\u00e1gy\u00e9ks\u00e9rvek m\u0171t\u00e9ti megold\u00e1sainak \u00f6sszehasonl\u00edt\u00e1sa<\/td>\n<\/tr>\n<tr>\n<td style=\"width: 55.78%\">Dr. Liptai Zolt\u00e1n (egyetemi docens, PhD)<\/td>\n<td style=\"width: 44.0172%\">Neuroinfekci\u00f3k \u00e9s neuroimmunol\u00f3giai betegs\u00e9gek klinikai, radiol\u00f3giai, laborat\u00f3riumi jellemz\u0151i \u00e9s ezek hat\u00e1sa a kimenetelre<\/td>\n<\/tr>\n<tr>\n<td style=\"width: 55.78%\">Dr. Liptai Zolt\u00e1n (egyetemi docens, PhD)<\/td>\n<td style=\"width: 44.0172%\">1-es t\u00edpus\u00fa neurofibromatosisos gyermekek neurol\u00f3giai k\u00e9pe<\/td>\n<\/tr>\n<tr>\n<td style=\"width: 55.78%\">Dr. M\u00fcller Judit (egyetemi docens, PhD)<\/td>\n<td style=\"width: 44.0172%\">Kr\u00f3nikus immun thrombocytopenia \u00faj kezel\u00e9si lehet\u0151s\u00e9gei gyermekkorban<\/td>\n<\/tr>\n<tr>\n<td style=\"width: 55.78%\">Dr. N\u00e9meth \u00c1gnes (klinikai szakorvos)<\/td>\n<td style=\"width: 44.0172%\">A gyermekkori asztma kezel\u00e9s\u00e9nek v\u00e1ltoz\u00e1sa az elm\u00falt 10 \u00e9vben<\/td>\n<\/tr>\n<tr>\n<td style=\"width: 55.78%\">Dr. N\u00e9meth \u00c1gnes (klinikai szakorvos)<\/td>\n<td style=\"width: 44.0172%\">A gyermekkori asztma kezel\u00e9s\u00e9e 5 \u00e9ves kor alatt<\/td>\n<\/tr>\n<tr>\n<td style=\"width: 55.78%\">Dr. N\u00e9meth \u00c1gnes (klinikai szakorvos)<\/td>\n<td style=\"width: 44.0172%\">Biol\u00f3giai ter\u00e1pia szerepe gyermekkori asthm\u00e1s megbeteged\u00e9sekben<\/td>\n<\/tr>\n<tr>\n<td style=\"width: 55.78%\">Dr. N\u00e9meth \u00c1gnes (klinikai szakorvos)<\/td>\n<td style=\"width: 44.0172%\">Post COVID szindr\u00f3m\u00e1s betegek l\u00e9g\u00fati megbeteged\u00e9sei gyermekkorban<\/td>\n<\/tr>\n<tr>\n<td style=\"width: 55.78%\">Dr. N\u00e9meth \u00c1gnes (klinikai szakorvos)<\/td>\n<td style=\"width: 44.0172%\">SARs CoV2 ferz\u0151z\u00e9s, influenza, RSV fert\u0151z\u00e9s kisdedkorban<\/td>\n<\/tr>\n<tr>\n<td style=\"width: 55.78%\">Dr. N\u00e9meth \u00c1gnes (klinikai szakorvos)<\/td>\n<td style=\"width: 44.0172%\">SARSCoV2 fert\u0151z\u00e9st k\u00f6vet\u0151 k\u00f3r\u00e1llapotok gyermekkorban<\/td>\n<\/tr>\n<tr>\n<td style=\"width: 55.78%\">Dr. N\u00e9meth \u00c1gnes (klinikai szakorvos)<\/td>\n<td style=\"width: 44.0172%\">SARSCoV2 fert\u0151z\u00e9st k\u00f6vet\u0151 sz\u00edvritmuszavarok \u00e9s kezel\u00e9s\u00fck<\/td>\n<\/tr>\n<tr>\n<td style=\"width: 55.78%\">Dr. Ponyi Andrea (egyetemi adjunktus, Phd)<\/td>\n<td style=\"width: 44.0172%\">Juvenilis dermatomyositis: pathomechanizmus, klinikai k\u00e9p \u00e9s kezel\u00e9si lehet\u0151s\u00e9gek<\/td>\n<\/tr>\n<tr>\n<td style=\"width: 55.78%\">Dr. Ponyi Andrea (egyetemi adjunktus, Phd)<\/td>\n<td style=\"width: 44.0172%\">Sziszt\u00e9m\u00e1s lupus erythematosus: klinikum \u00e9s kezel\u00e9s gyermekkorban<\/td>\n<\/tr>\n<tr>\n<td style=\"width: 55.78%\">Dr. Ponyi Andrea (egyetemi adjunktus, Phd)<\/td>\n<td style=\"width: 44.0172%\">C\u00e9lzott kezel\u00e9sek juvenilis idiopathi\u00e1s arthritisben: hossz\u00fat\u00e1v\u00fa eredm\u00e9nyek<\/td>\n<\/tr>\n<tr>\n<td style=\"width: 55.78%\">Dr. Prokopp Tam\u00e1s (klinikai szakorvos)<\/td>\n<td style=\"width: 44.0172%\">Gyermekkori pajzsmirigy m\u0171t\u00e9tek sz\u00f6v\u0151dm\u00e9nyeinek vizsg\u00e1lata<\/td>\n<\/tr>\n<tr>\n<td style=\"width: 55.78%\">Dr. Szab\u00f3 L\u00e9na (egyetemi adjunktus, Phd)<\/td>\n<td style=\"width: 44.0172%\">Mozg\u00e1steljes\u00edtm\u00e9ny v\u00e1lotoz\u00e1s\u00e1nak m\u00e9r\u00e9se neuromuszkul\u00e1sri betegs\u00e9gekben<\/td>\n<\/tr>\n<tr>\n<td style=\"width: 55.78%\">Dr. Szab\u00f3 S\u00e1ndor (klinikai szakorvos, Phd), Dr. Cs\u00f3ka Monika (med. habil. egyetemi docens, Phd)<\/td>\n<td style=\"width: 44.0172%\">Retinoblastoma korszer\u0171 diagnosztik\u00e1ja \u00e9s kezel\u00e9se<\/td>\n<\/tr>\n<tr>\n<td style=\"width: 55.78%\">Dr. Vojnisek Zsuzsanna (klinkia szakorvos)<\/td>\n<td style=\"width: 44.0172%\">Biol\u00f3giai ter\u00e1pia monitoriz\u00e1l\u00e1sa gyermekkori gyullad\u00e1sos b\u00e9lbetegs\u00e9gekben<\/td>\n<\/tr>\n<tr>\n<td style=\"width: 55.78%\">Dr. Vojnisek Zsuzsanna (klinkia szakorvos)<\/td>\n<td style=\"width: 44.0172%\">Gyullad\u00e1sos b\u00e9lbeteg gyermekek \u00e9letmin\u0151s\u00e9g\u00e9nek vizsg\u00e1lata<\/td>\n<\/tr>\n<tr>\n<td style=\"width: 55.78%\">Dr. Vojnisek Zsuzsanna (klinkia szakorvos)<\/td>\n<td style=\"width: 44.0172%\">T\u00e1pl\u00e1lkoz\u00e1si szok\u00e1sok gyullad\u00e1sos b\u00e9lbeteg gyermekek k\u00f6r\u00e9ben<\/td>\n<\/tr>\n<tr>\n<td style=\"width: 55.78%\">Dr. Vojnisek Zsuzsanna (klinkia szakorvos)<\/td>\n<td style=\"width: 44.0172%\">Eszk\u00f6z\u00f6s t\u00e1pl\u00e1l\u00e1si lehet\u0151s\u00e9gek onkol\u00f3giai betegekn\u00e9l<\/td>\n<\/tr>\n<tr>\n<td style=\"width: 55.78%\">Dr. Vojnisek Zsuzsanna (klinkia szakorvos)<\/td>\n<td style=\"width: 44.0172%\">Gyullad\u00e1sos b\u00e9lbetegs\u00e9g extraintestinalis manifeszt\u00e1ci\u00f3i a Gyermekklinika T\u0171zolt\u00f3 utcai r\u00e9szleg\u00e9n gondozott betegek k\u00f6z\u00f6tt<\/td>\n<\/tr>\n<tr>\n<td style=\"width: 55.78%\">Prof. Dr. Kov\u00e1cs G\u00e1bor (egyetemi tan\u00e1r, MTA doktora)<\/td>\n<td style=\"width: 44.0172%\">Gyermekkori lymphoblasos lymphoma retrosperkz\u00edv adatelemz\u00e9se<\/td>\n<\/tr>\n<tr>\n<td style=\"width: 55.78%\">Prof. Dr. Kov\u00e1cs G\u00e1bor (egyetemi tan\u00e1r, MTA doktora)<\/td>\n<td style=\"width: 44.0172%\">Netrop\u00e9ni\u00e1s betegek mikrobiol\u00f3gia adatainak elemz\u00e9se<\/td>\n<\/tr>\n<tr>\n<td style=\"width: 55.78%\">Prof. Dr. Kov\u00e1cs G\u00e1bor (egyetemi tan\u00e1r, MTA doktora)<\/td>\n<td style=\"width: 44.0172%\">Orsz\u00e1gos gyermekkori ITP adatok feldolgoz\u00e1sa<\/td>\n<\/tr>\n<tr>\n<td style=\"width: 55.78%\">Prof. Dr. Kov\u00e1cs G\u00e1bor (egyetemi tan\u00e1r, MTA doktora)<\/td>\n<td style=\"width: 44.0172%\">A fenntart\u00f3 \u00e9s intenz\u00edv ter\u00e1pia denzit\u00e1s\u00e1nak jelent\u0151s\u00e9ge gyermekkori ALL-ben &#8211; retrospekt\u00edv adatelemz\u00e9s<\/td>\n<\/tr>\n<tr>\n<td style=\"width: 55.78%\"><strong>Angol nyelv\u0171<\/strong><\/td>\n<td style=\"width: 44.0172%\">\u00a0<\/td>\n<\/tr>\n<tr>\n<td style=\"width: 55.78%\"><strong>T\u00e9mavezet\u0151 neve (fokozattal)<\/strong><\/td>\n<td style=\"width: 44.0172%\"><strong>Dolgozat c\u00edme<\/strong><\/td>\n<\/tr>\n<tr>\n<td style=\"width: 55.78%\" width=\"287\">Dr. Constantin Tam\u00e1s (egyetemi docsnes,PhD)<\/td>\n<td style=\"width: 44.0172%\">Treatment of relapse in childhood ALL<\/td>\n<\/tr>\n<tr>\n<td style=\"width: 55.78%\">Dr. Erd\u00e9lyi D\u00e1niel (med. habil. egyetemi docens, Phd)<\/td>\n<td style=\"width: 44.0172%\">Immunmediated central nervous diseases in childhood<\/td>\n<\/tr>\n<tr>\n<td style=\"width: 55.78%\">Dr. Dobner Sarolta (klinikai szakorvos)<\/td>\n<td style=\"width: 44.0172%\">Sedation, sleep and circadian rhythm at the PICU<\/td>\n<\/tr>\n<tr>\n<td style=\"width: 55.78%\">Dr. Garami Mikl\u00f3s (med. habil. egyetemi docens, Phd)<\/td>\n<td style=\"width: 44.0172%\">Clinical, laboratory, radiological characteristics of neuroinfections and neuroimmunological diseases, and their impact on the outcome<\/td>\n<\/tr>\n<tr>\n<td style=\"width: 55.78%\">Dr. Garami Mikl\u00f3s (med. habil. egyetemi docens, Phd), Dr. Hern\u00e1df\u0151i M\u00e1rk<\/td>\n<td style=\"width: 44.0172%\">Neurological picture of children with neurofibromatosis type 1<\/td>\n<\/tr>\n<tr>\n<td style=\"width: 55.78%\">Dr. Liptai Zolt\u00e1n (egyetemi docens, PhD)<\/td>\n<td style=\"width: 44.0172%\">Juvenile dermatomyositis: pathomechanism, clinical course and treatment modalities<\/td>\n<\/tr>\n<tr>\n<td style=\"width: 55.78%\">Dr. Ponyi Andrea (egyetemi adjunktus, Phd)<\/td>\n<td style=\"width: 44.0172%\">Presentation, managament and disease outcome in patients with childhood systemic lupus erythematosus<\/td>\n<\/tr>\n<\/tbody>\n<\/table>\n","protected":false},"excerpt":{"rendered":"<p>Rektori p\u00e1ly\u00e1zat Gyermekgy\u00f3gy\u00e1szati Klinika T\u0171zolt\u00f3 utcai r\u00e9szleg 2025\/2026 Magyar nyelv\u0171 \u00a0 T\u00e9mavezet\u0151 neve (fokozattal) Dolgozat c\u00edme Dr. Bertalan Rita (klinikai f\u0151orvos, Phd) Gonad dysgenesis gyermek \u00e9s fiatal feln\u0151ttkorban Dr. Bertalan Rita (klinikai f\u0151orvos, Phd) N\u00f6veked\u00e9si hormonhi\u00e1ny gyermekkorban Dr. Bertalan Rita (klinikai f\u0151orvos, Phd) Noonan szindr\u00f3ma gyermekkorban Dr. Constantin Tam\u00e1s (egyetemi docens,PhD) Kezel\u00e9si lehet\u0151s\u00e9gek standard ter\u00e1pi\u00e1ra &hellip;<\/p>\n","protected":false},"author":101596,"featured_media":0,"parent":9092,"menu_order":0,"comment_status":"closed","ping_status":"closed","template":"","meta":{"_acf_changed":false,"footnotes":""},"categories":[],"tags":[99],"class_list":["post-9214","page","type-page","status-publish","hentry","tag-aok-rektori-palyazat"],"acf":[],"publishpress_future_action":{"enabled":false,"date":"1970-01-01 01:00:00","action":"","terms":[],"taxonomy":"","browser_timezone_offset":0},"_links":{"self":[{"href":"https:\/\/semmelweis.hu\/tdk\/wp-json\/wp\/v2\/pages\/9214","targetHints":{"allow":["GET"]}}],"collection":[{"href":"https:\/\/semmelweis.hu\/tdk\/wp-json\/wp\/v2\/pages"}],"about":[{"href":"https:\/\/semmelweis.hu\/tdk\/wp-json\/wp\/v2\/types\/page"}],"author":[{"embeddable":true,"href":"https:\/\/semmelweis.hu\/tdk\/wp-json\/wp\/v2\/users\/101596"}],"replies":[{"embeddable":true,"href":"https:\/\/semmelweis.hu\/tdk\/wp-json\/wp\/v2\/comments?post=9214"}],"version-history":[{"count":12,"href":"https:\/\/semmelweis.hu\/tdk\/wp-json\/wp\/v2\/pages\/9214\/revisions"}],"predecessor-version":[{"id":11696,"href":"https:\/\/semmelweis.hu\/tdk\/wp-json\/wp\/v2\/pages\/9214\/revisions\/11696"}],"up":[{"embeddable":true,"href":"https:\/\/semmelweis.hu\/tdk\/wp-json\/wp\/v2\/pages\/9092"}],"wp:attachment":[{"href":"https:\/\/semmelweis.hu\/tdk\/wp-json\/wp\/v2\/media?parent=9214"}],"wp:term":[{"taxonomy":"category","embeddable":true,"href":"https:\/\/semmelweis.hu\/tdk\/wp-json\/wp\/v2\/categories?post=9214"},{"taxonomy":"post_tag","embeddable":true,"href":"https:\/\/semmelweis.hu\/tdk\/wp-json\/wp\/v2\/tags?post=9214"}],"curies":[{"name":"wp","href":"https:\/\/api.w.org\/{rel}","templated":true}]}}