{"id":9203,"date":"2023-06-05T08:51:33","date_gmt":"2023-06-05T06:51:33","guid":{"rendered":"https:\/\/semmelweis.hu\/tdk\/?page_id=9203"},"modified":"2025-07-18T13:40:54","modified_gmt":"2025-07-18T11:40:54","slug":"rektori-palyazat-surgossegi-orvostani-klinika","status":"publish","type":"page","link":"https:\/\/semmelweis.hu\/tdk\/rektori-palyazat\/rektori-palyazat-meghirdetett-temak\/rektori-palyazat-surgossegi-orvostani-klinika\/","title":{"rendered":"S\u00fcrg\u0151ss\u00e9gi Orvostani Klinika &#8211; Rektori p\u00e1ly\u00e1zat"},"content":{"rendered":"<h3>Rektori p\u00e1ly\u00e1zat S\u00fcrg\u0151ss\u00e9gi Orvostani Klinika 2025\/2026<\/h3>\n<p><strong>A status epilepticus prehospitalis \u00e9s s\u00fcrg\u0151ss\u00e9gi oszt\u00e1lyos ell\u00e1t\u00e1sa<br \/>\n<\/strong>Dr. Fenyves B\u00e1nk, Dr. Rapszky Gabriella<\/p>\n<p><strong>Akut neurol\u00f3giai k\u00f3rk\u00e9pek kardiol\u00f3giai vonatkoz\u00e1sai<\/strong><br \/>\nDr. Varga Csaba<\/p>\n","protected":false},"excerpt":{"rendered":"<p>Rektori p\u00e1ly\u00e1zat S\u00fcrg\u0151ss\u00e9gi Orvostani Klinika 2025\/2026<br \/>\nA status epilepticus prehospitalis \u00e9s s\u00fcrg\u0151ss\u00e9gi oszt\u00e1lyos ell\u00e1t\u00e1sa<br \/>\nDr. Fenyves B\u00e1nk, Dr. Rapszky Gabriella<br \/>\nAkut neurol\u00f3giai k\u00f3rk\u00e9pek kardiol\u00f3giai vonatkoz\u00e1sai<br \/>\nDr. Varga Csaba<\/p>\n","protected":false},"author":101596,"featured_media":0,"parent":9092,"menu_order":0,"comment_status":"closed","ping_status":"closed","template":"","meta":{"_acf_changed":false,"footnotes":""},"categories":[],"tags":[99],"class_list":["post-9203","page","type-page","status-publish","hentry","tag-aok-rektori-palyazat"],"acf":[],"publishpress_future_action":{"enabled":false,"date":"1970-01-01 01:00:00","action":"","terms":[],"taxonomy":"","browser_timezone_offset":0},"_links":{"self":[{"href":"https:\/\/semmelweis.hu\/tdk\/wp-json\/wp\/v2\/pages\/9203","targetHints":{"allow":["GET"]}}],"collection":[{"href":"https:\/\/semmelweis.hu\/tdk\/wp-json\/wp\/v2\/pages"}],"about":[{"href":"https:\/\/semmelweis.hu\/tdk\/wp-json\/wp\/v2\/types\/page"}],"author":[{"embeddable":true,"href":"https:\/\/semmelweis.hu\/tdk\/wp-json\/wp\/v2\/users\/101596"}],"replies":[{"embeddable":true,"href":"https:\/\/semmelweis.hu\/tdk\/wp-json\/wp\/v2\/comments?post=9203"}],"version-history":[{"count":4,"href":"https:\/\/semmelweis.hu\/tdk\/wp-json\/wp\/v2\/pages\/9203\/revisions"}],"predecessor-version":[{"id":11536,"href":"https:\/\/semmelweis.hu\/tdk\/wp-json\/wp\/v2\/pages\/9203\/revisions\/11536"}],"up":[{"embeddable":true,"href":"https:\/\/semmelweis.hu\/tdk\/wp-json\/wp\/v2\/pages\/9092"}],"wp:attachment":[{"href":"https:\/\/semmelweis.hu\/tdk\/wp-json\/wp\/v2\/media?parent=9203"}],"wp:term":[{"taxonomy":"category","embeddable":true,"href":"https:\/\/semmelweis.hu\/tdk\/wp-json\/wp\/v2\/categories?post=9203"},{"taxonomy":"post_tag","embeddable":true,"href":"https:\/\/semmelweis.hu\/tdk\/wp-json\/wp\/v2\/tags?post=9203"}],"curies":[{"name":"wp","href":"https:\/\/api.w.org\/{rel}","templated":true}]}}