{"id":9198,"date":"2023-06-05T08:46:04","date_gmt":"2023-06-05T06:46:04","guid":{"rendered":"https:\/\/semmelweis.hu\/tdk\/?page_id=9198"},"modified":"2025-07-10T12:00:21","modified_gmt":"2025-07-10T10:00:21","slug":"rektori-palyazat-mellkassebeszeti-klinika","status":"publish","type":"page","link":"https:\/\/semmelweis.hu\/tdk\/rektori-palyazat\/rektori-palyazat-meghirdetett-temak\/rektori-palyazat-mellkassebeszeti-klinika\/","title":{"rendered":"Mellkasseb\u00e9szeti Klinika &#8211; Rektori p\u00e1ly\u00e1zat"},"content":{"rendered":"<h3>Rektori p\u00e1ly\u00e1zat Mellkasseb\u00e9szeti Klinika 2025\/2026 tan\u00e9v<\/h3>\n<table style=\"border-collapse: collapse;width: 100%;height: 359px\">\n<tbody>\n<tr style=\"height: 33px\">\n<td style=\"width: 50%;height: 33px\"><strong>Rektori p\u00e1ly\u00e1zat<\/strong><\/td>\n<td style=\"width: 50%;height: 33px\"><strong>T\u00e9mavezet\u0151<\/strong><\/td>\n<\/tr>\n<tr>\n<td style=\"width: 50%\">Molekul\u00e1ris alt\u00edpusok klinikopatol\u00f3giai \u00e9s prognosztikai jelent\u0151s\u00e9ge\u00a0kissejtes t\u00fcd\u0151r\u00e1kban<\/td>\n<td style=\"width: 50%\">Dr. D\u00f6me Bal\u00e1zs Phd, tudom\u00e1nyos f\u0151munkat\u00e1rs, Dr. Megyesfalvi Zsolt Phd\u00a0<\/td>\n<\/tr>\n<tr>\n<td style=\"width: 50%\">Donor-specifikus HLA-antitestek medi\u00e1lta immunreakci\u00f3 t\u00fcd\u0151transzplant\u00e1ci\u00f3t k\u00f6vet\u0151en<\/td>\n<td style=\"width: 50%\">\u00a0Dr. Gieszer Bal\u00e1sz Adjunktus, Dr. Boh\u00e1cs Anik\u00f3 Egyetemi Docens<\/td>\n<\/tr>\n<tr>\n<td style=\"width: 50%\">Perioperat\u00edv rizik\u00f3t\u00e9nyez\u0151 a nem kissejtes t\u00fcd\u0151r\u00e1k eset\u00e9n<\/td>\n<td style=\"width: 50%\">\n<p>Dr. D\u00f6me Bal\u00e1zs PhD tudom\u00e1nyos f\u0151munkat\u00e1rs; Dr. Megyesfalvi Zsolt PhD<\/p>\n<\/td>\n<\/tr>\n<tr>\n<td style=\"width: 50%\">Alt\u00edpus-specifikus diagnosztikai markerek azonos\u00edt\u00e1sa kissejtes t\u00fcd\u0151r\u00e1kban proteomikai m\u00f3dszerekkel<\/td>\n<td style=\"width: 50%\">Dr. Megyesfalvi Zsolt (PhD)<\/td>\n<\/tr>\n<tr>\n<td style=\"width: 50%\">Tumorheterogenit\u00e1s \u00e9s plaszticit\u00e1s vizsg\u00e1lata kissejtes t\u00fcd\u0151r\u00e1kban<\/td>\n<td style=\"width: 50%\">Dr. Megyesfalvi Zsolt (PhD)<\/td>\n<\/tr>\n<tr>\n<td style=\"width: 50%\">A preoperat\u00edv 3D tervez\u00e9s jelent\u0151s\u00e9ge t\u00fcd\u0151rezekci\u00f3s m\u0171t\u00e9tek sor\u00e1n<\/td>\n<td style=\"width: 50%\">Dr. Ghimessy \u00c1ron (PhD), Dr. Tihanyi Hanna<\/td>\n<\/tr>\n<tr>\n<td style=\"width: 50%\">Preoperat\u00edv jel\u00f6l\u00e9si elj\u00e1r\u00e1sok \u00f6sszehasonl\u00edt\u00e1sa minim\u00e1l invaz\u00edv mellkasseb\u00e9szeti m\u0171t\u00e9tek eset\u00e9n<\/td>\n<td style=\"width: 50%\">Dr. Megyesfalvi Zsolt (PhD)<\/td>\n<\/tr>\n<tr>\n<td style=\"width: 50%\">In-Depth in-silico identification of novel prognostic biomarkers in small cell lung cancer<\/td>\n<td style=\"width: 50%\">Dr. Megyesfalvi Zsolt Phd\u00a0<\/td>\n<\/tr>\n<\/tbody>\n<\/table>\n","protected":false},"excerpt":{"rendered":"<p>Rektori p\u00e1ly\u00e1zat Mellkasseb\u00e9szeti Klinika 2025\/2026 tan\u00e9v Rektori p\u00e1ly\u00e1zat T\u00e9mavezet\u0151 Molekul\u00e1ris alt\u00edpusok klinikopatol\u00f3giai \u00e9s prognosztikai jelent\u0151s\u00e9ge\u00a0kissejtes t\u00fcd\u0151r\u00e1kban Dr. D\u00f6me Bal\u00e1zs Phd, tudom\u00e1nyos f\u0151munkat\u00e1rs, Dr. Megyesfalvi Zsolt Phd\u00a0 Donor-specifikus HLA-antitestek medi\u00e1lta immunreakci\u00f3 t\u00fcd\u0151transzplant\u00e1ci\u00f3t k\u00f6vet\u0151en \u00a0Dr. Gieszer Bal\u00e1sz Adjunktus, Dr. Boh\u00e1cs Anik\u00f3 Egyetemi Docens Perioperat\u00edv rizik\u00f3t\u00e9nyez\u0151 a nem kissejtes t\u00fcd\u0151r\u00e1k eset\u00e9n Dr. D\u00f6me Bal\u00e1zs PhD tudom\u00e1nyos f\u0151munkat\u00e1rs; Dr. &hellip;<\/p>\n","protected":false},"author":101596,"featured_media":0,"parent":9092,"menu_order":0,"comment_status":"closed","ping_status":"closed","template":"","meta":{"_acf_changed":false,"footnotes":""},"categories":[],"tags":[99],"class_list":["post-9198","page","type-page","status-publish","hentry","tag-aok-rektori-palyazat"],"acf":[],"publishpress_future_action":{"enabled":false,"date":"1970-01-01 01:00:00","action":"","terms":[],"taxonomy":"","browser_timezone_offset":0},"_links":{"self":[{"href":"https:\/\/semmelweis.hu\/tdk\/wp-json\/wp\/v2\/pages\/9198","targetHints":{"allow":["GET"]}}],"collection":[{"href":"https:\/\/semmelweis.hu\/tdk\/wp-json\/wp\/v2\/pages"}],"about":[{"href":"https:\/\/semmelweis.hu\/tdk\/wp-json\/wp\/v2\/types\/page"}],"author":[{"embeddable":true,"href":"https:\/\/semmelweis.hu\/tdk\/wp-json\/wp\/v2\/users\/101596"}],"replies":[{"embeddable":true,"href":"https:\/\/semmelweis.hu\/tdk\/wp-json\/wp\/v2\/comments?post=9198"}],"version-history":[{"count":9,"href":"https:\/\/semmelweis.hu\/tdk\/wp-json\/wp\/v2\/pages\/9198\/revisions"}],"predecessor-version":[{"id":11458,"href":"https:\/\/semmelweis.hu\/tdk\/wp-json\/wp\/v2\/pages\/9198\/revisions\/11458"}],"up":[{"embeddable":true,"href":"https:\/\/semmelweis.hu\/tdk\/wp-json\/wp\/v2\/pages\/9092"}],"wp:attachment":[{"href":"https:\/\/semmelweis.hu\/tdk\/wp-json\/wp\/v2\/media?parent=9198"}],"wp:term":[{"taxonomy":"category","embeddable":true,"href":"https:\/\/semmelweis.hu\/tdk\/wp-json\/wp\/v2\/categories?post=9198"},{"taxonomy":"post_tag","embeddable":true,"href":"https:\/\/semmelweis.hu\/tdk\/wp-json\/wp\/v2\/tags?post=9198"}],"curies":[{"name":"wp","href":"https:\/\/api.w.org\/{rel}","templated":true}]}}