{"id":9193,"date":"2023-06-02T13:44:03","date_gmt":"2023-06-02T11:44:03","guid":{"rendered":"https:\/\/semmelweis.hu\/tdk\/?page_id=9193"},"modified":"2025-09-29T12:56:58","modified_gmt":"2025-09-29T10:56:58","slug":"rektori-palyazat-idegsebeszeti-tanszek","status":"publish","type":"page","link":"https:\/\/semmelweis.hu\/tdk\/rektori-palyazat\/rektori-palyazat-meghirdetett-temak\/rektori-palyazat-idegsebeszeti-tanszek\/","title":{"rendered":"Idegseb\u00e9szeti Tansz\u00e9k &#8211; Rektori p\u00e1ly\u00e1zat"},"content":{"rendered":"<h3>Rektori p\u00e1ly\u00e1zat Idegseb\u00e9szeti Tansz\u00e9k 2025\/2026<\/h3>\n<table style=\"border-collapse: collapse;width: 100%\">\n<tbody>\n<tr>\n<td style=\"width: 62.5142%\" width=\"602\"><strong>Rektori p\u00e1ly\u00e1zat\u00a0c\u00edme<\/strong><\/td>\n<td style=\"width: 37.3715%\" width=\"64\"><strong>T\u00e9mavezet\u0151 neve (fokozattal)<\/strong><\/td>\n<\/tr>\n<tr>\n<td style=\"width: 62.5142%\">A pinealis r\u00e9gi\u00f3 tumorainak korszer\u0171 kezel\u00e9si strat\u00e9gi\u00e1ja<\/td>\n<td style=\"width: 37.3715%\">Prof. Dr. Banczerowski P\u00e9ter PhD, Dr. Mezei Tam\u00e1s PhD<\/td>\n<\/tr>\n<tr>\n<td style=\"width: 62.5142%\">Agydaganatok frakt\u00e1lgeometriai elemz\u00e9se, klinikai interpret\u00e1ci\u00f3<\/td>\n<td style=\"width: 37.3715%\">Prof. Dr. Banczerowski P\u00e9ter PhD, Dr. Mezei Tam\u00e1s PhD<\/td>\n<\/tr>\n<tr>\n<td style=\"width: 62.5142%\">Gerinc\u00e1tt\u00e9tes betegek seb\u00e9szeti kezel\u00e9se, k\u00fcl\u00f6n\u00f6s tekintettel az id\u0151z\u00edt\u00e9sre \u00e9s az invazivit\u00e1sra<\/td>\n<td style=\"width: 37.3715%\">Prof. Dr. Banczerowski P\u00e9ter PhD, Dr. Mezei Tam\u00e1s PhD<\/td>\n<\/tr>\n<tr>\n<td style=\"width: 62.5142%\">A posztoperat\u00edv sebfert\u0151z\u00e9sek rizik\u00f3t\u00e9nyez\u0151i degenerat\u00edv gerincelv\u00e1ltoz\u00e1sok seb\u00e9szi r\u00f6gz\u00edt\u00e9se sor\u00e1n<\/td>\n<td style=\"width: 37.3715%\">Prof. Dr. Banczerowski P\u00e9ter PhD, Dr. Nagy Zolt\u00e1n PhD<\/td>\n<\/tr>\n<\/tbody>\n<\/table>\n","protected":false},"excerpt":{"rendered":"<p>Rektori p\u00e1ly\u00e1zat Idegseb\u00e9szeti Tansz\u00e9k 2025\/2026 Rektori p\u00e1ly\u00e1zat\u00a0c\u00edme T\u00e9mavezet\u0151 neve (fokozattal) A pinealis r\u00e9gi\u00f3 tumorainak korszer\u0171 kezel\u00e9si strat\u00e9gi\u00e1ja Prof. Dr. Banczerowski P\u00e9ter PhD, Dr. Mezei Tam\u00e1s PhD Agydaganatok frakt\u00e1lgeometriai elemz\u00e9se, klinikai interpret\u00e1ci\u00f3 Prof. Dr. Banczerowski P\u00e9ter PhD, Dr. Mezei Tam\u00e1s PhD Gerinc\u00e1tt\u00e9tes betegek seb\u00e9szeti kezel\u00e9se, k\u00fcl\u00f6n\u00f6s tekintettel az id\u0151z\u00edt\u00e9sre \u00e9s az invazivit\u00e1sra Prof. Dr. Banczerowski P\u00e9ter &hellip;<\/p>\n","protected":false},"author":101596,"featured_media":0,"parent":9092,"menu_order":0,"comment_status":"closed","ping_status":"closed","template":"","meta":{"_acf_changed":false,"footnotes":""},"categories":[],"tags":[99],"class_list":["post-9193","page","type-page","status-publish","hentry","tag-aok-rektori-palyazat"],"acf":[],"publishpress_future_action":{"enabled":false,"date":"1970-01-01 01:00:00","action":"","terms":[],"taxonomy":"","browser_timezone_offset":0},"_links":{"self":[{"href":"https:\/\/semmelweis.hu\/tdk\/wp-json\/wp\/v2\/pages\/9193","targetHints":{"allow":["GET"]}}],"collection":[{"href":"https:\/\/semmelweis.hu\/tdk\/wp-json\/wp\/v2\/pages"}],"about":[{"href":"https:\/\/semmelweis.hu\/tdk\/wp-json\/wp\/v2\/types\/page"}],"author":[{"embeddable":true,"href":"https:\/\/semmelweis.hu\/tdk\/wp-json\/wp\/v2\/users\/101596"}],"replies":[{"embeddable":true,"href":"https:\/\/semmelweis.hu\/tdk\/wp-json\/wp\/v2\/comments?post=9193"}],"version-history":[{"count":4,"href":"https:\/\/semmelweis.hu\/tdk\/wp-json\/wp\/v2\/pages\/9193\/revisions"}],"predecessor-version":[{"id":11773,"href":"https:\/\/semmelweis.hu\/tdk\/wp-json\/wp\/v2\/pages\/9193\/revisions\/11773"}],"up":[{"embeddable":true,"href":"https:\/\/semmelweis.hu\/tdk\/wp-json\/wp\/v2\/pages\/9092"}],"wp:attachment":[{"href":"https:\/\/semmelweis.hu\/tdk\/wp-json\/wp\/v2\/media?parent=9193"}],"wp:term":[{"taxonomy":"category","embeddable":true,"href":"https:\/\/semmelweis.hu\/tdk\/wp-json\/wp\/v2\/categories?post=9193"},{"taxonomy":"post_tag","embeddable":true,"href":"https:\/\/semmelweis.hu\/tdk\/wp-json\/wp\/v2\/tags?post=9193"}],"curies":[{"name":"wp","href":"https:\/\/api.w.org\/{rel}","templated":true}]}}