{"id":9186,"date":"2023-06-02T09:12:57","date_gmt":"2023-06-02T07:12:57","guid":{"rendered":"https:\/\/semmelweis.hu\/tdk\/?page_id=9186"},"modified":"2025-07-16T11:21:13","modified_gmt":"2025-07-16T09:21:13","slug":"rektori-palyazat-genomikai-medicina-es-ritka-betegsegek-intezete","status":"publish","type":"page","link":"https:\/\/semmelweis.hu\/tdk\/rektori-palyazat\/rektori-palyazat-meghirdetett-temak\/rektori-palyazat-genomikai-medicina-es-ritka-betegsegek-intezete\/","title":{"rendered":"Genomikai Medicina \u00e9s Ritka Betegs\u00e9gek Int\u00e9zete -Rektori p\u00e1ly\u00e1zat"},"content":{"rendered":"<h3>Rektori p\u00e1ly\u00e1zat Genomikai Medicina \u00e9s Ritka Betegs\u00e9gek Int\u00e9zete 2025\/2026<\/h3>\n<table style=\"border-collapse: collapse;width: 100%\">\n<tbody>\n<tr>\n<td style=\"width: 48.2286%\" width=\"365\"><strong>\u00a0Rektori p\u00e1ly\u00e1zat c\u00edme<\/strong><\/td>\n<td style=\"width: 51.6571%\" width=\"391\"><strong>T\u00e9mavezet\u0151 neve\u00a0<\/strong><\/td>\n<\/tr>\n<tr>\n<td style=\"width: 48.2286%\">Investigation of the role of DNM2 and MSTO1 mutations in mitochondrial dysfunction<\/td>\n<td style=\"width: 51.6571%\">\u00a0Dr. G\u00e1l Anik\u00f3, PhD<\/td>\n<\/tr>\n<tr>\n<td style=\"width: 48.2286%\">A mitokondri\u00e1lis\u00a0 biomarkerek szerepe az inzulin rezisztencia \u00e9s a policiszt\u00e1s ov\u00e1rium szindr\u00f3ma diagnosztik\u00e1j\u00e1ban<\/td>\n<td style=\"width: 51.6571%\">Dr. G\u00e1l Anik\u00f3, PhD\/Dr. S\u00edpos Mikl\u00f3s , PhD (SE Sz\u00fcl\u00e9szeti \u00e9s N\u0151gy\u00f3gy\u00e1szati Klinika)<\/td>\n<\/tr>\n<tr>\n<td style=\"width: 48.2286%\">Az FSHR g\u00e9n Ser680Asn polimorfizmus farmakogenomikai jelent\u0151s\u00e9ge az in vitro fertiliz\u00e1ci\u00f3 sor\u00e1n<\/td>\n<td style=\"width: 51.6571%\">Dr. G\u00e1l Anik\u00f3, PhD\/Dr. S\u00edpos Mikl\u00f3s , PhD (SE Sz\u00fcl\u00e9szeti \u00e9s N\u0151gy\u00f3gy\u00e1szati Klinika)<\/td>\n<\/tr>\n<tr>\n<td style=\"width: 48.2286%\">A korai petef\u00e9szek kimer\u00fcl\u00e9s genetikai h\u00e1ttere<\/td>\n<td style=\"width: 51.6571%\">G\u00e1l Anik\u00f3, PhD<\/td>\n<\/tr>\n<tr>\n<td style=\"width: 48.2286%\">Metformin ter\u00e1pia hat\u00e1sa a mitokondri\u00e1lis funkci\u00f3kra<\/td>\n<td style=\"width: 51.6571%\">G\u00e1l Anik\u00f3, PhD<\/td>\n<\/tr>\n<tr>\n<td style=\"width: 48.2286%\">Longitudinalis biomarkerek k\u00f6vet\u00e9se motoneuron betegs\u00e9gekben<\/td>\n<td style=\"width: 51.6571%\">Moln\u00e1r M\u00e1ria Judit. MD, PhD, DCs<\/td>\n<\/tr>\n<tr>\n<td style=\"width: 48.2286%\">\u00daj ter\u00e1pi\u00e1s strat\u00e9gi\u00e1k azonos\u00edt\u00e1sa a dopamine h\u00e1ztart\u00e1si zavarral j\u00e1r\u00f3 ritka neurol\u00f3giai \u00e9s pszichi\u00e1triai k\u00f3rk\u00e9pekben<\/td>\n<td style=\"width: 51.6571%\">Moln\u00e1r M\u00e1ria Judit. MD, PhD, DCs<\/td>\n<\/tr>\n<tr>\n<td style=\"width: 48.2286%\">he Genetic Landscape of Newborn Screening:: Balancing Benefits and Limitations<\/td>\n<td style=\"width: 51.6571%\">Moln\u00e1r M\u00e1ria Judit. MD, PhD, DCs<\/td>\n<\/tr>\n<\/tbody>\n<\/table>\n","protected":false},"excerpt":{"rendered":"<p>Rektori p\u00e1ly\u00e1zat Genomikai Medicina \u00e9s Ritka Betegs\u00e9gek Int\u00e9zete 2025\/2026 \u00a0Rektori p\u00e1ly\u00e1zat c\u00edme T\u00e9mavezet\u0151 neve\u00a0 Investigation of the role of DNM2 and MSTO1 mutations in mitochondrial dysfunction \u00a0Dr. G\u00e1l Anik\u00f3, PhD A mitokondri\u00e1lis\u00a0 biomarkerek szerepe az inzulin rezisztencia \u00e9s a policiszt\u00e1s ov\u00e1rium szindr\u00f3ma diagnosztik\u00e1j\u00e1ban Dr. G\u00e1l Anik\u00f3, PhD\/Dr. S\u00edpos Mikl\u00f3s , PhD (SE Sz\u00fcl\u00e9szeti \u00e9s N\u0151gy\u00f3gy\u00e1szati &hellip;<\/p>\n","protected":false},"author":101596,"featured_media":0,"parent":9092,"menu_order":0,"comment_status":"closed","ping_status":"closed","template":"","meta":{"_acf_changed":false,"footnotes":""},"categories":[],"tags":[99],"class_list":["post-9186","page","type-page","status-publish","hentry","tag-aok-rektori-palyazat"],"acf":[],"publishpress_future_action":{"enabled":false,"date":"1970-01-01 01:00:00","action":"","terms":[],"taxonomy":"","browser_timezone_offset":0},"_links":{"self":[{"href":"https:\/\/semmelweis.hu\/tdk\/wp-json\/wp\/v2\/pages\/9186","targetHints":{"allow":["GET"]}}],"collection":[{"href":"https:\/\/semmelweis.hu\/tdk\/wp-json\/wp\/v2\/pages"}],"about":[{"href":"https:\/\/semmelweis.hu\/tdk\/wp-json\/wp\/v2\/types\/page"}],"author":[{"embeddable":true,"href":"https:\/\/semmelweis.hu\/tdk\/wp-json\/wp\/v2\/users\/101596"}],"replies":[{"embeddable":true,"href":"https:\/\/semmelweis.hu\/tdk\/wp-json\/wp\/v2\/comments?post=9186"}],"version-history":[{"count":6,"href":"https:\/\/semmelweis.hu\/tdk\/wp-json\/wp\/v2\/pages\/9186\/revisions"}],"predecessor-version":[{"id":11493,"href":"https:\/\/semmelweis.hu\/tdk\/wp-json\/wp\/v2\/pages\/9186\/revisions\/11493"}],"up":[{"embeddable":true,"href":"https:\/\/semmelweis.hu\/tdk\/wp-json\/wp\/v2\/pages\/9092"}],"wp:attachment":[{"href":"https:\/\/semmelweis.hu\/tdk\/wp-json\/wp\/v2\/media?parent=9186"}],"wp:term":[{"taxonomy":"category","embeddable":true,"href":"https:\/\/semmelweis.hu\/tdk\/wp-json\/wp\/v2\/categories?post=9186"},{"taxonomy":"post_tag","embeddable":true,"href":"https:\/\/semmelweis.hu\/tdk\/wp-json\/wp\/v2\/tags?post=9186"}],"curies":[{"name":"wp","href":"https:\/\/api.w.org\/{rel}","templated":true}]}}