{"id":9168,"date":"2023-06-01T08:45:08","date_gmt":"2023-06-01T06:45:08","guid":{"rendered":"https:\/\/semmelweis.hu\/tdk\/?page_id=9168"},"modified":"2026-03-13T09:19:52","modified_gmt":"2026-03-13T08:19:52","slug":"rektori-palyazat-genetikai-sejt-es-immunbiologiai-intezet","status":"publish","type":"page","link":"https:\/\/semmelweis.hu\/tdk\/rektori-palyazat\/rektori-palyazat-meghirdetett-temak\/rektori-palyazat-genetikai-sejt-es-immunbiologiai-intezet\/","title":{"rendered":"Genetikai, Sejt- \u00e9s Immunbiol\u00f3giai Int\u00e9zet &#8211; Rektori p\u00e1ly\u00e1zat"},"content":{"rendered":"<p>Rektori p\u00e1ly\u00e1zat Genetikai, Sejt- \u00e9s Immunbiol\u00f3giai Int\u00e9zet 2025\/2026<\/p>\n<table style=\"border-collapse: collapse;width: 100%\">\n<tbody>\n<tr>\n<td style=\"width: 50%\"><strong>Rektori p\u00e1lyamunka c\u00edme<\/strong><\/td>\n<td style=\"width: 50%\"><strong>T\u00e9mavezet\u0151<\/strong><\/td>\n<\/tr>\n<tr>\n<td style=\"width: 50%\">Tumorellenes szerek mell\u00e9khat\u00e1s\u00e1nak megel\u0151z\u00e9s\u00e9re szolg\u00e1l\u00f3 ter\u00e1pi\u00e1s strat\u00e9gi\u00e1k in vitro vizsg\u00e1lata 2D \u00e9s 3D sejt modellekben<\/td>\n<td style=\"width: 50%\">Dr. Lajk\u00f3 Eszter (PhD, egyetemi docens)<\/td>\n<\/tr>\n<tr>\n<td style=\"width: 50%\">Endot\u00e9l progenitor sejt eredet\u0171 extracellul\u00e1ris vezikul\u00e1k ter\u00e1pi\u00e1s lehet\u0151s\u00e9gei sz\u00edvbetegs\u00e9gekben<\/td>\n<td style=\"width: 50%\">med. habil. Dr Hegyesi Hargita, PhD<\/td>\n<\/tr>\n<tr>\n<td style=\"width: 50%\">Embrion\u00e1lis \u0151ssejt extracellul\u00e1ris vezikul\u00e1k immunszab\u00e1lyoz\u00f3 szerepe<\/td>\n<td style=\"width: 50%\">med. habil. Dr Hegyesi Hargita, PhD<\/td>\n<\/tr>\n<\/tbody>\n<\/table>\n","protected":false},"excerpt":{"rendered":"<p>Rektori p\u00e1ly\u00e1zat Genetikai, Sejt- \u00e9s Immunbiol\u00f3giai Int\u00e9zet 2025\/2026 Rektori p\u00e1lyamunka c\u00edme T\u00e9mavezet\u0151 Tumorellenes szerek mell\u00e9khat\u00e1s\u00e1nak megel\u0151z\u00e9s\u00e9re szolg\u00e1l\u00f3 ter\u00e1pi\u00e1s strat\u00e9gi\u00e1k in vitro vizsg\u00e1lata 2D \u00e9s 3D sejt modellekben Dr. Lajk\u00f3 Eszter (PhD, egyetemi docens) Endot\u00e9l progenitor sejt eredet\u0171 extracellul\u00e1ris vezikul\u00e1k ter\u00e1pi\u00e1s lehet\u0151s\u00e9gei sz\u00edvbetegs\u00e9gekben med. habil. Dr Hegyesi Hargita, PhD Embrion\u00e1lis \u0151ssejt extracellul\u00e1ris vezikul\u00e1k immunszab\u00e1lyoz\u00f3 szerepe med. &hellip;<\/p>\n","protected":false},"author":101596,"featured_media":0,"parent":9092,"menu_order":0,"comment_status":"closed","ping_status":"closed","template":"","meta":{"_acf_changed":false,"footnotes":""},"categories":[],"tags":[99],"class_list":["post-9168","page","type-page","status-publish","hentry","tag-aok-rektori-palyazat"],"acf":[],"publishpress_future_action":{"enabled":false,"date":"1970-01-01 01:00:00","action":"","terms":[],"taxonomy":"","browser_timezone_offset":0},"_links":{"self":[{"href":"https:\/\/semmelweis.hu\/tdk\/wp-json\/wp\/v2\/pages\/9168","targetHints":{"allow":["GET"]}}],"collection":[{"href":"https:\/\/semmelweis.hu\/tdk\/wp-json\/wp\/v2\/pages"}],"about":[{"href":"https:\/\/semmelweis.hu\/tdk\/wp-json\/wp\/v2\/types\/page"}],"author":[{"embeddable":true,"href":"https:\/\/semmelweis.hu\/tdk\/wp-json\/wp\/v2\/users\/101596"}],"replies":[{"embeddable":true,"href":"https:\/\/semmelweis.hu\/tdk\/wp-json\/wp\/v2\/comments?post=9168"}],"version-history":[{"count":10,"href":"https:\/\/semmelweis.hu\/tdk\/wp-json\/wp\/v2\/pages\/9168\/revisions"}],"predecessor-version":[{"id":12031,"href":"https:\/\/semmelweis.hu\/tdk\/wp-json\/wp\/v2\/pages\/9168\/revisions\/12031"}],"up":[{"embeddable":true,"href":"https:\/\/semmelweis.hu\/tdk\/wp-json\/wp\/v2\/pages\/9092"}],"wp:attachment":[{"href":"https:\/\/semmelweis.hu\/tdk\/wp-json\/wp\/v2\/media?parent=9168"}],"wp:term":[{"taxonomy":"category","embeddable":true,"href":"https:\/\/semmelweis.hu\/tdk\/wp-json\/wp\/v2\/categories?post=9168"},{"taxonomy":"post_tag","embeddable":true,"href":"https:\/\/semmelweis.hu\/tdk\/wp-json\/wp\/v2\/tags?post=9168"}],"curies":[{"name":"wp","href":"https:\/\/api.w.org\/{rel}","templated":true}]}}