{"id":9162,"date":"2023-05-31T12:57:43","date_gmt":"2023-05-31T10:57:43","guid":{"rendered":"https:\/\/semmelweis.hu\/tdk\/?page_id=9162"},"modified":"2025-07-18T13:02:04","modified_gmt":"2025-07-18T11:02:04","slug":"rektori-palyazat-pulmonologiai-klinika","status":"publish","type":"page","link":"https:\/\/semmelweis.hu\/tdk\/rektori-palyazat\/rektori-palyazat-meghirdetett-temak\/rektori-palyazat-pulmonologiai-klinika\/","title":{"rendered":"Pulmonol\u00f3giai Klinika &#8211; Rektori p\u00e1ly\u00e1zat"},"content":{"rendered":"<h3>Rektori p\u00e1ly\u00e1zat Pulmonol\u00f3giai Klinika 2025\/2026<\/h3>\n<table style=\"border-collapse: collapse;width: 100%\">\n<tbody>\n<tr>\n<td style=\"width: 50%\"><strong>Rektori p\u00e1ly\u00e1zat c\u00edme<\/strong><\/td>\n<td style=\"width: 50%\"><strong>T\u00e9mavezet\u0151<\/strong><\/td>\n<\/tr>\n<tr>\n<td style=\"width: 50%\" width=\"365\">Aerosolok \u00e9s a t\u00fcd\u0151<\/td>\n<td style=\"width: 50%\" width=\"351\">Prof. Dr. M\u00fcller Veronika, PhD, DSc, egyetemi tan\u00e1r, az MTA doktora \u00e9s Dr. Erd\u00e9lyi Tam\u00e1s<\/td>\n<\/tr>\n<tr>\n<td style=\"width: 50%\" width=\"365\">Asztma \u00e9s sport<\/td>\n<td style=\"width: 50%\" width=\"351\">Prof. Dr. M\u00fcller Veronika, PhD, DSc, egyetemi tan\u00e1r, az MTA doktora \u00e9s Dr. Seres \u00c9va<\/td>\n<\/tr>\n<tr>\n<td style=\"width: 50%\" width=\"365\">Bronchoalveolaris lavage t\u00fcd\u0151betegs\u00e9gekben<\/td>\n<td style=\"width: 50%\" width=\"351\">Prof. Dr. M\u00fcller Veronika, PhD, DSc, egyetemi tan\u00e1r, az MTA doktora<\/td>\n<\/tr>\n<tr>\n<td style=\"width: 50%\" width=\"365\">Cellul\u00e1ris stress a pulmonol\u00f3giai k\u00f3rk\u00e9pekben<\/td>\n<td style=\"width: 50%\" width=\"351\">Prof. Dr. M\u00fcller Veronika, PhD, DSc, egyetemi tan\u00e1r, az MTA doktora<\/td>\n<\/tr>\n<tr>\n<td style=\"width: 50%\" width=\"365\">COVID \u00e9s t\u00fcd\u0151<\/td>\n<td style=\"width: 50%\" width=\"351\">Prof. Dr. M\u00fcller Veronika, PhD, DSc, egyetemi tan\u00e1r, az MTA doktora<\/td>\n<\/tr>\n<tr>\n<td style=\"width: 50%\" width=\"365\">Interstitialis t\u00fcd\u0151betegs\u00e9gek (IPF, CTD-ILD, IPAF, PF-ILD)<\/td>\n<td style=\"width: 50%\" width=\"351\">Prof. Dr. M\u00fcller Veronika, PhD, DSc, egyetemi tan\u00e1r, az MTA doktora \u00e9s Dr. B\u00e1rczi Enik\u0151 PhD<\/td>\n<\/tr>\n<tr>\n<td style=\"width: 50%\" width=\"365\">Leveg\u0151mozg\u00e1s \u00e9s r\u00e9szecskedepoz\u00edci\u00f3 t\u00fcd\u0151betegs\u00e9gben<\/td>\n<td style=\"width: 50%\" width=\"351\">Prof. Dr. M\u00fcller Veronika, PhD, DSc, egyetemi tan\u00e1r, az MTA doktora<\/td>\n<\/tr>\n<tr>\n<td style=\"width: 50%\" width=\"365\">Biomarkervizsg\u00e1latok asztm\u00e1ban, asztm\u00e1s terhess\u00e9gben<\/td>\n<td style=\"width: 50%\" width=\"351\">Prof. Dr. Tam\u00e1si Lilla PhD, DSc, egyetemi tan\u00e1r, az MTA doktora<\/td>\n<\/tr>\n<tr>\n<td style=\"width: 50%\" width=\"365\">Az asztma ell\u00e1t\u00e1sa terhess\u00e9gben<\/td>\n<td style=\"width: 50%\" width=\"351\">Prof. Dr. Tam\u00e1si Lilla PhD, DSc, egyetemi tan\u00e1r, az MTA doktora<\/td>\n<\/tr>\n<tr>\n<td style=\"width: 50%\" width=\"365\">Osteopontin \u00e9s clusterin szintek asztm\u00e1ban \u00e9s asztm\u00e1s terhess\u00e9gben<\/td>\n<td style=\"width: 50%\" width=\"351\">Prof. Dr. Tam\u00e1si Lilla PhD, DSc, egyetemi tan\u00e1r, az MTA doktora<\/td>\n<\/tr>\n<tr>\n<td style=\"width: 50%\" width=\"365\">Sejtimmunol\u00f3giai vizsg\u00e1latok asztm\u00e1ban, allergi\u00e1ban<\/td>\n<td style=\"width: 50%\" width=\"351\">Prof. Dr. Tam\u00e1si Lilla PhD, DSc, egyetemi tan\u00e1r, az MTA doktora<\/td>\n<\/tr>\n<tr>\n<td style=\"width: 50%\" width=\"365\">T\u00fcd\u0151r\u00e1kos betegek klinikai adatainak elemz\u00e9se a val\u00f3 \u00e9let alapj\u00e1n.<\/td>\n<td style=\"width: 50%\" width=\"351\">Prof. Dr. Tam\u00e1si Lilla PhD, DSc, egyetemi tan\u00e1r, az MTA doktora<\/td>\n<\/tr>\n<tr>\n<td style=\"width: 50%\" width=\"365\">T\u00fcd\u0151betegs\u00e9gek sejtimmunol\u00f3giai vonatkoz\u00e1sai<\/td>\n<td style=\"width: 50%\" width=\"351\">Prof. Dr. Losonczy Gy\u00f6rgy, PhD, DSc, egyetemi tan\u00e1r, az MTA doktora<\/td>\n<\/tr>\n<tr>\n<td style=\"width: 50%\" width=\"365\">A bronchialis \u00e9rrendszer vizsg\u00e1lata<\/td>\n<td style=\"width: 50%\" width=\"351\">Dr. habil Horv\u00e1th G\u00e1bor, PhD, egyetemi docens<\/td>\n<\/tr>\n<tr>\n<td style=\"width: 50%\" width=\"365\">Alv\u00e1s alatti l\u00e9gz\u00e9szavarok<\/td>\n<td style=\"width: 50%\" width=\"351\">Dr. habil Horv\u00e1th G\u00e1bor, PhD, egyetemi docens<\/td>\n<\/tr>\n<tr>\n<td style=\"width: 50%\" width=\"365\">A COVID-19 alv\u00e1szavarok<\/td>\n<td style=\"width: 50%\" width=\"351\">Dr. habil Horv\u00e1th G\u00e1bor, PhD, egyetemi docens<\/td>\n<\/tr>\n<tr>\n<td style=\"width: 50%\" width=\"365\">Inhal\u00e1ci\u00f3s gy\u00f3gyszeres ter\u00e1pia l\u00e9g\u00fati betegs\u00e9gekben<\/td>\n<td style=\"width: 50%\" width=\"351\">Dr. habil Horv\u00e1th G\u00e1bor, PhD, egyetemi docens<\/td>\n<\/tr>\n<tr>\n<td style=\"width: 50%\" width=\"365\">Interstitialis t\u00fcd\u0151betegs\u00e9gek. Diagnosztika \u00e9s ter\u00e1pia.<\/td>\n<td style=\"width: 50%\" width=\"351\">Dr. Boh\u00e1cs Anik\u00f3, PhD, egyetemi docens<\/td>\n<\/tr>\n<tr>\n<td style=\"width: 50%\" width=\"365\">Idiopathi\u00e1s t\u00fcd\u0151fibr\u00f3zis (IPF) a pulmonol\u00f3giai gyakorlatban\u00a0<\/td>\n<td style=\"width: 50%\" width=\"351\">Dr. Boh\u00e1cs Anik\u00f3, PhD, egyetemi docens<\/td>\n<\/tr>\n<tr>\n<td style=\"width: 50%\" width=\"365\">Immunmodul\u00e1ci\u00f3 t\u00fcd\u0151betegs\u00e9gekben<\/td>\n<td style=\"width: 50%\" width=\"351\">Dr. Boh\u00e1cs Anik\u00f3, PhD, egyetemi docens<\/td>\n<\/tr>\n<tr>\n<td style=\"width: 50%\" width=\"365\">T\u00fcd\u0151\u00e1t\u00fcltetettek posttransplant\u00e1ci\u00f3s gondoz\u00e1sa<\/td>\n<td style=\"width: 50%\" width=\"351\">Dr. Boh\u00e1cs Anik\u00f3, PhD, egyetemi docens<\/td>\n<\/tr>\n<tr>\n<td style=\"width: 50%\" width=\"365\">T\u00fcd\u0151r\u00e1k szolid szervtranszplant\u00e1lt betegekben\u00a0<\/td>\n<td style=\"width: 50%\" width=\"351\">Dr. Boh\u00e1cs Anik\u00f3, PhD, egyetemi docens<\/td>\n<\/tr>\n<tr>\n<td style=\"width: 50%\" width=\"365\">Kr\u00f3nikus t\u00fcd\u0151betegek terhel\u00e9si intoleranci\u00e1j\u00e1nak a vizsg\u00e1lata \u00faj m\u00e9r\u0151m\u00f3dszerekkel<\/td>\n<td style=\"width: 50%\" width=\"351\">Dr. habil Varga J\u00e1nos Tam\u00e1s, PhD, egyetemi docens<\/td>\n<\/tr>\n<tr>\n<td style=\"width: 50%\" width=\"365\">A dinamikus hyperinfl\u00e1ci\u00f3 kering\u00e9si param\u00e9terekre gyakorolt hat\u00e1sa COPD-ben<\/td>\n<td style=\"width: 50%\" width=\"351\">Dr. habil Varga J\u00e1nos Tam\u00e1s, PhD, egyetemi docens<\/td>\n<\/tr>\n<tr>\n<td style=\"width: 50%\" width=\"365\">Sz\u00f6veti oxigeniz\u00e1ci\u00f3 vizsg\u00e1lata nyugalomban \u00e9s terhel\u00e9s k\u00f6zben<\/td>\n<td style=\"width: 50%\" width=\"351\">Dr. habil Varga J\u00e1nos Tam\u00e1s, PhD, egyetemi docens<\/td>\n<\/tr>\n<tr>\n<td style=\"width: 50%\" width=\"365\">Covid rehabilit\u00e1ci\u00f3ja<\/td>\n<td style=\"width: 50%\" width=\"351\">Dr. habil Varga J\u00e1nos Tam\u00e1s, PhD, egyetemi docens<\/td>\n<\/tr>\n<tr>\n<td style=\"width: 50%\" width=\"365\">Terhel\u00e9s sor\u00e1n a pulmon\u00e1lis cirkul\u00e1ci\u00f3 v\u00e1ltoz\u00e1sa, pulmon\u00e1lis art\u00e9ri\u00e1s nyom\u00e1sv\u00e1ltoz\u00e1sa dinamik\u00e1ja<\/td>\n<td style=\"width: 50%\" width=\"351\">Dr. habil Varga J\u00e1nos Tam\u00e1s, PhD, egyetemi docens<\/td>\n<\/tr>\n<tr>\n<td style=\"width: 50%\" width=\"365\">A perioperat\u00edv l\u00e9gz\u00e9srehabilit\u00e1ci\u00f3 effektivit\u00e1sa a t\u00fcd\u0151daganatos betegekn\u00e9l<\/td>\n<td style=\"width: 50%\" width=\"351\">Dr. habil Varga J\u00e1nos Tam\u00e1s, PhD, egyetemi docens<\/td>\n<\/tr>\n<tr>\n<td style=\"width: 50%\" width=\"365\">Ergospirometria pulmon\u00e1lis hypertoni\u00e1ban<\/td>\n<td style=\"width: 50%\">Dr. Cs\u00f3sza Gy\u00f6rgyi, egyetemi adjunktus<\/td>\n<\/tr>\n<tr>\n<td style=\"width: 50%\" width=\"365\">Jobb kamra adapt\u00e1ci\u00f3 vizsg\u00e1lata pulmonalis hypertoni\u00e1ban<\/td>\n<td style=\"width: 50%\">Dr. Cs\u00f3sza Gy\u00f6rgyi, egyetemi adjunktus<\/td>\n<\/tr>\n<tr>\n<td style=\"width: 50%\" width=\"365\">Angio\u00f6d\u00e9ma pulmonol\u00f3giai vonatkoz\u00e1sai<\/td>\n<td style=\"width: 50%\">Dr. Czaller Ibolya, PhD, egyetemi adjunktus<\/td>\n<\/tr>\n<tr>\n<td style=\"width: 50%\" width=\"365\">Obstrukt\u00edv t\u00fcd\u0151betegs\u00e9gek klinikai \u00e9s patofiziol\u00f3giai jellemz\u0151i<\/td>\n<td style=\"width: 50%\" width=\"351\">Dr. Eszes No\u00e9mi, PhD, egyetemi adjunktus<\/td>\n<\/tr>\n<tr>\n<td style=\"width: 50%\" width=\"365\">S\u00falyos allergi\u00e1s \u00e9s anafilaxi\u00e1s reakci\u00f3k gyakoris\u00e1ga, okainak vizsg\u00e1lata a s\u00fcrg\u0151ss\u00e9gi \u00e9s allergol\u00f3giai ell\u00e1t\u00e1sban<\/td>\n<td style=\"width: 50%\" width=\"351\">Dr. Hidv\u00e9gi Edit PhD egyetemi adjunktus<\/td>\n<\/tr>\n<tr>\n<td style=\"width: 50%\" width=\"365\">S\u00falyos asztm\u00e1s betegek k\u00f6z\u00f6tt pollen-\u00e9tel keresztreakci\u00f3k \u00e9s t\u00e1pl\u00e1l\u00e9kallerg\u00e9nek vizsg\u00e1lata, di\u00e9t\u00e1s tan\u00e1csad\u00e1s<\/td>\n<td style=\"width: 50%\" width=\"351\">Dr. Hidv\u00e9gi Edit PhD egyetemi adjunktus<\/td>\n<\/tr>\n<tr>\n<td style=\"width: 50%\" width=\"365\">A SARS-CoV2 j\u00e1rv\u00e1ny hat\u00e1sa az allergi\u00e1s betegs\u00e9gekre<\/td>\n<td style=\"width: 50%\" width=\"351\">Dr. Hidv\u00e9gi Edit PhD egyetemi adjunktus<\/td>\n<\/tr>\n<tr>\n<td style=\"width: 50%\" width=\"365\">Termoabl\u00e1ci\u00f3 a malignus t\u00fcd\u0151folyamatok ell\u00e1t\u00e1s\u00e1ban<\/td>\n<td style=\"width: 50%\" width=\"351\">Dr. Horv\u00e1th P\u00e9ter, PhD, egyetemi adjuntus<\/td>\n<\/tr>\n<tr>\n<td style=\"width: 50%\" width=\"365\">Biomarkerek l\u00e9gz\u0151szervi betegs\u00e9gekben<\/td>\n<td style=\"width: 50%\" width=\"351\">Dr. Horv\u00e1th P\u00e9ter, PhD, egyetemi adjuntus<\/td>\n<\/tr>\n<tr>\n<td style=\"width: 50%\" width=\"365\">Rehabilit\u00e1ci\u00f3 interstitialis t\u00fcd\u0151betegs\u00e9gekben<\/td>\n<td style=\"width: 50%\" width=\"351\">Dr. Kov\u00e1ts Zsuzsanna, PhD, egyetemi adjunktus<\/td>\n<\/tr>\n<tr>\n<td style=\"width: 50%\" width=\"365\">T\u00fcd\u0151transzplant\u00e1ci\u00f3\u00a0 &#8222;A bronchoalveolaris lavage folyad\u00e9k anal\u00edzis\u00e9nek diagnosztikus \u00e9s prognosztikus szerepe t\u00fcd\u0151\u00e1t\u00fcltetett p\u00e1ciensekben&#8221;.<\/td>\n<td style=\"width: 50%\" width=\"351\">Dr. Kov\u00e1ts Zsuzsanna,\u00a0 PhD, egyetemi adjunktus<\/td>\n<\/tr>\n<tr>\n<td style=\"width: 50%\" width=\"365\">T\u00fcd\u0151transzplant\u00e1lt p\u00e1ciensek funkcion\u00e1lis \u00e1llapot\u00e1nak felm\u00e9r\u00e9se<\/td>\n<td style=\"width: 50%\" width=\"351\">Dr. Kov\u00e1ts Zsuzsanna,\u00a0 PhD, egyetemi adjunktus<\/td>\n<\/tr>\n<tr>\n<td style=\"width: 50%\" width=\"365\">Kering\u00e9s\u00e9lettani v\u00e1ltoz\u00e1sok\u00a0 k\u00fcl\u00f6nb\u00f6z\u0151 modalit\u00e1s\u00fa neminvaz\u00edv l\u00e9legeztet\u00e9s alkalmaz\u00e1sa sor\u00e1n<\/td>\n<td style=\"width: 50%\">Dr. Luk\u00e1csovits J\u00f3zsef, PhD, egyetemi adjunktus<\/td>\n<\/tr>\n<tr>\n<td style=\"width: 50%\" width=\"365\">Sziszt\u00e9m\u00e1s autoimmun betegs\u00e9gekben kialakul\u00f3 interstitialis t\u00fcd\u0151betegs\u00e9g<\/td>\n<td style=\"width: 50%\">Dr. Vincze Krisztina, PhD, egyetemi adjunktus<\/td>\n<\/tr>\n<tr>\n<td style=\"width: 50%\" width=\"365\">Interstitielle Lungenerkrankungen<\/td>\n<td style=\"width: 50%\" width=\"351\">Prof. Dr. Veronika M\u00fcller DSc<\/td>\n<\/tr>\n<tr>\n<td style=\"width: 50%\" width=\"365\">Pulmonale Manifestation der Autoimmunerkrankungen\u00a0<\/td>\n<td style=\"width: 50%\" width=\"351\">Prof. Dr. Veronika M\u00fcller DSc<\/td>\n<\/tr>\n<tr>\n<td style=\"width: 50%\" width=\"365\">Stressfaktoren in der Pathogenese der Lungenkrankungen\u00a0<\/td>\n<td style=\"width: 50%\" width=\"351\">Prof. Dr. Veronika M\u00fcller DSc<\/td>\n<\/tr>\n<tr>\n<td style=\"width: 50%\" width=\"365\">COVID und Lunge<\/td>\n<td style=\"width: 50%\" width=\"351\">Prof. Dr. Veronika M\u00fcller DSc<\/td>\n<\/tr>\n<tr>\n<td style=\"width: 50%\" width=\"365\">Ursachen und H\u00e4ufigkeit schwerer allergischer Reaktionen in der Notfallversorgung<\/td>\n<td style=\"width: 50%\">Dr. Edit Hidv\u00e9gi, PhD<\/td>\n<\/tr>\n<tr>\n<td style=\"width: 50%\" width=\"365\">Pollen-Nahrungsmittel Allergie Syndrom bei schweren Asthmatikern<\/td>\n<td style=\"width: 50%\">Dr. Edit Hidv\u00e9gi, PhD<\/td>\n<\/tr>\n<tr>\n<td style=\"width: 50%\" width=\"365\">Hat die H\u00e4ufigkeit von Latexallergien in den letzten 10 Jahren zugenommen? Einfluss der COVID-Epidemie auf die Allergie<\/td>\n<td style=\"width: 50%\">Dr. Edit Hidv\u00e9gi, PhD<\/td>\n<\/tr>\n<tr>\n<td style=\"width: 50%\" width=\"365\">Lungentransplantation<\/td>\n<td style=\"width: 50%\" width=\"351\">Dr. Zsuzsanna Kov\u00e1ts PhD<\/td>\n<\/tr>\n<tr>\n<td style=\"width: 50%\" width=\"365\">Lungentransplantation &#8222;Diagnostische und prognostische Rolle der broncholaveol\u00e4ren Lavage-Fl\u00fcssigkeit nach Lungentransplantation&#8221;\u00a0<\/td>\n<td style=\"width: 50%\" width=\"351\">Dr. Zsuzsanna Kov\u00e1ts PhD<\/td>\n<\/tr>\n<tr>\n<td style=\"width: 50%\" width=\"365\">&#8222;Bestimmung des funktionellen Status in lungentransplantierten\u00a0Patienten<\/td>\n<td style=\"width: 50%\">Dr. Zsuzsanna Kov\u00e1ts PhD<\/td>\n<\/tr>\n<tr>\n<td style=\"width: 50%\" width=\"365\">Rehabilitation in interstiziellen Lungenerkrankungen<\/td>\n<td style=\"width: 50%\">Dr. Zsuzsanna Kov\u00e1ts PhD<\/td>\n<\/tr>\n<tr>\n<td style=\"width: 50%\" width=\"365\">Ph\u00e4notypen der COPD-Exazerbation<\/td>\n<td style=\"width: 50%\">Dr. Zs\u00f3fia L\u00e1z\u00e1r PhD<\/td>\n<\/tr>\n<tr>\n<td style=\"width: 50%\" width=\"365\">Entz\u00fcndliche Biomarker der COPD<\/td>\n<td style=\"width: 50%\">Dr. Zs\u00f3fia L\u00e1z\u00e1r PhD<\/td>\n<\/tr>\n<tr>\n<td style=\"width: 50%\" width=\"365\">ILD bei systemischen Autoimmunerkrankungen<\/td>\n<td style=\"width: 50%\">Dr. Krisztina Vincze, PhD<\/td>\n<\/tr>\n<\/tbody>\n<\/table>\n","protected":false},"excerpt":{"rendered":"<p>Rektori p\u00e1ly\u00e1zat Pulmonol\u00f3giai Klinika 2025\/2026 Rektori p\u00e1ly\u00e1zat c\u00edme T\u00e9mavezet\u0151 Aerosolok \u00e9s a t\u00fcd\u0151 Prof. Dr. M\u00fcller Veronika, PhD, DSc, egyetemi tan\u00e1r, az MTA doktora \u00e9s Dr. Erd\u00e9lyi Tam\u00e1s Asztma \u00e9s sport Prof. Dr. M\u00fcller Veronika, PhD, DSc, egyetemi tan\u00e1r, az MTA doktora \u00e9s Dr. Seres \u00c9va Bronchoalveolaris lavage t\u00fcd\u0151betegs\u00e9gekben Prof. Dr. M\u00fcller Veronika, PhD, DSc, &hellip;<\/p>\n","protected":false},"author":101596,"featured_media":0,"parent":9092,"menu_order":0,"comment_status":"closed","ping_status":"closed","template":"","meta":{"_acf_changed":false,"footnotes":""},"categories":[],"tags":[99],"class_list":["post-9162","page","type-page","status-publish","hentry","tag-aok-rektori-palyazat"],"acf":[],"publishpress_future_action":{"enabled":false,"date":"1970-01-01 01:00:00","action":"","terms":[],"taxonomy":"","browser_timezone_offset":0},"_links":{"self":[{"href":"https:\/\/semmelweis.hu\/tdk\/wp-json\/wp\/v2\/pages\/9162","targetHints":{"allow":["GET"]}}],"collection":[{"href":"https:\/\/semmelweis.hu\/tdk\/wp-json\/wp\/v2\/pages"}],"about":[{"href":"https:\/\/semmelweis.hu\/tdk\/wp-json\/wp\/v2\/types\/page"}],"author":[{"embeddable":true,"href":"https:\/\/semmelweis.hu\/tdk\/wp-json\/wp\/v2\/users\/101596"}],"replies":[{"embeddable":true,"href":"https:\/\/semmelweis.hu\/tdk\/wp-json\/wp\/v2\/comments?post=9162"}],"version-history":[{"count":3,"href":"https:\/\/semmelweis.hu\/tdk\/wp-json\/wp\/v2\/pages\/9162\/revisions"}],"predecessor-version":[{"id":11534,"href":"https:\/\/semmelweis.hu\/tdk\/wp-json\/wp\/v2\/pages\/9162\/revisions\/11534"}],"up":[{"embeddable":true,"href":"https:\/\/semmelweis.hu\/tdk\/wp-json\/wp\/v2\/pages\/9092"}],"wp:attachment":[{"href":"https:\/\/semmelweis.hu\/tdk\/wp-json\/wp\/v2\/media?parent=9162"}],"wp:term":[{"taxonomy":"category","embeddable":true,"href":"https:\/\/semmelweis.hu\/tdk\/wp-json\/wp\/v2\/categories?post=9162"},{"taxonomy":"post_tag","embeddable":true,"href":"https:\/\/semmelweis.hu\/tdk\/wp-json\/wp\/v2\/tags?post=9162"}],"curies":[{"name":"wp","href":"https:\/\/api.w.org\/{rel}","templated":true}]}}