{"id":9155,"date":"2023-05-31T08:39:59","date_gmt":"2023-05-31T06:39:59","guid":{"rendered":"https:\/\/semmelweis.hu\/tdk\/?page_id=9155"},"modified":"2025-11-11T12:01:29","modified_gmt":"2025-11-11T11:01:29","slug":"rektori-palyazat-2023-2024-gyermekfogaszati-es-fogszabalyozasi-klinika","status":"publish","type":"page","link":"https:\/\/semmelweis.hu\/tdk\/rektori-palyazat\/rektori-palyazat-meghirdetett-temak\/rektori-palyazat-2023-2024-gyermekfogaszati-es-fogszabalyozasi-klinika\/","title":{"rendered":"Gyermekfog\u00e1szati \u00e9s Fogszab\u00e1lyoz\u00e1si Klinika &#8211; Rektori p\u00e1ly\u00e1zat"},"content":{"rendered":"<h3>Rektori p\u00e1ly\u00e1zat Gyermekfog\u00e1szati \u00e9s Fogszab\u00e1lyoz\u00e1si Klinika 2025\/2026 Tan\u00e9v<\/h3>\n<table style=\"border-collapse: collapse;width: 100%;height: 66px\">\n<tbody>\n<tr style=\"height: 33px\">\n<td style=\"width: 50%;height: 33px\"><strong>Rektori p\u00e1lyamunka c\u00edme<\/strong><\/td>\n<td style=\"width: 50%;height: 33px\"><strong>T\u00e9mavezet\u0151<\/strong><\/td>\n<\/tr>\n<tr style=\"height: 33px\">\n<td style=\"width: 50%;height: 33px\">A fels\u0151 \u00e1llcsont szkelet\u00e1lisan elhorgonyzott t\u00e1g\u00edt\u00e1s\u00e1nak vizsg\u00e1lata<\/td>\n<td style=\"width: 50%;height: 33px\">Dr. Nemes B\u00e1lint<\/td>\n<\/tr>\n<tr>\n<td style=\"width: 50%\">Fiatalok \u00e9s rossz szok\u00e1saik: az eg\u00e9szs\u00e9g\u00fcgyi kock\u00e1zatok \u00e1ttekint\u00e9se a 21.sz\u00e1zadban<\/td>\n<td style=\"width: 50%\">Dr. Balaton Gergely<\/td>\n<\/tr>\n<tr>\n<td style=\"width: 50%\">Digit\u00e1lis technol\u00f3gia a fogszab\u00e1lyoz\u00e1sban<\/td>\n<td style=\"width: 50%\">Dr. L\u0151rincz Gergely<\/td>\n<\/tr>\n<tr>\n<td style=\"width: 50%\">A saj\u00e1tos nevel\u00e9si ig\u00e9ny\u0171 gyermekek fog\u00e1szati ell\u00e1t\u00e1sa haz\u00e1nkban az elm\u00falt t\u00edz \u00e9vben<\/td>\n<td style=\"width: 50%\">\n<p>Prof. Dr. R\u00f3zsa No\u00e9mi Katinka, Dr. Szab\u00f3 Violetta Erzs\u00e9bet<\/p>\n<\/td>\n<\/tr>\n<tr>\n<td style=\"width: 50%\">Orthognath m\u0171t\u00e9tek funkcion\u00e1lis hat\u00e1sainak vizsg\u00e1lata mandibula mozg\u00e1sanaliz\u00e1l\u00f3 k\u00e9sz\u00fcl\u00e9kkel<\/td>\n<td style=\"width: 50%\">\n<p>Dr. L\u0151rincz Gergely<\/p>\n<\/td>\n<\/tr>\n<\/tbody>\n<\/table>\n","protected":false},"excerpt":{"rendered":"<p>Rektori p\u00e1ly\u00e1zat Gyermekfog\u00e1szati \u00e9s Fogszab\u00e1lyoz\u00e1si Klinika 2025\/2026 Tan\u00e9v Rektori p\u00e1lyamunka c\u00edme T\u00e9mavezet\u0151 A fels\u0151 \u00e1llcsont szkelet\u00e1lisan elhorgonyzott t\u00e1g\u00edt\u00e1s\u00e1nak vizsg\u00e1lata Dr. Nemes B\u00e1lint Fiatalok \u00e9s rossz szok\u00e1saik: az eg\u00e9szs\u00e9g\u00fcgyi kock\u00e1zatok \u00e1ttekint\u00e9se a 21.sz\u00e1zadban Dr. Balaton Gergely Digit\u00e1lis technol\u00f3gia a fogszab\u00e1lyoz\u00e1sban Dr. L\u0151rincz Gergely A saj\u00e1tos nevel\u00e9si ig\u00e9ny\u0171 gyermekek fog\u00e1szati ell\u00e1t\u00e1sa haz\u00e1nkban az elm\u00falt t\u00edz \u00e9vben Prof. &hellip;<\/p>\n","protected":false},"author":101596,"featured_media":0,"parent":9092,"menu_order":0,"comment_status":"closed","ping_status":"closed","template":"","meta":{"_acf_changed":false,"footnotes":""},"categories":[],"tags":[97],"class_list":["post-9155","page","type-page","status-publish","hentry","tag-fok-rektori-palyazat"],"acf":[],"publishpress_future_action":{"enabled":false,"date":"1970-01-01 01:00:00","action":"","terms":[],"taxonomy":"","browser_timezone_offset":0},"_links":{"self":[{"href":"https:\/\/semmelweis.hu\/tdk\/wp-json\/wp\/v2\/pages\/9155","targetHints":{"allow":["GET"]}}],"collection":[{"href":"https:\/\/semmelweis.hu\/tdk\/wp-json\/wp\/v2\/pages"}],"about":[{"href":"https:\/\/semmelweis.hu\/tdk\/wp-json\/wp\/v2\/types\/page"}],"author":[{"embeddable":true,"href":"https:\/\/semmelweis.hu\/tdk\/wp-json\/wp\/v2\/users\/101596"}],"replies":[{"embeddable":true,"href":"https:\/\/semmelweis.hu\/tdk\/wp-json\/wp\/v2\/comments?post=9155"}],"version-history":[{"count":10,"href":"https:\/\/semmelweis.hu\/tdk\/wp-json\/wp\/v2\/pages\/9155\/revisions"}],"predecessor-version":[{"id":11716,"href":"https:\/\/semmelweis.hu\/tdk\/wp-json\/wp\/v2\/pages\/9155\/revisions\/11716"}],"up":[{"embeddable":true,"href":"https:\/\/semmelweis.hu\/tdk\/wp-json\/wp\/v2\/pages\/9092"}],"wp:attachment":[{"href":"https:\/\/semmelweis.hu\/tdk\/wp-json\/wp\/v2\/media?parent=9155"}],"wp:term":[{"taxonomy":"category","embeddable":true,"href":"https:\/\/semmelweis.hu\/tdk\/wp-json\/wp\/v2\/categories?post=9155"},{"taxonomy":"post_tag","embeddable":true,"href":"https:\/\/semmelweis.hu\/tdk\/wp-json\/wp\/v2\/tags?post=9155"}],"curies":[{"name":"wp","href":"https:\/\/api.w.org\/{rel}","templated":true}]}}