{"id":9147,"date":"2023-05-30T13:17:10","date_gmt":"2023-05-30T11:17:10","guid":{"rendered":"https:\/\/semmelweis.hu\/tdk\/?page_id=9147"},"modified":"2025-10-28T11:36:23","modified_gmt":"2025-10-28T10:36:23","slug":"rektori-palyazat-sebeszeti-transzplantacios-es-gasztroenterologiai-klinika","status":"publish","type":"page","link":"https:\/\/semmelweis.hu\/tdk\/rektori-palyazat\/rektori-palyazat-meghirdetett-temak\/rektori-palyazat-sebeszeti-transzplantacios-es-gasztroenterologiai-klinika\/","title":{"rendered":"Seb\u00e9szeti, Transzplant\u00e1ci\u00f3s \u00e9s Gasztroenterol\u00f3giai Klinika &#8211; Rektori p\u00e1ly\u00e1zat"},"content":{"rendered":"<h3>Rektori p\u00e1ly\u00e1zat Seb\u00e9szeti, Transzplant\u00e1ci\u00f3s \u00e9s Gasztroenterol\u00f3giai Klinika 2025\/2026<\/h3>\n<table style=\"border-collapse: collapse;width: 100%;height: 1336px\">\n<tbody>\n<tr style=\"height: 33px\">\n<td style=\"width: 50%;height: 33px\"><strong>Rektori p\u00e1ly\u00e1zat c\u00edme<\/strong><\/td>\n<td style=\"width: 50%;height: 33px\"><strong>T\u00e9mavezet\u0151<\/strong><\/td>\n<\/tr>\n<tr style=\"height: 83px\">\n<td style=\"width: 50%;height: 83px\">\n<p>Bimodalis prehabilit\u00e1ci\u00f3 hat\u00e1s\u00e1nak vizsg\u00e1lata vastagb\u00e9l resectio kis\u00e1llat modellj\u00e9ben<\/p>\n<\/td>\n<td style=\"width: 50%;height: 83px\">Dr. F\u00fcl\u00f6p Andr\u00e1s, PhD egyetemi adjunktus, Dr. L\u00e9vay Kl\u00e1ra PhD hallgat\u00f3<\/td>\n<\/tr>\n<tr style=\"height: 123px\">\n<td style=\"width: 50%;height: 123px\">\n<div class=\"elementToProof\">A Semmelweis Egyetemen v\u00e9gzett hasny\u00e1lmirigy-transzplant\u00e1ci\u00f3k eredm\u00e9nyeinek \u00f6sszehasonl\u00edt\u00e1sa a protokollv\u00e1lt\u00e1st megel\u0151z\u0151 \u00e9s az azt k\u00f6vet\u0151 id\u0151szakban<\/div>\n<\/td>\n<td style=\"width: 50%;height: 123px\">\n<div class=\"elementToProof\">Dr. Piros L\u00e1szl\u00f3, egyetemi docens<\/div>\n<\/td>\n<\/tr>\n<tr style=\"height: 33px\">\n<td style=\"width: 50%;height: 33px\">\n<div class=\"elementToProof\">Opportunista fert\u0151z\u00e9sek gyullad\u00e1sos b\u00e9lbetegs\u00e9gben<\/div>\n<\/td>\n<td style=\"width: 50%;height: 33px\">\n<div class=\"elementToProof\">Dr. Miheller P\u00e1l, egyetemi docens<\/div>\n<\/td>\n<\/tr>\n<tr style=\"height: 93px\">\n<td style=\"width: 50%;height: 93px\">\n<div class=\"elementToProof\">A COVID-19 fert\u0151z\u00e9s k\u00f3rh\u00e1zi mortalit\u00e1s\u00e1val\u00a0\u00f6sszef\u00fcgg\u0151 rizik\u00f3t\u00e9nyez\u0151k kr\u00f3nikus m\u00e1jbetegekben<\/div>\n<\/td>\n<td style=\"width: 50%;height: 93px\">\n<div class=\"elementToProof\">Dr. Werling Kl\u00e1ra, egyetemi docens<\/div>\n<\/td>\n<\/tr>\n<tr style=\"height: 63px\">\n<td style=\"width: 50%;height: 63px\">\n<div class=\"elementToProof\">A poszt\u00ad-COVID szindr\u00f3m\u00e1val diagnosztiz\u00e1lt betegek leggyakoribb gastrointestinalis elt\u00e9r\u00e9sei<\/div>\n<\/td>\n<td style=\"width: 50%;height: 63px\">\n<div class=\"elementToProof\">Dr. Werling Kl\u00e1ra, egyetemi docens<\/div>\n<\/td>\n<\/tr>\n<tr style=\"height: 33px\">\n<td style=\"width: 50%;height: 33px\">\n<div class=\"elementToProof\">Postoperative systemische inflammatorische Antwort in da Vinci und laparaskopischen Kolektomien<\/div>\n<\/td>\n<td style=\"width: 50%;height: 33px\">\n<div class=\"elementToProof\">Dr. Benk\u0151 Tam\u00e1s, egyetemi docens<\/div>\n<\/td>\n<\/tr>\n<tr style=\"height: 33px\">\n<td style=\"width: 50%;height: 33px\">\n<div class=\"elementToProof\">Lebertransplantation bei prim\u00e4r sklerosierender Cholangitis und Colitis Ulcerosa\u00a0<\/div>\n<\/td>\n<td style=\"width: 50%;height: 33px\">\n<div class=\"elementToProof\">Dr. Benk\u0151 Tam\u00e1s, egyetemi docens<\/div>\n<\/td>\n<\/tr>\n<tr style=\"height: 63px\">\n<td style=\"width: 50%;height: 63px\">\n<div class=\"elementToProof\">Kolorekt\u00e1lis karcin\u00f3m\u00e1s betegek szelekt\u00e1l\u00e1sa a trimod\u00e1lis prehabilit\u00e1ci\u00f3ra.<\/div>\n<\/td>\n<td style=\"width: 50%;height: 63px\">\n<div class=\"elementToProof\">Dr. B\u00e1nky Bal\u00e1zs egyetemi docens, Dr. F\u00fcl\u00f6p Andr\u00e1s\u00a0 PhD egyetemi adjunktus<\/div>\n<\/td>\n<\/tr>\n<tr style=\"height: 63px\">\n<td style=\"width: 50%;height: 63px\">\n<div class=\"elementToProof\">Kock\u00e1zatbecsl\u0151 pontrendszerek fels\u0151 t\u00e1pcsatornai nem varix eredet\u0171 v\u00e9rz\u00e9sekben<\/div>\n<\/td>\n<td style=\"width: 50%;height: 63px\">\n<div class=\"elementToProof\">Dr. Patai \u00c1rp\u00e1d egyetemi adjunktus<\/div>\n<\/td>\n<\/tr>\n<tr style=\"height: 10px\">\n<td style=\"width: 50%;height: 10px\">\n<div class=\"elementToProof\">Kock\u00e1zatbecsl\u0151 pontrendszerek fels\u0151 t\u00e1pcsatornai varix v\u00e9rz\u00e9sekben<\/div>\n<\/td>\n<td style=\"width: 50%;height: 10px\">\n<div class=\"elementToProof\">Dr. Patai \u00c1rp\u00e1d egyetemi adjunktus<\/div>\n<\/td>\n<\/tr>\n<tr style=\"height: 33px\">\n<td style=\"width: 50%;height: 33px\">\n<div class=\"elementToProof\">S\u00fcrg\u0151ss\u00e9gi gasztroszk\u00f3pia id\u0151z\u00edt\u00e9se fels\u0151 t\u00e1pcsatornai v\u00e9rz\u00e9sekben<\/div>\n<\/td>\n<td style=\"width: 50%;height: 33px\">\n<div class=\"elementToProof\">Dr. Patai \u00c1rp\u00e1d egytemi adjunktus<\/div>\n<\/td>\n<\/tr>\n<tr style=\"height: 63px\">\n<td style=\"width: 50%;height: 63px\">\n<div class=\"elementToProof\">A b\u00e9l mikrobiom \u00f6sszet\u00e9tel\u00e9nek \u00e9s hat\u00e1s\u00e1nak vizsg\u00e1lata bimod\u00e1lis prehabilit\u00e1ci\u00f3t k\u00f6vet\u0151en, colon anastomosis modellben.<\/div>\n<\/td>\n<td style=\"width: 50%;height: 63px\">\n<div class=\"elementToProof\">\n<p style=\"font-weight: 400\">Dr. F\u00fcl\u00f6p Andr\u00e1s egyetemi adjunktus, <span style=\"font-family: inherit;font-size: inherit\">Dr. L\u00e9vay Kl\u00e1ra, PhD hallgat\u00f3<\/span><\/p>\n<\/div>\n<\/td>\n<\/tr>\n<tr style=\"height: 63px\">\n<td style=\"width: 50%;height: 63px\">\n<div class=\"elementToProof\">Bimodalis prehabilit\u00e1ci\u00f3 hat\u00e1sa a vastagb\u00e9l ny\u00e1lkah\u00e1rtya energiah\u00e1ztart\u00e1s\u00e1ra kis\u00e1llat modellben<\/div>\n<\/td>\n<td style=\"width: 50%;height: 63px\">\n<div class=\"elementToProof\">\n<p style=\"font-weight: 400\">Dr. F\u00fcl\u00f6p Andr\u00e1s PhD egyetemi adjunktus, Dr. L\u00e9vay Kl\u00e1ra PhD hallgat\u00f3<\/p>\n<\/div>\n<\/td>\n<\/tr>\n<tr style=\"height: 63px\">\n<td style=\"width: 50%;height: 63px\">\n<div class=\"elementToProof\">Fizikai prehabilitatio hat\u00e1sa m\u00e1jregeneratiora partialis hepatectomiat k\u00f6vet\u0151en kis\u00e1llat modellben<\/div>\n<\/td>\n<td style=\"width: 50%;height: 63px\">\n<div class=\"elementToProof\">\n<p style=\"font-weight: 400\">Dr. L\u00e9vay Kl\u00e1ra PhD hallgat\u00f3, Prof. Dr. Szij\u00e1rt\u00f3 Attila egyetemi tan\u00e1r<\/p>\n<\/div>\n<\/td>\n<\/tr>\n<tr style=\"height: 63px\">\n<td style=\"width: 50%;height: 63px\">\n<div class=\"elementToProof\">Transzplant\u00e1ci\u00f3s onkol\u00f3gia: a donor \u00e9s a recipiens malignus elv\u00e1ltoz\u00e1sai \u00e9s ezek hat\u00e1sa a beteg t\u00fal\u00e9l\u00e9sre m\u00e1j\u00e1t\u00fcltet\u00e9st k\u00f6vet\u0151en<\/div>\n<\/td>\n<td style=\"width: 50%;height: 63px\">\n<div class=\"elementToProof\">\n<p style=\"font-weight: 400\">Dr. Benk\u0151 Tam\u00e1s egyetemi docens<\/p>\n<\/div>\n<\/td>\n<\/tr>\n<tr style=\"height: 53px\">\n<td style=\"width: 50%;height: 53px\">\n<div class=\"elementToProof\">M\u00e1j\u00e1t\u00fcltet\u00e9st k\u00f6vet\u0151 epeuti sz\u00f6v\u0151dm\u00e9nyek: donor \u00e9s recipiens faktorok vizsg\u00e1lata<\/div>\n<\/td>\n<td style=\"width: 50%;height: 53px\">\n<div class=\"elementToProof\">\n<p style=\"font-weight: 400\">Dr. Benk\u0151 Tam\u00e1s egyetemi docens<\/p>\n<\/div>\n<\/td>\n<\/tr>\n<tr style=\"height: 143px\">\n<td style=\"width: 50%;height: 143px\">\n<p>A rectum tumorok miatt v\u00e9gzett TaTME m\u0171t\u00e9te tanul\u00e1si g\u00f6rb\u00e9j\u00e9nek elemz\u00e9se. \/ Exploration of the learning curve in TaTME operation for the treatment of rectal cancer.<\/p>\n<div class=\"elementToProof\">\u00a0<\/div>\n<\/td>\n<td style=\"width: 50%;height: 143px\">\n<div class=\"elementToProof\">\n<p style=\"font-weight: 400\">Dr. B\u00e1nky Bal\u00e1zs egyetemi docens, Dr. Lakatos Lor\u00e1nd<\/p>\n<\/div>\n<\/td>\n<\/tr>\n<tr style=\"height: 63px\">\n<td style=\"width: 50%;height: 63px\" width=\"273\">A cholecystectomia eredm\u00e9nyeinek keresztmetszeti vizsg\u00e1lata a Seb\u00e9szeti, Transzplant\u00e1ci\u00f3\u00e9s \u00e9s Gaztroenterol\u00f3giai Klinik\u00e1n<\/td>\n<td style=\"width: 50%;height: 63px\" width=\"105\">Dr. B\u00e1rdos D\u00e1vid PhD hallgat\u00f3<\/td>\n<\/tr>\n<tr style=\"height: 33px\">\n<td style=\"width: 50%;height: 33px\" width=\"273\">A stoma elfogad\u00e1s pszich\u00e9s h\u00e1ttere<\/td>\n<td style=\"width: 50%;height: 33px\" width=\"105\">Dr. B\u00e1nky Bal\u00e1zs egyetemi docens<\/td>\n<\/tr>\n<tr style=\"height: 63px\">\n<td style=\"width: 50%;height: 63px\" width=\"273\">Antikoagul\u00e1ns \u00e9s antitrombotikus ter\u00e1pia hat\u00e1sa az endoszk\u00f3pi\u00e1t k\u00f6vet\u0151 mortalit\u00e1sra, \u00fajrav\u00e9rz\u00e9sre \u00e9s transzf\u00fazi\u00f3s ig\u00e9nyre<\/td>\n<td style=\"width: 50%;height: 63px\" width=\"105\">Dr. Patai \u00c1rp\u00e1d egytemi adjunktus<\/td>\n<\/tr>\n<tr style=\"height: 33px\">\n<td style=\"width: 50%;height: 33px\" width=\"273\">Rosszindulat\u00fa epe\u00fati sz\u0171k\u00fcletek minim\u00e1linvaz\u00edv diagnosztik\u00e1ja \u00e9s ter\u00e1pi\u00e1ja<\/td>\n<td style=\"width: 50%;height: 33px\" width=\"105\">Dr. Hritz Istv\u00e1n egyetemi docens<\/td>\n<\/tr>\n<tr>\n<td style=\"width: 50%\" width=\"273\">Postoperat\u00edv hypoparathyreosis<\/td>\n<td style=\"width: 50%\" width=\"105\">Dr. Huszty Gergely D\u00e9nes egyetemi adjunktus<\/td>\n<\/tr>\n<tr>\n<td style=\"width: 50%\">A SPOCK1 sz\u00e9rumszintj\u00e9nek vizsg\u00e1lata k\u00fcl\u00f6nb\u00f6z\u0151 m\u00e1jbetegs\u00e9gekben\u00a0<\/td>\n<td style=\"width: 50%\">Dr. B\u00e1rdos D\u00e1vid<\/td>\n<\/tr>\n<tr>\n<td style=\"width: 50%\">\n<p>Antitestmedi\u00e1lta rejekci\u00f3 korszer\u0171 diagnosztik\u00e1ja \u00e9s ter\u00e1pi\u00e1ja vesetranszplant\u00e1ci\u00f3t k\u00f6vet\u0151en<\/p>\n<\/td>\n<td style=\"width: 50%\">Dr. Cseprek\u00e1l Orsolya egyetemi adjunktus<\/td>\n<\/tr>\n<tr>\n<td style=\"width: 50%\">\n<p>Hypertonia jellegzetess\u00e9gei, kezel\u00e9se transzplant\u00e1ci\u00f3t k\u00f6vet\u0151en<\/p>\n<\/td>\n<td style=\"width: 50%\">Dr. Cseprek\u00e1l Orsolya egyetemi adjunktus<\/td>\n<\/tr>\n<tr>\n<td style=\"width: 50%\">\n<p>Mesters\u00e9ges intelligencia szerepe a vesetranszplant\u00e1ci\u00f3 hossz\u00fa t\u00e1v\u00fa kimenetel\u00e9nek el\u0151rejelz\u00e9s\u00e9ben<\/p>\n<\/td>\n<td style=\"width: 50%\">Dr. Cseprek\u00e1l Orsolya egyetemi adjunktus<\/td>\n<\/tr>\n<tr>\n<td style=\"width: 50%\">\n<p>Polyomav\u00edrus nephritis a vesetranszplant\u00e1ci\u00f3t k\u00f6vet\u0151en<\/p>\n<\/td>\n<td style=\"width: 50%\">Dr. Cseprek\u00e1l Orsolya egyetemi adjunktus<\/td>\n<\/tr>\n<tr>\n<td style=\"width: 50%\">\n<p>Az immunszuppressz\u00edv protokollok nefrotoxicit\u00e1sa &#8211; hol az \u00fat a kock\u00e1zat \u00e9s haszon k\u00f6z\u00f6tt<\/p>\n<\/td>\n<td style=\"width: 50%\">Dr. Cseprek\u00e1l Orsolya egyetemi adjunktus<\/td>\n<\/tr>\n<tr>\n<td style=\"width: 50%\">\n<p>AB0 \u00e9s HLA inkompatibilis vese\u00e1t\u00fcltet\u00e9s \u00e9s keresztdon\u00e1ci\u00f3<\/p>\n<\/td>\n<td style=\"width: 50%\">Dr. Cseprek\u00e1l Orsolya egyetemi adjunktus<\/td>\n<\/tr>\n<tr>\n<td style=\"width: 50%\">\n<p>Pszichoszoci\u00e1lis t\u00e9nyez\u0151k szerepe a vese\u00e1t\u00fcltet\u00e9s eredm\u00e9nyess\u00e9g\u00e9ben<\/p>\n<\/td>\n<td style=\"width: 50%\">Dr. Cseprek\u00e1l Orsolya egyetemi adjunktus<\/td>\n<\/tr>\n<tr>\n<td style=\"width: 50%\">\n<p>A vese alapbetegs\u00e9g\u00e9nek recid\u00edv\u00e1ja vese\u00e1t\u00fcltet\u00e9s ut\u00e1n<\/p>\n<\/td>\n<td style=\"width: 50%\">Dr. Cseprek\u00e1l Orsolya egyetemi adjunktus<\/td>\n<\/tr>\n<tr>\n<td style=\"width: 50%\">\n<p>A szerv\u00e1t\u00fcltet\u00e9s eg\u00e9szs\u00e9g gazdas\u00e1gi vonatkoz\u00e1sai<\/p>\n<\/td>\n<td style=\"width: 50%\">Dr. Cseprek\u00e1l Orsolya egyetemi adjunktus<\/td>\n<\/tr>\n<tr>\n<td style=\"width: 50%\">\n<p>Klinikai d\u00f6nt\u00e9st\u00e1mogat\u00f3 rendszerek szerepe a hasi szolid szervtranszplant\u00e1ci\u00f3s v\u00e1r\u00f3lista \u00fczemeltet\u00e9s\u00e9ben<\/p>\n<\/td>\n<td style=\"width: 50%\">Dr. Cseprek\u00e1l Orsolya egyetemi adjunktus<\/td>\n<\/tr>\n<tr>\n<td style=\"width: 50%\">\n<p>A tranz\u00edci\u00f3 jelent\u0151s\u00e9ge a gyermek vesetranszplant\u00e1ci\u00f3ban\u00a0\u00a0<\/p>\n<\/td>\n<td style=\"width: 50%\">Dr. Cseprek\u00e1l Orsolya egyetemi adjunktus<\/td>\n<\/tr>\n<tr>\n<td style=\"width: 50%\">\n<p>Az \u00e9l\u0151donoros vese\u00e1t\u00fcltet\u00e9s egyes k\u00e9rd\u00e9sei a nefrol\u00f3gus szemsz\u00f6g\u00e9b\u0151l<\/p>\n<\/td>\n<td style=\"width: 50%\">Dr. Cseprek\u00e1l Orsolya egyetemi adjunktus<\/td>\n<\/tr>\n<\/tbody>\n<\/table>\n","protected":false},"excerpt":{"rendered":"<p>Rektori p\u00e1ly\u00e1zat Seb\u00e9szeti, Transzplant\u00e1ci\u00f3s \u00e9s Gasztroenterol\u00f3giai Klinika 2025\/2026 Rektori p\u00e1ly\u00e1zat c\u00edme T\u00e9mavezet\u0151 Bimodalis prehabilit\u00e1ci\u00f3 hat\u00e1s\u00e1nak vizsg\u00e1lata vastagb\u00e9l resectio kis\u00e1llat modellj\u00e9ben Dr. F\u00fcl\u00f6p Andr\u00e1s, PhD egyetemi adjunktus, Dr. L\u00e9vay Kl\u00e1ra PhD hallgat\u00f3 A Semmelweis Egyetemen v\u00e9gzett hasny\u00e1lmirigy-transzplant\u00e1ci\u00f3k eredm\u00e9nyeinek \u00f6sszehasonl\u00edt\u00e1sa a protokollv\u00e1lt\u00e1st megel\u0151z\u0151 \u00e9s az azt k\u00f6vet\u0151 id\u0151szakban Dr. Piros L\u00e1szl\u00f3, egyetemi docens Opportunista fert\u0151z\u00e9sek gyullad\u00e1sos b\u00e9lbetegs\u00e9gben &hellip;<\/p>\n","protected":false},"author":101596,"featured_media":0,"parent":9092,"menu_order":0,"comment_status":"closed","ping_status":"closed","template":"","meta":{"_acf_changed":false,"footnotes":""},"categories":[],"tags":[99],"class_list":["post-9147","page","type-page","status-publish","hentry","tag-aok-rektori-palyazat"],"acf":[],"publishpress_future_action":{"enabled":false,"date":"1970-01-01 01:00:00","action":"","terms":[],"taxonomy":"","browser_timezone_offset":0},"_links":{"self":[{"href":"https:\/\/semmelweis.hu\/tdk\/wp-json\/wp\/v2\/pages\/9147","targetHints":{"allow":["GET"]}}],"collection":[{"href":"https:\/\/semmelweis.hu\/tdk\/wp-json\/wp\/v2\/pages"}],"about":[{"href":"https:\/\/semmelweis.hu\/tdk\/wp-json\/wp\/v2\/types\/page"}],"author":[{"embeddable":true,"href":"https:\/\/semmelweis.hu\/tdk\/wp-json\/wp\/v2\/users\/101596"}],"replies":[{"embeddable":true,"href":"https:\/\/semmelweis.hu\/tdk\/wp-json\/wp\/v2\/comments?post=9147"}],"version-history":[{"count":11,"href":"https:\/\/semmelweis.hu\/tdk\/wp-json\/wp\/v2\/pages\/9147\/revisions"}],"predecessor-version":[{"id":11862,"href":"https:\/\/semmelweis.hu\/tdk\/wp-json\/wp\/v2\/pages\/9147\/revisions\/11862"}],"up":[{"embeddable":true,"href":"https:\/\/semmelweis.hu\/tdk\/wp-json\/wp\/v2\/pages\/9092"}],"wp:attachment":[{"href":"https:\/\/semmelweis.hu\/tdk\/wp-json\/wp\/v2\/media?parent=9147"}],"wp:term":[{"taxonomy":"category","embeddable":true,"href":"https:\/\/semmelweis.hu\/tdk\/wp-json\/wp\/v2\/categories?post=9147"},{"taxonomy":"post_tag","embeddable":true,"href":"https:\/\/semmelweis.hu\/tdk\/wp-json\/wp\/v2\/tags?post=9147"}],"curies":[{"name":"wp","href":"https:\/\/api.w.org\/{rel}","templated":true}]}}