{"id":9140,"date":"2023-05-26T10:42:34","date_gmt":"2023-05-26T08:42:34","guid":{"rendered":"https:\/\/semmelweis.hu\/tdk\/?page_id=9140"},"modified":"2025-07-18T13:01:14","modified_gmt":"2025-07-18T11:01:14","slug":"rektori-palyazat-propedeutikai-tanszek","status":"publish","type":"page","link":"https:\/\/semmelweis.hu\/tdk\/rektori-palyazat\/rektori-palyazat-meghirdetett-temak\/rektori-palyazat-propedeutikai-tanszek\/","title":{"rendered":"Propedeutikai Tansz\u00e9k &#8211; Rektori p\u00e1ly\u00e1zat"},"content":{"rendered":"<h3>Rektori p\u00e1ly\u00e1zat Propedeutikai Tansz\u00e9k 2025\/2026<\/h3>\n<table style=\"border-collapse: collapse;width: 100%\">\n<tbody>\n<tr>\n<td style=\"width: 69.6%\" width=\"767\"><strong>Rektori p\u00e1lyamunka c\u00edme\u00a0<\/strong><\/td>\n<td style=\"width: 30.2857%\" width=\"323\"><strong>T\u00e9mavezet\u0151 neve (fokozattal)<\/strong><\/td>\n<\/tr>\n<tr>\n<td style=\"width: 69.6%\" width=\"767\">Arcf\u00e1jdalom szindr\u00f3ma kr\u00f3nikus betegs\u00e9gben szenved\u0151k\u00f6n<\/td>\n<td style=\"width: 30.2857%\" width=\"323\">Dr. M\u00e1rton Krisztina egyetemi tan\u00e1r\u00a0<\/td>\n<\/tr>\n<tr>\n<td style=\"width: 69.6%\">T\u00e1pl\u00e1lkoz\u00e1s befoly\u00e1sa sz\u00e1jsz\u00e1razs\u00e1gban szenved\u0151k or\u00e1lis eg\u00e9szs\u00e9ghez kapcsol\u00f3d\u00f3 \u00e9letmin\u0151s\u00e9g\u00e9re<\/td>\n<td style=\"width: 30.2857%\">Dr. M\u00e1rton Krisztina egyetemi tan\u00e1\u00a0<\/td>\n<\/tr>\n<tr>\n<td style=\"width: 69.6%\">Sj\u00f6gren szindr\u00f3m\u00e1s betegek ny\u00e1lmirigy sz\u00f6veteit \u00e9rint\u0151 sejtszint\u0171 folyamatok\u00a0<\/td>\n<td style=\"width: 30.2857%\">Dr. M\u00e1rton Krisztina egyetemi tan\u00e1r\u00a0<\/td>\n<\/tr>\n<tr>\n<td style=\"width: 69.6%\" width=\"767\">Fog\u00e1szati ell\u00e1t\u00e1s sor\u00e1n keletkez\u0151 hullad\u00e9kok kezel\u00e9s\u00e9nek \u00e9s m\u00e9r\u00e9s\u00e9nek lehet\u0151s\u00e9gei, m\u00f3dszerei\u00a0<\/td>\n<td style=\"width: 30.2857%\">Dr. Demeter Tam\u00e1s egyetemi adjunktus\u00a0<\/td>\n<\/tr>\n<\/tbody>\n<\/table>\n","protected":false},"excerpt":{"rendered":"<p>Rektori p\u00e1ly\u00e1zat Propedeutikai Tansz\u00e9k 2025\/2026 Rektori p\u00e1lyamunka c\u00edme\u00a0 T\u00e9mavezet\u0151 neve (fokozattal) Arcf\u00e1jdalom szindr\u00f3ma kr\u00f3nikus betegs\u00e9gben szenved\u0151k\u00f6n Dr. M\u00e1rton Krisztina egyetemi tan\u00e1r\u00a0 T\u00e1pl\u00e1lkoz\u00e1s befoly\u00e1sa sz\u00e1jsz\u00e1razs\u00e1gban szenved\u0151k or\u00e1lis eg\u00e9szs\u00e9ghez kapcsol\u00f3d\u00f3 \u00e9letmin\u0151s\u00e9g\u00e9re Dr. M\u00e1rton Krisztina egyetemi tan\u00e1\u00a0 Sj\u00f6gren szindr\u00f3m\u00e1s betegek ny\u00e1lmirigy sz\u00f6veteit \u00e9rint\u0151 sejtszint\u0171 folyamatok\u00a0 Dr. M\u00e1rton Krisztina egyetemi tan\u00e1r\u00a0 Fog\u00e1szati ell\u00e1t\u00e1s sor\u00e1n keletkez\u0151 hullad\u00e9kok kezel\u00e9s\u00e9nek \u00e9s m\u00e9r\u00e9s\u00e9nek &hellip;<\/p>\n","protected":false},"author":101596,"featured_media":0,"parent":9092,"menu_order":0,"comment_status":"closed","ping_status":"closed","template":"","meta":{"_acf_changed":false,"footnotes":""},"categories":[],"tags":[97],"class_list":["post-9140","page","type-page","status-publish","hentry","tag-fok-rektori-palyazat"],"acf":[],"publishpress_future_action":{"enabled":false,"date":"1970-01-01 01:00:00","action":"","terms":[],"taxonomy":"","browser_timezone_offset":0},"_links":{"self":[{"href":"https:\/\/semmelweis.hu\/tdk\/wp-json\/wp\/v2\/pages\/9140","targetHints":{"allow":["GET"]}}],"collection":[{"href":"https:\/\/semmelweis.hu\/tdk\/wp-json\/wp\/v2\/pages"}],"about":[{"href":"https:\/\/semmelweis.hu\/tdk\/wp-json\/wp\/v2\/types\/page"}],"author":[{"embeddable":true,"href":"https:\/\/semmelweis.hu\/tdk\/wp-json\/wp\/v2\/users\/101596"}],"replies":[{"embeddable":true,"href":"https:\/\/semmelweis.hu\/tdk\/wp-json\/wp\/v2\/comments?post=9140"}],"version-history":[{"count":8,"href":"https:\/\/semmelweis.hu\/tdk\/wp-json\/wp\/v2\/pages\/9140\/revisions"}],"predecessor-version":[{"id":11533,"href":"https:\/\/semmelweis.hu\/tdk\/wp-json\/wp\/v2\/pages\/9140\/revisions\/11533"}],"up":[{"embeddable":true,"href":"https:\/\/semmelweis.hu\/tdk\/wp-json\/wp\/v2\/pages\/9092"}],"wp:attachment":[{"href":"https:\/\/semmelweis.hu\/tdk\/wp-json\/wp\/v2\/media?parent=9140"}],"wp:term":[{"taxonomy":"category","embeddable":true,"href":"https:\/\/semmelweis.hu\/tdk\/wp-json\/wp\/v2\/categories?post=9140"},{"taxonomy":"post_tag","embeddable":true,"href":"https:\/\/semmelweis.hu\/tdk\/wp-json\/wp\/v2\/tags?post=9140"}],"curies":[{"name":"wp","href":"https:\/\/api.w.org\/{rel}","templated":true}]}}