{"id":9112,"date":"2023-05-18T09:02:03","date_gmt":"2023-05-18T07:02:03","guid":{"rendered":"https:\/\/semmelweis.hu\/tdk\/?page_id=9112"},"modified":"2025-07-11T12:56:34","modified_gmt":"2025-07-11T10:56:34","slug":"rektori-palyamunka-biokemiai-es-molekularis-biologiai-intezet-biokemiai-tanszek-2023-2024","status":"publish","type":"page","link":"https:\/\/semmelweis.hu\/tdk\/rektori-palyazat\/rektori-palyazat-meghirdetett-temak\/rektori-palyamunka-biokemiai-es-molekularis-biologiai-intezet-biokemiai-tanszek-2023-2024\/","title":{"rendered":"Biok\u00e9miai \u00e9s Molekul\u00e1ris Biol\u00f3giai Int\u00e9zet Biok\u00e9miai Tansz\u00e9k &#8211; Rektori p\u00e1ly\u00e1zat"},"content":{"rendered":"<h3>Rektori p\u00e1lyamunka Biok\u00e9miai \u00e9s Molekul\u00e1ris Biol\u00f3giai Int\u00e9zet Biok\u00e9miai Tansz\u00e9k 2025\/2026<\/h3>\n<table style=\"border-collapse: collapse;width: 100%;height: 99px\">\n<tbody>\n<tr style=\"height: 33px\">\n<td style=\"width: 50%;height: 33px\"><strong>Rektori p\u00e1lyamunka c\u00edme<\/strong><\/td>\n<td style=\"width: 50%;height: 33px\"><strong>T\u00e9mavezet\u0151<\/strong><\/td>\n<\/tr>\n<tr>\n<td style=\"width: 50%\">A tranex\u00e1msav szimult\u00e1n antitrombotikus \u00e9s antifibrinol\u00edtikus hat\u00e1sa in vivo tromb\u00f3zis modellben<\/td>\n<td style=\"width: 50%\">Dr. Wohner Nikolett, PhD<\/td>\n<\/tr>\n<tr>\n<td style=\"width: 50%\">Neutrofil extracellul\u00e1ris csapda komponensek, mint biomarkerek \u00e9s a trombusk\u00e9pz\u00e9s modul\u00e1torai<\/td>\n<td style=\"width: 50%\">Dr. Tanka-Salamon Anna, PhD<\/td>\n<\/tr>\n<tr>\n<td style=\"width: 50%\" width=\"323\">Citrullin\u00e1lt fibrinog\u00e9n \u00e9s Faktor XIII, mint a trombusk\u00e9pz\u0151d\u00e9s modul\u00e1torai<\/td>\n<td style=\"width: 50%\" width=\"108\">Dr. Tanka-Salamon Anna, PhD<\/td>\n<\/tr>\n<tr>\n<td style=\"width: 50%\" width=\"323\">Polifoszf\u00e1tok, hisztonok \u00e9s Faktor XII, mint a trombusk\u00e9pz\u0151d\u00e9s modul\u00e1torai<\/td>\n<td style=\"width: 50%\" width=\"108\">Dr. Tanka-Salamon Anna, PhD<\/td>\n<\/tr>\n<\/tbody>\n<\/table>\n","protected":false},"excerpt":{"rendered":"<p>Rektori p\u00e1lyamunka Biok\u00e9miai \u00e9s Molekul\u00e1ris Biol\u00f3giai Int\u00e9zet Biok\u00e9miai Tansz\u00e9k 2025\/2026 Rektori p\u00e1lyamunka c\u00edme T\u00e9mavezet\u0151 A tranex\u00e1msav szimult\u00e1n antitrombotikus \u00e9s antifibrinol\u00edtikus hat\u00e1sa in vivo tromb\u00f3zis modellben Dr. Wohner Nikolett, PhD Neutrofil extracellul\u00e1ris csapda komponensek, mint biomarkerek \u00e9s a trombusk\u00e9pz\u00e9s modul\u00e1torai Dr. Tanka-Salamon Anna, PhD Citrullin\u00e1lt fibrinog\u00e9n \u00e9s Faktor XIII, mint a trombusk\u00e9pz\u0151d\u00e9s modul\u00e1torai Dr. Tanka-Salamon Anna, &hellip;<\/p>\n","protected":false},"author":101596,"featured_media":0,"parent":9092,"menu_order":0,"comment_status":"closed","ping_status":"closed","template":"","meta":{"_acf_changed":false,"footnotes":""},"categories":[],"tags":[99],"class_list":["post-9112","page","type-page","status-publish","hentry","tag-aok-rektori-palyazat"],"acf":[],"publishpress_future_action":{"enabled":false,"date":"1970-01-01 01:00:00","action":"","terms":[],"taxonomy":"","browser_timezone_offset":0},"_links":{"self":[{"href":"https:\/\/semmelweis.hu\/tdk\/wp-json\/wp\/v2\/pages\/9112","targetHints":{"allow":["GET"]}}],"collection":[{"href":"https:\/\/semmelweis.hu\/tdk\/wp-json\/wp\/v2\/pages"}],"about":[{"href":"https:\/\/semmelweis.hu\/tdk\/wp-json\/wp\/v2\/types\/page"}],"author":[{"embeddable":true,"href":"https:\/\/semmelweis.hu\/tdk\/wp-json\/wp\/v2\/users\/101596"}],"replies":[{"embeddable":true,"href":"https:\/\/semmelweis.hu\/tdk\/wp-json\/wp\/v2\/comments?post=9112"}],"version-history":[{"count":9,"href":"https:\/\/semmelweis.hu\/tdk\/wp-json\/wp\/v2\/pages\/9112\/revisions"}],"predecessor-version":[{"id":11475,"href":"https:\/\/semmelweis.hu\/tdk\/wp-json\/wp\/v2\/pages\/9112\/revisions\/11475"}],"up":[{"embeddable":true,"href":"https:\/\/semmelweis.hu\/tdk\/wp-json\/wp\/v2\/pages\/9092"}],"wp:attachment":[{"href":"https:\/\/semmelweis.hu\/tdk\/wp-json\/wp\/v2\/media?parent=9112"}],"wp:term":[{"taxonomy":"category","embeddable":true,"href":"https:\/\/semmelweis.hu\/tdk\/wp-json\/wp\/v2\/categories?post=9112"},{"taxonomy":"post_tag","embeddable":true,"href":"https:\/\/semmelweis.hu\/tdk\/wp-json\/wp\/v2\/tags?post=9112"}],"curies":[{"name":"wp","href":"https:\/\/api.w.org\/{rel}","templated":true}]}}