{"id":9106,"date":"2023-05-17T12:39:18","date_gmt":"2023-05-17T10:39:18","guid":{"rendered":"https:\/\/semmelweis.hu\/tdk\/?page_id=9106"},"modified":"2025-07-16T11:48:44","modified_gmt":"2025-07-16T09:48:44","slug":"rektori-palyazat-gyogyszereszeti-intezet-2023-2024","status":"publish","type":"page","link":"https:\/\/semmelweis.hu\/tdk\/rektori-palyazat\/rektori-palyazat-meghirdetett-temak\/rektori-palyazat-gyogyszereszeti-intezet-2023-2024\/","title":{"rendered":"Gy\u00f3gyszer\u00e9szeti Int\u00e9zet &#8211; Rektori p\u00e1ly\u00e1zat"},"content":{"rendered":"<h3>Rektori p\u00e1ly\u00e1zat Gy\u00f3gyszer\u00e9szeti Int\u00e9zet 2025\/2026<\/h3>\n<table style=\"border-collapse: collapse;width: 100%\">\n<tbody>\n<tr>\n<td style=\"width: 50%\"><strong>Rektori p\u00e1ly\u00e1zat c\u00edme<\/strong><\/td>\n<td style=\"width: 50%\"><strong>T\u00e9mavezet\u0151<\/strong><\/td>\n<\/tr>\n<tr>\n<td style=\"width: 50%\" width=\"379\">Glikozil\u00e1ci\u00f3 alap\u00fa biomarkerek a daganatos betegs\u00e9gekben<\/td>\n<td style=\"width: 50%\" width=\"369\">Dr. Vir\u00e1g D\u00e1vid (PhD), Dr. Lud\u00e1nyi Krisztina (PhD)<\/td>\n<\/tr>\n<tr>\n<td style=\"width: 50%\" width=\"379\">Izomalt gy\u00f3gyszertechnol\u00f3giai alkalmaz\u00e1sa<\/td>\n<td style=\"width: 50%\" width=\"369\">Dr. K\u00e1llai-Szab\u00f3 Nikolett (PhD), Dr. Kov\u00e1cs Andrea (PhD)<\/td>\n<\/tr>\n<tr>\n<td style=\"width: 50%\">Olvad\u00e9kos sz\u00e1lk\u00e9pz\u00e9s gy\u00f3gyszertechnol\u00f3giai vonatkoz\u00e1sai<\/td>\n<td style=\"width: 50%\">Dr. Kov\u00e1cs Andrea (PhD), Dr. K\u00e1llai-Szab\u00f3 Nikolett (PhD)<\/td>\n<\/tr>\n<tr>\n<td style=\"width: 50%\" width=\"414\">Per os alkalmazott liposz\u00f3m\u00e1k formul\u00e1l\u00e1si lehet\u0151s\u00e9gei<\/td>\n<td style=\"width: 50%\" width=\"351\">Dr. Kov\u00e1cs Andrea, Dr. Mike-Kasz\u00e1s N\u00f3ra<\/td>\n<\/tr>\n<tr>\n<td style=\"width: 50%\" width=\"414\">Fix d\u00f3zis\u00fa kombin\u00e1ci\u00f3s k\u00e9sz\u00edtm\u00e9nyek kialak\u00edt\u00e1s\u00e1nak lehet\u0151s\u00e9gei<\/td>\n<td style=\"width: 50%\" width=\"351\">Dr. K\u00e1llai-Szab\u00f3 Nikolett<\/td>\n<\/tr>\n<tr>\n<td style=\"width: 50%\" width=\"414\">Szemcsetervez\u00e9s innovat\u00edv gy\u00f3gyszertechnol\u00f3giai megold\u00e1sai<\/td>\n<td style=\"width: 50%\" width=\"351\">Prof. Antal Istv\u00e1n, Dr. Lengyel Mil\u00e9na<\/td>\n<\/tr>\n<tr>\n<td style=\"width: 50%\" width=\"414\">Mesters\u00e9ges intelligencia \u00e9s digitaliz\u00e1l\u00e1s lehet\u0151s\u00e9gei a gy\u00f3gyszerformul\u00e1l\u00e1sban<\/td>\n<td style=\"width: 50%\" width=\"351\">Prof. Antal Istv\u00e1n, dr. Basa B\u00e1lint<\/td>\n<\/tr>\n<\/tbody>\n<\/table>\n","protected":false},"excerpt":{"rendered":"<p>Rektori p\u00e1ly\u00e1zat Gy\u00f3gyszer\u00e9szeti Int\u00e9zet 2025\/2026 Rektori p\u00e1ly\u00e1zat c\u00edme T\u00e9mavezet\u0151 Glikozil\u00e1ci\u00f3 alap\u00fa biomarkerek a daganatos betegs\u00e9gekben Dr. Vir\u00e1g D\u00e1vid (PhD), Dr. Lud\u00e1nyi Krisztina (PhD) Izomalt gy\u00f3gyszertechnol\u00f3giai alkalmaz\u00e1sa Dr. K\u00e1llai-Szab\u00f3 Nikolett (PhD), Dr. Kov\u00e1cs Andrea (PhD) Olvad\u00e9kos sz\u00e1lk\u00e9pz\u00e9s gy\u00f3gyszertechnol\u00f3giai vonatkoz\u00e1sai Dr. Kov\u00e1cs Andrea (PhD), Dr. K\u00e1llai-Szab\u00f3 Nikolett (PhD) Per os alkalmazott liposz\u00f3m\u00e1k formul\u00e1l\u00e1si lehet\u0151s\u00e9gei Dr. Kov\u00e1cs Andrea, &hellip;<\/p>\n","protected":false},"author":101596,"featured_media":0,"parent":9092,"menu_order":0,"comment_status":"closed","ping_status":"closed","template":"","meta":{"_acf_changed":false,"footnotes":""},"categories":[],"tags":[103],"class_list":["post-9106","page","type-page","status-publish","hentry","tag-gytk-rektori-palyazat"],"acf":[],"publishpress_future_action":{"enabled":false,"date":"1970-01-01 01:00:00","action":"","terms":[],"taxonomy":"","browser_timezone_offset":0},"_links":{"self":[{"href":"https:\/\/semmelweis.hu\/tdk\/wp-json\/wp\/v2\/pages\/9106","targetHints":{"allow":["GET"]}}],"collection":[{"href":"https:\/\/semmelweis.hu\/tdk\/wp-json\/wp\/v2\/pages"}],"about":[{"href":"https:\/\/semmelweis.hu\/tdk\/wp-json\/wp\/v2\/types\/page"}],"author":[{"embeddable":true,"href":"https:\/\/semmelweis.hu\/tdk\/wp-json\/wp\/v2\/users\/101596"}],"replies":[{"embeddable":true,"href":"https:\/\/semmelweis.hu\/tdk\/wp-json\/wp\/v2\/comments?post=9106"}],"version-history":[{"count":7,"href":"https:\/\/semmelweis.hu\/tdk\/wp-json\/wp\/v2\/pages\/9106\/revisions"}],"predecessor-version":[{"id":11509,"href":"https:\/\/semmelweis.hu\/tdk\/wp-json\/wp\/v2\/pages\/9106\/revisions\/11509"}],"up":[{"embeddable":true,"href":"https:\/\/semmelweis.hu\/tdk\/wp-json\/wp\/v2\/pages\/9092"}],"wp:attachment":[{"href":"https:\/\/semmelweis.hu\/tdk\/wp-json\/wp\/v2\/media?parent=9106"}],"wp:term":[{"taxonomy":"category","embeddable":true,"href":"https:\/\/semmelweis.hu\/tdk\/wp-json\/wp\/v2\/categories?post=9106"},{"taxonomy":"post_tag","embeddable":true,"href":"https:\/\/semmelweis.hu\/tdk\/wp-json\/wp\/v2\/tags?post=9106"}],"curies":[{"name":"wp","href":"https:\/\/api.w.org\/{rel}","templated":true}]}}