{"id":9099,"date":"2023-05-17T12:26:27","date_gmt":"2023-05-17T10:26:27","guid":{"rendered":"https:\/\/semmelweis.hu\/tdk\/?page_id=9099"},"modified":"2025-07-18T13:42:23","modified_gmt":"2025-07-18T11:42:23","slug":"rektori-palyamunka-szerves-vegytani-intezet-2023-2024","status":"publish","type":"page","link":"https:\/\/semmelweis.hu\/tdk\/rektori-palyazat\/rektori-palyazat-meghirdetett-temak\/rektori-palyamunka-szerves-vegytani-intezet-2023-2024\/","title":{"rendered":"Szerves vegytani Int\u00e9zet &#8211; Rektori p\u00e1ly\u00e1zat"},"content":{"rendered":"<h3>Rektori p\u00e1lyamunka Szerves vegytani Int\u00e9zet 2025\/2026<\/h3>\n<table style=\"border-collapse: collapse;width: 100%;height: 267px\">\n<tbody>\n<tr style=\"height: 33px\">\n<td style=\"width: 50%;height: 33px\"><strong>Rektori p\u00e1lyamunka c\u00edme<\/strong><\/td>\n<td style=\"width: 50%;height: 33px\"><strong>T\u00e9mavezet\u0151<\/strong><\/td>\n<\/tr>\n<tr style=\"height: 63px\">\n<td style=\"width: 50%;height: 63px\">Biol\u00f3giailag akt\u00edv peptidek szil\u00e1rd f\u00e1zis\u00fa szint\u00e9zise, tiszt\u00edt\u00e1sa \u00e9s min\u0151s\u00e9gi ellen\u0151rz\u00e9se\u00a0<\/td>\n<td style=\"width: 50%;height: 63px\">Dr. M\u00e1ndity Istv\u00e1n\u00a0PhD. int\u00e9zetvezet\u0151 egyetemi docens<\/td>\n<\/tr>\n<tr style=\"height: 33px\">\n<td style=\"width: 50%;height: 33px\">F\u00e9nnyel aktiv\u00e1lhat\u00f3 k\u00e9miai pr\u00f3b\u00e1k fejleszt\u00e9se\u00a0<\/td>\n<td style=\"width: 50%;height: 33px\">Dr. Dunkel Petra\u00a0PhD. egyetemi adjunktus<\/td>\n<\/tr>\n<tr style=\"height: 53px\">\n<td style=\"width: 50%;height: 53px\">Policiklusos vegy\u00fcletek el\u0151\u00e1ll\u00edt\u00e1sa\u00a0<\/td>\n<td style=\"width: 50%;height: 53px\">\n<p>Dr. Dunkel Petra\u00a0PhD. egyetemi adjunktus<\/p>\n<\/td>\n<\/tr>\n<\/tbody>\n<\/table>\n","protected":false},"excerpt":{"rendered":"<p>Rektori p\u00e1lyamunka Szerves vegytani Int\u00e9zet 2025\/2026<\/p>\n<p>Rektori p\u00e1lyamunka c\u00edme<br \/>\nT\u00e9mavezet\u0151<\/p>\n<p>Biol\u00f3giailag akt\u00edv peptidek szil\u00e1rd f\u00e1zis\u00fa szint\u00e9zise, tiszt\u00edt\u00e1sa \u00e9s min\u0151s\u00e9gi ellen\u0151rz\u00e9se\u00a0<br \/>\nDr. M\u00e1ndity Istv\u00e1n\u00a0PhD. int\u00e9zetvezet\u0151 egyetemi docens<\/p>\n<p>F\u00e9nnyel aktiv\u00e1lhat\u00f3 k\u00e9miai pr\u00f3b\u00e1k fejleszt\u00e9se\u00a0<br \/>\nDr. Dunkel Petra\u00a0PhD. egyetemi adjunktus<\/p>\n<p>Policiklusos vegy\u00fcletek el\u0151\u00e1ll\u00edt\u00e1sa\u00a0<\/p>\n<p>Dr. Dunkel Petra\u00a0PhD. egyetemi adjunktus<\/p>\n","protected":false},"author":101596,"featured_media":0,"parent":9092,"menu_order":0,"comment_status":"closed","ping_status":"closed","template":"","meta":{"_acf_changed":false,"footnotes":""},"categories":[],"tags":[103],"class_list":["post-9099","page","type-page","status-publish","hentry","tag-gytk-rektori-palyazat"],"acf":[],"publishpress_future_action":{"enabled":false,"date":"1970-01-01 01:00:00","action":"","terms":[],"taxonomy":"","browser_timezone_offset":0},"_links":{"self":[{"href":"https:\/\/semmelweis.hu\/tdk\/wp-json\/wp\/v2\/pages\/9099","targetHints":{"allow":["GET"]}}],"collection":[{"href":"https:\/\/semmelweis.hu\/tdk\/wp-json\/wp\/v2\/pages"}],"about":[{"href":"https:\/\/semmelweis.hu\/tdk\/wp-json\/wp\/v2\/types\/page"}],"author":[{"embeddable":true,"href":"https:\/\/semmelweis.hu\/tdk\/wp-json\/wp\/v2\/users\/101596"}],"replies":[{"embeddable":true,"href":"https:\/\/semmelweis.hu\/tdk\/wp-json\/wp\/v2\/comments?post=9099"}],"version-history":[{"count":9,"href":"https:\/\/semmelweis.hu\/tdk\/wp-json\/wp\/v2\/pages\/9099\/revisions"}],"predecessor-version":[{"id":11538,"href":"https:\/\/semmelweis.hu\/tdk\/wp-json\/wp\/v2\/pages\/9099\/revisions\/11538"}],"up":[{"embeddable":true,"href":"https:\/\/semmelweis.hu\/tdk\/wp-json\/wp\/v2\/pages\/9092"}],"wp:attachment":[{"href":"https:\/\/semmelweis.hu\/tdk\/wp-json\/wp\/v2\/media?parent=9099"}],"wp:term":[{"taxonomy":"category","embeddable":true,"href":"https:\/\/semmelweis.hu\/tdk\/wp-json\/wp\/v2\/categories?post=9099"},{"taxonomy":"post_tag","embeddable":true,"href":"https:\/\/semmelweis.hu\/tdk\/wp-json\/wp\/v2\/tags?post=9099"}],"curies":[{"name":"wp","href":"https:\/\/api.w.org\/{rel}","templated":true}]}}