{"id":9096,"date":"2023-05-16T13:26:58","date_gmt":"2023-05-16T11:26:58","guid":{"rendered":"https:\/\/semmelweis.hu\/tdk\/?page_id=9096"},"modified":"2025-07-18T08:32:17","modified_gmt":"2025-07-18T06:32:17","slug":"rektori-palyazat-2023-2024","status":"publish","type":"page","link":"https:\/\/semmelweis.hu\/tdk\/rektori-palyazat\/rektori-palyazat-meghirdetett-temak\/rektori-palyazat-2023-2024\/","title":{"rendered":"Gy\u00f3gyszerhat\u00e1stani Int\u00e9zet &#8211; Rektori p\u00e1ly\u00e1zat"},"content":{"rendered":"<h3>Gy\u00f3gyszerhat\u00e1stani Int\u00e9zet Rektori p\u00e1ly\u00e1zat meghirdetett t\u00e9m\u00e1k 2025\/2026<\/h3>\n<table style=\"width: 56.1222%;height: 649px\" width=\"652\">\n<tbody>\n<tr style=\"height: 33px\">\n<td style=\"height: 33px\" width=\"367\"><strong>Rektori p\u00e1lyamunka c\u00edme<\/strong><\/td>\n<td style=\"height: 33px\" width=\"285\"><strong>T\u00e9mavezet\u0151 neve (fokozattal)<\/strong><\/td>\n<\/tr>\n<tr style=\"height: 33px\">\n<td style=\"height: 33px\" width=\"367\">\n<p>A D-aszpart\u00e1t neuroprotekt\u00edv hat\u00e1s\u00e1nak in vitro vizsg\u00e1lata<\/p>\n<\/td>\n<td style=\"height: 33px\" width=\"285\">Dr. T\u00e1bi Tam\u00e1s, PhD, egyetemi docens<\/td>\n<\/tr>\n<tr style=\"height: 33px\">\n<td style=\"height: 33px\" width=\"367\">\n<p>A dextromethorphan szinaptikus transzmissz\u00f3ra gyakorolt hat\u00e1s\u00e1nak vizsg\u00e1lata<\/p>\n<\/td>\n<td style=\"height: 33px\" width=\"285\">Dr. T\u00e1bi Tam\u00e1s, PhD, egyetemi docens<\/td>\n<\/tr>\n<tr style=\"height: 43px\">\n<td style=\"height: 43px\" width=\"367\">\n<p>A renin-angiotenzin rendszerre hat\u00f3 szerek glutam\u00e1t transzmissz\u00f3ra gyakorolt hat\u00e1s\u00e1nak vizsg\u00e1lata<\/p>\n<\/td>\n<td style=\"height: 43px\" width=\"285\">Dr. T\u00e1bi Tam\u00e1s, PhD, egyetemi docens<\/td>\n<\/tr>\n<tr style=\"height: 123px\">\n<td style=\"height: 123px\" width=\"367\">Kinurenin \u00e9s szerotonin genetikai \u00fatvonalak \u00f6sszef\u00fcgg\u00e9se az amygdala funkcion\u00e1lis kapcsolataival<\/td>\n<td style=\"height: 123px\" width=\"285\">Dr. Juh\u00e1sz Gabriella egyetemi docens <br \/>\nDr. Gecse Kinga egyetemi tan\u00e1rseg\u00e9d<\/td>\n<\/tr>\n<tr style=\"height: 93px\">\n<td style=\"height: 93px\" width=\"367\">A cirkadi\u00e1n ritmussal \u00f6sszef\u00fcgg\u00e9sbe hozhat\u00f3 g\u00e9nek stresszfaktorokt\u00f3l f\u00fcgg\u0151 szerepe a depresszi\u00f3ban<\/td>\n<td style=\"height: 93px\" width=\"285\">Dr. Juh\u00e1sz Gabriella\u00a0 egyetemi docens<br \/>\nT\u00f6r\u00f6k D\u00f3ra PhD<\/td>\n<\/tr>\n<tr style=\"height: 93px\">\n<td style=\"height: 93px\">A ketamin enantiomerek hat\u00e1s\u00e1nak vizsg\u00e1lata egy gyors antidepressz\u00edv hat\u00e1sra utal\u00f3 biomarkerre<\/td>\n<td style=\"height: 93px\">Dr. Koncz Szabolcs rezidens<\/td>\n<\/tr>\n<\/tbody>\n<\/table>\n","protected":false},"excerpt":{"rendered":"<p>Gy\u00f3gyszerhat\u00e1stani Int\u00e9zet Rektori p\u00e1ly\u00e1zat meghirdetett t\u00e9m\u00e1k 2025\/2026 Rektori p\u00e1lyamunka c\u00edme T\u00e9mavezet\u0151 neve (fokozattal) A D-aszpart\u00e1t neuroprotekt\u00edv hat\u00e1s\u00e1nak in vitro vizsg\u00e1lata Dr. T\u00e1bi Tam\u00e1s, PhD, egyetemi docens A dextromethorphan szinaptikus transzmissz\u00f3ra gyakorolt hat\u00e1s\u00e1nak vizsg\u00e1lata Dr. T\u00e1bi Tam\u00e1s, PhD, egyetemi docens A renin-angiotenzin rendszerre hat\u00f3 szerek glutam\u00e1t transzmissz\u00f3ra gyakorolt hat\u00e1s\u00e1nak vizsg\u00e1lata Dr. T\u00e1bi Tam\u00e1s, PhD, egyetemi docens &hellip;<\/p>\n","protected":false},"author":101596,"featured_media":0,"parent":9092,"menu_order":0,"comment_status":"closed","ping_status":"closed","template":"","meta":{"_acf_changed":false,"footnotes":""},"categories":[],"tags":[103],"class_list":["post-9096","page","type-page","status-publish","hentry","tag-gytk-rektori-palyazat"],"acf":[],"publishpress_future_action":{"enabled":false,"date":"1970-01-01 01:00:00","action":"","terms":[],"taxonomy":"","browser_timezone_offset":0},"_links":{"self":[{"href":"https:\/\/semmelweis.hu\/tdk\/wp-json\/wp\/v2\/pages\/9096","targetHints":{"allow":["GET"]}}],"collection":[{"href":"https:\/\/semmelweis.hu\/tdk\/wp-json\/wp\/v2\/pages"}],"about":[{"href":"https:\/\/semmelweis.hu\/tdk\/wp-json\/wp\/v2\/types\/page"}],"author":[{"embeddable":true,"href":"https:\/\/semmelweis.hu\/tdk\/wp-json\/wp\/v2\/users\/101596"}],"replies":[{"embeddable":true,"href":"https:\/\/semmelweis.hu\/tdk\/wp-json\/wp\/v2\/comments?post=9096"}],"version-history":[{"count":10,"href":"https:\/\/semmelweis.hu\/tdk\/wp-json\/wp\/v2\/pages\/9096\/revisions"}],"predecessor-version":[{"id":11530,"href":"https:\/\/semmelweis.hu\/tdk\/wp-json\/wp\/v2\/pages\/9096\/revisions\/11530"}],"up":[{"embeddable":true,"href":"https:\/\/semmelweis.hu\/tdk\/wp-json\/wp\/v2\/pages\/9092"}],"wp:attachment":[{"href":"https:\/\/semmelweis.hu\/tdk\/wp-json\/wp\/v2\/media?parent=9096"}],"wp:term":[{"taxonomy":"category","embeddable":true,"href":"https:\/\/semmelweis.hu\/tdk\/wp-json\/wp\/v2\/categories?post=9096"},{"taxonomy":"post_tag","embeddable":true,"href":"https:\/\/semmelweis.hu\/tdk\/wp-json\/wp\/v2\/tags?post=9096"}],"curies":[{"name":"wp","href":"https:\/\/api.w.org\/{rel}","templated":true}]}}