{"id":8714,"date":"2022-12-01T10:08:58","date_gmt":"2022-12-01T09:08:58","guid":{"rendered":"https:\/\/semmelweis.hu\/tdk\/?page_id=8714"},"modified":"2024-05-08T14:59:51","modified_gmt":"2024-05-08T12:59:51","slug":"orszagos-koranyi-pulmonologiai-intezet-tdk-temak","status":"publish","type":"page","link":"https:\/\/semmelweis.hu\/tdk\/tdk-temak-es-temavezetok\/kulso-intezetek\/orszagos-koranyi-pulmonologiai-intezet-tdk-temak\/","title":{"rendered":"Orsz\u00e1gos Kor\u00e1nyi Pulmonol\u00f3giai Int\u00e9zet"},"content":{"rendered":"<h3>Orsz\u00e1gos Kor\u00e1nyi Pulmonol\u00f3giai Int\u00e9zet TDK t\u00e9m\u00e1k\u00a0<\/h3>\n<table style=\"border-collapse: collapse; width: 100%;\">\n<tbody>\n<tr>\n<td style=\"width: 53.3333%;\" width=\"403\"><strong>TDK-munka c\u00edme<\/strong><\/td>\n<td style=\"width: 46.5306%;\" width=\"351\"><strong>T\u00e9mavezet\u0151 neve (fokozattal)<\/strong><\/td>\n<\/tr>\n<tr>\n<td style=\"width: 53.3333%;\" width=\"631\">\u00a0A l\u00e9g\u00fati gyullad\u00e1s \u00e9s az oxidat\u00edv stressz monitoroz\u00e1sa COPD-ben<\/td>\n<td style=\"width: 46.5306%;\" width=\"351\">Dr. Antus Bal\u00e1zs (PhD, DSc)<\/td>\n<\/tr>\n<tr>\n<td style=\"width: 53.3333%;\">COPD fenot\u00edpusok elemz\u00e9se klinikai biomarkerek seg\u00edts\u00e9g\u00e9vel<\/td>\n<td style=\"width: 46.5306%;\">Dr. Antus Bal\u00e1zs (PhD, DSc)<\/td>\n<\/tr>\n<tr>\n<td style=\"width: 53.3333%;\">A COPD genetikai h\u00e1tter\u00e9nek vizsg\u00e1lata: az alpha1-antitripszin szerepe<\/td>\n<td style=\"width: 46.5306%;\">dr. Antus Bal\u00e1zs (PhD, DSc), dr. P\u00e1ska Csilla (PhD)<\/td>\n<\/tr>\n<tr>\n<td style=\"width: 53.3333%;\">A CFTR-modul\u00e1torok molekul\u00e1ris hat\u00e1sainak vizsg\u00e1lata ciszt\u00e1s fibr\u00f3zisban<\/td>\n<td style=\"width: 46.5306%;\">dr. Antus Bal\u00e1zs (PhD, DSc), dr. Barta Imre (PhD)<\/td>\n<\/tr>\n<tr>\n<td style=\"width: 53.3333%;\">COVID ellenes immunv\u00e1lasz \u00f6sszehasonl\u00edt\u00e1sa v\u00edrusfert\u0151z\u00e9s \u00e9s vakcin\u00e1ci\u00f3 ut\u00e1n<\/td>\n<td style=\"width: 46.5306%;\">Dr. Barta Imre (PhD)<\/td>\n<\/tr>\n<tr>\n<td style=\"width: 53.3333%;\">Multimorbidit\u00e1s s\u00falyos asztm\u00e1ban<\/td>\n<td style=\"width: 46.5306%;\">Dr. Csoma Zsuzsanna (PhD)<\/td>\n<\/tr>\n<tr>\n<td style=\"width: 53.3333%;\">Biol\u00f3giai kezel\u00e9sekre adott v\u00e1lasz, asztma remisszi\u00f3.<\/td>\n<td style=\"width: 46.5306%;\">Dr. Csoma Zsuzsanna (PhD)<\/td>\n<\/tr>\n<tr>\n<td style=\"width: 53.3333%;\">A kissejtes t\u00fcd\u0151r\u00e1k heterogenit\u00e1s\u00e1nak vizsg\u00e1lata\u00a0<\/td>\n<td style=\"width: 46.5306%;\">Dr. D\u00f6me Bal\u00e1zs (PhD, DSc), Dr. Megyesfalvi Zsolt (PhD)<\/td>\n<\/tr>\n<tr>\n<td style=\"width: 53.3333%;\">A t\u00fcd\u0151r\u00e1kok predikt\u00edv \u00e9s prognosztikai markerei<\/td>\n<td style=\"width: 46.5306%;\">Dr. D\u00f6me Bal\u00e1zs (PhD, DSc), Dr. Megyesfalvi Zsolt (PhD)<\/td>\n<\/tr>\n<tr>\n<td style=\"width: 53.3333%;\">Immunfenot\u00edpusok vizsg\u00e1lata mellkasi daganatokban<\/td>\n<td style=\"width: 46.5306%;\">Dr. D\u00f6me Bal\u00e1zs (PhD, DSc), Dr. Megyesfalvi Zsolt (PhD)<\/td>\n<\/tr>\n<tr>\n<td style=\"width: 53.3333%;\">Malignus pleur\u00e1lis mezoteli\u00f3ma proteomikai felt\u00e9rk\u00e9pez\u00e9se\u00a0<\/td>\n<td style=\"width: 46.5306%;\">Dr. D\u00f6me Bal\u00e1zs (PhD, DSc), Dr. Megyesfalvi Zsolt (PhD)<\/td>\n<\/tr>\n<tr>\n<td style=\"width: 53.3333%;\">A nyitott \u00e9s a minim\u00e1lisan invaz\u00edv t\u00fcd\u0151rezekci\u00f3s m\u0171t\u00e9tek jellemz\u0151i \u00e9s rizik\u00f3t\u00e9nyez\u0151i\u00a0\u00a0<\/td>\n<td style=\"width: 46.5306%;\">Dr. D\u00f6me Bal\u00e1zs (PhD, DSc), Dr. Megyesfalvi Zsolt (PhD)<\/td>\n<\/tr>\n<tr>\n<td style=\"width: 53.3333%;\">A thymom\u00e1k predikt\u00edv \u00e9s prognosztikai markerei\u00a0<\/td>\n<td style=\"width: 46.5306%;\">Dr. D\u00f6me Bal\u00e1zs (PhD, DSc), Dr. Megyesfalvi Zsolt (PhD)<\/td>\n<\/tr>\n<tr>\n<td style=\"width: 53.3333%;\">VV \u00e9s VA ECMO alkalmaz\u00e1sa t\u00fcd\u0151m\u0171t\u00e9tekn\u00e9l\u00a0<\/td>\n<td style=\"width: 46.5306%;\">Dr. D\u00f6me Bal\u00e1zs (PhD, DSc), Dr. Megyesfalvi Zsolt (PhD)<\/td>\n<\/tr>\n<tr>\n<td style=\"width: 53.3333%;\">Videothoracoscopia hat\u00e1sa \/el\u0151nyei a posztoperat\u00edv szakra\u00a0<\/td>\n<td style=\"width: 46.5306%;\">Dr. D\u00f6me Bal\u00e1zs (PhD, DSc), Dr. Megyesfalvi Zsolt (PhD)<\/td>\n<\/tr>\n<tr>\n<td style=\"width: 53.3333%;\">A k\u00fcl\u00f6nb\u00f6z\u0151 l\u00e9legeztet\u00e9si m\u00f3dok szerepe \u00e9s jelent\u0151s\u00e9ge a perioperat\u00edv ell\u00e1t\u00e1sban<\/td>\n<td style=\"width: 46.5306%;\">Dr. D\u00f6me Bal\u00e1zs (PhD, DSc), Dr. Megyesfalvi Zsolt (PhD)<\/td>\n<\/tr>\n<tr>\n<td style=\"width: 53.3333%;\">Prognosztikai faktorok azonos\u00edt\u00e1sa a ciszt\u00e1s fibr\u00f3zis term\u00e9szetes lefoly\u00e1s\u00e1ban<\/td>\n<td style=\"width: 46.5306%;\">Dr. Hal\u00e1sz Adrienn (PhD), Dr. \u00d6rl\u0151s Zolt\u00e1n<\/td>\n<\/tr>\n<tr>\n<td style=\"width: 53.3333%;\">Eozinofil sejtek mint a l\u00e9gz\u0151szervi betegs\u00e9gek biomarkerei<\/td>\n<td style=\"width: 46.5306%;\">Dr. Horv\u00e1th Ildik\u00f3 (PhD, DSc)<\/td>\n<\/tr>\n<tr>\n<td style=\"width: 53.3333%;\">Kil\u00e9gzett biomarkerek l\u00e9gz\u0151szervi k\u00f3rk\u00e9pekben<\/td>\n<td style=\"width: 46.5306%;\">Dr. Horv\u00e1th Ildik\u00f3 (PhD, DSc)<\/td>\n<\/tr>\n<tr>\n<td style=\"width: 53.3333%;\">Klotho mint biomarker l\u00e9gz\u0151szervi megbeteged\u00e9sekben<\/td>\n<td style=\"width: 46.5306%;\">Dr. Horv\u00e1th Ildik\u00f3 (PhD, DSc)<\/td>\n<\/tr>\n<tr>\n<td style=\"width: 53.3333%;\">Komplement faktorok szerepe l\u00e9g\u00fati betegs\u00e9gekben<\/td>\n<td style=\"width: 46.5306%;\">Dr. Horv\u00e1th Ildik\u00f3 (PhD, DSc)<\/td>\n<\/tr>\n<tr>\n<td style=\"width: 53.3333%;\">Nehezen el\u00e9rhet\u0151 emberek bevon\u00e1sa t\u00fcd\u0151r\u00e1ksz\u0171r\u00e9sbe<\/td>\n<td style=\"width: 46.5306%;\">Dr. Horv\u00e1th Ildik\u00f3 (PhD, DSc)<\/td>\n<\/tr>\n<tr>\n<td style=\"width: 53.3333%;\">L\u00e9gz\u0151szervi infekci\u00f3k<\/td>\n<td style=\"width: 46.5306%;\">Dr. Horv\u00e1th Ildik\u00f3 (PhD, DSc)<\/td>\n<\/tr>\n<tr>\n<td style=\"width: 53.3333%;\">Radiol\u00f3giai m\u00f3dszerek a t\u00fcd\u0151betegs\u00e9gek diagnosztik\u00e1j\u00e1ban<\/td>\n<td style=\"width: 46.5306%;\">Dr. Kerpel-Fronius Anna (PhD)<\/td>\n<\/tr>\n<tr>\n<td style=\"width: 53.3333%;\">A perif\u00e9ri\u00e1s art\u00e9ri\u00e1s pulzushull\u00e1m v\u00e1ltoz\u00e1sai l\u00e9gz\u0151szervrendszeri betegs\u00e9gekben<\/td>\n<td style=\"width: 46.5306%;\">Dr. Mikl\u00f3s Zsuzsanna (PhD)<\/td>\n<\/tr>\n<tr>\n<td style=\"width: 53.3333%;\">T\u00fcd\u0151r\u00e1kok prognosztikai \u00e9s predikt\u00edv faktorainak vizsg\u00e1lata.<\/td>\n<td style=\"width: 46.5306%;\">Dr. Moldvay Judit (PhD, DSc)<\/td>\n<\/tr>\n<tr>\n<td style=\"width: 53.3333%;\">Az obesitas szerep\u00e9nek vizsg\u00e1lata obstrukt\u00edv alv\u00e1si apno\u00e9ban szenved\u0151 betegekn\u00e9l<\/td>\n<td style=\"width: 46.5306%;\">Dr. Simon Beatrix (PhD)<\/td>\n<\/tr>\n<tr>\n<td style=\"width: 53.3333%;\">Alfa 1 antitripszin hi\u00e1nyos betegek sz\u0171r\u00e9se Magyarorsz\u00e1gon<\/td>\n<td style=\"width: 46.5306%;\">Dr. S\u00f3t\u00e9r Szabolcs (PhD), Dr. Temesi Gabriella (orvosigazgat\u00f3)<\/td>\n<\/tr>\n<tr>\n<td style=\"width: 53.3333%;\">L\u00e9gz\u0151izomtr\u00e9ning\u00a0 jelent\u0151s\u00e9ge COPD-ben<\/td>\n<td style=\"width: 46.5306%;\">Dr. Szilasi M\u00e1ria (PhD, DSc)<\/td>\n<\/tr>\n<tr>\n<td style=\"width: 53.3333%;\">V\u00e1lad\u00e9kmobiliz\u00e1ci\u00f3 COPD-ben<\/td>\n<td style=\"width: 46.5306%;\">Dr. Szilasi M\u00e1ria (PhD, DSc)<\/td>\n<\/tr>\n<tr>\n<td style=\"width: 53.3333%;\">Obstrukt\u00edv alv\u00e1si apnoe gyakoris\u00e1ga feln\u0151tt ciszt\u00e1s fibr\u00f3zisos betegek k\u00f6z\u00f6tt<\/td>\n<td style=\"width: 46.5306%;\">Dr. Vizi \u00c9va (PhD)<\/td>\n<\/tr>\n<\/tbody>\n<\/table>\n","protected":false},"excerpt":{"rendered":"<p>Orsz\u00e1gos Kor\u00e1nyi Pulmonol\u00f3giai Int\u00e9zet TDK t\u00e9m\u00e1k\u00a0 TDK-munka c\u00edme T\u00e9mavezet\u0151 neve (fokozattal) \u00a0A l\u00e9g\u00fati gyullad\u00e1s \u00e9s az oxidat\u00edv stressz monitoroz\u00e1sa COPD-ben Dr. Antus Bal\u00e1zs (PhD, DSc) COPD fenot\u00edpusok elemz\u00e9se klinikai biomarkerek seg\u00edts\u00e9g\u00e9vel Dr. Antus Bal\u00e1zs (PhD, DSc) A COPD genetikai h\u00e1tter\u00e9nek vizsg\u00e1lata: az alpha1-antitripszin szerepe dr. Antus Bal\u00e1zs (PhD, DSc), dr. P\u00e1ska Csilla (PhD) A CFTR-modul\u00e1torok &hellip;<\/p>\n","protected":false},"author":101596,"featured_media":0,"parent":10063,"menu_order":5,"comment_status":"closed","ping_status":"closed","template":"template-fullwidth.php","meta":{"_acf_changed":false,"footnotes":""},"categories":[],"tags":[],"class_list":["post-8714","page","type-page","status-publish","hentry"],"acf":[],"publishpress_future_action":{"enabled":false,"date":"1970-01-01 01:00:00","action":"","terms":[],"taxonomy":"","browser_timezone_offset":0},"_links":{"self":[{"href":"https:\/\/semmelweis.hu\/tdk\/wp-json\/wp\/v2\/pages\/8714","targetHints":{"allow":["GET"]}}],"collection":[{"href":"https:\/\/semmelweis.hu\/tdk\/wp-json\/wp\/v2\/pages"}],"about":[{"href":"https:\/\/semmelweis.hu\/tdk\/wp-json\/wp\/v2\/types\/page"}],"author":[{"embeddable":true,"href":"https:\/\/semmelweis.hu\/tdk\/wp-json\/wp\/v2\/users\/101596"}],"replies":[{"embeddable":true,"href":"https:\/\/semmelweis.hu\/tdk\/wp-json\/wp\/v2\/comments?post=8714"}],"version-history":[{"count":6,"href":"https:\/\/semmelweis.hu\/tdk\/wp-json\/wp\/v2\/pages\/8714\/revisions"}],"predecessor-version":[{"id":10134,"href":"https:\/\/semmelweis.hu\/tdk\/wp-json\/wp\/v2\/pages\/8714\/revisions\/10134"}],"up":[{"embeddable":true,"href":"https:\/\/semmelweis.hu\/tdk\/wp-json\/wp\/v2\/pages\/10063"}],"wp:attachment":[{"href":"https:\/\/semmelweis.hu\/tdk\/wp-json\/wp\/v2\/media?parent=8714"}],"wp:term":[{"taxonomy":"category","embeddable":true,"href":"https:\/\/semmelweis.hu\/tdk\/wp-json\/wp\/v2\/categories?post=8714"},{"taxonomy":"post_tag","embeddable":true,"href":"https:\/\/semmelweis.hu\/tdk\/wp-json\/wp\/v2\/tags?post=8714"}],"curies":[{"name":"wp","href":"https:\/\/api.w.org\/{rel}","templated":true}]}}