{"id":8599,"date":"2022-09-27T10:42:33","date_gmt":"2022-09-27T08:42:33","guid":{"rendered":"https:\/\/semmelweis.hu\/tdk\/?page_id=8599"},"modified":"2024-05-08T15:12:38","modified_gmt":"2024-05-08T13:12:38","slug":"8599-2","status":"publish","type":"page","link":"https:\/\/semmelweis.hu\/tdk\/palyazatok\/8599-2\/","title":{"rendered":"A SEMMELWEIS EGYETEM KIV\u00c1L\u00d3 DI\u00c1KK\u00d6R\u00d6SE P\u00c1LY\u00c1ZAT 2021\/2022"},"content":{"rendered":"<p style=\"text-align: center\"><span style=\"color: #2323eb\"><strong>A SEMMELWEIS EGYETEM KIV\u00c1L\u00d3 DI\u00c1KK\u00d6R\u00d6SE P\u00c1LY\u00c1ZAT<\/strong><\/span><\/p>\n<p style=\"text-align: center\">A Semmelweis Egyetem Tudom\u00e1nyos Di\u00e1kk\u00f6ri Tan\u00e1csa p\u00e1ly\u00e1zatot hirdet<\/p>\n<p><strong>2021\/2022. tan\u00e9vben v\u00e9gzett hallgat\u00f3k r\u00e9sz\u00e9re <\/strong>a &#8222;Semmelweis Egyetem Kiv\u00e1l\u00f3 Di\u00e1kk\u00f6r\u00f6se&#8221; c\u00edm elnyer\u00e9s\u00e9\u00e9rt.<\/p>\n<p>A kit\u00fcntet\u00e9s c\u00e9lja az egyetemen \u00e9veken \u00e1t tart\u00f3 kiemelked\u0151 tudom\u00e1nyos munka elismer\u00e9se. A kit\u00fcntet\u0151 c\u00edmet az egyetem Tudom\u00e1nyos Di\u00e1kk\u00f6ri Tan\u00e1csa a be\u00e9rkez\u0151 p\u00e1ly\u00e1zatok elb\u00edr\u00e1l\u00e1sa ut\u00e1n \u00edt\u00e9li oda maximum tizenkett\u0151 hallgat\u00f3nak a kari reprezent\u00e1ci\u00f3t\u00f3l f\u00fcgg\u0151en.<\/p>\n<p>A p\u00e1ly\u00e1zat p\u00e9nzd\u00edja brutt\u00f3 100.000,- forint.<\/p>\n<p>A kit\u00fcntet\u00e9st a 2023. \u00e9vi egyetemi TDK Konferencia megnyit\u00f3j\u00e1n, 2023. febru\u00e1r 8-\u00e1n vehetik \u00e1t a nyertesek.<\/p>\n<p><strong><span style=\"color: #ff0000\">A p\u00e1ly\u00e1zati jelentkez\u00e9si lap 2022. okt\u00f3ber 10-t\u0151l lesz el\u00e9rhet\u0151:<\/span><\/strong><\/p>\n<p><strong><a href=\"https:\/\/forms.gle\/Xp4tuT1ozaoJo62q7\">JELENTKEZ\u00c9SI LAP<\/a><\/strong><\/p>\n<p>A p\u00e1ly\u00e1zati jelentkez\u00e9si lap kit\u00f6lt\u00e9si hat\u00e1rideje: 2022. november 14. 24h<\/p>\n<p><strong>P\u00e1ly\u00e1zati felt\u00e9telek: <\/strong><\/p>\n<p>-a p\u00e1ly\u00e1z\u00f3 a Semmelweis Egyetem b\u00e1rmely kar\u00e1nak 2021\/2022. tan\u00e9vben v\u00e9gzett hallgat\u00f3ja (BSc-n is)<\/p>\n<p>-a hallgat\u00f3 kor\u00e1bban m\u00e9g nem p\u00e1ly\u00e1zta meg, illetve nyerte el a &#8222;Semmelweis Egyetem Kiv\u00e1l\u00f3 Di\u00e1kk\u00f6r\u00f6se&#8221; kit\u00fcntet\u00e9st.<\/p>\n<p>&nbsp;<\/p>\n<p><strong>A p\u00e1ly\u00e1zatnak tartalmaznia kell: <\/strong><\/p>\n<p>-a kit\u00f6lt\u00f6tt p\u00e1ly\u00e1zati adatlapot<\/p>\n<p>-a diploma m\u00e1solat\u00e1t<\/p>\n<p>-a di\u00e1kk\u00f6r\u00f6s hallgat\u00f3 v\u00e1zlatos szakmai \u00f6n\u00e9letrajz\u00e1t (ebben k\u00fcl\u00f6n\u00f6sen: OTDK-n, TDK-konferenci\u00e1kon el\u00e9rt eredm\u00e9nyeit, rektori p\u00e1ly\u00e1zaton el\u00e9rt helyez\u00e9seit)<\/p>\n<p>-az \u00f6n\u00e9letrajz mell\u00e9kletek\u00e9nt egy-egy m\u00e1solatot a megjelent tudom\u00e1nyos k\u00f6zlem\u00e9nyeinek 1. oldal\u00e1r\u00f3l, valamint a tudom\u00e1nyos konferenci\u00e1kon \u00e9s f\u00f3rumokon elhangzott el\u0151ad\u00e1sainak, bemutatott posztereinek absztraktj\u00e1r\u00f3l.<\/p>\n<p>Bek\u00fcld\u00e9si c\u00edm: office.se.tdk@gmail.com<\/p>\n<p>Bek\u00fcld\u00e9si hat\u00e1rid\u0151: 2022. november 14. 24h<\/p>\n<p>&nbsp;<\/p>\n<p style=\"text-align: center\"><span style=\"color: #2323eb\"><strong>AWARD FOR OUTSTANDING SCIENTIFIC PERFORMANCE<\/strong><strong><br \/>\nFOR STUDENTS OF SEMMELWEIS UNIVERSITY<\/strong><\/span><\/p>\n<p>The Council of Semmelweis University Students\u2019 Scientific Association calls for students graduated in the academic year 2021\/2022 to apply for the &#8222;Semmelweis Egyetem Kiv\u00e1l\u00f3 Di\u00e1kk\u00f6r\u00f6se&#8221; award.<\/p>\n<p>The award aims to acknowledge outstanding scientific work performed during university years. The award is adjudicated by the Council of Semmelweis University Students\u2019 Scientific Association following the closure of applications to a maximum of 12 people. <\/p>\n<p>The award comes with a grant of 100.000 HUF. <\/p>\n<p>Prizes are handed out during the opening ceremony of the annual TDK conference, on 8th of February 2023.<\/p>\n<p><span style=\"color: #ff0000\"><strong>Application form will be available from 10\/10\/2022:<\/strong><\/span><\/p>\n<p><a href=\"https:\/\/forms.gle\/Xp4tuT1ozaoJo62q7\"><strong>APPLICATION FORM<\/strong><\/a><\/p>\n<p>Application deadline: 2022. november 14. 24h<\/p>\n<p>\nApplication criteria: <br \/>\n&#8211; the applicant has graduated from any faculty of Semmelweis University in the academic year 2021\/2022. (including BSc) <br \/>\n&#8211; the applicant has not applied for this award before. <\/p>\n<p>The application should include: <br \/>\n&#8211; filling out the application form below<br \/>\n&#8211; a copy of the university degree <br \/>\n&#8211; a schematic CV (with particular focus on TDK and OTDK conference achievements, rectorial awards) <br \/>\n&#8211; a copy of the first page of any published scientific paper and the abstracts of a presentation\/poster presented at scientific conferences.<\/p>\n<p>Please send applications to: <a href=\"mailto:office.se.tdk@gmail.com\">office.se.tdk@gmail.com<\/a> <br \/>\nSubject: Kiv\u00e1l\u00f3 Di\u00e1kk\u00f6r\u00f6s 2021\/2022<\/p>\n<p><\/p>\n","protected":false},"excerpt":{"rendered":"<p>A SEMMELWEIS EGYETEM KIV\u00c1L\u00d3 DI\u00c1KK\u00d6R\u00d6SE P\u00c1LY\u00c1ZAT A Semmelweis Egyetem Tudom\u00e1nyos Di\u00e1kk\u00f6ri Tan\u00e1csa p\u00e1ly\u00e1zatot hirdet 2021\/2022. tan\u00e9vben v\u00e9gzett hallgat\u00f3k r\u00e9sz\u00e9re a &#8222;Semmelweis Egyetem Kiv\u00e1l\u00f3 Di\u00e1kk\u00f6r\u00f6se&#8221; c\u00edm elnyer\u00e9s\u00e9\u00e9rt. A kit\u00fcntet\u00e9s c\u00e9lja az egyetemen \u00e9veken \u00e1t tart\u00f3 kiemelked\u0151 tudom\u00e1nyos munka elismer\u00e9se. A kit\u00fcntet\u0151 c\u00edmet az egyetem Tudom\u00e1nyos Di\u00e1kk\u00f6ri Tan\u00e1csa a be\u00e9rkez\u0151 p\u00e1ly\u00e1zatok elb\u00edr\u00e1l\u00e1sa ut\u00e1n \u00edt\u00e9li oda maximum tizenkett\u0151 &hellip;<\/p>\n","protected":false},"author":101596,"featured_media":0,"parent":1146,"menu_order":0,"comment_status":"closed","ping_status":"closed","template":"","meta":{"_acf_changed":false,"footnotes":""},"categories":[],"tags":[],"class_list":["post-8599","page","type-page","status-publish","hentry"],"acf":[],"publishpress_future_action":{"enabled":false,"date":"1970-01-01 01:00:00","action":"","terms":[],"taxonomy":"","browser_timezone_offset":0},"_links":{"self":[{"href":"https:\/\/semmelweis.hu\/tdk\/wp-json\/wp\/v2\/pages\/8599","targetHints":{"allow":["GET"]}}],"collection":[{"href":"https:\/\/semmelweis.hu\/tdk\/wp-json\/wp\/v2\/pages"}],"about":[{"href":"https:\/\/semmelweis.hu\/tdk\/wp-json\/wp\/v2\/types\/page"}],"author":[{"embeddable":true,"href":"https:\/\/semmelweis.hu\/tdk\/wp-json\/wp\/v2\/users\/101596"}],"replies":[{"embeddable":true,"href":"https:\/\/semmelweis.hu\/tdk\/wp-json\/wp\/v2\/comments?post=8599"}],"version-history":[{"count":7,"href":"https:\/\/semmelweis.hu\/tdk\/wp-json\/wp\/v2\/pages\/8599\/revisions"}],"predecessor-version":[{"id":8611,"href":"https:\/\/semmelweis.hu\/tdk\/wp-json\/wp\/v2\/pages\/8599\/revisions\/8611"}],"up":[{"embeddable":true,"href":"https:\/\/semmelweis.hu\/tdk\/wp-json\/wp\/v2\/pages\/1146"}],"wp:attachment":[{"href":"https:\/\/semmelweis.hu\/tdk\/wp-json\/wp\/v2\/media?parent=8599"}],"wp:term":[{"taxonomy":"category","embeddable":true,"href":"https:\/\/semmelweis.hu\/tdk\/wp-json\/wp\/v2\/categories?post=8599"},{"taxonomy":"post_tag","embeddable":true,"href":"https:\/\/semmelweis.hu\/tdk\/wp-json\/wp\/v2\/tags?post=8599"}],"curies":[{"name":"wp","href":"https:\/\/api.w.org\/{rel}","templated":true}]}}