{"id":8555,"date":"2022-09-16T09:37:24","date_gmt":"2022-09-16T07:37:24","guid":{"rendered":"https:\/\/semmelweis.hu\/tdk\/?page_id=8555"},"modified":"2024-05-09T08:37:30","modified_gmt":"2024-05-09T06:37:30","slug":"ersebeszet-varosmajor","status":"publish","type":"page","link":"https:\/\/semmelweis.hu\/tdk\/tdk-temak-es-temavezetok\/aok\/ersebeszet-varosmajor\/","title":{"rendered":"\u00c9rseb\u00e9szeti \u00e9s Endovaszkul\u00e1ris Tansz\u00e9k"},"content":{"rendered":"<h3>V\u00e1rosmajori Sz\u00edv-\u00e9s \u00c9rgy\u00f3gy\u00e1szati Klinika \u00c9rseb\u00e9szeti \u00e9s Endovaszkul\u00e1ris Tansz\u00e9k TDK t\u00e9m\u00e1k<\/h3>\n<table style=\"border-collapse: collapse; width: 100%;\">\n<tbody>\n<tr>\n<td style=\"width: 76.1905%;\" width=\"937\"><strong>TDK t\u00e9ma<\/strong><\/td>\n<td style=\"width: 23.6735%;\" width=\"252\"><strong>T\u00e9mavezet\u0151<\/strong><\/td>\n<\/tr>\n<tr>\n<td style=\"width: 76.1905%;\">Perif\u00e9ri\u00e1s art\u00e9ri\u00e1s betegs\u00e9gek diagnosztik\u00e1ja \u00e9s ter\u00e1pi\u00e1ja\u00a0<\/td>\n<td style=\"width: 23.6735%;\">Dr. S\u00f3tonyi P\u00e9ter<\/td>\n<\/tr>\n<tr>\n<td style=\"width: 76.1905%;\">A nyaki ver\u0151\u00e9r sz\u0171k\u00fcletes betegek cerebrovaszkul\u00e1ris esem\u00e9nyeinek \u00e9rt\u00e9kel\u00e9se a morfol\u00f3giai \u00e9s hemodinamikai saj\u00e1ts\u00e1gok figyelembev\u00e9tel\u00e9vel\u00a0<\/td>\n<td style=\"width: 23.6735%;\">Dr. S\u00f3tonyi P\u00e9ter<\/td>\n<\/tr>\n<tr>\n<td style=\"width: 76.1905%;\">Homograftok k\u00eds\u00e9rletes \u00e9s klinikai vizsg\u00e1lata<\/td>\n<td style=\"width: 23.6735%;\">Dr. S\u00f3tonyi P\u00e9ter, Dr. Hidi L\u00e1szl\u00f3<\/td>\n<\/tr>\n<tr>\n<td style=\"width: 76.1905%;\">Az aorta betegs\u00e9gek klinikopathol\u00f3giai vizsg\u00e1lata<\/td>\n<td style=\"width: 23.6735%;\">Dr. S\u00f3tonyi P\u00e9ter, Dr. Szappanos \u00c1gnes<\/td>\n<\/tr>\n<tr>\n<td style=\"width: 76.1905%;\">Kinetikus k\u00e9palkot\u00e1s a vaszkul\u00e1ris betegs\u00e9gekben<\/td>\n<td style=\"width: 23.6735%;\">Dr. S\u00f3tonyi P\u00e9ter<\/td>\n<\/tr>\n<tr>\n<td style=\"width: 76.1905%;\">B-t\u00edpus\u00fa aorta dissectio kezel\u00e9se<\/td>\n<td style=\"width: 23.6735%;\">Dr. Szeberin Zolt\u00e1n<\/td>\n<\/tr>\n<tr>\n<td style=\"width: 76.1905%;\">Az infrarenalis aorta aneurysm\u00e1k kezel\u00e9se<\/td>\n<td style=\"width: 23.6735%;\">Dr. Szeberin Zolt\u00e1n<\/td>\n<\/tr>\n<tr>\n<td style=\"width: 76.1905%;\">Okkluz\u00edv aorto-iliacalis art\u00e9ria betegs\u00e9gek kezel\u00e9se\u00a0<\/td>\n<td style=\"width: 23.6735%;\">Dr. Szeberin Zolt\u00e1n<\/td>\n<\/tr>\n<tr>\n<td style=\"width: 76.1905%;\">Biol\u00f3giai anyagok haszn\u00e1lata az \u00e9rseb\u00e9szetben<\/td>\n<td style=\"width: 23.6735%;\">Dr. Szeberin Zolt\u00e1n<\/td>\n<\/tr>\n<tr>\n<td style=\"width: 76.1905%;\">Az\u00a0ellenoldali carotis occlusio \u00e9s a CoW morfol\u00f3gi\u00e1j\u00e1nak jelent\u0151s\u00e9ge carotis endarterectomia sor\u00e1n<\/td>\n<td style=\"width: 23.6735%;\">Dr. Banga P\u00e9ter<\/td>\n<\/tr>\n<tr>\n<td style=\"width: 76.1905%;\">Mellkasi rupt\u00far\u00e1lt aneurysm\u00e1k ell\u00e1t\u00e1sa<\/td>\n<td style=\"width: 23.6735%;\">Dr. Banga P\u00e9ter<\/td>\n<\/tr>\n<tr>\n<td style=\"width: 76.1905%;\">P\u00e1lyav\u00e1laszt\u00e1s az eg\u00e9szs\u00e9g\u00fcgyben, seb\u00e9szi szakm\u00e1k helyzete<\/td>\n<td style=\"width: 23.6735%;\">Dr. Banga P\u00e9ter<\/td>\n<\/tr>\n<tr>\n<td style=\"width: 76.1905%;\">Nyaki ver\u0151\u00e9r sz\u0171k\u00fclet rekonstrukci\u00f3j\u00e1nak intraoperat\u00edv rizik\u00f3 cs\u00f6kkent\u00e9se a NIRS \u00e9s CoW egy\u00fcttes \u00e9rt\u00e9kel\u00e9s\u00e9vel<\/td>\n<td style=\"width: 23.6735%;\">Dr. Mih\u00e1ly Zsuzsanna<\/td>\n<\/tr>\n<tr>\n<td style=\"width: 76.1905%;\">Propensity Matched Comparison for Open and Endovascular Carotid Artery Reconstruction of Periprocedural Ischemic Brain Lesions<\/td>\n<td style=\"width: 23.6735%;\">Zsuzsanna Mih\u00e1ly M.D<\/td>\n<\/tr>\n<tr>\n<td style=\"width: 76.1905%;\">Vaszkul\u00e1ris strukt\u00far\u00e1kat involv\u00e1l\u00f3 tumoros betegs\u00e9gek \u00e9rseb\u00e9szeti ell\u00e1t\u00e1sa<\/td>\n<td style=\"width: 23.6735%;\">Dr. Mih\u00e1ly Zsuzsanna<\/td>\n<\/tr>\n<tr>\n<td style=\"width: 76.1905%;\">A NETs (neutrophil extracellular traps) szerep\u00e9nek vizsg\u00e1lata a daganatos betegekben l\u00e9trej\u00f6v\u0151 art\u00e9ri\u00e1s thrombosisban\u00a0<\/td>\n<td style=\"width: 23.6735%;\">Dr. Hidi L\u00e1szl\u00f3<\/td>\n<\/tr>\n<\/tbody>\n<\/table>\n","protected":false},"excerpt":{"rendered":"<p>V\u00e1rosmajori Sz\u00edv-\u00e9s \u00c9rgy\u00f3gy\u00e1szati Klinika \u00c9rseb\u00e9szeti \u00e9s Endovaszkul\u00e1ris Tansz\u00e9k TDK t\u00e9m\u00e1k TDK t\u00e9ma T\u00e9mavezet\u0151 Perif\u00e9ri\u00e1s art\u00e9ri\u00e1s betegs\u00e9gek diagnosztik\u00e1ja \u00e9s ter\u00e1pi\u00e1ja\u00a0 Dr. S\u00f3tonyi P\u00e9ter A nyaki ver\u0151\u00e9r sz\u0171k\u00fcletes betegek cerebrovaszkul\u00e1ris esem\u00e9nyeinek \u00e9rt\u00e9kel\u00e9se a morfol\u00f3giai \u00e9s hemodinamikai saj\u00e1ts\u00e1gok figyelembev\u00e9tel\u00e9vel\u00a0 Dr. S\u00f3tonyi P\u00e9ter Homograftok k\u00eds\u00e9rletes \u00e9s klinikai vizsg\u00e1lata Dr. S\u00f3tonyi P\u00e9ter, Dr. Hidi L\u00e1szl\u00f3 Az aorta betegs\u00e9gek klinikopathol\u00f3giai vizsg\u00e1lata &hellip;<\/p>\n","protected":false},"author":101596,"featured_media":0,"parent":10054,"menu_order":0,"comment_status":"closed","ping_status":"closed","template":"","meta":{"_acf_changed":false,"footnotes":""},"categories":[],"tags":[],"class_list":["post-8555","page","type-page","status-publish","hentry"],"acf":[],"publishpress_future_action":{"enabled":false,"date":"1970-01-01 01:00:00","action":"","terms":[],"taxonomy":"","browser_timezone_offset":0},"_links":{"self":[{"href":"https:\/\/semmelweis.hu\/tdk\/wp-json\/wp\/v2\/pages\/8555","targetHints":{"allow":["GET"]}}],"collection":[{"href":"https:\/\/semmelweis.hu\/tdk\/wp-json\/wp\/v2\/pages"}],"about":[{"href":"https:\/\/semmelweis.hu\/tdk\/wp-json\/wp\/v2\/types\/page"}],"author":[{"embeddable":true,"href":"https:\/\/semmelweis.hu\/tdk\/wp-json\/wp\/v2\/users\/101596"}],"replies":[{"embeddable":true,"href":"https:\/\/semmelweis.hu\/tdk\/wp-json\/wp\/v2\/comments?post=8555"}],"version-history":[{"count":5,"href":"https:\/\/semmelweis.hu\/tdk\/wp-json\/wp\/v2\/pages\/8555\/revisions"}],"predecessor-version":[{"id":10193,"href":"https:\/\/semmelweis.hu\/tdk\/wp-json\/wp\/v2\/pages\/8555\/revisions\/10193"}],"up":[{"embeddable":true,"href":"https:\/\/semmelweis.hu\/tdk\/wp-json\/wp\/v2\/pages\/10054"}],"wp:attachment":[{"href":"https:\/\/semmelweis.hu\/tdk\/wp-json\/wp\/v2\/media?parent=8555"}],"wp:term":[{"taxonomy":"category","embeddable":true,"href":"https:\/\/semmelweis.hu\/tdk\/wp-json\/wp\/v2\/categories?post=8555"},{"taxonomy":"post_tag","embeddable":true,"href":"https:\/\/semmelweis.hu\/tdk\/wp-json\/wp\/v2\/tags?post=8555"}],"curies":[{"name":"wp","href":"https:\/\/api.w.org\/{rel}","templated":true}]}}