{"id":8531,"date":"2022-09-06T08:50:03","date_gmt":"2022-09-06T06:50:03","guid":{"rendered":"https:\/\/semmelweis.hu\/tdk\/?page_id=8531"},"modified":"2024-05-08T15:32:08","modified_gmt":"2024-05-08T13:32:08","slug":"oktatasi-intezkedesi-terv","status":"publish","type":"page","link":"https:\/\/semmelweis.hu\/tdk\/bevezetes-a-tudomanyos-diakkori-munka-alapjaihoz\/oktatasi-intezkedesi-terv\/","title":{"rendered":"Oktat\u00e1si int\u00e9zked\u00e9si terv"},"content":{"rendered":"<p><strong>Int\u00e9zked\u00e9si terv a 2021\/2022\u00a0 tan\u00e9v 2. szemeszter OMHV adati alapj\u00e1n<\/strong><\/p>\n<p><strong>Szervezeti egys\u00e9g: Tudom\u00e1nyos Di\u00e1kk\u00f6ri Tan\u00e1cs<\/strong><\/p>\n<p><strong>Kar: \u00c1ltal\u00e1nos Orvostudom\u00e1nyi Kar<\/strong><\/p>\n<p>A Bevezet\u00e9s a tudom\u00e1nyos di\u00e1kk\u00f6ri munka alapjaihoz c\u00edm\u0171 tant\u00e1rgyra vonatkoz\u00f3 hallgat\u00f3i v\u00e9lem\u00e9nyez\u00e9sek sz\u00e1ma magasnak mondhat\u00f3 (70,1%).<\/p>\n<p>A tant\u00e1rgyra vonatkoz\u00f3 \u00e9rt\u00e9kel\u00e9sek \u00e1tlaga nem sokkal maradt el a kari \u00e1tlagokt\u00f3l. S\u0151t, k\u00e9t esetben az \u00e9rt\u00e9kel\u00e9s meghaladja m\u00e9g a kari \u00e1tlagot is. (,,Mennyiben j\u00e1rultak hozz\u00e1 az el\u0151ad\u00e1sok a tanagyag elsaj\u00e1t\u00edt\u00e1s\u00e1hoz?\u201d \u00e9s ,, Mennyiben j\u00e1rult hozz\u00e1 a gyakorlat a tananyag sikeres elsaj\u00e1t\u00edt\u00e1s\u00e1hoz?\u201d)<\/p>\n<p>C\u00e9lk\u00e9nt t\u0171zz\u00fck ki a visszajelz\u00e9sek alapj\u00e1n, hogy a t\u00e1rgy Moddle fel\u00fcleten is megjelenjen, ezzel is el\u0151seg\u00edtve a hallgat\u00f3k t\u00e1j\u00e9koztat\u00e1s\u00e1t.<\/p>\n<p>T\u00f6bb visszajelz\u00e9s is \u00e9rkezett, hogy a hallgat\u00f3k sz\u00e1m\u00e1ra nem vil\u00e1gos a tant\u00e1rgy k\u00f6vetelm\u00e9nyrendszere, hab\u00e1r a t\u00e1rgy elv\u00e9gz\u00e9s\u00e9nek a felt\u00e9tel\u00e9t t\u00f6bb fel\u00fcleten k\u00f6zz\u00e9tett\u00fck, erre a j\u00f6v\u0151ben m\u00e9g nagyobb hangs\u00falyt fogunk fektetni. F\u00e9l\u00e9vek elej\u00e9n k\u00fcl\u00f6n Neptun \u00fczenetben fogjuk err\u0151l \u00e9rtes\u00edteni a hallgat\u00f3kat.<\/p>\n<p>A felm\u00e9r\u00e9sben a hallgat\u00f3k hat k\u00e9rd\u00e9s alapj\u00e1n \u00e9rt\u00e9kelt\u00e9k a digit\u00e1lis oktat\u00e1st. Ezen k\u00e9rd\u00e9sek \u00e9rt\u00e9kel\u00e9s\u00e9re nem tudunk kit\u00e9rni, hiszen a felm\u00e9r\u00e9sben vizsg\u00e1lt id\u0151szakban nem volt digit\u00e1lis oktat\u00e1s, valamennyi el\u0151ad\u00e1sunkat szem\u00e9lyesen tartottuk meg. Ez al\u00f3l kiv\u00e9telt k\u00e9peztek a Magyar Ifj\u00fas\u00e1gi T\u00e1lentumok Egyes\u00fclet\u00e9hez tartoz\u00f3 gimnazist\u00e1k r\u00e9sz\u00e9re ny\u00fajtott online r\u00e9szv\u00e9teli lehet\u0151s\u00e9g az egyes kurzusokhoz.<\/p>\n<p>&nbsp;<\/p>\n<p>Budapest, 2022. 09. 05.<\/p>\n","protected":false},"excerpt":{"rendered":"<p>Int\u00e9zked\u00e9si terv a 2021\/2022\u00a0 tan\u00e9v 2. szemeszter OMHV adati alapj\u00e1n Szervezeti egys\u00e9g: Tudom\u00e1nyos Di\u00e1kk\u00f6ri Tan\u00e1cs Kar: \u00c1ltal\u00e1nos Orvostudom\u00e1nyi Kar A Bevezet\u00e9s a tudom\u00e1nyos di\u00e1kk\u00f6ri munka alapjaihoz c\u00edm\u0171 tant\u00e1rgyra vonatkoz\u00f3 hallgat\u00f3i v\u00e9lem\u00e9nyez\u00e9sek sz\u00e1ma magasnak mondhat\u00f3 (70,1%). A tant\u00e1rgyra vonatkoz\u00f3 \u00e9rt\u00e9kel\u00e9sek \u00e1tlaga nem sokkal maradt el a kari \u00e1tlagokt\u00f3l. S\u0151t, k\u00e9t esetben az \u00e9rt\u00e9kel\u00e9s meghaladja m\u00e9g a &hellip;<\/p>\n","protected":false},"author":101596,"featured_media":0,"parent":4595,"menu_order":0,"comment_status":"closed","ping_status":"closed","template":"","meta":{"_acf_changed":false,"footnotes":""},"categories":[],"tags":[],"class_list":["post-8531","page","type-page","status-publish","hentry"],"acf":[],"publishpress_future_action":{"enabled":false,"date":"1970-01-01 01:00:00","action":"","terms":[],"taxonomy":"","browser_timezone_offset":0},"_links":{"self":[{"href":"https:\/\/semmelweis.hu\/tdk\/wp-json\/wp\/v2\/pages\/8531","targetHints":{"allow":["GET"]}}],"collection":[{"href":"https:\/\/semmelweis.hu\/tdk\/wp-json\/wp\/v2\/pages"}],"about":[{"href":"https:\/\/semmelweis.hu\/tdk\/wp-json\/wp\/v2\/types\/page"}],"author":[{"embeddable":true,"href":"https:\/\/semmelweis.hu\/tdk\/wp-json\/wp\/v2\/users\/101596"}],"replies":[{"embeddable":true,"href":"https:\/\/semmelweis.hu\/tdk\/wp-json\/wp\/v2\/comments?post=8531"}],"version-history":[{"count":1,"href":"https:\/\/semmelweis.hu\/tdk\/wp-json\/wp\/v2\/pages\/8531\/revisions"}],"predecessor-version":[{"id":8532,"href":"https:\/\/semmelweis.hu\/tdk\/wp-json\/wp\/v2\/pages\/8531\/revisions\/8532"}],"up":[{"embeddable":true,"href":"https:\/\/semmelweis.hu\/tdk\/wp-json\/wp\/v2\/pages\/4595"}],"wp:attachment":[{"href":"https:\/\/semmelweis.hu\/tdk\/wp-json\/wp\/v2\/media?parent=8531"}],"wp:term":[{"taxonomy":"category","embeddable":true,"href":"https:\/\/semmelweis.hu\/tdk\/wp-json\/wp\/v2\/categories?post=8531"},{"taxonomy":"post_tag","embeddable":true,"href":"https:\/\/semmelweis.hu\/tdk\/wp-json\/wp\/v2\/tags?post=8531"}],"curies":[{"name":"wp","href":"https:\/\/api.w.org\/{rel}","templated":true}]}}