{"id":8486,"date":"2022-07-15T12:21:36","date_gmt":"2022-07-15T10:21:36","guid":{"rendered":"https:\/\/semmelweis.hu\/tdk\/?page_id=8486"},"modified":"2024-05-29T10:33:15","modified_gmt":"2024-05-29T08:33:15","slug":"transzlacios-medicina-kozpont","status":"publish","type":"page","link":"https:\/\/semmelweis.hu\/tdk\/rektori-palyazat\/rektori-palyazat-meghirdetett-temak\/transzlacios-medicina-kozpont\/","title":{"rendered":"Transzl\u00e1ci\u00f3s Medicina K\u00f6zpont &#8211; Rektori p\u00e1ly\u00e1zat"},"content":{"rendered":"<h3>Transzl\u00e1ci\u00f3s Medicina K\u00f6zpont\/V\u00e1rosmajori Sz\u00edv-\u00e9s \u00c9rgy\u00f3gy\u00e1szati Klinika-Pancreas Betegs\u00e9gek Kiv\u00e1l\u00f3s\u00e1gi K\u00f6zpont Rektori p\u00e1ly\u00e1zat 2022\/2023<\/h3>\n<table style=\"border-collapse: collapse; width: 100%;\">\n<tbody>\n<tr>\n<td style=\"width: 50%;\"><strong>Rektori p\u00e1ly\u00e1zat c\u00edme<\/strong><\/td>\n<td style=\"width: 50%;\"><strong>T\u00e9mavezet\u0151<\/strong><\/td>\n<\/tr>\n<tr>\n<td style=\"width: 50%;\">Az IBD-U gyakoris\u00e1ga \u00e9s klinikai jellemz\u0151i gyermekkorban<\/td>\n<td style=\"width: 50%;\">Dr. M\u00fcller Katalin Eszter, PhD<\/td>\n<\/tr>\n<\/tbody>\n<\/table>\n","protected":false},"excerpt":{"rendered":"<p>Transzl\u00e1ci\u00f3s Medicina K\u00f6zpont\/V\u00e1rosmajori Sz\u00edv-\u00e9s \u00c9rgy\u00f3gy\u00e1szati Klinika-Pancreas Betegs\u00e9gek Kiv\u00e1l\u00f3s\u00e1gi K\u00f6zpont Rektori p\u00e1ly\u00e1zat 2022\/2023<\/p>\n<p>Rektori p\u00e1ly\u00e1zat c\u00edme<br \/>\nT\u00e9mavezet\u0151<\/p>\n<p>Az IBD-U gyakoris\u00e1ga \u00e9s klinikai jellemz\u0151i gyermekkorban<br \/>\nDr. M\u00fcller Katalin Eszter, PhD<\/p>\n","protected":false},"author":101596,"featured_media":0,"parent":9092,"menu_order":0,"comment_status":"closed","ping_status":"closed","template":"","meta":{"_acf_changed":false,"footnotes":""},"categories":[],"tags":[107],"class_list":["post-8486","page","type-page","status-publish","hentry","tag-kozponti-egysegek"],"acf":[],"publishpress_future_action":{"enabled":false,"date":"1970-01-01 01:00:00","action":"","terms":[],"taxonomy":"","browser_timezone_offset":0},"_links":{"self":[{"href":"https:\/\/semmelweis.hu\/tdk\/wp-json\/wp\/v2\/pages\/8486","targetHints":{"allow":["GET"]}}],"collection":[{"href":"https:\/\/semmelweis.hu\/tdk\/wp-json\/wp\/v2\/pages"}],"about":[{"href":"https:\/\/semmelweis.hu\/tdk\/wp-json\/wp\/v2\/types\/page"}],"author":[{"embeddable":true,"href":"https:\/\/semmelweis.hu\/tdk\/wp-json\/wp\/v2\/users\/101596"}],"replies":[{"embeddable":true,"href":"https:\/\/semmelweis.hu\/tdk\/wp-json\/wp\/v2\/comments?post=8486"}],"version-history":[{"count":4,"href":"https:\/\/semmelweis.hu\/tdk\/wp-json\/wp\/v2\/pages\/8486\/revisions"}],"predecessor-version":[{"id":10324,"href":"https:\/\/semmelweis.hu\/tdk\/wp-json\/wp\/v2\/pages\/8486\/revisions\/10324"}],"up":[{"embeddable":true,"href":"https:\/\/semmelweis.hu\/tdk\/wp-json\/wp\/v2\/pages\/9092"}],"wp:attachment":[{"href":"https:\/\/semmelweis.hu\/tdk\/wp-json\/wp\/v2\/media?parent=8486"}],"wp:term":[{"taxonomy":"category","embeddable":true,"href":"https:\/\/semmelweis.hu\/tdk\/wp-json\/wp\/v2\/categories?post=8486"},{"taxonomy":"post_tag","embeddable":true,"href":"https:\/\/semmelweis.hu\/tdk\/wp-json\/wp\/v2\/tags?post=8486"}],"curies":[{"name":"wp","href":"https:\/\/api.w.org\/{rel}","templated":true}]}}