{"id":8481,"date":"2022-07-13T10:23:06","date_gmt":"2022-07-13T08:23:06","guid":{"rendered":"https:\/\/semmelweis.hu\/tdk\/?page_id=8481"},"modified":"2025-08-11T11:25:50","modified_gmt":"2025-08-11T09:25:50","slug":"varosmajori-sziv-es-ergyogyaszati-klinika-ersebeszeti-es-endovaszkularis-tanszek","status":"publish","type":"page","link":"https:\/\/semmelweis.hu\/tdk\/rektori-palyazat\/rektori-palyazat-meghirdetett-temak\/varosmajori-sziv-es-ergyogyaszati-klinika-ersebeszeti-es-endovaszkularis-tanszek\/","title":{"rendered":"V\u00e1rosmajori Sz\u00edv-\u00e9s \u00c9rgy\u00f3gy\u00e1szati Klinika \u00c9rseb\u00e9szeti \u00e9s Endovaszkul\u00e1ris Tansz\u00e9k &#8211; Rektori p\u00e1ly\u00e1zat"},"content":{"rendered":"<h3>V\u00e1rosmajori Sz\u00edv-\u00e9s \u00c9rgy\u00f3gy\u00e1szati Klinika \u00c9rseb\u00e9szeti \u00e9s Endovaszkul\u00e1ris Tansz\u00e9k\u00a0 Rektori p\u00e1ly\u00e1zat 2025\/2026<\/h3>\n<table class=\" aligncenter\" style=\"width: 90.0413%;height: 400px\" width=\"373\">\n<tbody>\n<tr>\n<td style=\"width: 67.6178%\"><strong>Rektori P\u00e1lyamunka c\u00edme<\/strong><\/td>\n<td style=\"width: 181.318%\"><strong>T\u00e9mavezet\u0151 neve (fokozattal)<\/strong><\/td>\n<\/tr>\n<tr>\n<td style=\"width: 67.6178%\" width=\"165\">Perif\u00e9ri\u00e1s art\u00e9ri\u00e1s betegs\u00e9gek diagnosztik\u00e1ja \u00e9s ter\u00e1pi\u00e1ja<\/td>\n<td style=\"width: 181.318%\" width=\"208\">Dr. S\u00f3tonyi P\u00e9ter-tansz\u00e9kvezet\u0151, egyetemi tan\u00e1r<\/td>\n<\/tr>\n<tr>\n<td style=\"width: 67.6178%\" width=\"165\">A nyaki ver\u0151\u00e9r sz\u0171k\u00fcletes betegek cerebrovaszkul\u00e1ris esem\u00e9nyeinek \u00e9rt\u00e9kel\u00e9se a morfol\u00f3giai \u00e9s hemodinamikai saj\u00e1ts\u00e1gok figyelembev\u00e9tel\u00e9vel<\/td>\n<td style=\"width: 181.318%\" width=\"208\">Dr. S\u00f3tonyi P\u00e9ter-tansz\u00e9kvezet\u0151, egyetemi tan\u00e1r<\/td>\n<\/tr>\n<tr>\n<td style=\"width: 67.6178%\" width=\"165\">Homograftok k\u00eds\u00e9rletes \u00e9s klinikai vizsg\u00e1lata<\/td>\n<td style=\"width: 181.318%\" width=\"208\">Dr. S\u00f3tonyi P\u00e9ter-tansz\u00e9kvezet\u0151, egyetemi tan\u00e1r, Dr Hidi L\u00e1szl\u00f3 &#8211; tan\u00e1rseg\u00e9d<\/td>\n<\/tr>\n<tr>\n<td style=\"width: 67.6178%\" width=\"165\">Az aorta betegs\u00e9gek klinikopathol\u00f3giai vizsg\u00e1lata &#8211; \u00daJ 2022<\/td>\n<td style=\"width: 181.318%\" width=\"208\">Dr. S\u00f3tonyi P\u00e9ter-tansz\u00e9kvezet\u0151, egyetemi tan\u00e1r, Dr. Szappanos \u00c1gnes-egyetemi adjunktus<\/td>\n<\/tr>\n<tr>\n<td style=\"width: 67.6178%\" width=\"165\">Kinetikus k\u00e9palkot\u00e1s a vaszkul\u00e1ris betegs\u00e9gekben<\/td>\n<td style=\"width: 181.318%\" width=\"208\">Dr. S\u00f3tonyi P\u00e9ter-tansz\u00e9kvezet\u0151, egyetemi tan\u00e1r<\/td>\n<\/tr>\n<tr>\n<td style=\"width: 67.6178%\">Az art\u00e9riafal kalcifik\u00e1ci\u00f3 klinikai vonatkoz\u00e1sai\u00a0 \u00a0<\/td>\n<td style=\"width: 181.318%\">Dr. Szeberin Zolt\u00e1n-profilvezet\u0151, egyetemi tan\u00e1r, Dr. Hidi L\u00e1szl\u00f3 &#8211; tan\u00e1rseg\u00e9d<\/td>\n<\/tr>\n<tr>\n<td style=\"width: 67.6178%\" width=\"165\">B-t\u00edpus\u00fa aorta dissectio kezel\u00e9se<\/td>\n<td style=\"width: 181.318%\" width=\"208\">Dr. Szeberin Zolt\u00e1n-profilvezet\u0151, egyetemi tan\u00e1r<\/td>\n<\/tr>\n<tr>\n<td style=\"width: 67.6178%\" width=\"165\">Az infrarenalis aorta aneurysm\u00e1k kezel\u00e9se<\/td>\n<td style=\"width: 181.318%\" width=\"208\">Dr. Szeberin Zolt\u00e1n-profilvezet\u0151, egyetemi tan\u00e1r<\/td>\n<\/tr>\n<tr>\n<td style=\"width: 67.6178%\" width=\"165\">Okkluz\u00edv aorto-iliacalis art\u00e9ria betegs\u00e9gek kezel\u00e9se<\/td>\n<td style=\"width: 181.318%\" width=\"208\">Dr. Szeberin Zolt\u00e1n-profilvezet\u0151, egyetemi tan\u00e1r<\/td>\n<\/tr>\n<tr>\n<td style=\"width: 67.6178%\" width=\"165\">Biol\u00f3giai anyagok haszn\u00e1lata az \u00e9rseb\u00e9szetben<\/td>\n<td style=\"width: 181.318%\" width=\"208\">Dr. Szeberin Zolt\u00e1n-profilvezet\u0151, egyetemi tan\u00e1r<\/td>\n<\/tr>\n<tr>\n<td style=\"width: 67.6178%\" width=\"165\">Az ellenoldali carotis occlusio \u00e9s a CoW morfol\u00f3gi\u00e1j\u00e1nak jelent\u0151s\u00e9ge carotis endarterectomia sor\u00e1n<\/td>\n<td style=\"width: 181.318%\" width=\"208\">Dr. Banga P\u00e9ter-egyetemi adjunktus<\/td>\n<\/tr>\n<tr>\n<td style=\"width: 67.6178%\" width=\"165\">Mellkasi rupt\u00far\u00e1lt aneurysm\u00e1k ell\u00e1t\u00e1sa<\/td>\n<td style=\"width: 181.318%\" width=\"208\">Dr. Banga P\u00e9ter-egyetemi adjunktus<\/td>\n<\/tr>\n<tr>\n<td style=\"width: 67.6178%\" width=\"165\">P\u00e1lyav\u00e1laszt\u00e1s az eg\u00e9szs\u00e9g\u00fcgyben, seb\u00e9szi szakm\u00e1k helyzete<\/td>\n<td style=\"width: 181.318%\" width=\"208\">Dr. Banga P\u00e9ter-egyetemi adjunktus<\/td>\n<\/tr>\n<tr>\n<td style=\"width: 67.6178%\" width=\"324\">\n<p>Vaszkul\u00e1ris strukt\u00far\u00e1kat involv\u00e1l\u00f3 tumoros betegs\u00e9gek \u00e9rseb\u00e9szeti ell\u00e1t\u00e1sa. \/\u00a0 Experience of Vascular Surgery for Tumor Diseases Involving Vascular Structures<\/p>\n<\/td>\n<td style=\"width: 181.318%\" width=\"208\">Dr. Mih\u00e1ly Zsuzsanna-egyetemi tan\u00e1rseg\u00e9d<\/td>\n<\/tr>\n<tr>\n<td style=\"width: 67.6178%\">\n<p>Nyaki ver\u0151\u00e9r sz\u0171k\u00fclet rekonstrukci\u00f3j\u00e1nak intraoperat\u00edv rizik\u00f3 cs\u00f6kkent\u00e9se a NIRS \u00e9s cerebrovaszkul\u00e1ris kering\u00e9s figyelembev\u00e9tel\u00e9vel \/\u00a0\u00a0 Reduction of perioperative risk of carotid artery stenosis reconstruction by considering NIRS and cerebrovascular circulation<\/p>\n<\/td>\n<td style=\"width: 181.318%\">Dr. Mih\u00e1ly Zsuzsanna-egyetemi tan\u00e1rseg\u00e9d<\/td>\n<\/tr>\n<tr>\n<td style=\"width: 67.6178%\">A t\u00fcneteket okoz\u00f3 nyaki ver\u0151\u00e9r sz\u0171k\u00fclet kialakul\u00e1s\u00e1ban szerepet j\u00e1tsz\u00f3 etiopathol\u00f3giai t\u00e9nyez\u0151k vizsg\u00e1lata carotis biobank mint\u00e1kon \/Investigation of etiopathological factors involved in the development of symptomatic carotid stenosis based on carotid biobank samples \/Untersuchung der \u00e4tiopathologischen Faktoren, die an der Entwicklung einer symptomatischen Karotisstenose beteiligt sind, anhand von Karotis-Biobankproben<\/p>\n<p>&nbsp;<\/p>\n<\/td>\n<td style=\"width: 181.318%\">Dr. Mih\u00e1ly Zsuzsanna-egyetemi tan\u00e1rseg\u00e9d<\/td>\n<\/tr>\n<tr>\n<td style=\"width: 67.6178%\">A nyaki ver\u0151\u00e9r sz\u0171k\u00fclet \u00e1raml\u00e1si modellez\u00e9se \u00e9s plakk anal\u00edzis \/Flow modelling and plaque analysis of carotid artery stenosis<\/td>\n<td style=\"width: 181.318%\">Dr. Mih\u00e1ly Zsuzsanna-egyetemi tan\u00e1rseg\u00e9d<\/td>\n<\/tr>\n<tr>\n<td style=\"width: 67.6178%\" width=\"165\">A NETs (neutrophil extracellular traps) szerep\u00e9nek vizsg\u00e1lata a daganatos betegekben l\u00e9trej\u00f6v\u0151 art\u00e9ri\u00e1s thrombosisban<\/td>\n<td style=\"width: 181.318%\" width=\"208\">Dr. Hidi L\u00e1szl\u00f3- egyetemi tan\u00e1rseg\u00e9d<\/td>\n<\/tr>\n<tr>\n<td style=\"width: 67.6178%\" width=\"324\">\n<p>Homograftok k\u00eds\u00e9rletes \u00e9s klinikai vizsg\u00e1lata.<\/p>\n<\/td>\n<td style=\"width: 181.318%\">Dr. Hidi L\u00e1szl\u00f3- egyetemi tan\u00e1rseg\u00e9d<\/td>\n<\/tr>\n<\/tbody>\n<\/table>\n","protected":false},"excerpt":{"rendered":"<p>V\u00e1rosmajori Sz\u00edv-\u00e9s \u00c9rgy\u00f3gy\u00e1szati Klinika \u00c9rseb\u00e9szeti \u00e9s Endovaszkul\u00e1ris Tansz\u00e9k\u00a0 Rektori p\u00e1ly\u00e1zat 2025\/2026 Rektori P\u00e1lyamunka c\u00edme T\u00e9mavezet\u0151 neve (fokozattal) Perif\u00e9ri\u00e1s art\u00e9ri\u00e1s betegs\u00e9gek diagnosztik\u00e1ja \u00e9s ter\u00e1pi\u00e1ja Dr. S\u00f3tonyi P\u00e9ter-tansz\u00e9kvezet\u0151, egyetemi tan\u00e1r A nyaki ver\u0151\u00e9r sz\u0171k\u00fcletes betegek cerebrovaszkul\u00e1ris esem\u00e9nyeinek \u00e9rt\u00e9kel\u00e9se a morfol\u00f3giai \u00e9s hemodinamikai saj\u00e1ts\u00e1gok figyelembev\u00e9tel\u00e9vel Dr. S\u00f3tonyi P\u00e9ter-tansz\u00e9kvezet\u0151, egyetemi tan\u00e1r Homograftok k\u00eds\u00e9rletes \u00e9s klinikai vizsg\u00e1lata Dr. S\u00f3tonyi P\u00e9ter-tansz\u00e9kvezet\u0151, &hellip;<\/p>\n","protected":false},"author":101596,"featured_media":0,"parent":9092,"menu_order":0,"comment_status":"closed","ping_status":"closed","template":"","meta":{"_acf_changed":false,"footnotes":""},"categories":[],"tags":[99],"class_list":["post-8481","page","type-page","status-publish","hentry","tag-aok-rektori-palyazat"],"acf":[],"publishpress_future_action":{"enabled":false,"date":"1970-01-01 01:00:00","action":"","terms":[],"taxonomy":"","browser_timezone_offset":0},"_links":{"self":[{"href":"https:\/\/semmelweis.hu\/tdk\/wp-json\/wp\/v2\/pages\/8481","targetHints":{"allow":["GET"]}}],"collection":[{"href":"https:\/\/semmelweis.hu\/tdk\/wp-json\/wp\/v2\/pages"}],"about":[{"href":"https:\/\/semmelweis.hu\/tdk\/wp-json\/wp\/v2\/types\/page"}],"author":[{"embeddable":true,"href":"https:\/\/semmelweis.hu\/tdk\/wp-json\/wp\/v2\/users\/101596"}],"replies":[{"embeddable":true,"href":"https:\/\/semmelweis.hu\/tdk\/wp-json\/wp\/v2\/comments?post=8481"}],"version-history":[{"count":9,"href":"https:\/\/semmelweis.hu\/tdk\/wp-json\/wp\/v2\/pages\/8481\/revisions"}],"predecessor-version":[{"id":11574,"href":"https:\/\/semmelweis.hu\/tdk\/wp-json\/wp\/v2\/pages\/8481\/revisions\/11574"}],"up":[{"embeddable":true,"href":"https:\/\/semmelweis.hu\/tdk\/wp-json\/wp\/v2\/pages\/9092"}],"wp:attachment":[{"href":"https:\/\/semmelweis.hu\/tdk\/wp-json\/wp\/v2\/media?parent=8481"}],"wp:term":[{"taxonomy":"category","embeddable":true,"href":"https:\/\/semmelweis.hu\/tdk\/wp-json\/wp\/v2\/categories?post=8481"},{"taxonomy":"post_tag","embeddable":true,"href":"https:\/\/semmelweis.hu\/tdk\/wp-json\/wp\/v2\/tags?post=8481"}],"curies":[{"name":"wp","href":"https:\/\/api.w.org\/{rel}","templated":true}]}}