{"id":8456,"date":"2022-07-06T11:07:25","date_gmt":"2022-07-06T09:07:25","guid":{"rendered":"https:\/\/semmelweis.hu\/tdk\/?page_id=8456"},"modified":"2023-04-13T11:28:28","modified_gmt":"2023-04-13T09:28:28","slug":"roska-tamas-palyazat","status":"publish","type":"page","link":"https:\/\/semmelweis.hu\/tdk\/tudomanyos-diakkori-konferenciak\/orszagos-tdk-konferencia\/korabbi-otdk-konferenciak\/36-otdk\/roska-tamas-palyazat\/","title":{"rendered":"Roska\u00a0Tam\u00e1s\u00a0p\u00e1ly\u00e1zat"},"content":{"rendered":"<h4><b><span class=\"il\">Roska<\/span>\u00a0<span class=\"il\">Tam\u00e1s<\/span>\u00a0p\u00e1ly\u00e1zat<\/b><u><\/u><u><\/u><\/h4>\n<p><u><\/u><u><\/u>Az Orsz\u00e1gos Tudom\u00e1nyos Di\u00e1kk\u00f6ri Tan\u00e1cs (OTDT) a fels\u0151oktat\u00e1s k\u00fcl\u00f6nb\u00f6z\u0151 k\u00e9pz\u00e9si szintjein t\u00f6rt\u00e9n\u0151 tehets\u00e9ggondoz\u00f3, tudom\u00e1nyos kutat\u00f3i tev\u00e9kenys\u00e9g folyamatoss\u00e1g\u00e1nak t\u00e1mogat\u00e1sa \u00e9s perspekt\u00edv\u00e1inak felmutat\u00e1sa, a tehets\u00e9g elismer\u00e9se \u00e9s a fiatal kutat\u00f3i teljes\u00edtm\u00e9nyek megismertet\u00e9se, valamint\u00a0<span class=\"il\">Roska<\/span>\u00a0<span class=\"il\">Tam\u00e1s<\/span>\u00a0tudom\u00e1nyter\u00fcleteket \u00f6sszekapcsol\u00f3, nemzetk\u00f6zileg elismert kutat\u00f3i \u00e9letm\u0171ve el\u0151tti tiszteletad\u00e1s c\u00e9lj\u00e1b\u00f3l hozta l\u00e9tre 2018 nyar\u00e1n a\u00a0<span class=\"il\">Roska<\/span>\u00a0<span class=\"il\">Tam\u00e1s<\/span>\u00a0Tudom\u00e1nyos El\u0151ad\u00e1s int\u00e9zm\u00e9ny\u00e9t, amely szakmai f\u00f3rumot, bemutatkoz\u00e1si lehet\u0151s\u00e9get biztos\u00edt doktoranduszok sz\u00e1m\u00e1ra.<\/p>\n<p>A\u00a0<span class=\"il\">Roska<\/span>\u00a0<span class=\"il\">Tam\u00e1s<\/span>\u00a0Tudom\u00e1nyos El\u0151ad\u00e1s megtart\u00e1s\u00e1ra 2023-ban a 36. OTDK keret\u00e9ben harmadik alkalommal ker\u00fcl sor (szekci\u00f3nk\u00e9nt egy el\u0151ad\u00e1s hangzik majd el).<u><\/u><u><\/u><\/p>\n<p><u><\/u>A p\u00e1ly\u00e1zat beny\u00fajt\u00e1s\u00e1nak felt\u00e9teleit a 2022. j\u00falius 1-t\u0151l <a href=\"https:\/\/otdk.hu\/upload\/files\/1601467010_RoskaTamasEloadas_palyazati%20felhivas_07.29.pdf\" target=\"_blank\" rel=\"noopener\">az OTDT honlapj\u00e1n el\u00e9rhet\u0151 p\u00e1ly\u00e1zati ki\u00edr\u00e1sb\u00f3l ismerhetik meg az \u00e9rdekl\u0151d\u0151k<\/a> a p\u00e1ly\u00e1zatot mag\u00e1t a <a href=\"http:\/\/roskapalyazat.otdt.hu\/login\" target=\"_blank\" rel=\"noopener\">Roska Tam\u00e1s P\u00e1ly\u00e1zat webfel\u00fclet\u00e9n kereszt\u00fcl kell beadni.<\/a><u><\/u><\/p>\n<p><u><\/u>A p\u00e1ly\u00e1zatot csak elektronikus form\u00e1ban, kiz\u00e1r\u00f3lag a fel\u00fcleten kereszt\u00fcl sz\u00fcks\u00e9ges beny\u00fajtani!<u><\/u><u><\/u><\/p>\n<p>P\u00e1ly\u00e1zati hat\u00e1rid\u0151:\u00a0<b>2022. szeptember 30. (p\u00e9ntek, CEST 23:59 \u00f3ra)<\/b><\/p>\n","protected":false},"excerpt":{"rendered":"<p>Roska\u00a0Tam\u00e1s\u00a0p\u00e1ly\u00e1zat Az Orsz\u00e1gos Tudom\u00e1nyos Di\u00e1kk\u00f6ri Tan\u00e1cs (OTDT) a fels\u0151oktat\u00e1s k\u00fcl\u00f6nb\u00f6z\u0151 k\u00e9pz\u00e9si szintjein t\u00f6rt\u00e9n\u0151 tehets\u00e9ggondoz\u00f3, tudom\u00e1nyos kutat\u00f3i tev\u00e9kenys\u00e9g folyamatoss\u00e1g\u00e1nak t\u00e1mogat\u00e1sa \u00e9s perspekt\u00edv\u00e1inak felmutat\u00e1sa, a tehets\u00e9g elismer\u00e9se \u00e9s a fiatal kutat\u00f3i teljes\u00edtm\u00e9nyek megismertet\u00e9se, valamint\u00a0Roska\u00a0Tam\u00e1s\u00a0tudom\u00e1nyter\u00fcleteket \u00f6sszekapcsol\u00f3, nemzetk\u00f6zileg elismert kutat\u00f3i \u00e9letm\u0171ve el\u0151tti tiszteletad\u00e1s c\u00e9lj\u00e1b\u00f3l hozta l\u00e9tre 2018 nyar\u00e1n a\u00a0Roska\u00a0Tam\u00e1s\u00a0Tudom\u00e1nyos El\u0151ad\u00e1s int\u00e9zm\u00e9ny\u00e9t, amely szakmai f\u00f3rumot, bemutatkoz\u00e1si lehet\u0151s\u00e9get biztos\u00edt doktoranduszok sz\u00e1m\u00e1ra. &hellip;<\/p>\n","protected":false},"author":101596,"featured_media":8464,"parent":8049,"menu_order":1,"comment_status":"closed","ping_status":"closed","template":"","meta":{"_acf_changed":false,"footnotes":""},"categories":[26],"tags":[],"class_list":["post-8456","page","type-page","status-publish","has-post-thumbnail","hentry","category-hirek-hu"],"acf":[],"publishpress_future_action":{"enabled":false,"date":"1970-01-01 01:00:00","action":"","terms":[],"taxonomy":"","browser_timezone_offset":0},"_links":{"self":[{"href":"https:\/\/semmelweis.hu\/tdk\/wp-json\/wp\/v2\/pages\/8456","targetHints":{"allow":["GET"]}}],"collection":[{"href":"https:\/\/semmelweis.hu\/tdk\/wp-json\/wp\/v2\/pages"}],"about":[{"href":"https:\/\/semmelweis.hu\/tdk\/wp-json\/wp\/v2\/types\/page"}],"author":[{"embeddable":true,"href":"https:\/\/semmelweis.hu\/tdk\/wp-json\/wp\/v2\/users\/101596"}],"replies":[{"embeddable":true,"href":"https:\/\/semmelweis.hu\/tdk\/wp-json\/wp\/v2\/comments?post=8456"}],"version-history":[{"count":2,"href":"https:\/\/semmelweis.hu\/tdk\/wp-json\/wp\/v2\/pages\/8456\/revisions"}],"predecessor-version":[{"id":8458,"href":"https:\/\/semmelweis.hu\/tdk\/wp-json\/wp\/v2\/pages\/8456\/revisions\/8458"}],"up":[{"embeddable":true,"href":"https:\/\/semmelweis.hu\/tdk\/wp-json\/wp\/v2\/pages\/8049"}],"wp:featuredmedia":[{"embeddable":true,"href":"https:\/\/semmelweis.hu\/tdk\/wp-json\/wp\/v2\/media\/8464"}],"wp:attachment":[{"href":"https:\/\/semmelweis.hu\/tdk\/wp-json\/wp\/v2\/media?parent=8456"}],"wp:term":[{"taxonomy":"category","embeddable":true,"href":"https:\/\/semmelweis.hu\/tdk\/wp-json\/wp\/v2\/categories?post=8456"},{"taxonomy":"post_tag","embeddable":true,"href":"https:\/\/semmelweis.hu\/tdk\/wp-json\/wp\/v2\/tags?post=8456"}],"curies":[{"name":"wp","href":"https:\/\/api.w.org\/{rel}","templated":true}]}}