{"id":8179,"date":"2022-05-05T09:38:53","date_gmt":"2022-05-05T07:38:53","guid":{"rendered":"https:\/\/semmelweis.hu\/tdk\/?page_id=8179"},"modified":"2024-05-08T15:33:26","modified_gmt":"2024-05-08T13:33:26","slug":"hmaa-palyazat-2022","status":"publish","type":"page","link":"https:\/\/semmelweis.hu\/tdk\/palyazatok\/hmaa-palyazat-2022\/","title":{"rendered":"HMAA p\u00e1ly\u00e1zat 2023"},"content":{"rendered":"<p>Az Amerikai Magyar Orvosi Sz\u00f6vets\u00e9g \u2013 Magyarorsz\u00e1gi Tagozata (HMAA-HC) az egyetemi hallgat\u00f3k (orvosi, fogorvosi, gy\u00f3gyszer\u00e9szhallgat\u00f3k) mellett a rezidensek, a doktorandusz hallgat\u00f3k \u00e9s a szakorvosok r\u00e9sz\u00e9re egyar\u00e1nt szervez \u00e9vente ny\u00e1ri konferenci\u00e1t, melyet id\u00e9n <strong>2023.08.25-26.<\/strong> k\u00f6z\u00f6tt tartanak.<\/p>\n<p>Az el\u0151ad\u00e1sok nyelve: angol vagy magyar<\/p>\n<p>Helysz\u00edn: Balatonf\u00fcredi \u00c1llami Sz\u00edvk\u00f3rh\u00e1z,8230 Balatonf\u00fcred, Gy\u00f3gy t\u00e9r 2.<\/p>\n<p>A konferenci\u00e1n lehet\u0151s\u00e9g ny\u00edlik:<\/p>\n<p>megismerkedni a HMAA Buffalo \u00e9s Houston csereprogramj\u00e1val (amelyet hatod\u00e9ves hallgat\u00f3k sz\u00e1m\u00e1ra hirdetnek meg), \u00e9s megismerhetnek azokkal a hallgat\u00f3kkal, akik m\u00e1r r\u00e9szt vettek a programban.<\/p>\n<p>\u00e9rdekes el\u0151ad\u00e1sok meghallgat\u00e1s\u00e1ra is, amelyeket kor\u00e1bbi \u00e9s jelenlegi t\u00e1rsaik, valamint neves magyar \u00e9s k\u00fclf\u00f6ldi orvosok, professzorok tartanak.<\/p>\n<p>a rendk\u00edv\u00fcl bar\u00e1ts\u00e1gos l\u00e9gk\u00f6r\u0171 multidiszciplin\u00e1ris konferencia nagyszer\u0171 lehet\u0151s\u00e9get k\u00edn\u00e1l az orvostanhallgat\u00f3k sz\u00e1m\u00e1ra, hogy inform\u00e1lis besz\u00e9lget\u00e9st folytassanak az Egyes\u00fclt \u00c1llamokban dolgoz\u00f3 professzorokkal \u00e9s orvosokkal.<\/p>\n<p>A konferenci\u00e1n angol \u00e9s magyar nyelv\u0171 el\u0151ad\u00e1sokat lehet tartani.<\/p>\n<p>A legjobb el\u0151ad\u00e1sokat a HMAA nagy\u00e9rt\u00e9k\u0171 d\u00edjjal jutalmazza:<\/p>\n<p>A legjobb angol nyelven megtartott el\u0151ad\u00e1st a HMAA \u00e1ltal felaj\u00e1nlott Ivan Krisztinicz-d\u00edjjal jutalmazz\u00e1k, a nyertes r\u00e9szt vehet az \u00e9ves HMAA konferenci\u00e1j\u00e1n Sarasot\u00e1ban (FL), amelyet a HMAA finansz\u00edroz.<\/p>\n<p>A legjobb magyar nyelv\u0171 el\u0151ad\u00e1st id. Istvan Mechter d\u00edjjal jutalmazz\u00e1k. Az egyes ter\u00fcleteken a legjobb el\u0151ad\u00e1sokat is d\u00edjazz\u00e1k (pl .: a legjobb el\u0151ad\u00e1s neurol\u00f3gia \/ seb\u00e9szet t\u00e9mak\u00f6r\u00e9ben).<\/p>\n<p>Az el\u0151ad\u00e1s m\u00f3dja: Sz\u00f3beli prezent\u00e1ci\u00f3 vagy hagyom\u00e1nyos poszter a b\u00edr\u00e1l\u00f3bizotts\u00e1g d\u00f6nt\u00e9se alapj\u00e1n, angol vagy magyar nyelven (v\u00e1laszthat\u00f3).<\/p>\n<p>\u00a0A konferenci\u00e1n az al\u00e1bbi szekci\u00f3kban lehet el\u0151adni:\u00a0<\/p>\n<p>Anatomy<\/p>\n<p>Anesthesiology-Intensive Care-Emergency care<\/p>\n<p>Behaviour Sciences<\/p>\n<p>Biochemistry-Biophysics<\/p>\n<p>Cardiology<\/p>\n<p>Dentistry<\/p>\n<p>Dermatology<\/p>\n<p>Health Sciences<\/p>\n<p>Immunology-Cell Biology<\/p>\n<p>Internal Medicine-Family Medicine<\/p>\n<p>Law \/ Medical Malpractice \/ Business<\/p>\n<p>Microbiology<\/p>\n<p>Neurology<\/p>\n<p>Obstetrics &amp; Gynecology<\/p>\n<p>Ophthalomogy<\/p>\n<p>Orthopedics<\/p>\n<p>Otorhinolaryngology<\/p>\n<p>Pathology-Oncology<\/p>\n<p>Pediatrics<\/p>\n<p>Pharmacy<\/p>\n<p>Physiology-Pathophysiology<\/p>\n<p>Prevention<\/p>\n<p>Pulmonology<\/p>\n<p>Radiology<\/p>\n<p>Rheumatology<\/p>\n<p>Sport Sciences<\/p>\n<p>Surgery \u2013 Traumatology \u2013 Neurosurgery<\/p>\n<p>Urology<\/p>\n<p><strong>R\u00e9szv\u00e9teli d\u00edj:<\/strong><\/p>\n<p>In person regisztr\u00e1ci\u00f3s d\u00edj (2023. augusztus 15-ig)<\/p>\n<p>HMAA tagnak*: 22.000 HUF<\/p>\n<p>Nem HMAA tagnak*: 32.000 HUF<\/p>\n<p>Helysz\u00edni regisztr\u00e1ci\u00f3 (only by cash)*: 40.000 HUF<\/p>\n<p>K\u00eds\u00e9r\u0151 vacsora jegy: 13.000 HUF \/ k\u00eds\u00e9r\u0151<\/p>\n<p>K\u00eds\u00e9r\u0151 eb\u00e9d jegy: p\u00e9ntek 4.000 HUF, szombat 4.500 HUF \/ nap \/ k\u00eds\u00e9r\u0151<\/p>\n<p>* Tartalmazza a p\u00e9nteki \u00e9s szombati eb\u00e9det, valamint a p\u00e9ntek esti vacsor\u00e1t (Borcsa \u00e9tterem v. Anna Grand Hotel \u00e9tterem), illetve a konferencia alatti snack-et.<\/p>\n<p>Lemond\u00e1si felt\u00e9telek (regisztr\u00e1ci\u00f3s d\u00edj):<\/p>\n<p>Az elnyert p\u00e1ly\u00e1zatot lemondani nem lehet. Ha az elnyert p\u00e1ly\u00e1zat ellen\u00e9re a hallgat\u00f3 m\u00e9gsem tart el\u0151ad\u00e1st vagy visz posztert a kongresszusra, a t\u00e1mogat\u00e1s teljes \u00f6sszeg\u00e9t k\u00f6teles a Semmelweis Egyetemnek megt\u00e9r\u00edteni egy h\u00e9ten bel\u00fcl.<\/p>\n<p>A SE TDT az egyetem Tudom\u00e1nyos Di\u00e1kk\u00f6r\u00f6sei sz\u00e1m\u00e1ra v\u00e1llalja a regisztr\u00e1ci\u00f3s k\u00f6lts\u00e9g megt\u00e9r\u00edt\u00e9s\u00e9t a rendelkez\u00e9sre \u00e1ll\u00f3 keretig.<\/p>\n<p><strong>P\u00e1ly\u00e1zat formai felt\u00e9telei:<\/strong><\/p>\n<p>SE TDK tags\u00e1g<\/p>\n<p>angol nyelv\u0171 absztraktWord form\u00e1tumban (max. 250 sz\u00f3, r\u00e9szei: angol nyelv\u0171 c\u00edm, t\u00e1rsszerz\u0151k affili\u00e1ci\u00f3k megjel\u00f6l\u00e9s\u00e9vel, Introduction, Methods, Results, Conclusions).<\/p>\n<p>\u00e9vi HMAA tags\u00e1g igazol\u00e1sa (https:\/\/hmaa.org\/chapters\/hungary) oldalr\u00f3l k\u00e9perny\u0151fot\u00f3 vagy az al\u00e1bbi email c\u00edmen igazol\u00e1s k\u00e9r\u00e9se: hungary@hmaa.org)<\/p>\n<p>Szakmai \u00f6n\u00e9letrajz<\/p>\n<p>azon hallgat\u00f3, aki m\u00e9g nem HMAA tag, legyen sz\u00edves k\u00e9rni a regisztr\u00e1ci\u00f3j\u00e1t; egyetemi hallgat\u00f3knak ingyenes<\/p>\n<p>https:\/\/www.hmaa-hc.hu\/membership.html<\/p>\n<p><strong><span style=\"color: #ff0000;\">Jelentkezni az al\u00e1bbi k\u00e9rd\u0151\u00edv kit\u00f6lt\u00e9s\u00e9vel lehet:<\/span><\/strong><\/p>\n<p>https:\/\/forms.gle\/qJDgBorBdBuy1ZcW6<\/p>\n<p><strong>SE TDT p\u00e1ly\u00e1zati hat\u00e1rid\u0151: 2023. 05.30. 24h<\/strong><\/p>\n<p><span style=\"color: #ff0000;\"><strong>A p\u00e1ly\u00e1zatokat az al\u00e1bbi e-mail c\u00edmre v\u00e1rjuk:<\/strong><\/span><\/p>\n<p>office.se.tdk@gmail.com<\/p>\n<p>&nbsp;<\/p>\n<p><strong><span style=\"color: #ff0000;\">FONTOS!!!!<\/span><\/strong><\/p>\n<p>A p\u00e1ly\u00e1zat eredm\u00e9nyeinek ki\u00e9rtes\u00edt\u00e9s\u00e9ig a HMAA F\u00fcred 2023. kongresszus regisztr\u00e1ci\u00f3s d\u00edj\u00e1t ne fizesse be a p\u00e1ly\u00e1z\u00f3.<\/p>\n<p>\u00a0Az elb\u00edr\u00e1l\u00e1sr\u00f3l e-mailben \u00e9rtes\u00edtj\u00fck a hallgat\u00f3kat.<\/p>\n<p><a href=\"https:\/\/www.hmaa-hc.hu\/\">Konferencia honlapja<\/a><\/p>\n<p><a href=\"https:\/\/www.hmaa-hc.hu\/2023-2\/\">REGISZTR\u00c1CI\u00d3S OLDAL<\/a><\/p>\n<p>&nbsp;<\/p>\n<p>&nbsp;<\/p>\n<p>&nbsp;<\/p>\n<p>&nbsp;<\/p>\n","protected":false},"excerpt":{"rendered":"<p>Az Amerikai Magyar Orvosi Sz\u00f6vets\u00e9g \u2013 Magyarorsz\u00e1gi Tagozata (HMAA-HC) az egyetemi hallgat\u00f3k (orvosi, fogorvosi, gy\u00f3gyszer\u00e9szhallgat\u00f3k) mellett a rezidensek, a doktorandusz hallgat\u00f3k \u00e9s a szakorvosok r\u00e9sz\u00e9re egyar\u00e1nt szervez \u00e9vente ny\u00e1ri konferenci\u00e1t, melyet id\u00e9n 2023.08.25-26. k\u00f6z\u00f6tt tartanak. Az el\u0151ad\u00e1sok nyelve: angol vagy magyar Helysz\u00edn: Balatonf\u00fcredi \u00c1llami Sz\u00edvk\u00f3rh\u00e1z,8230 Balatonf\u00fcred, Gy\u00f3gy t\u00e9r 2. A konferenci\u00e1n lehet\u0151s\u00e9g ny\u00edlik: megismerkedni a &hellip;<\/p>\n","protected":false},"author":101596,"featured_media":0,"parent":1146,"menu_order":0,"comment_status":"closed","ping_status":"closed","template":"","meta":{"_acf_changed":false,"footnotes":""},"categories":[18],"tags":[],"class_list":["post-8179","page","type-page","status-publish","hentry","category-palyazatok"],"acf":[],"publishpress_future_action":{"enabled":false,"date":"1970-01-01 01:00:00","action":"","terms":[],"taxonomy":"","browser_timezone_offset":0},"_links":{"self":[{"href":"https:\/\/semmelweis.hu\/tdk\/wp-json\/wp\/v2\/pages\/8179","targetHints":{"allow":["GET"]}}],"collection":[{"href":"https:\/\/semmelweis.hu\/tdk\/wp-json\/wp\/v2\/pages"}],"about":[{"href":"https:\/\/semmelweis.hu\/tdk\/wp-json\/wp\/v2\/types\/page"}],"author":[{"embeddable":true,"href":"https:\/\/semmelweis.hu\/tdk\/wp-json\/wp\/v2\/users\/101596"}],"replies":[{"embeddable":true,"href":"https:\/\/semmelweis.hu\/tdk\/wp-json\/wp\/v2\/comments?post=8179"}],"version-history":[{"count":10,"href":"https:\/\/semmelweis.hu\/tdk\/wp-json\/wp\/v2\/pages\/8179\/revisions"}],"predecessor-version":[{"id":10154,"href":"https:\/\/semmelweis.hu\/tdk\/wp-json\/wp\/v2\/pages\/8179\/revisions\/10154"}],"up":[{"embeddable":true,"href":"https:\/\/semmelweis.hu\/tdk\/wp-json\/wp\/v2\/pages\/1146"}],"wp:attachment":[{"href":"https:\/\/semmelweis.hu\/tdk\/wp-json\/wp\/v2\/media?parent=8179"}],"wp:term":[{"taxonomy":"category","embeddable":true,"href":"https:\/\/semmelweis.hu\/tdk\/wp-json\/wp\/v2\/categories?post=8179"},{"taxonomy":"post_tag","embeddable":true,"href":"https:\/\/semmelweis.hu\/tdk\/wp-json\/wp\/v2\/tags?post=8179"}],"curies":[{"name":"wp","href":"https:\/\/api.w.org\/{rel}","templated":true}]}}