{"id":8166,"date":"2022-05-02T08:50:00","date_gmt":"2022-05-02T06:50:00","guid":{"rendered":"https:\/\/semmelweis.hu\/tdk\/?page_id=8166"},"modified":"2024-05-08T13:09:39","modified_gmt":"2024-05-08T11:09:39","slug":"szent-laszlo-korhaz-infektologiai-tanszeki-csoport-dpc-ohii","status":"publish","type":"page","link":"https:\/\/semmelweis.hu\/tdk\/tdk-temak-es-temavezetok\/kulso-intezetek\/szent-laszlo-korhaz-infektologiai-tanszeki-csoport-dpc-ohii\/","title":{"rendered":"Infektol\u00f3giai Tansz\u00e9ki Csoport &#8211; DPC-OHII Szent L\u00e1szl\u00f3 K\u00f3rh\u00e1z"},"content":{"rendered":"<h3>Infektol\u00f3giai Tansz\u00e9ki Csoport &#8211; DPC-OHII Szent L\u00e1szl\u00f3 K\u00f3rh\u00e1z TDK t\u00e9m\u00e1k 2022\/2023<\/h3>\n<table style=\"border-collapse: collapse; width: 100%;\">\n<tbody>\n<tr>\n<td style=\"width: 60.9524%;\" width=\"545\"><strong>TDK-munka c\u00edme<\/strong><\/td>\n<td style=\"width: 38.9116%;\" width=\"351\"><strong>T\u00e9mavezet\u0151 neve (fokozattal)<\/strong><\/td>\n<\/tr>\n<tr>\n<td style=\"width: 60.9524%;\" width=\"545\">Kritikus \u00e1llapot\u00fa COVID-19-ben szenved\u0151 betegek m\u00e1sodlagos fert\u0151z\u00e9sei<\/td>\n<td style=\"width: 38.9116%;\" width=\"351\">Dr. Szab\u00f3 B\u00e1lint Gergely, PhD<\/td>\n<\/tr>\n<tr>\n<td style=\"width: 60.9524%;\">\u00daj utak a kritikus \u00e1llapot\u00fa \u00e9s immunkompromitt\u00e1lt feln\u0151ttek s\u00falyos fert\u0151z\u00e9seinek ell\u00e1t\u00e1s\u00e1ban<\/td>\n<td style=\"width: 38.9116%;\">Dr. Szab\u00f3 B\u00e1lint Gergely, PhD<\/td>\n<\/tr>\n<tr>\n<td style=\"width: 60.9524%;\">HIV \u00e9s opportunista infekci\u00f3k<\/td>\n<td style=\"width: 38.9116%;\">Dr. Lakatos Botond PhD<\/td>\n<\/tr>\n<\/tbody>\n<\/table>\n","protected":false},"excerpt":{"rendered":"<p>Infektol\u00f3giai Tansz\u00e9ki Csoport &#8211; DPC-OHII Szent L\u00e1szl\u00f3 K\u00f3rh\u00e1z TDK t\u00e9m\u00e1k 2022\/2023<\/p>\n<p>TDK-munka c\u00edme<br \/>\nT\u00e9mavezet\u0151 neve (fokozattal)<\/p>\n<p>Kritikus \u00e1llapot\u00fa COVID-19-ben szenved\u0151 betegek m\u00e1sodlagos fert\u0151z\u00e9sei<br \/>\nDr. Szab\u00f3 B\u00e1lint Gergely, PhD<\/p>\n<p>\u00daj utak a kritikus \u00e1llapot\u00fa \u00e9s immunkompromitt\u00e1lt feln\u0151ttek s\u00falyos fert\u0151z\u00e9seinek ell\u00e1t\u00e1s\u00e1ban<br \/>\nDr. Szab\u00f3 B\u00e1lint Gergely, PhD<\/p>\n<p>HIV \u00e9s opportunista infekci\u00f3k<br \/>\nDr. Lakatos Botond PhD<\/p>\n","protected":false},"author":101596,"featured_media":0,"parent":10063,"menu_order":5,"comment_status":"closed","ping_status":"closed","template":"","meta":{"_acf_changed":false,"footnotes":""},"categories":[],"tags":[],"class_list":["post-8166","page","type-page","status-publish","hentry"],"acf":[],"publishpress_future_action":{"enabled":false,"date":"1970-01-01 01:00:00","action":"","terms":[],"taxonomy":"","browser_timezone_offset":0},"_links":{"self":[{"href":"https:\/\/semmelweis.hu\/tdk\/wp-json\/wp\/v2\/pages\/8166","targetHints":{"allow":["GET"]}}],"collection":[{"href":"https:\/\/semmelweis.hu\/tdk\/wp-json\/wp\/v2\/pages"}],"about":[{"href":"https:\/\/semmelweis.hu\/tdk\/wp-json\/wp\/v2\/types\/page"}],"author":[{"embeddable":true,"href":"https:\/\/semmelweis.hu\/tdk\/wp-json\/wp\/v2\/users\/101596"}],"replies":[{"embeddable":true,"href":"https:\/\/semmelweis.hu\/tdk\/wp-json\/wp\/v2\/comments?post=8166"}],"version-history":[{"count":3,"href":"https:\/\/semmelweis.hu\/tdk\/wp-json\/wp\/v2\/pages\/8166\/revisions"}],"predecessor-version":[{"id":10047,"href":"https:\/\/semmelweis.hu\/tdk\/wp-json\/wp\/v2\/pages\/8166\/revisions\/10047"}],"up":[{"embeddable":true,"href":"https:\/\/semmelweis.hu\/tdk\/wp-json\/wp\/v2\/pages\/10063"}],"wp:attachment":[{"href":"https:\/\/semmelweis.hu\/tdk\/wp-json\/wp\/v2\/media?parent=8166"}],"wp:term":[{"taxonomy":"category","embeddable":true,"href":"https:\/\/semmelweis.hu\/tdk\/wp-json\/wp\/v2\/categories?post=8166"},{"taxonomy":"post_tag","embeddable":true,"href":"https:\/\/semmelweis.hu\/tdk\/wp-json\/wp\/v2\/tags?post=8166"}],"curies":[{"name":"wp","href":"https:\/\/api.w.org\/{rel}","templated":true}]}}