{"id":8124,"date":"2022-04-14T08:40:28","date_gmt":"2022-04-14T06:40:28","guid":{"rendered":"https:\/\/semmelweis.hu\/tdk\/?page_id=8124"},"modified":"2024-08-15T08:54:57","modified_gmt":"2024-08-15T06:54:57","slug":"institute-of-behavioural-sciences-tdk-topics","status":"publish","type":"page","link":"https:\/\/semmelweis.hu\/tdk\/en\/steps-to-pursue-research-as-a-student\/topics-and-supervisors\/institute-of-behavioural-sciences-tdk-topics\/","title":{"rendered":"Institute of Behavioural Sciences TDK topics"},"content":{"rendered":"<h3><strong>Institute of Behavioural Sciences TDK topics<\/strong><\/h3>\n<table style=\"border-collapse: collapse;width: 100%\">\n<tbody>\n<tr>\n<td style=\"width: 77.2789%\" width=\"468\"><strong>Research topics for students in English language<\/strong><\/td>\n<td style=\"width: 22.585%\" width=\"136\"><strong>\u00a0Supervisor<\/strong><\/td>\n<\/tr>\n<tr>\n<td style=\"width: 77.2789%\" width=\"468\">Sleep oscillations in the human thalamus and cortex<\/td>\n<td style=\"width: 22.585%\" width=\"136\">Dr. R\u00f3bert B\u00f3dizs<\/td>\n<\/tr>\n<tr>\n<td style=\"width: 77.2789%\" width=\"468\">Consent to treatment \u2013 legal and ethical aspects<\/td>\n<td style=\"width: 22.585%\" width=\"136\">Dr. \u00c1gnes D\u00f3sa<\/td>\n<\/tr>\n<tr>\n<td style=\"width: 77.2789%\" width=\"468\">Ethical and legal issues in death and dying<\/td>\n<td style=\"width: 22.585%\" width=\"136\">Dr. \u00c1gnes D\u00f3sa<\/td>\n<\/tr>\n<tr>\n<td style=\"width: 77.2789%\" width=\"468\">Ethical and legal issues surrounding cardiopulmonary resuscitation<\/td>\n<td style=\"width: 22.585%\" width=\"136\">Dr. \u00c1gnes D\u00f3sa<\/td>\n<\/tr>\n<tr>\n<td style=\"width: 77.2789%\" width=\"468\">Ethical and legal issues surrounding live organ donation<\/td>\n<td style=\"width: 22.585%\" width=\"136\">Dr. \u00c1gnes D\u00f3sa<\/td>\n<\/tr>\n<tr>\n<td style=\"width: 77.2789%\" width=\"468\">Ethical and legal issues related to medical errors<\/td>\n<td style=\"width: 22.585%\" width=\"136\">Dr. \u00c1gnes D\u00f3sa<\/td>\n<\/tr>\n<tr>\n<td style=\"width: 77.2789%\" width=\"468\">Ethical and legal issues related to medical errors in dental care<\/td>\n<td style=\"width: 22.585%\" width=\"136\">Dr. \u00c1gnes D\u00f3sa<\/td>\n<\/tr>\n<tr>\n<td style=\"width: 77.2789%\" width=\"468\">Ethical and legal issues related to pharmaceutical errors<\/td>\n<td style=\"width: 22.585%\" width=\"136\">Dr. \u00c1gnes D\u00f3sa<\/td>\n<\/tr>\n<tr>\n<td style=\"width: 77.2789%\" width=\"468\">Intercultural issues in healthcare<\/td>\n<td style=\"width: 22.585%\" width=\"136\">Dr. Bence D\u00f6br\u00f6ssy<\/td>\n<\/tr>\n<tr>\n<td style=\"width: 77.2789%\" width=\"468\">Global poverty and health<\/td>\n<td style=\"width: 22.585%\" width=\"136\">Dr. Bence D\u00f6br\u00f6ssy<\/td>\n<\/tr>\n<tr>\n<td style=\"width: 77.2789%\" width=\"468\">Social stratification and health<\/td>\n<td style=\"width: 22.585%\" width=\"136\">Dr. Bence D\u00f6br\u00f6ssy<\/td>\n<\/tr>\n<tr>\n<td style=\"width: 77.2789%\" width=\"468\">Digital health policy<\/td>\n<td style=\"width: 22.585%\" width=\"136\">Dr. Bence D\u00f6br\u00f6ssy<\/td>\n<\/tr>\n<tr>\n<td style=\"width: 77.2789%\" width=\"468\">Health and risk behavior<\/td>\n<td style=\"width: 22.585%\" width=\"136\">Dr. Bence D\u00f6br\u00f6ssy<\/td>\n<\/tr>\n<tr>\n<td style=\"width: 77.2789%\" width=\"468\">Disparities in the health care system<\/td>\n<td style=\"width: 22.585%\" width=\"136\">Dr. Edmond Girasek<\/td>\n<\/tr>\n<tr>\n<td style=\"width: 77.2789%\" width=\"468\">Medical doctors\u2019 career choice motivations<\/td>\n<td style=\"width: 22.585%\" width=\"136\">Dr. Edmond Girasek<\/td>\n<\/tr>\n<tr>\n<td style=\"width: 77.2789%\" width=\"468\">Digital impacts on the health care system<\/td>\n<td style=\"width: 22.585%\" width=\"136\">Dr. Edmond Girasek<\/td>\n<\/tr>\n<tr>\n<td style=\"width: 77.2789%\" width=\"468\">Medicine in the digital age<\/td>\n<td style=\"width: 22.585%\" width=\"136\">Dr. Zsuzsa Gy\u0151rffy<\/td>\n<\/tr>\n<tr>\n<td style=\"width: 77.2789%\" width=\"468\">Computer Assisted Rehabilitation Programs<\/td>\n<td style=\"width: 22.585%\" width=\"136\">Dr. J\u00e1nos Koll\u00e1r<\/td>\n<\/tr>\n<tr>\n<td style=\"width: 77.2789%\" width=\"468\">Preventing burnout in medical students<\/td>\n<td style=\"width: 22.585%\" width=\"136\">Dr. J\u00e1nos Koll\u00e1r<\/td>\n<\/tr>\n<tr>\n<td style=\"width: 77.2789%\" width=\"468\">Music therapy in medicine<\/td>\n<td style=\"width: 22.585%\" width=\"136\">Dr. J\u00e1nos Koll\u00e1r<\/td>\n<\/tr>\n<tr>\n<td style=\"width: 77.2789%\" width=\"468\">Gamification in medical education<\/td>\n<td style=\"width: 22.585%\" width=\"136\">Dr. J\u00e1nos Koll\u00e1r<\/td>\n<\/tr>\n<tr>\n<td style=\"width: 77.2789%\">Possibilities of applying virtual reality in medical education.\u00a0<\/td>\n<td style=\"width: 22.585%\" width=\"136\">Dr. J\u00e1nos Koll\u00e1r<\/td>\n<\/tr>\n<tr>\n<td style=\"width: 77.2789%\" width=\"468\">Ethical issues of psychiatry and psychotherapy<\/td>\n<td style=\"width: 22.585%\" width=\"136\">Dr. J\u00f3zsef Kov\u00e1cs<\/td>\n<\/tr>\n<tr>\n<td style=\"width: 77.2789%\" width=\"468\">The ethics of procreation<\/td>\n<td style=\"width: 22.585%\" width=\"136\">Dr. L\u00e1szl\u00f3 Nemes<\/td>\n<\/tr>\n<tr>\n<td style=\"width: 77.2789%\" width=\"468\">Narrative medicine<\/td>\n<td style=\"width: 22.585%\" width=\"136\">Dr. L\u00e1szl\u00f3 Nemes<\/td>\n<\/tr>\n<tr>\n<td style=\"width: 77.2789%\" width=\"468\">The problems of paternalism<\/td>\n<td style=\"width: 22.585%\" width=\"136\">Dr. L\u00e1szl\u00f3 Nemes<\/td>\n<\/tr>\n<tr>\n<td style=\"width: 77.2789%\">The ethics of bio- and medical technology\u00a0\u00a0<\/td>\n<td style=\"width: 22.585%\" width=\"136\">Dr. L\u00e1szl\u00f3 Nemes<\/td>\n<\/tr>\n<tr>\n<td style=\"width: 77.2789%\" width=\"468\">The contemporary legal and ethical issues of human reproduction: abortion, surrogacy in the 21st century<\/td>\n<td style=\"width: 22.585%\" width=\"136\">Dr. Orsolya P\u00e9ter<\/td>\n<\/tr>\n<tr>\n<td style=\"width: 77.2789%\" width=\"468\">Legal issues in Bioethics (specific topic to be proposed by the student, subject to approval by the tutor)<\/td>\n<td style=\"width: 22.585%\" width=\"136\">Dr. Orsolya P\u00e9ter<\/td>\n<\/tr>\n<tr>\n<td style=\"width: 77.2789%\" width=\"468\">The Contemporary Legal and Ethical Challenges of E-Medicine: Confidentiality in a Digitalised Era, Health Data Management, Distance Diagnostics, Liability Issues.<\/td>\n<td style=\"width: 22.585%\" width=\"136\">Dr. Orsolya P\u00e9ter<\/td>\n<\/tr>\n<tr>\n<td style=\"width: 77.2789%\" width=\"468\">The Human Being in the 21<sup>st<\/sup> Century: CRISPR, \u201cSuper Kids\u201d, Genetic Enhancement, Super Prostheses, Biohacking, Transhumanism, and the Law.<\/td>\n<td style=\"width: 22.585%\" width=\"136\">Dr. Orsolya P\u00e9ter<\/td>\n<\/tr>\n<tr>\n<td style=\"width: 77.2789%\" width=\"468\">Competence and Capacity to Make Health Care Decisions: Incompetent Patients, Surrogate Decision Making, Equal Rights of Persons with Disabilities.<\/td>\n<td style=\"width: 22.585%\" width=\"136\">Dr. Orsolya P\u00e9ter<\/td>\n<\/tr>\n<tr>\n<td style=\"width: 77.2789%\" width=\"468\">Conflict management and culture<\/td>\n<td style=\"width: 22.585%\" width=\"136\">Dr. Gy\u00f6rgy Purebl<\/td>\n<\/tr>\n<tr>\n<td style=\"width: 77.2789%\">Sleep and attention in children<\/td>\n<td style=\"width: 22.585%\" width=\"136\">Dr. Orsolya Szal\u00e1rdy<\/td>\n<\/tr>\n<tr>\n<td style=\"width: 77.2789%\">Temporal prediction and selective auditory attention<\/td>\n<td style=\"width: 22.585%\" width=\"136\">Dr. Orsolya Szal\u00e1rdy<\/td>\n<\/tr>\n<tr>\n<td style=\"width: 77.2789%\" width=\"468\">Ethical issues of clinical applications of genetics<\/td>\n<td style=\"width: 22.585%\" width=\"136\">Dr. Imre Szebik<\/td>\n<\/tr>\n<tr>\n<td style=\"width: 77.2789%\" width=\"468\">Ethical issues of clinical research<\/td>\n<td style=\"width: 22.585%\" width=\"136\">Dr. Imre Szebik<\/td>\n<\/tr>\n<tr>\n<td style=\"width: 77.2789%\" width=\"468\">Ethical issues related to maternity care<\/td>\n<td style=\"width: 22.585%\" width=\"136\">Dr. Imre Szebik<\/td>\n<\/tr>\n<tr>\n<td style=\"width: 77.2789%\" width=\"468\">Psychological aspects of suicidal behaviour<\/td>\n<td style=\"width: 22.585%\" width=\"136\">Dr. M\u00f3nika T\u00f3th Ditta<\/td>\n<\/tr>\n<tr>\n<td style=\"width: 77.2789%\" width=\"468\">IQ and later-life health<\/td>\n<td style=\"width: 22.585%\" width=\"136\">Dr. P\u00e9ter Ujma<\/td>\n<\/tr>\n<tr>\n<td style=\"width: 77.2789%\">Sleep, traits and daily events.\u00a0<\/td>\n<td style=\"width: 22.585%\" width=\"136\">Dr. P\u00e9ter Ujma<\/td>\n<\/tr>\n<tr>\n<td style=\"width: 77.2789%\" width=\"308\">Ethische Fragen der klinischen Genetik<\/td>\n<td style=\"width: 22.585%\" width=\"190\">Dr. Imre Szebik, Dozent<\/td>\n<\/tr>\n<tr>\n<td style=\"width: 77.2789%\">Ethische fragen der klinischen Versuche<\/td>\n<td style=\"width: 22.585%\">Dr. Imre Szebik, Dozent<\/td>\n<\/tr>\n<tr>\n<td style=\"width: 77.2789%\">Ethische Fragen der Geburtshilfe<\/td>\n<td style=\"width: 22.585%\">Dr. Imre Szebik, Dozent<\/td>\n<\/tr>\n<tr>\n<td style=\"width: 77.2789%\" width=\"308\">Gesundheitskompetenzen (health literacy), Krankheitsbew\u00e4ltigung (coping) bei Patienten mit chronischen Krankheiten<\/td>\n<td style=\"width: 22.585%\">Dr. Vir\u00e1g Bogn\u00e1r, Adjunkt<\/td>\n<\/tr>\n<\/tbody>\n<\/table>\n","protected":false},"excerpt":{"rendered":"<p>Institute of Behavioural Sciences TDK topics Research topics for students in English language \u00a0Supervisor Sleep oscillations in the human thalamus and cortex Dr. R\u00f3bert B\u00f3dizs Consent to treatment \u2013 legal and ethical aspects Dr. \u00c1gnes D\u00f3sa Ethical and legal issues in death and dying Dr. \u00c1gnes D\u00f3sa Ethical and legal issues surrounding cardiopulmonary resuscitation Dr. &hellip;<\/p>\n","protected":false},"author":101596,"featured_media":0,"parent":4996,"menu_order":0,"comment_status":"closed","ping_status":"closed","template":"","meta":{"_acf_changed":false,"footnotes":""},"categories":[],"tags":[],"class_list":["post-8124","page","type-page","status-publish","hentry"],"acf":[],"publishpress_future_action":{"enabled":false,"date":"1970-01-01 01:00:00","action":"","terms":[],"taxonomy":"","browser_timezone_offset":0},"_links":{"self":[{"href":"https:\/\/semmelweis.hu\/tdk\/wp-json\/wp\/v2\/pages\/8124","targetHints":{"allow":["GET"]}}],"collection":[{"href":"https:\/\/semmelweis.hu\/tdk\/wp-json\/wp\/v2\/pages"}],"about":[{"href":"https:\/\/semmelweis.hu\/tdk\/wp-json\/wp\/v2\/types\/page"}],"author":[{"embeddable":true,"href":"https:\/\/semmelweis.hu\/tdk\/wp-json\/wp\/v2\/users\/101596"}],"replies":[{"embeddable":true,"href":"https:\/\/semmelweis.hu\/tdk\/wp-json\/wp\/v2\/comments?post=8124"}],"version-history":[{"count":2,"href":"https:\/\/semmelweis.hu\/tdk\/wp-json\/wp\/v2\/pages\/8124\/revisions"}],"predecessor-version":[{"id":8127,"href":"https:\/\/semmelweis.hu\/tdk\/wp-json\/wp\/v2\/pages\/8124\/revisions\/8127"}],"up":[{"embeddable":true,"href":"https:\/\/semmelweis.hu\/tdk\/wp-json\/wp\/v2\/pages\/4996"}],"wp:attachment":[{"href":"https:\/\/semmelweis.hu\/tdk\/wp-json\/wp\/v2\/media?parent=8124"}],"wp:term":[{"taxonomy":"category","embeddable":true,"href":"https:\/\/semmelweis.hu\/tdk\/wp-json\/wp\/v2\/categories?post=8124"},{"taxonomy":"post_tag","embeddable":true,"href":"https:\/\/semmelweis.hu\/tdk\/wp-json\/wp\/v2\/tags?post=8124"}],"curies":[{"name":"wp","href":"https:\/\/api.w.org\/{rel}","templated":true}]}}