{"id":8101,"date":"2022-04-08T09:28:19","date_gmt":"2022-04-08T07:28:19","guid":{"rendered":"https:\/\/semmelweis.hu\/tdk\/?page_id=8101"},"modified":"2024-08-09T13:46:51","modified_gmt":"2024-08-09T11:46:51","slug":"varosmajori-sziv-es-ergyogyaszati-klinika-ersebeszeti-es-endovaszkularis-tanszek-kardiologiai-tanszek-szivsebeszeti-tanszeki-csoport","status":"publish","type":"page","link":"https:\/\/semmelweis.hu\/tdk\/tdk-temak-es-temavezetok\/aok\/varosmajori-sziv-es-ergyogyaszati-klinika-ersebeszeti-es-endovaszkularis-tanszek-kardiologiai-tanszek-szivsebeszeti-tanszeki-csoport\/","title":{"rendered":"V\u00e1rosmajori Sz\u00edv-\u00e9s \u00c9rgy\u00f3gy\u00e1szati Klinika \u00c9rseb\u00e9szeti \u00e9s Endovaszkul\u00e1ris Tansz\u00e9k"},"content":{"rendered":"<h4><strong>V\u00e1rosmajori Sz\u00edv-\u00e9s \u00c9rgy\u00f3gy\u00e1szati Klinika \u00c9rseb\u00e9szeti \u00e9s Endovaszkul\u00e1ris Tansz\u00e9k TDK t\u00e9ma 2024\/2025<\/strong><\/h4>\n<table width=\"1032\">\n<tbody>\n<tr>\n<td colspan=\"2\" width=\"359\"><strong>T\u00e9mavezet\u0151 neve fokozattal<\/strong><\/td>\n<td width=\"15\">\u00a0<\/td>\n<td width=\"600\"><strong>TDK Munka C\u00edme<\/strong><\/td>\n<td width=\"58\"><strong>Nyelv<\/strong><\/td>\n<\/tr>\n<tr>\n<td rowspan=\"5\" width=\"154\">Dr. Szeberin Zolt\u00e1n<\/td>\n<td rowspan=\"5\" width=\"205\">profilvezet\u0151, egyetemi tan\u00e1r<\/td>\n<td width=\"15\">\u00a0<\/td>\n<td width=\"600\">\u00a0<\/td>\n<td width=\"58\">\u00a0<\/td>\n<\/tr>\n<tr>\n<td width=\"15\">1<\/td>\n<td width=\"600\">B-t\u00edpus\u00fa aorta dissectio kezel\u00e9se.<\/td>\n<td width=\"58\">magyar<\/td>\n<\/tr>\n<tr>\n<td width=\"15\">2<\/td>\n<td width=\"600\">Az infrarenalis aorta aneurysm\u00e1k kezel\u00e9se.<\/td>\n<td width=\"58\">magyar<\/td>\n<\/tr>\n<tr>\n<td width=\"15\">3<\/td>\n<td width=\"600\">Okkluz\u00edv aorto-iliacalis art\u00e9ria betegs\u00e9gek kezel\u00e9se.<\/td>\n<td width=\"58\">magyar<\/td>\n<\/tr>\n<tr>\n<td width=\"15\">4<\/td>\n<td width=\"600\">Biol\u00f3giai anyagok haszn\u00e1lata az \u00e9rseb\u00e9szetben.<\/td>\n<td width=\"58\">magyar<\/td>\n<\/tr>\n<tr>\n<td rowspan=\"5\" width=\"154\">Dr. S\u00f3tonyi P\u00e9ter<\/td>\n<td rowspan=\"5\" width=\"205\">tansz\u00e9kvezet\u0151, egytemi tan\u00e1r<\/td>\n<td width=\"15\">1<\/td>\n<td width=\"600\">Perif\u00e9ri\u00e1s art\u00e9ri\u00e1s betegs\u00e9gek diagnosztik\u00e1ja \u00e9s ter\u00e1pi\u00e1ja.<\/td>\n<td width=\"58\">magyar<\/td>\n<\/tr>\n<tr>\n<td width=\"15\">2<\/td>\n<td width=\"600\">A nyaki ver\u0151\u00e9r sz\u0171k\u00fcletes betegek cerebrovaszkul\u00e1ris esem\u00e9nyeinek \u00e9rt\u00e9kel\u00e9se a morfol\u00f3giai \u00e9s hemodinamikai saj\u00e1ts\u00e1gok figyelembev\u00e9tel\u00e9vel.<\/td>\n<td width=\"58\">magyar<\/td>\n<\/tr>\n<tr>\n<td width=\"15\">3<\/td>\n<td width=\"600\">Homograftok k\u00eds\u00e9rletes \u00e9s klinikai vizsg\u00e1lata. (+Dr. Hidi L\u00e1szl\u00f3.)<\/td>\n<td width=\"58\">magyar<\/td>\n<\/tr>\n<tr>\n<td width=\"15\">4<\/td>\n<td width=\"600\">Az aorta betegs\u00e9gek klinikopathol\u00f3giai vizsg\u00e1lata. (+ Dr. Szappanos \u00c1gnes)<\/td>\n<td width=\"58\">magyar<\/td>\n<\/tr>\n<tr>\n<td width=\"15\">5<\/td>\n<td width=\"600\">Kinetikus k\u00e9palkot\u00e1s a vaszkul\u00e1ris betegs\u00e9gekben.<\/td>\n<td width=\"58\">magyar<\/td>\n<\/tr>\n<tr>\n<td rowspan=\"3\" width=\"154\">Dr. Banga P\u00e9ter<\/td>\n<td rowspan=\"3\" width=\"205\">adjunktus<\/td>\n<td width=\"15\">1<\/td>\n<td width=\"600\">Nyaki \u00e9rsz\u00fck\u00fclet annak rekonstrukci\u00f3j\u00e1val kapcsolatos rizik\u00f3k \u00e9s komplik\u00e1ci\u00f3k vizsg\u00e1lata.<\/td>\n<td width=\"58\">magyar<\/td>\n<\/tr>\n<tr>\n<td width=\"15\">2<\/td>\n<td width=\"600\">Mellkasi ruptur\u00e1lt aneurysm\u00e1k ell\u00e1t\u00e1sa.<\/td>\n<td width=\"58\">magyar<\/td>\n<\/tr>\n<tr>\n<td width=\"15\">3<\/td>\n<td width=\"600\">P\u00e1lyav\u00e1laszt\u00e1s az eg\u00e9szs\u00e9g\u00fcgyben, seb\u00e9szi szakm\u00e1k helyzete.<\/td>\n<td width=\"58\">magyar<\/td>\n<\/tr>\n<tr>\n<td rowspan=\"2\" width=\"154\">Dr. Hidi L\u00e1szl\u00f3<\/td>\n<td rowspan=\"2\" width=\"205\">tan\u00e1rseg\u00e9d<\/td>\n<td width=\"15\">1<\/td>\n<td width=\"600\">A NETs (neutrophil extracellular traps) szerep\u00e9nek vizsg\u00e1lata a daganatos betegekben l\u00e9trej\u00f6v\u0151 art\u00e9ri\u00e1s thrombosisban.<\/td>\n<td width=\"58\">magyar<\/td>\n<\/tr>\n<tr>\n<td width=\"15\">2<\/td>\n<td width=\"600\">Homograftok k\u00eds\u00e9rletes \u00e9s klinikai vizsg\u00e1lata.<\/td>\n<td width=\"58\">magyar<\/td>\n<\/tr>\n<tr>\n<td rowspan=\"4\" width=\"154\">Dr. Mih\u00e1ly Zsuzsanna<\/td>\n<td rowspan=\"4\" width=\"205\">tan\u00e1rseg\u00e9d<\/td>\n<td width=\"15\">1<\/td>\n<td width=\"600\">Vaszkul\u00e1ris strukt\u00far\u00e1kat involv\u00e1l\u00f3 tumoros betegs\u00e9gek \u00e9rseb\u00e9szeti ell\u00e1t\u00e1sa.<\/td>\n<td width=\"58\">magyar<\/td>\n<\/tr>\n<tr>\n<td rowspan=\"3\" width=\"15\">2<\/td>\n<td width=\"600\">Nyaki ver\u0151\u00e9r rekonstrukci\u00f3s m\u0171t\u00e9tek \u00e9s endovaszkul\u00e1ris beavatkoz\u00e1sok peri- \u00e9s posztoperat\u00edv sz\u00f6v\u0151dm\u00e9nyeinek predikci\u00f3ja \u00e9s prevenci\u00f3ja<\/td>\n<td width=\"58\">magyar<\/td>\n<\/tr>\n<tr>\n<td width=\"600\">Prediction and prevention of peri- and postoperative complications of carotid artery reconstruction surgery and endovascular interventions<\/td>\n<td width=\"58\">angol<\/td>\n<\/tr>\n<tr>\n<td width=\"600\">Vorhersage und Vorbeugung peri- und postoperativer Komplikationen bei Operationen zur Rekonstruktion der Halsschlagader<\/td>\n<td width=\"58\">n\u00e9met<\/td>\n<\/tr>\n<\/tbody>\n<\/table>\n","protected":false},"excerpt":{"rendered":"<p>V\u00e1rosmajori Sz\u00edv-\u00e9s \u00c9rgy\u00f3gy\u00e1szati Klinika \u00c9rseb\u00e9szeti \u00e9s Endovaszkul\u00e1ris Tansz\u00e9k TDK t\u00e9ma 2024\/2025 T\u00e9mavezet\u0151 neve fokozattal \u00a0 TDK Munka C\u00edme Nyelv Dr. Szeberin Zolt\u00e1n profilvezet\u0151, egyetemi tan\u00e1r \u00a0 \u00a0 \u00a0 1 B-t\u00edpus\u00fa aorta dissectio kezel\u00e9se. magyar 2 Az infrarenalis aorta aneurysm\u00e1k kezel\u00e9se. magyar 3 Okkluz\u00edv aorto-iliacalis art\u00e9ria betegs\u00e9gek kezel\u00e9se. magyar 4 Biol\u00f3giai anyagok haszn\u00e1lata az \u00e9rseb\u00e9szetben. magyar &hellip;<\/p>\n","protected":false},"author":101596,"featured_media":0,"parent":10054,"menu_order":0,"comment_status":"closed","ping_status":"closed","template":"","meta":{"_acf_changed":false,"footnotes":""},"categories":[],"tags":[],"class_list":["post-8101","page","type-page","status-publish","hentry"],"acf":[],"publishpress_future_action":{"enabled":false,"date":"1970-01-01 01:00:00","action":"","terms":[],"taxonomy":"","browser_timezone_offset":0},"_links":{"self":[{"href":"https:\/\/semmelweis.hu\/tdk\/wp-json\/wp\/v2\/pages\/8101","targetHints":{"allow":["GET"]}}],"collection":[{"href":"https:\/\/semmelweis.hu\/tdk\/wp-json\/wp\/v2\/pages"}],"about":[{"href":"https:\/\/semmelweis.hu\/tdk\/wp-json\/wp\/v2\/types\/page"}],"author":[{"embeddable":true,"href":"https:\/\/semmelweis.hu\/tdk\/wp-json\/wp\/v2\/users\/101596"}],"replies":[{"embeddable":true,"href":"https:\/\/semmelweis.hu\/tdk\/wp-json\/wp\/v2\/comments?post=8101"}],"version-history":[{"count":10,"href":"https:\/\/semmelweis.hu\/tdk\/wp-json\/wp\/v2\/pages\/8101\/revisions"}],"predecessor-version":[{"id":11059,"href":"https:\/\/semmelweis.hu\/tdk\/wp-json\/wp\/v2\/pages\/8101\/revisions\/11059"}],"up":[{"embeddable":true,"href":"https:\/\/semmelweis.hu\/tdk\/wp-json\/wp\/v2\/pages\/10054"}],"wp:attachment":[{"href":"https:\/\/semmelweis.hu\/tdk\/wp-json\/wp\/v2\/media?parent=8101"}],"wp:term":[{"taxonomy":"category","embeddable":true,"href":"https:\/\/semmelweis.hu\/tdk\/wp-json\/wp\/v2\/categories?post=8101"},{"taxonomy":"post_tag","embeddable":true,"href":"https:\/\/semmelweis.hu\/tdk\/wp-json\/wp\/v2\/tags?post=8101"}],"curies":[{"name":"wp","href":"https:\/\/api.w.org\/{rel}","templated":true}]}}