{"id":8096,"date":"2022-04-08T09:16:17","date_gmt":"2022-04-08T07:16:17","guid":{"rendered":"https:\/\/semmelweis.hu\/tdk\/?page_id=8096"},"modified":"2024-08-15T08:51:41","modified_gmt":"2024-08-15T06:51:41","slug":"2nd-department-of-pediatrics","status":"publish","type":"page","link":"https:\/\/semmelweis.hu\/tdk\/en\/steps-to-pursue-research-as-a-student\/topics-and-supervisors\/2nd-department-of-pediatrics\/","title":{"rendered":"2nd Department of Pediatrics"},"content":{"rendered":"<p><strong>2nd Department of Pediatrics TDK topics 2021\/2022<\/strong><\/p>\n<table style=\"border-collapse: collapse; width: 100%;\">\n<tbody>\n<tr>\n<td style=\"width: 50%;\"><strong>Topic<\/strong><\/td>\n<td style=\"width: 50%;\"><strong>Supervisor<\/strong><\/td>\n<\/tr>\n<tr>\n<td style=\"width: 50%;\" width=\"825\">Etiology, clinical course and outcome of bacterial and aseptic meningitides<\/td>\n<td style=\"width: 50%;\" width=\"340\">Dr. Dobner S\u00e1ra<\/td>\n<\/tr>\n<tr>\n<td style=\"width: 50%;\" width=\"825\">Assessment of CNS involvement of leukaemia<\/td>\n<td style=\"width: 50%;\" width=\"340\">Dr. Erd\u00e9lyi D\u00e1niel \/ Dr. Alm\u00e1si Laura<\/td>\n<\/tr>\n<tr>\n<td style=\"width: 50%;\" width=\"825\">Protocol-directed sedation in reducing adverse effects in the mechanical ventilation of critically III pedriatric patients<\/td>\n<td style=\"width: 50%;\" width=\"340\">Dr. Horv\u00e1th Kl\u00e1ra<\/td>\n<\/tr>\n<tr>\n<td style=\"width: 50%;\" width=\"825\">Sleep and circadian rhythms at the PICU<\/td>\n<td style=\"width: 50%;\" width=\"340\">Dr. Horv\u00e1th Kl\u00e1ra<\/td>\n<\/tr>\n<tr>\n<td style=\"width: 50%;\" width=\"825\">COVID-vaccination results in autoimmune patients receiving biological therapy<\/td>\n<td style=\"width: 50%;\" width=\"340\">Dr. Horv\u00e1th Zsuzsanna<\/td>\n<\/tr>\n<tr>\n<td style=\"width: 50%;\" width=\"825\">Total thyreoidectomy in childre<\/td>\n<td style=\"width: 50%;\" width=\"340\">Dr. Jen\u0151v\u00e1ri Zolt\u00e1n<\/td>\n<\/tr>\n<tr>\n<td style=\"width: 50%;\" width=\"825\">Surgical treatment of intersexuality<\/td>\n<td style=\"width: 50%;\" width=\"340\">Dr. Jen\u0151v\u00e1ri Zolt\u00e1n<\/td>\n<\/tr>\n<tr>\n<td style=\"width: 50%;\" width=\"825\">Parenchymal sparing tumorresection in chidlren<\/td>\n<td style=\"width: 50%;\" width=\"340\">Dr. Jen\u0151v\u00e1ri Zolt\u00e1n<\/td>\n<\/tr>\n<tr>\n<td style=\"width: 50%;\" width=\"825\">Preventive mutilation ih children<\/td>\n<td style=\"width: 50%;\" width=\"340\">Dr. Jen\u0151v\u00e1ri Zolt\u00e1n<\/td>\n<\/tr>\n<tr>\n<td style=\"width: 50%;\" width=\"825\">Single-cell multiomics based applications in clinical genetics<\/td>\n<td style=\"width: 50%;\" width=\"340\">Dr. Kov\u00e1cs \u00c1rp\u00e1d Ferenc<\/td>\n<\/tr>\n<tr>\n<td style=\"width: 50%;\" width=\"825\">Childhood encephalitis: causes, clinical, laboratory and radiological characteristics<\/td>\n<td style=\"width: 50%;\" width=\"340\">Dr. Liptai Zolt\u00e1n<\/td>\n<\/tr>\n<tr>\n<td style=\"width: 50%;\" width=\"825\">Targeted treatment in juvenile idiopathis arthritis: long-term results<\/td>\n<td style=\"width: 50%;\" width=\"340\">Dr. Ponyi Andrea<\/td>\n<\/tr>\n<tr>\n<td style=\"width: 50%;\" width=\"825\">Immunization in patients with juvenile idiopathic arthritis<\/td>\n<td style=\"width: 50%;\" width=\"340\">Dr. Ponyi Andrea<\/td>\n<\/tr>\n<tr>\n<td style=\"width: 50%;\" width=\"825\">Growth disorders<\/td>\n<td style=\"width: 50%;\" width=\"340\">Dr. Bertalan Rita<\/td>\n<\/tr>\n<\/tbody>\n<\/table>\n","protected":false},"excerpt":{"rendered":"<p>2nd Department of Pediatrics TDK topics 2021\/2022 Topic Supervisor Etiology, clinical course and outcome of bacterial and aseptic meningitides Dr. Dobner S\u00e1ra Assessment of CNS involvement of leukaemia Dr. Erd\u00e9lyi D\u00e1niel \/ Dr. Alm\u00e1si Laura Protocol-directed sedation in reducing adverse effects in the mechanical ventilation of critically III pedriatric patients Dr. Horv\u00e1th Kl\u00e1ra Sleep and &hellip;<\/p>\n","protected":false},"author":101596,"featured_media":0,"parent":4996,"menu_order":0,"comment_status":"closed","ping_status":"closed","template":"","meta":{"_acf_changed":false,"footnotes":""},"categories":[],"tags":[],"class_list":["post-8096","page","type-page","status-publish","hentry"],"acf":[],"publishpress_future_action":{"enabled":false,"date":"1970-01-01 01:00:00","action":"","terms":[],"taxonomy":"","browser_timezone_offset":0},"_links":{"self":[{"href":"https:\/\/semmelweis.hu\/tdk\/wp-json\/wp\/v2\/pages\/8096","targetHints":{"allow":["GET"]}}],"collection":[{"href":"https:\/\/semmelweis.hu\/tdk\/wp-json\/wp\/v2\/pages"}],"about":[{"href":"https:\/\/semmelweis.hu\/tdk\/wp-json\/wp\/v2\/types\/page"}],"author":[{"embeddable":true,"href":"https:\/\/semmelweis.hu\/tdk\/wp-json\/wp\/v2\/users\/101596"}],"replies":[{"embeddable":true,"href":"https:\/\/semmelweis.hu\/tdk\/wp-json\/wp\/v2\/comments?post=8096"}],"version-history":[{"count":4,"href":"https:\/\/semmelweis.hu\/tdk\/wp-json\/wp\/v2\/pages\/8096\/revisions"}],"predecessor-version":[{"id":11075,"href":"https:\/\/semmelweis.hu\/tdk\/wp-json\/wp\/v2\/pages\/8096\/revisions\/11075"}],"up":[{"embeddable":true,"href":"https:\/\/semmelweis.hu\/tdk\/wp-json\/wp\/v2\/pages\/4996"}],"wp:attachment":[{"href":"https:\/\/semmelweis.hu\/tdk\/wp-json\/wp\/v2\/media?parent=8096"}],"wp:term":[{"taxonomy":"category","embeddable":true,"href":"https:\/\/semmelweis.hu\/tdk\/wp-json\/wp\/v2\/categories?post=8096"},{"taxonomy":"post_tag","embeddable":true,"href":"https:\/\/semmelweis.hu\/tdk\/wp-json\/wp\/v2\/tags?post=8096"}],"curies":[{"name":"wp","href":"https:\/\/api.w.org\/{rel}","templated":true}]}}