{"id":8073,"date":"2022-04-01T08:58:06","date_gmt":"2022-04-01T06:58:06","guid":{"rendered":"https:\/\/semmelweis.hu\/tdk\/?page_id=8073"},"modified":"2024-05-08T13:05:16","modified_gmt":"2024-05-08T11:05:16","slug":"patologiai-igazsagugyi-es-biztositas-orvostani-intezet","status":"publish","type":"page","link":"https:\/\/semmelweis.hu\/tdk\/tdk-temak-es-temavezetok\/aok\/patologiai-igazsagugyi-es-biztositas-orvostani-intezet\/","title":{"rendered":"Patol\u00f3giai, Igazs\u00e1g\u00fcgyi \u00e9s Biztos\u00edt\u00e1si Orvostani Int\u00e9zet"},"content":{"rendered":"<h3>Patol\u00f3giai, Igazs\u00e1g\u00fcgyi \u00e9s Biztos\u00edt\u00e1si Orvostani Int\u00e9zet TDK t\u00e9m\u00e1k\u00a0<\/h3>\n<table style=\"border-collapse: collapse; width: 100%;\">\n<tbody>\n<tr>\n<td style=\"width: 67.0748%;\" width=\"750\"><strong>TDK-munka c\u00edme<\/strong><\/td>\n<td style=\"width: 32.7891%;\" width=\"351\"><strong>T\u00e9mavezet\u0151 neve (fokozattal)<\/strong><\/td>\n<\/tr>\n<tr>\n<td style=\"width: 67.0748%;\">Befejezett \u00f6ngyilkoss\u00e1gok molekul\u00e1ris h\u00e1ttere, kieg\u00e9sz\u00edt\u0151 vizsg\u00e1latok szerepe az igazs\u00e1g\u00fcgyi orvostanban<\/td>\n<td style=\"width: 32.7891%;\">Dr. Bokor J\u00e1nos egyetemi tan\u00e1rseg\u00e9d<\/td>\n<\/tr>\n<tr>\n<td style=\"width: 67.0748%;\">Feh\u00e9rje t\u00f6megspektrometria (MALDI-TOF MS) alkalmaz\u00e1s\u00e1nak lehet\u0151s\u00e9gei emberi \u00e9s \u00e1llati maradv\u00e1nyok azonos\u00edt\u00e1s\u00e1ban<\/td>\n<td style=\"width: 32.7891%;\">Dr. L\u00e1szik Andr\u00e1s egyetemi docens<\/td>\n<\/tr>\n<tr>\n<td style=\"width: 67.0748%;\">\u00d6ngyilkoss\u00e1gi tendenci\u00e1k az id\u0151s kor\u00fa popul\u00e1ci\u00f3ban<\/td>\n<td style=\"width: 32.7891%;\">Dr. Marcsa Bogl\u00e1rka egyetemi adjunktus<\/td>\n<\/tr>\n<tr>\n<td style=\"width: 67.0748%;\">Gyakori fogimplant\u00e1ci\u00f3s sz\u00f6v\u0151dm\u00e9nyek igazs\u00e1g\u00fcgyi fogorvostani aspektusai<\/td>\n<td style=\"width: 32.7891%;\">Dr. Felszeghy Endre ny. egyetemi adjunktus<\/td>\n<\/tr>\n<tr>\n<td style=\"width: 67.0748%;\">Hajl\u00e9ktalan szem\u00e9lyek hal\u00e1loz\u00e1s\u00e1nak igazs\u00e1g\u00fcgyi orvostani aspektusai<\/td>\n<td style=\"width: 32.7891%;\">Dr. Bokor J\u00e1nos egyetemi tan\u00e1rseg\u00e9d<\/td>\n<\/tr>\n<tr>\n<td style=\"width: 67.0748%;\">Hirtelen hal\u00e1l<\/td>\n<td style=\"width: 32.7891%;\">Dr. T\u00f6r\u0151 Kl\u00e1ra egyetemi tan\u00e1r<\/td>\n<\/tr>\n<tr>\n<td style=\"width: 67.0748%;\">Igazs\u00e1g\u00fcgyi DNS vizsg\u00e1latok<\/td>\n<td style=\"width: 32.7891%;\">Dr. L\u00e1szik Andr\u00e1s egyetemi docens<\/td>\n<\/tr>\n<tr>\n<td style=\"width: 67.0748%;\">Igazs\u00e1g\u00fcgyi szem\u00e9lyazonos\u00edt\u00e1s<\/td>\n<td style=\"width: 32.7891%;\">Dr. Magyar L\u00f3r\u00e1nt egyetemi tan\u00e1rseg\u00e9d<\/td>\n<\/tr>\n<tr>\n<td style=\"width: 67.0748%;\">Kardio-vaszkul\u00e1ris patol\u00f3gia az igazs\u00e1g\u00fcgyi orvostanban<\/td>\n<td style=\"width: 32.7891%;\">Dr. Danics Krisztina egyetemi tan\u00e1rseg\u00e9d<\/td>\n<\/tr>\n<tr>\n<td style=\"width: 67.0748%;\">K\u00f6rnyezeti t\u00e9nyez\u0151k hat\u00e1sai<\/td>\n<td style=\"width: 32.7891%;\">Dr. T\u00f6r\u0151 Kl\u00e1ra egyetemi tan\u00e1r<\/td>\n<\/tr>\n<tr>\n<td style=\"width: 67.0748%;\">L\u00f6v\u00e9si s\u00e9r\u00fcl\u00e9sek orvosszak\u00e9rt\u0151i elemz\u00e9se<\/td>\n<td style=\"width: 32.7891%;\">Dr. Dunay Gy\u00f6rgy\u00a0 ny. f\u0151iskolai docens<\/td>\n<\/tr>\n<tr>\n<td style=\"width: 67.0748%;\">Post mortem CT vizsg\u00e1latok<\/td>\n<td style=\"width: 32.7891%;\">Dr. Magyar L\u00f3r\u00e1nt egyetemi tan\u00e1rseg\u00e9d<\/td>\n<\/tr>\n<tr>\n<td style=\"width: 67.0748%;\">Sz\u00fart s\u00e9r\u00fcl\u00e9sek t\u00edpusos lokaliz\u00e1ci\u00f3ja a s\u00e9r\u00fcl\u00e9s m\u00f3dja f\u00fcggv\u00e9ny\u00e9ben<\/td>\n<td style=\"width: 32.7891%;\">Dr. T\u00f6r\u0151 Kl\u00e1ra egyetemi tan\u00e1r<\/td>\n<\/tr>\n<tr>\n<td style=\"width: 67.0748%;\">Traum\u00e1s koponya\u0171ri v\u00e9rz\u00e9sek igazs\u00e1g\u00fcgyi orvosszak\u00e9rt\u0151i vonatkoz\u00e1sai<\/td>\n<td style=\"width: 32.7891%;\">Dr. Danics Krisztina egyetemi tan\u00e1rseg\u00e9d<\/td>\n<\/tr>\n<tr>\n<td style=\"width: 67.0748%;\" width=\"693\">Alacsony HER2 amplifik\u00e1ci\u00f3t mutat\u00f3 eml\u0151r\u00e1kok progn\u00f3zisa\u00a0<\/td>\n<td style=\"width: 32.7891%;\" width=\"344\">Dr. T\u0151k\u00e9s Anna M\u00e1ria, tudom\u00e1nyos f\u0151munkat\u00e1rs<\/td>\n<\/tr>\n<tr>\n<td style=\"width: 67.0748%;\" width=\"693\">Egyszeri vagy t\u00f6bbsz\u00f6r\u00f6s lok\u00e1lis recid\u00edv\u00e1k kialakul\u00e1sa eml\u0151r\u00e1kokban: klinikopatol\u00f3giai \u00e9s molekul\u00e1ris markerek kutat\u00e1sa<\/td>\n<td style=\"width: 32.7891%;\" width=\"344\">Dr. T\u0151k\u00e9s Anna M\u00e1ria, tudom\u00e1nyos\u00a0<\/td>\n<\/tr>\n<tr>\n<td style=\"width: 67.0748%;\" width=\"693\">A terhess\u00e9gi eml\u0151r\u00e1k klinikopatol\u00f3gi\u00e1ja\u00a0<\/td>\n<td style=\"width: 32.7891%;\" width=\"344\">Dr. Madaras Lilla egyetemi docens<\/td>\n<\/tr>\n<tr>\n<td style=\"width: 67.0748%;\" width=\"693\">A fiatalkori eml\u0151r\u00e1k klinikopatol\u00f3giai jellemz\u0151i<\/td>\n<td style=\"width: 32.7891%;\" width=\"344\">Dr. Madaras Lilla egyetemi docens<\/td>\n<\/tr>\n<tr>\n<td style=\"width: 67.0748%;\" width=\"693\">Az endometrium carcinom\u00e1k molekul\u00e1ris patol\u00f3gi\u00e1ja\u00a0<\/td>\n<td style=\"width: 32.7891%;\" width=\"344\">Dr. Madaras Lilla egyetemi docens<\/td>\n<\/tr>\n<tr>\n<td style=\"width: 67.0748%;\" width=\"693\">Az endometriosis- \u00e9s annak talaj\u00e1n kialakul\u00f3 daganatok klinikopatol\u00f3giai jellegzetess\u00e9gei\u00a0<\/td>\n<td style=\"width: 32.7891%;\" width=\"344\">Dr. Madaras Lilla egyetemi docens<\/td>\n<\/tr>\n<tr>\n<td style=\"width: 67.0748%;\" width=\"693\">\u00d6r\u00f6kl\u00f6tt n\u0151gy\u00f3gy\u00e1szati daganat szindr\u00f3m\u00e1k\u00a0<\/td>\n<td style=\"width: 32.7891%;\" width=\"344\">Dr. Madaras Lilla egyetemi docens<\/td>\n<\/tr>\n<tr>\n<td style=\"width: 67.0748%;\" width=\"693\">A pancreasdaganatok patol\u00f3gi\u00e1ja\u00a0<\/td>\n<td style=\"width: 32.7891%;\" width=\"344\">Dr. Borka Katalin egyetemi docens<\/td>\n<\/tr>\n<tr>\n<td style=\"width: 67.0748%;\" width=\"693\">A gastroenteropancreaticus neuroendocrin daganatok prognosztikai faktorai\u00a0<\/td>\n<td style=\"width: 32.7891%;\" width=\"344\">Dr. Borka Katalin egyetemi docens<\/td>\n<\/tr>\n<tr>\n<td style=\"width: 67.0748%;\" width=\"693\">Tumor-stroma ar\u00e1ny predikt\u00edv \u00e9s prognosztikus szerepe eml\u0151r\u00e1kokban\u00a0<\/td>\n<td style=\"width: 32.7891%;\" width=\"344\">Prof. Dr. Kulka Janina, egyetemi tan\u00e1r, Dr. T\u0151k\u00e9s Anna M\u00e1ria, tudom\u00e1nyos f\u0151munkat\u00e1rs<\/td>\n<\/tr>\n<tr>\n<td style=\"width: 67.0748%;\" width=\"693\">N\u0151gy\u00f3gy\u00e1szati sz\u0171r\u0151vizsg\u00e1latok \u00f6sszehasonl\u00edt\u00e1sa\u00a0<\/td>\n<td style=\"width: 32.7891%;\" width=\"344\">Dr. V\u00e1rkonyi Tibor\u00a0 egyetemi tan\u00e1rseg\u00e9d<\/td>\n<\/tr>\n<tr>\n<td style=\"width: 67.0748%;\" width=\"693\">Az invaz\u00edv lobul\u00e0ris eml\u00f4r\u00e0k klinikopatol\u00f2giai saj\u00e0toss\u00e0gai\u00a0<\/td>\n<td style=\"width: 32.7891%;\" width=\"344\">Prof. Dr. Kulka Janina, egyetemi tan\u00e1r<\/td>\n<\/tr>\n<tr>\n<td style=\"width: 67.0748%;\" width=\"693\">Az eml\u00f4r\u00e0k szem\u00e8lyre szabott, c\u00e8lzott kezel\u00e8s\u00e8nek molekul\u00e0ris patol\u00f2giai alapjai<\/td>\n<td style=\"width: 32.7891%;\" width=\"344\">Prof. Dr. Kulka Janina, egyetemi tan\u00e1r<\/td>\n<\/tr>\n<\/tbody>\n<\/table>\n","protected":false},"excerpt":{"rendered":"<p>Patol\u00f3giai, Igazs\u00e1g\u00fcgyi \u00e9s Biztos\u00edt\u00e1si Orvostani Int\u00e9zet TDK t\u00e9m\u00e1k\u00a0 TDK-munka c\u00edme T\u00e9mavezet\u0151 neve (fokozattal) Befejezett \u00f6ngyilkoss\u00e1gok molekul\u00e1ris h\u00e1ttere, kieg\u00e9sz\u00edt\u0151 vizsg\u00e1latok szerepe az igazs\u00e1g\u00fcgyi orvostanban Dr. Bokor J\u00e1nos egyetemi tan\u00e1rseg\u00e9d Feh\u00e9rje t\u00f6megspektrometria (MALDI-TOF MS) alkalmaz\u00e1s\u00e1nak lehet\u0151s\u00e9gei emberi \u00e9s \u00e1llati maradv\u00e1nyok azonos\u00edt\u00e1s\u00e1ban Dr. L\u00e1szik Andr\u00e1s egyetemi docens \u00d6ngyilkoss\u00e1gi tendenci\u00e1k az id\u0151s kor\u00fa popul\u00e1ci\u00f3ban Dr. Marcsa Bogl\u00e1rka egyetemi adjunktus &hellip;<\/p>\n","protected":false},"author":101596,"featured_media":0,"parent":10054,"menu_order":0,"comment_status":"closed","ping_status":"closed","template":"","meta":{"_acf_changed":false,"footnotes":""},"categories":[],"tags":[],"class_list":["post-8073","page","type-page","status-publish","hentry"],"acf":[],"publishpress_future_action":{"enabled":false,"date":"1970-01-01 01:00:00","action":"","terms":[],"taxonomy":"","browser_timezone_offset":0},"_links":{"self":[{"href":"https:\/\/semmelweis.hu\/tdk\/wp-json\/wp\/v2\/pages\/8073","targetHints":{"allow":["GET"]}}],"collection":[{"href":"https:\/\/semmelweis.hu\/tdk\/wp-json\/wp\/v2\/pages"}],"about":[{"href":"https:\/\/semmelweis.hu\/tdk\/wp-json\/wp\/v2\/types\/page"}],"author":[{"embeddable":true,"href":"https:\/\/semmelweis.hu\/tdk\/wp-json\/wp\/v2\/users\/101596"}],"replies":[{"embeddable":true,"href":"https:\/\/semmelweis.hu\/tdk\/wp-json\/wp\/v2\/comments?post=8073"}],"version-history":[{"count":6,"href":"https:\/\/semmelweis.hu\/tdk\/wp-json\/wp\/v2\/pages\/8073\/revisions"}],"predecessor-version":[{"id":9958,"href":"https:\/\/semmelweis.hu\/tdk\/wp-json\/wp\/v2\/pages\/8073\/revisions\/9958"}],"up":[{"embeddable":true,"href":"https:\/\/semmelweis.hu\/tdk\/wp-json\/wp\/v2\/pages\/10054"}],"wp:attachment":[{"href":"https:\/\/semmelweis.hu\/tdk\/wp-json\/wp\/v2\/media?parent=8073"}],"wp:term":[{"taxonomy":"category","embeddable":true,"href":"https:\/\/semmelweis.hu\/tdk\/wp-json\/wp\/v2\/categories?post=8073"},{"taxonomy":"post_tag","embeddable":true,"href":"https:\/\/semmelweis.hu\/tdk\/wp-json\/wp\/v2\/tags?post=8073"}],"curies":[{"name":"wp","href":"https:\/\/api.w.org\/{rel}","templated":true}]}}