{"id":8057,"date":"2022-03-16T09:44:32","date_gmt":"2022-03-16T08:44:32","guid":{"rendered":"https:\/\/semmelweis.hu\/tdk\/?page_id=8057"},"modified":"2024-08-15T08:51:57","modified_gmt":"2024-08-15T06:51:57","slug":"1st-department-of-medicine","status":"publish","type":"page","link":"https:\/\/semmelweis.hu\/tdk\/en\/steps-to-pursue-research-as-a-student\/topics-and-supervisors\/1st-department-of-medicine\/","title":{"rendered":"1st Department of Medicine"},"content":{"rendered":"<h3>1st Department of Medicine 2022\/2023 TDK topics<\/h3>\n<table style=\"border-collapse: collapse; width: 100%;\">\n<tbody>\n<tr>\n<td style=\"width: 50%;\"><strong>Topic<\/strong><\/td>\n<td style=\"width: 50%;\"><strong>Supervisor<\/strong><\/td>\n<\/tr>\n<tr>\n<td style=\"width: 50%;\" width=\"743\">Chronic myeloproliferative neoplasms: from molecular pathogenesis to everyday treatment<\/td>\n<td style=\"width: 50%;\" width=\"439\">Dr.Demeter Judit (MTA doktora)<\/td>\n<\/tr>\n<tr>\n<td style=\"width: 50%;\" width=\"743\">Hairy cell leukemia: state of teh art 2022\/2023<\/td>\n<td style=\"width: 50%;\" width=\"439\">Dr.Demeter Judit (MTA doktora)<\/td>\n<\/tr>\n<tr>\n<td style=\"width: 50%;\" width=\"743\">Indications and risks of thrombopoietin analogue treatment in chronic immune thrombocytopenic purpura<\/td>\n<td style=\"width: 50%;\" width=\"439\">Dr.Demeter Judit (MTA doktora)<\/td>\n<\/tr>\n<tr>\n<td style=\"width: 50%;\" width=\"743\">Rare hematolgical disorders: the role of early recognition in their treatment<\/td>\n<td style=\"width: 50%;\" width=\"439\">Dr.Demeter Judit (MTA doktora)<\/td>\n<\/tr>\n<tr>\n<td style=\"width: 50%;\">Autoimmun liver diseases (AIH, PBC, PSC), autoimmun register\u00a0<\/td>\n<td style=\"width: 50%;\" width=\"439\">Kuczyn\u00e9 Dr.Folhoffer Anik\u00f3 (PhD)<\/td>\n<\/tr>\n<tr>\n<td style=\"width: 50%;\">Hepatic osteopathy<\/td>\n<td style=\"width: 50%;\" width=\"439\">Kuczyn\u00e9 Dr.Folhoffer Anik\u00f3 (PhD)<\/td>\n<\/tr>\n<tr>\n<td style=\"width: 50%;\">Liver transplantation in PSC associated with ulcerativ colitis\u00a0<\/td>\n<td style=\"width: 50%;\" width=\"439\">Kuczyn\u00e9 Dr.Folhoffer Anik\u00f3 (PhD)<\/td>\n<\/tr>\n<tr>\n<td style=\"width: 50%;\">Wilson&#8217;s disease &#8211; register, genetic background, treatment<\/td>\n<td style=\"width: 50%;\" width=\"439\">Kuczyn\u00e9 Dr.Folhoffer Anik\u00f3 (PhD)<\/td>\n<\/tr>\n<tr>\n<td style=\"width: 50%;\">Non-invasiv tests for evaluation of liver disease severity and prognosis<\/td>\n<td style=\"width: 50%;\" width=\"439\">Kuczyn\u00e9 Dr.Folhoffer Anik\u00f3 (PhD)<\/td>\n<\/tr>\n<tr>\n<td style=\"width: 50%;\">Hepatitis E<\/td>\n<td style=\"width: 50%;\" width=\"439\">Kuczyn\u00e9 Dr.Folhoffer Anik\u00f3 (PhD)<\/td>\n<\/tr>\n<tr>\n<td style=\"width: 50%;\">Molecular genetic in hepatology<\/td>\n<td style=\"width: 50%;\" width=\"439\">Kuczyn\u00e9 Dr.Folhoffer Anik\u00f3 (PhD)<\/td>\n<\/tr>\n<tr>\n<td style=\"width: 50%;\">New antiviral agents in hepatitis C\u00a0<\/td>\n<td style=\"width: 50%;\" width=\"439\">Kuczyn\u00e9 Dr.Folhoffer Anik\u00f3 (PhD)<\/td>\n<\/tr>\n<tr>\n<td style=\"width: 50%;\">Risk of bone fragility \u2013 methods for estimation and influence<\/td>\n<td style=\"width: 50%;\">Dr. Horv\u00e1th Csaba (MTA doktora)<\/td>\n<\/tr>\n<tr>\n<td style=\"width: 50%;\">Secondary osteoporosis<\/td>\n<td style=\"width: 50%;\">Dr. Horv\u00e1th Csaba (MTA doktora)<\/td>\n<\/tr>\n<tr>\n<td style=\"width: 50%;\">Epidemiology of chronic kidney disease and treatment options\u00a0<\/td>\n<td style=\"width: 50%;\">Dr.Peth\u0151 \u00c1kos (PhD)<\/td>\n<\/tr>\n<tr>\n<td style=\"width: 50%;\">Screening and care for hereditary kidney diseases<\/td>\n<td style=\"width: 50%;\">Dr.Peth\u0151 \u00c1kos (PhD)<\/td>\n<\/tr>\n<tr>\n<td style=\"width: 50%;\">Prevention and detection of tubulointerstitial kidney diseases<\/td>\n<td style=\"width: 50%;\">Dr.Peth\u0151 \u00c1kos (PhD)<\/td>\n<\/tr>\n<tr>\n<td style=\"width: 50%;\">Types of kidney replacement therapies, types and formation of vascular access, long-term complications of kidney replacement therapies<\/td>\n<td style=\"width: 50%;\">Dr.Peth\u0151 \u00c1kos (PhD)<\/td>\n<\/tr>\n<tr>\n<td style=\"width: 50%;\">The utility of novel densitometric methods in patients with endocrine diseases.\u00a0<\/td>\n<td style=\"width: 50%;\" width=\"439\">Dr.M\u00e9sz\u00e1ros Szilvia (PhD)<\/td>\n<\/tr>\n<tr>\n<td style=\"width: 50%;\">Late consequences of gestational diabetes<\/td>\n<td style=\"width: 50%;\">Dr. Tab\u00e1k Gy. \u00c1d\u00e1m (PhD)<\/td>\n<\/tr>\n<tr>\n<td style=\"width: 50%;\">Predictors of gestational diabetes<\/td>\n<td style=\"width: 50%;\">Dr. Tab\u00e1k Gy. \u00c1d\u00e1m (PhD)<\/td>\n<\/tr>\n<tr>\n<td style=\"width: 50%;\" width=\"743\">Pajzsmirigy tumorok genetikai h\u00e1ttere\u00a0<\/td>\n<td style=\"width: 50%;\">Dr. Tak\u00e1cs Istv\u00e1n (MTA doktora)<\/td>\n<\/tr>\n<tr>\n<td style=\"width: 50%;\" width=\"743\">A D-vitamin onkol\u00f3giai hat\u00e1sai<\/td>\n<td style=\"width: 50%;\">Dr. Tak\u00e1cs Istv\u00e1n (MTA doktora)<\/td>\n<\/tr>\n<tr>\n<td style=\"width: 50%;\">Ritka csontbetegs\u00e9gek<\/td>\n<td style=\"width: 50%;\">Dr. Tak\u00e1cs Istv\u00e1n (MTA doktora)<\/td>\n<\/tr>\n<tr>\n<td style=\"width: 50%;\">Az osteoporosis modern kezel\u00e9se<\/td>\n<td style=\"width: 50%;\">Dr. Tak\u00e1cs Istv\u00e1n (MTA doktora)<\/td>\n<\/tr>\n<tr>\n<td style=\"width: 50%;\">A csontanyagcsere betegs\u00e9gek diagnosztik\u00e1ja<\/td>\n<td style=\"width: 50%;\">Dr. Tak\u00e1cs Istv\u00e1n (MTA doktora)<\/td>\n<\/tr>\n<tr>\n<td style=\"width: 50%;\">A hypoparathyreosis diagnosztik\u00e1ja \u00e9s kezel\u00e9se<\/td>\n<td style=\"width: 50%;\">Dr. Tak\u00e1cs Istv\u00e1n (MTA doktora)<\/td>\n<\/tr>\n<tr>\n<td style=\"width: 50%;\">Genetic factors in the development of bone mass and loss<\/td>\n<td style=\"width: 50%;\">Dr. Lakatos P\u00e9ter Andr\u00e1s (MTA doktora)<\/td>\n<\/tr>\n<tr>\n<td style=\"width: 50%;\">Genetic background of thyroid cancers<\/td>\n<td style=\"width: 50%;\">Dr. Lakatos P\u00e9ter Andr\u00e1s (MTA doktora)<\/td>\n<\/tr>\n<tr>\n<td style=\"width: 50%;\">Diagnostics of prostate cancers<\/td>\n<td style=\"width: 50%;\">Dr. Lakatos P\u00e9ter Andr\u00e1s (MTA doktora)<\/td>\n<\/tr>\n<tr>\n<td style=\"width: 50%;\" width=\"743\">Prevalence and clinical associations of electrolyte disorders (hyponatremia, mypomagnesemia) in a medical department<\/td>\n<td style=\"width: 50%;\">Dr. Tisl\u00e9r Andr\u00e1s (PhD)<\/td>\n<\/tr>\n<tr>\n<td style=\"width: 50%;\" width=\"743\">Lupus nephritis<\/td>\n<td style=\"width: 50%;\" width=\"439\">Dr. Tisl\u00e9r Andr\u00e1s (PhD)<\/td>\n<\/tr>\n<tr>\n<td style=\"width: 50%;\" width=\"743\">Rapidly progressive nephritis<\/td>\n<td style=\"width: 50%;\" width=\"439\">Dr. Tisl\u00e9r Andr\u00e1s (PhD)<\/td>\n<\/tr>\n<tr>\n<td style=\"width: 50%;\" width=\"743\">Heart failure and kidney disease<\/td>\n<td style=\"width: 50%;\" width=\"439\">Dr. Tisl\u00e9r Andr\u00e1s (PhD)<\/td>\n<\/tr>\n<tr>\n<td style=\"width: 50%;\">Investigation of ECG parameters in patients at high cardiovascular risk\u00a0<\/td>\n<td style=\"width: 50%;\" width=\"439\">Dr. Horv\u00e1th Viktor (PhD)<\/td>\n<\/tr>\n<tr>\n<td style=\"width: 50%;\">Investigation of echocardiographic parameters in patients with impaired glucose tolerance\u00a0<\/td>\n<td style=\"width: 50%;\" width=\"439\">Dr. Horv\u00e1th Viktor (PhD)<\/td>\n<\/tr>\n<tr>\n<td style=\"width: 50%;\">Investigation of Holter ECG parameters in patients with diabetic cardiomyopathy\u00a0<\/td>\n<td style=\"width: 50%;\" width=\"439\">Dr. Horv\u00e1th Viktor (PhD)<\/td>\n<\/tr>\n<tr>\n<td style=\"width: 50%;\">Investigation of diastolic dysfunction in diabetic cardiomyopathy<\/td>\n<td style=\"width: 50%;\" width=\"439\">Dr. Horv\u00e1th Viktor (PhD)<\/td>\n<\/tr>\n<tr>\n<td style=\"width: 50%;\">Assessing the disease knowledge of diabetics by using questionnaires\u00a0<\/td>\n<td style=\"width: 50%;\" width=\"439\">Dr. Horv\u00e1th Viktor (PhD)<\/td>\n<\/tr>\n<tr>\n<td style=\"width: 50%;\">Assessing and monitoring the cardiological status of oncology patients<\/td>\n<td style=\"width: 50%;\" width=\"439\">Dr. Horv\u00e1th Viktor (PhD)<\/td>\n<\/tr>\n<tr>\n<td style=\"width: 50%;\">Inflammatory bowel disease (IBD) etiopathogenesis and treatment options<\/td>\n<td style=\"width: 50%;\">Dr. Ili\u00e1s \u00c1kos (PhD) Dr.G\u00f6nczi L\u00f3r\u00e1nt\u00a0<\/td>\n<\/tr>\n<tr>\n<td style=\"width: 50%;\" width=\"463\">Haarzell-Leuk\u00e4mie (HZL): der Weg von Splenektomie durch Chemotheraputika zu den molekul\u00e4r gezielten Behandlunsm\u00f6glichkeiten<\/td>\n<td style=\"width: 50%;\" width=\"403\">Dr.Demeter Judit (MTA doktora)<\/td>\n<\/tr>\n<tr>\n<td style=\"width: 50%;\" width=\"463\">HZL und HZL variant: state of the art 2022\/2023 tan\u00e9vt\u0151l<\/td>\n<td style=\"width: 50%;\" width=\"403\">Dr.Demeter Judit (MTA doktora)<\/td>\n<\/tr>\n<tr>\n<td style=\"width: 50%;\">Epidemiologie der chronischen Nierenerkrankungen und die Behandlungsm\u00f6glichkeiten<\/td>\n<td style=\"width: 50%;\">Dr.Peth\u0151 \u00c1kos (PhD)<\/td>\n<\/tr>\n<tr>\n<td style=\"width: 50%;\">Autoimmunerkrankungen der Nieren<\/td>\n<td style=\"width: 50%;\">Dr.Peth\u0151 \u00c1kos (PhD)<\/td>\n<\/tr>\n<tr>\n<td style=\"width: 50%;\">Screening und Pflege bei erblichen Nierenerkrankungen<\/td>\n<td style=\"width: 50%;\">Dr.Peth\u0151 \u00c1kos (PhD)<\/td>\n<\/tr>\n<tr>\n<td style=\"width: 50%;\">Pr\u00e4vention von tubulointerstitiellen Nierenerkrankungen und m\u00f6gliche Behandlungen<\/td>\n<td style=\"width: 50%;\">Dr.Peth\u0151 \u00c1kos (PhD)<\/td>\n<\/tr>\n<tr>\n<td style=\"width: 50%;\">Arten von Nierenersatztherapie, Bildung von Gef\u00e4\u00dfverbindungen, Langzeitkomplikationen<\/td>\n<td style=\"width: 50%;\">Dr.Peth\u0151 \u00c1kos (PhD)<\/td>\n<\/tr>\n<tr>\n<td style=\"width: 50%;\" width=\"463\">Analyse von mikroRNS in pankreatischen neuroendokrinen Tumoren<\/td>\n<td style=\"width: 50%;\" width=\"403\">Dr.Igaz P\u00e9ter (MTA doktora)<\/td>\n<\/tr>\n<\/tbody>\n<\/table>\n","protected":false},"excerpt":{"rendered":"<p>1st Department of Medicine 2022\/2023 TDK topics Topic Supervisor Chronic myeloproliferative neoplasms: from molecular pathogenesis to everyday treatment Dr.Demeter Judit (MTA doktora) Hairy cell leukemia: state of teh art 2022\/2023 Dr.Demeter Judit (MTA doktora) Indications and risks of thrombopoietin analogue treatment in chronic immune thrombocytopenic purpura Dr.Demeter Judit (MTA doktora) Rare hematolgical disorders: the role &hellip;<\/p>\n","protected":false},"author":101596,"featured_media":0,"parent":4996,"menu_order":0,"comment_status":"closed","ping_status":"closed","template":"","meta":{"_acf_changed":false,"footnotes":""},"categories":[],"tags":[],"class_list":["post-8057","page","type-page","status-publish","hentry"],"acf":[],"publishpress_future_action":{"enabled":false,"date":"1970-01-01 01:00:00","action":"","terms":[],"taxonomy":"","browser_timezone_offset":0},"_links":{"self":[{"href":"https:\/\/semmelweis.hu\/tdk\/wp-json\/wp\/v2\/pages\/8057","targetHints":{"allow":["GET"]}}],"collection":[{"href":"https:\/\/semmelweis.hu\/tdk\/wp-json\/wp\/v2\/pages"}],"about":[{"href":"https:\/\/semmelweis.hu\/tdk\/wp-json\/wp\/v2\/types\/page"}],"author":[{"embeddable":true,"href":"https:\/\/semmelweis.hu\/tdk\/wp-json\/wp\/v2\/users\/101596"}],"replies":[{"embeddable":true,"href":"https:\/\/semmelweis.hu\/tdk\/wp-json\/wp\/v2\/comments?post=8057"}],"version-history":[{"count":2,"href":"https:\/\/semmelweis.hu\/tdk\/wp-json\/wp\/v2\/pages\/8057\/revisions"}],"predecessor-version":[{"id":11076,"href":"https:\/\/semmelweis.hu\/tdk\/wp-json\/wp\/v2\/pages\/8057\/revisions\/11076"}],"up":[{"embeddable":true,"href":"https:\/\/semmelweis.hu\/tdk\/wp-json\/wp\/v2\/pages\/4996"}],"wp:attachment":[{"href":"https:\/\/semmelweis.hu\/tdk\/wp-json\/wp\/v2\/media?parent=8057"}],"wp:term":[{"taxonomy":"category","embeddable":true,"href":"https:\/\/semmelweis.hu\/tdk\/wp-json\/wp\/v2\/categories?post=8057"},{"taxonomy":"post_tag","embeddable":true,"href":"https:\/\/semmelweis.hu\/tdk\/wp-json\/wp\/v2\/tags?post=8057"}],"curies":[{"name":"wp","href":"https:\/\/api.w.org\/{rel}","templated":true}]}}