{"id":8020,"date":"2022-03-02T09:50:31","date_gmt":"2022-03-02T08:50:31","guid":{"rendered":"https:\/\/semmelweis.hu\/tdk\/?page_id=8020"},"modified":"2025-03-01T14:13:25","modified_gmt":"2025-03-01T13:13:25","slug":"marosvasarhelyi-tdk-konferencia-2022","status":"publish","type":"page","link":"https:\/\/semmelweis.hu\/tdk\/palyazatok\/marosvasarhelyi-tdk-konferencia-2022\/","title":{"rendered":"Marosv\u00e1s\u00e1rhelyi TDK Konferencia 2025."},"content":{"rendered":"<p><strong>Kedves Hallgat\u00f3!<\/strong><\/p>\n<p>&nbsp;<\/p>\n<p>A Tudom\u00e1nyos Di\u00e1kk\u00f6ri Tan\u00e1cs p\u00e1ly\u00e1zatot hirdet az id\u00e9n 32. alkalommal <strong>Marosv\u00e1s\u00e1rhelyen<\/strong>\u00a0megrendezett\u00a0<strong>Tudom\u00e1nyos Di\u00e1kk\u00f6ri Konferenci\u00e1n<\/strong> el\u0151ad\u00f3, Semmelweis Egyetemen hallgat\u00f3 di\u00e1kok sz\u00e1m\u00e1ra.<\/p>\n<p>A konferencia id\u0151pontja:\u00a0<strong>2025. m\u00e1jus 07-10.<\/strong><\/p>\n<p><strong>Konferencia adatok:<\/strong><br \/>\nA konferencia honlapja:\u00a0<a href=\"https:\/\/tdk.mmdsz.ro\/\">https:\/\/tdk.mmdsz.ro<\/a><br \/>\nJelentkez\u00e9si inform\u00e1ci\u00f3: <a href=\"https:\/\/tdk.mmdsz.ro\/#\/jelentkezes\">https:\/\/tdk.mmdsz.ro\/#\/jelentkezes<\/a><\/p>\n<p>Helysz\u00edn: Marosv\u00e1s\u00e1rhely<br \/>\nId\u0151pont:\u00a0<strong>2025. m\u00e1jus 07-10.<\/strong>\u00a0 <br \/>\nAbsztraktfelt\u00f6lt\u00e9s:\u00a0<strong>2025. m\u00e1rcius 3-7.<\/strong><br \/>\nA konferencia honlapj\u00e1n van erre lehet\u0151s\u00e9g, el\u0151zetes regisztr\u00e1ci\u00f3t k\u00f6vet\u0151en. A jelentkez\u00e9si hat\u00e1rid\u0151 (m\u00e1rcius 7.) helyi id\u0151 szerint t\u00f6rt\u00e9nik, az id\u0151eltol\u00f3d\u00e1sra az absztraktfelt\u00f6lt\u00e9sn\u00e9l figyelni kell.<\/p>\n<p><strong>P\u00e1ly\u00e1zati adatok:<\/strong><br \/>\nBek\u00fcld\u00e9si hat\u00e1rid\u0151: 2025. m\u00e1rcius 03.<br \/>\nP\u00e1ly\u00e1zni ezen online dokumentum kit\u00f6lt\u00e9s\u00e9vel \u00e9s bek\u00fcld\u00e9s\u00e9vel lehet: <a href=\"https:\/\/forms.gle\/RoT5MZTSmWjLFXbi9\">https:\/\/forms.gle\/RoT5MZTSmWjLFXbi9<\/a><\/p>\n<p>\u00a0<br \/>\nP\u00e1ly\u00e1zati krit\u00e9riumok: hallgat\u00f3i jogviszony a Semmelweis Egyetemen<br \/>\nA p\u00e1ly\u00e1zaton el\u0151nyben r\u00e9szes\u00fclnek a TDK tev\u00e9kenys\u00e9get v\u00e9gz\u0151 \u00e9s azt bemutat\u00f3 hallgat\u00f3k.<\/p>\n<p>A p\u00e1ly\u00e1zaton az absztraktot beny\u00fajt\u00f3 els\u0151 szerz\u0151s hallgat\u00f3 nyerhet t\u00e1mogat\u00e1st. A p\u00e1ly\u00e1zat m\u00e1s nev\u00e9re nem \u00e1truh\u00e1zhat\u00f3<\/p>\n<p><strong>Sikeres p\u00e1ly\u00e1zatot k\u00edv\u00e1nunk!<\/strong><\/p>\n<p><strong>\u00dcdv\u00f6zlettel,<\/strong><\/p>\n<p><strong>SE TDT\u00a0<\/strong><\/p>\n","protected":false},"excerpt":{"rendered":"<p>Kedves Hallgat\u00f3! &nbsp; A Tudom\u00e1nyos Di\u00e1kk\u00f6ri Tan\u00e1cs p\u00e1ly\u00e1zatot hirdet az id\u00e9n 32. alkalommal Marosv\u00e1s\u00e1rhelyen\u00a0megrendezett\u00a0Tudom\u00e1nyos Di\u00e1kk\u00f6ri Konferenci\u00e1n el\u0151ad\u00f3, Semmelweis Egyetemen hallgat\u00f3 di\u00e1kok sz\u00e1m\u00e1ra. A konferencia id\u0151pontja:\u00a02025. m\u00e1jus 07-10. Konferencia adatok: A konferencia honlapja:\u00a0 <a href=\"https:\/\/tdk.mmdsz.ro\/\">https:\/\/tdk.mmdsz.ro<\/a> Jelentkez\u00e9si inform\u00e1ci\u00f3: <a href=\"https:\/\/tdk.mmdsz.ro\/#\/jelentkezes\">https:\/\/tdk.mmdsz.ro\/#\/jelentkezes<\/a> Helysz\u00edn: Marosv\u00e1s\u00e1rhely Id\u0151pont:\u00a02025. m\u00e1jus 07-10.\u00a0 Absztraktfelt\u00f6lt\u00e9s:\u00a02025. m\u00e1rcius 3-7. A konferencia honlapj\u00e1n van erre lehet\u0151s\u00e9g, el\u0151zetes regisztr\u00e1ci\u00f3t k\u00f6vet\u0151en. A jelentkez\u00e9si hat\u00e1rid\u0151 (m\u00e1rcius &hellip;<\/p>\n","protected":false},"author":101596,"featured_media":0,"parent":1146,"menu_order":0,"comment_status":"closed","ping_status":"closed","template":"","meta":{"_acf_changed":false,"footnotes":""},"categories":[],"tags":[],"class_list":["post-8020","page","type-page","status-publish","hentry"],"acf":[],"publishpress_future_action":{"enabled":false,"date":"1970-01-01 01:00:00","action":"","terms":[],"taxonomy":"","browser_timezone_offset":0},"_links":{"self":[{"href":"https:\/\/semmelweis.hu\/tdk\/wp-json\/wp\/v2\/pages\/8020","targetHints":{"allow":["GET"]}}],"collection":[{"href":"https:\/\/semmelweis.hu\/tdk\/wp-json\/wp\/v2\/pages"}],"about":[{"href":"https:\/\/semmelweis.hu\/tdk\/wp-json\/wp\/v2\/types\/page"}],"author":[{"embeddable":true,"href":"https:\/\/semmelweis.hu\/tdk\/wp-json\/wp\/v2\/users\/101596"}],"replies":[{"embeddable":true,"href":"https:\/\/semmelweis.hu\/tdk\/wp-json\/wp\/v2\/comments?post=8020"}],"version-history":[{"count":3,"href":"https:\/\/semmelweis.hu\/tdk\/wp-json\/wp\/v2\/pages\/8020\/revisions"}],"predecessor-version":[{"id":11382,"href":"https:\/\/semmelweis.hu\/tdk\/wp-json\/wp\/v2\/pages\/8020\/revisions\/11382"}],"up":[{"embeddable":true,"href":"https:\/\/semmelweis.hu\/tdk\/wp-json\/wp\/v2\/pages\/1146"}],"wp:attachment":[{"href":"https:\/\/semmelweis.hu\/tdk\/wp-json\/wp\/v2\/media?parent=8020"}],"wp:term":[{"taxonomy":"category","embeddable":true,"href":"https:\/\/semmelweis.hu\/tdk\/wp-json\/wp\/v2\/categories?post=8020"},{"taxonomy":"post_tag","embeddable":true,"href":"https:\/\/semmelweis.hu\/tdk\/wp-json\/wp\/v2\/tags?post=8020"}],"curies":[{"name":"wp","href":"https:\/\/api.w.org\/{rel}","templated":true}]}}