{"id":7740,"date":"2021-11-23T08:19:24","date_gmt":"2021-11-23T07:19:24","guid":{"rendered":"https:\/\/semmelweis.hu\/tdk\/?page_id=7740"},"modified":"2024-05-08T13:30:39","modified_gmt":"2024-05-08T11:30:39","slug":"transzlacios-medicina-kozpont-tdk-tema","status":"publish","type":"page","link":"https:\/\/semmelweis.hu\/tdk\/tdk-temak-es-temavezetok\/transzlacios-medicina-kozpont-tdk-tema\/","title":{"rendered":"Transzl\u00e1ci\u00f3s Medicina K\u00f6zpont"},"content":{"rendered":"<h3>Transzl\u00e1ci\u00f3s Medicina K\u00f6zpont TDK t\u00e9ma<\/h3>\n<table style=\"border-collapse: collapse;width: 100%\">\n<tbody>\n<tr>\n<td style=\"width: 49.932%\" width=\"402\"><strong>TDK t\u00e9ma<\/strong><\/td>\n<td style=\"width: 49.932%\" width=\"172\"><strong>T\u00e9mavezet\u0151 (fokozattal)<\/strong><\/td>\n<\/tr>\n<tr>\n<td style=\"width: 49.932%\" width=\"402\">Innovat\u00edv lok\u00e1lis ter\u00e1pia kr\u00f3nikus b\u0151rgy\u00f3gy\u00e1szati k\u00f3rk\u00e9pekben: platelet-rich plasma (PRP) alkalmaz\u00e1sa alopecia areata \u00e9s kr\u00f3nikus fek\u00e9lyek ter\u00e1pi\u00e1j\u00e1ban<\/td>\n<td style=\"width: 49.932%\" width=\"172\">Dr. B\u00e1nv\u00f6lgyi Andr\u00e1s PhD, egyetemi adjunktus<\/td>\n<\/tr>\n<tr>\n<td style=\"width: 49.932%\" width=\"150\">The Effects of Preoperative Steroid Administration on Intra- and Postoperative Outcomes in Liver Surgery<\/td>\n<td style=\"width: 49.932%\" width=\"161\">Prof. Dr. Moln\u00e1r Zsolt (MD, PhD)<\/td>\n<\/tr>\n<tr>\n<td style=\"width: 49.932%\">Az akut pankreatitisz patofiziol\u00f3gi\u00e1ja \u00e9s klinikuma<\/td>\n<td style=\"width: 49.932%\">Prof. Dr. Hegyi P\u00e9ter, egyetemi tan\u00e1r<\/td>\n<\/tr>\n<tr>\n<td style=\"width: 49.932%\">A kr\u00f3nikus pankreatitisz patofiziol\u00f3gi\u00e1ja \u00e9s klinikuma<\/td>\n<td style=\"width: 49.932%\">Prof. Dr. Hegyi P\u00e9ter, egyetemi tan\u00e1r<\/td>\n<\/tr>\n<tr>\n<td style=\"width: 49.932%\">A ciszt\u00e1s fibr\u00f3zis patofiziol\u00f3gi\u00e1ja \u00e9s klinikuma<\/td>\n<td style=\"width: 49.932%\">Prof. Dr. Hegyi P\u00e9ter, egyetemi tan\u00e1r<\/td>\n<\/tr>\n<tr>\n<td style=\"width: 49.932%\">A pankre\u00e1sz\u00a0daganatok patofiziol\u00f3gi\u00e1ja \u00e9s klinikuma<\/td>\n<td style=\"width: 49.932%\">Prof. Dr. Hegyi P\u00e9ter, egyetemi tan\u00e1r<\/td>\n<\/tr>\n<tr>\n<td style=\"width: 49.932%\">Az akut pankreatitisz patofiziol\u00f3gi\u00e1ja \u00e9s klinikuma<\/td>\n<td style=\"width: 49.932%\">Dr. Er\u0151ss B\u00e1lint<\/td>\n<\/tr>\n<tr>\n<td style=\"width: 49.932%\">A pankre\u00e1sz\u00a0daganatok patofiziol\u00f3gi\u00e1ja \u00e9s klinikuma<\/td>\n<td style=\"width: 49.932%\">Dr. Er\u0151ss B\u00e1lint<\/td>\n<\/tr>\n<tr>\n<td style=\"width: 49.932%\">A gasztrointesztin\u00e1lis v\u00e9rz\u00e9sek patofiziol\u00f3gi\u00e1ja \u00e9s klinikuma<\/td>\n<td style=\"width: 49.932%\">Dr. Er\u0151ss B\u00e1lint<\/td>\n<\/tr>\n<\/tbody>\n<\/table>\n<p>&nbsp;<\/p>\n","protected":false},"excerpt":{"rendered":"<p>Transzl\u00e1ci\u00f3s Medicina K\u00f6zpont TDK t\u00e9ma TDK t\u00e9ma T\u00e9mavezet\u0151 (fokozattal) Innovat\u00edv lok\u00e1lis ter\u00e1pia kr\u00f3nikus b\u0151rgy\u00f3gy\u00e1szati k\u00f3rk\u00e9pekben: platelet-rich plasma (PRP) alkalmaz\u00e1sa alopecia areata \u00e9s kr\u00f3nikus fek\u00e9lyek ter\u00e1pi\u00e1j\u00e1ban Dr. B\u00e1nv\u00f6lgyi Andr\u00e1s PhD, egyetemi adjunktus The Effects of Preoperative Steroid Administration on Intra- and Postoperative Outcomes in Liver Surgery Prof. Dr. Moln\u00e1r Zsolt (MD, PhD) Az akut pankreatitisz patofiziol\u00f3gi\u00e1ja &hellip;<\/p>\n","protected":false},"author":101596,"featured_media":0,"parent":4257,"menu_order":1,"comment_status":"closed","ping_status":"closed","template":"","meta":{"_acf_changed":false,"footnotes":""},"categories":[],"tags":[],"class_list":["post-7740","page","type-page","status-publish","hentry"],"acf":[],"publishpress_future_action":{"enabled":false,"date":"1970-01-01 01:00:00","action":"","terms":[],"taxonomy":"","browser_timezone_offset":0},"_links":{"self":[{"href":"https:\/\/semmelweis.hu\/tdk\/wp-json\/wp\/v2\/pages\/7740","targetHints":{"allow":["GET"]}}],"collection":[{"href":"https:\/\/semmelweis.hu\/tdk\/wp-json\/wp\/v2\/pages"}],"about":[{"href":"https:\/\/semmelweis.hu\/tdk\/wp-json\/wp\/v2\/types\/page"}],"author":[{"embeddable":true,"href":"https:\/\/semmelweis.hu\/tdk\/wp-json\/wp\/v2\/users\/101596"}],"replies":[{"embeddable":true,"href":"https:\/\/semmelweis.hu\/tdk\/wp-json\/wp\/v2\/comments?post=7740"}],"version-history":[{"count":6,"href":"https:\/\/semmelweis.hu\/tdk\/wp-json\/wp\/v2\/pages\/7740\/revisions"}],"predecessor-version":[{"id":10087,"href":"https:\/\/semmelweis.hu\/tdk\/wp-json\/wp\/v2\/pages\/7740\/revisions\/10087"}],"up":[{"embeddable":true,"href":"https:\/\/semmelweis.hu\/tdk\/wp-json\/wp\/v2\/pages\/4257"}],"wp:attachment":[{"href":"https:\/\/semmelweis.hu\/tdk\/wp-json\/wp\/v2\/media?parent=7740"}],"wp:term":[{"taxonomy":"category","embeddable":true,"href":"https:\/\/semmelweis.hu\/tdk\/wp-json\/wp\/v2\/categories?post=7740"},{"taxonomy":"post_tag","embeddable":true,"href":"https:\/\/semmelweis.hu\/tdk\/wp-json\/wp\/v2\/tags?post=7740"}],"curies":[{"name":"wp","href":"https:\/\/api.w.org\/{rel}","templated":true}]}}