{"id":7449,"date":"2021-09-28T09:53:52","date_gmt":"2021-09-28T07:53:52","guid":{"rendered":"https:\/\/semmelweis.hu\/tdk\/?page_id=7449"},"modified":"2024-05-08T13:30:45","modified_gmt":"2024-05-08T11:30:45","slug":"peto-andras-kar-tdk-temak","status":"publish","type":"page","link":"https:\/\/semmelweis.hu\/tdk\/tdk-temak-es-temavezetok\/peto-andras-kar-tdk-temak\/","title":{"rendered":"Pet\u0151 Andr\u00e1s Kar"},"content":{"rendered":"<h1>Pet\u0151 Andr\u00e1s Kar TDK t\u00e9m\u00e1k\u00a0<\/h1>\n<table style=\"border-collapse: collapse; width: 100%; height: 1011px;\">\n<tbody>\n<tr style=\"height: 30px;\">\n<td style=\"width: 50.8844%; height: 30px;\" width=\"365\"><strong>TDK-munka c\u00edme<\/strong><\/td>\n<td style=\"width: 48.9796%; height: 30px;\" width=\"351\"><strong>T\u00e9mavezet\u0151\u00a0<\/strong><\/td>\n<\/tr>\n<tr style=\"height: 57px;\">\n<td style=\"width: 50.8844%; height: 57px;\" width=\"365\">Sports\u00e9r\u00fcl\u00e9sek el\u0151fordul\u00e1sa a parasportol\u00f3k k\u00f6r\u00e9ben<\/td>\n<td style=\"width: 48.9796%; height: 57px;\">S\u00e1ringern\u00e9 dr. Szil\u00e1rd Zsuzsanna dr. Habil f\u0151iskolai tan\u00e1r<\/td>\n<\/tr>\n<tr style=\"height: 57px;\">\n<td style=\"width: 50.8844%; height: 57px;\">Sz\u00fcl\u0151i programok jelenl\u00e9te Pest megyei \u00f3vod\u00e1kban\u00a0<\/td>\n<td style=\"width: 48.9796%; height: 57px;\">Dr. Pint\u00e9r Henriett f\u0151iskolai docens<\/td>\n<\/tr>\n<tr style=\"height: 111px;\">\n<td style=\"width: 50.8844%; height: 111px;\">Saj\u00e1tos nevel\u00e9si ig\u00e9ny\u0171 gyermekek, azon bel\u00fcl is cerebralis paresis diagn\u00f3zis\u00fa gyermekek gondolkod\u00e1si m\u0171veleteinek fejleszt\u00e9se mes\u00e9ken kereszt\u00fcl az iskol\u00e1ba l\u00e9p\u00e9s el\u0151tt egy \u00e9vvel<\/td>\n<td style=\"width: 48.9796%; height: 111px;\">\u00a0Dr. Pint\u00e9r Henriett f\u0151iskolai docens<\/td>\n<\/tr>\n<tr style=\"height: 57px;\">\n<td style=\"width: 50.8844%; height: 57px;\">A k\u00e9z\u00edr\u00e1s \u00e9s a g\u00e9p\u00edr\u00e1s alkalmaz\u00e1s\u00e1nak vizsg\u00e1lati lehet\u0151s\u00e9gei a kondukt\u00edv\u00a0<\/td>\n<td style=\"width: 48.9796%; height: 57px;\">\u00a0Dr. Pint\u00e9r Henriett f\u0151iskolai docens<\/td>\n<\/tr>\n<tr style=\"height: 84px;\">\n<td style=\"width: 50.8844%; height: 84px;\">Egy augmentat\u00edv \u00e9s alternat\u00edv kommunik\u00e1ci\u00f3s intervenci\u00f3 replik\u00e1ci\u00f3s vizsg\u00e1lat\u00e1nak lefolytat\u00e1sa \u00e9s az eredm\u00e9nyek elemz\u00e9se<\/td>\n<td style=\"width: 48.9796%; height: 84px;\">\u00a0Dr. Pint\u00e9r Henriett f\u0151iskolai docens<\/td>\n<\/tr>\n<tr style=\"height: 84px;\">\n<td style=\"width: 50.8844%; height: 84px;\">\u00c9let a Pet\u0151 ut\u00e1n, avagy a fiatal feln\u0151ttkor kr\u00edziseinek megjelen\u00e9se \u00e9s megold\u00e1sa mozg\u00e1ss\u00e9r\u00fcltekn\u00e9l<\/td>\n<td style=\"width: 48.9796%; height: 84px;\">Dr. Sipeki Ir\u00e9n f\u0151iskolai docens<\/td>\n<\/tr>\n<tr style=\"height: 84px;\">\n<td style=\"width: 50.8844%; height: 84px;\">Az expressz\u00edv \u00edr\u00e1s alkalmaz\u00e1si lehet\u0151s\u00e9gei a pedag\u00f3giai rehabilit\u00e1ci\u00f3ban\u00a0Dr. Pint\u00e9r Henriett f\u0151iskolai docens<\/td>\n<td style=\"width: 48.9796%; height: 84px;\">\u00a0Dr. Pint\u00e9r Henriett f\u0151iskolai docens<\/td>\n<\/tr>\n<tr style=\"height: 57px;\">\n<td style=\"width: 50.8844%; height: 57px;\">Sz\u00e9pirodalmi alkot\u00e1sok hat\u00e1sa az id\u0151sek mem\u00f3ri\u00e1j\u00e1ra<\/td>\n<td style=\"width: 48.9796%; height: 57px;\">\u00a0Dr. Pint\u00e9r Henriett f\u0151iskolai docens<\/td>\n<\/tr>\n<tr style=\"height: 111px;\">\n<td style=\"width: 50.8844%; height: 111px;\">A kondukt\u00edv nevel\u00e9sben r\u00e9sztvev\u0151 cerebral paretikus gyermekek k\u00f6r\u00e9ben v\u00e9gzett mechanikus \u00e9s elektrom\u00e1gneses kezel\u00e9si m\u00f3dszer alkalmaz\u00e1s\u00e1nak tapasztalatai<\/td>\n<td style=\"width: 48.9796%; height: 111px;\">Dr. T\u00fari Ibolya f\u0151iskolai docens<\/td>\n<\/tr>\n<tr style=\"height: 57px;\">\n<td style=\"width: 50.8844%; height: 57px;\">Paralingvisztikai t\u00e9nyez\u0151k vizsg\u00e1lata a pedag\u00f3giai rehabilit\u00e1ci\u00f3 ter\u00fclet\u00e9n<\/td>\n<td style=\"width: 48.9796%; height: 57px;\">\u00a0Dr. Pint\u00e9r Henriett f\u0151iskolai docens<\/td>\n<\/tr>\n<tr style=\"height: 138px;\">\n<td style=\"width: 50.8844%; height: 138px;\">Kondukt\u00edv nevel\u00e9s mellett prefer\u00e1lt fejleszt\u00e9si elj\u00e1r\u00e1sok \u00e9letkor \u2013 specifikus vizsg\u00e1lata a Pet\u0151 Andr\u00e1s Kar gyakorl\u00f3ter\u00fcletein \u00e9s az utaz\u00f3 konduktori szolg\u00e1lat feladatai, kapcsol\u00f3d\u00e1sai integr\u00e1lt k\u00f6rnyezetben nevelked\u0151k k\u00f6r\u00e9ben<\/td>\n<td style=\"width: 48.9796%; height: 138px;\">Dr. T\u00fari Ibolya f\u0151iskolai docens<\/td>\n<\/tr>\n<tr style=\"height: 84px;\">\n<td style=\"width: 50.8844%; height: 84px;\">Irodalomter\u00e1pia alkalmaz\u00e1sa id\u0151sek k\u00f6r\u00e9ben: az irodalom megjelen\u00e9se az id\u0151sotthonok programjaiban<\/td>\n<td style=\"width: 48.9796%; height: 84px;\">\u00a0Dr. Pint\u00e9r Henriett f\u0151iskolai docens<\/td>\n<\/tr>\n<\/tbody>\n<\/table>\n","protected":false},"excerpt":{"rendered":"<p>Pet\u0151 Andr\u00e1s Kar TDK t\u00e9m\u00e1k\u00a0 TDK-munka c\u00edme T\u00e9mavezet\u0151\u00a0 Sports\u00e9r\u00fcl\u00e9sek el\u0151fordul\u00e1sa a parasportol\u00f3k k\u00f6r\u00e9ben S\u00e1ringern\u00e9 dr. Szil\u00e1rd Zsuzsanna dr. Habil f\u0151iskolai tan\u00e1r Sz\u00fcl\u0151i programok jelenl\u00e9te Pest megyei \u00f3vod\u00e1kban\u00a0 Dr. Pint\u00e9r Henriett f\u0151iskolai docens Saj\u00e1tos nevel\u00e9si ig\u00e9ny\u0171 gyermekek, azon bel\u00fcl is cerebralis paresis diagn\u00f3zis\u00fa gyermekek gondolkod\u00e1si m\u0171veleteinek fejleszt\u00e9se mes\u00e9ken kereszt\u00fcl az iskol\u00e1ba l\u00e9p\u00e9s el\u0151tt egy \u00e9vvel \u00a0Dr. &hellip;<\/p>\n","protected":false},"author":101596,"featured_media":0,"parent":4257,"menu_order":0,"comment_status":"closed","ping_status":"closed","template":"template-fullwidth.php","meta":{"_acf_changed":false,"footnotes":""},"categories":[],"tags":[],"class_list":["post-7449","page","type-page","status-publish","hentry"],"acf":[],"publishpress_future_action":{"enabled":false,"date":"1970-01-01 01:00:00","action":"","terms":[],"taxonomy":"","browser_timezone_offset":0},"_links":{"self":[{"href":"https:\/\/semmelweis.hu\/tdk\/wp-json\/wp\/v2\/pages\/7449","targetHints":{"allow":["GET"]}}],"collection":[{"href":"https:\/\/semmelweis.hu\/tdk\/wp-json\/wp\/v2\/pages"}],"about":[{"href":"https:\/\/semmelweis.hu\/tdk\/wp-json\/wp\/v2\/types\/page"}],"author":[{"embeddable":true,"href":"https:\/\/semmelweis.hu\/tdk\/wp-json\/wp\/v2\/users\/101596"}],"replies":[{"embeddable":true,"href":"https:\/\/semmelweis.hu\/tdk\/wp-json\/wp\/v2\/comments?post=7449"}],"version-history":[{"count":6,"href":"https:\/\/semmelweis.hu\/tdk\/wp-json\/wp\/v2\/pages\/7449\/revisions"}],"predecessor-version":[{"id":10083,"href":"https:\/\/semmelweis.hu\/tdk\/wp-json\/wp\/v2\/pages\/7449\/revisions\/10083"}],"up":[{"embeddable":true,"href":"https:\/\/semmelweis.hu\/tdk\/wp-json\/wp\/v2\/pages\/4257"}],"wp:attachment":[{"href":"https:\/\/semmelweis.hu\/tdk\/wp-json\/wp\/v2\/media?parent=7449"}],"wp:term":[{"taxonomy":"category","embeddable":true,"href":"https:\/\/semmelweis.hu\/tdk\/wp-json\/wp\/v2\/categories?post=7449"},{"taxonomy":"post_tag","embeddable":true,"href":"https:\/\/semmelweis.hu\/tdk\/wp-json\/wp\/v2\/tags?post=7449"}],"curies":[{"name":"wp","href":"https:\/\/api.w.org\/{rel}","templated":true}]}}