{"id":7362,"date":"2021-07-20T08:24:40","date_gmt":"2021-07-20T06:24:40","guid":{"rendered":"https:\/\/semmelweis.hu\/tdk\/?page_id=7362"},"modified":"2025-07-25T09:38:49","modified_gmt":"2025-07-25T07:38:49","slug":"szaknyelvi-intezet-rektori-palyazat-2021-2022","status":"publish","type":"page","link":"https:\/\/semmelweis.hu\/tdk\/rektori-palyazat\/rektori-palyazat-meghirdetett-temak\/szaknyelvi-intezet-rektori-palyazat-2021-2022\/","title":{"rendered":"Szaknyelvi Int\u00e9zet\u00a0&#8211; Rektori p\u00e1ly\u00e1zat"},"content":{"rendered":"<h1>Szaknyelvi Int\u00e9zet Rektori p\u00e1ly\u00e1zat 2025\/2026<\/h1>\n<ul>\n<li><strong>S\u00e9r\u00fcl\u00e9sek klinikai \u00e9s igazs\u00e1g\u00fcgyi orvosszak\u00e9rt\u0151i dokument\u00e1ci\u00f3j\u00e1nak magyar-n\u00e9met kontraszt\u00edv terminol\u00f3giai elemz\u00e9se &#8211; <\/strong>Fogarasi Katalin, PhD; Dr. Patonai Zolt\u00e1n, PhD; Dr. D\u00f3sa \u00c1gnes docens<\/li>\n<li><strong>Terminol\u00f3gia az orvosi dokument\u00e1ci\u00f3ban \u00e9s a betegt\u00e1j\u00e9koztat\u00e1sban &#8211; <\/strong>Dr. Varga \u00c9va Katalin, egyetemi docens<\/li>\n<li><strong>Szaknyelvi terminusok eredet\u00e9nek \u00e9s t\u00f6rt\u00e9net\u00e9nek vizsg\u00e1lata &#8211; <\/strong>Dr Varga \u00c9va Katalin, egyetemi docens<\/li>\n<\/ul>\n<p>&nbsp;<\/p>\n<p>&nbsp;<\/p>\n","protected":false},"excerpt":{"rendered":"<p>Szaknyelvi Int\u00e9zet Rektori p\u00e1ly\u00e1zat 2025\/2026 S\u00e9r\u00fcl\u00e9sek klinikai \u00e9s igazs\u00e1g\u00fcgyi orvosszak\u00e9rt\u0151i dokument\u00e1ci\u00f3j\u00e1nak magyar-n\u00e9met kontraszt\u00edv terminol\u00f3giai elemz\u00e9se &#8211; Fogarasi Katalin, PhD; Dr. Patonai Zolt\u00e1n, PhD; Dr. D\u00f3sa \u00c1gnes docens Terminol\u00f3gia az orvosi dokument\u00e1ci\u00f3ban \u00e9s a betegt\u00e1j\u00e9koztat\u00e1sban &#8211; Dr. Varga \u00c9va Katalin, egyetemi docens Szaknyelvi terminusok eredet\u00e9nek \u00e9s t\u00f6rt\u00e9net\u00e9nek vizsg\u00e1lata &#8211; Dr Varga \u00c9va Katalin, egyetemi docens &nbsp; &hellip;<\/p>\n","protected":false},"author":101596,"featured_media":0,"parent":9092,"menu_order":0,"comment_status":"closed","ping_status":"closed","template":"","meta":{"_acf_changed":false,"footnotes":""},"categories":[],"tags":[107],"class_list":["post-7362","page","type-page","status-publish","hentry","tag-kozponti-egysegek"],"acf":[],"publishpress_future_action":{"enabled":false,"date":"1970-01-01 01:00:00","action":"","terms":[],"taxonomy":"","browser_timezone_offset":0},"_links":{"self":[{"href":"https:\/\/semmelweis.hu\/tdk\/wp-json\/wp\/v2\/pages\/7362","targetHints":{"allow":["GET"]}}],"collection":[{"href":"https:\/\/semmelweis.hu\/tdk\/wp-json\/wp\/v2\/pages"}],"about":[{"href":"https:\/\/semmelweis.hu\/tdk\/wp-json\/wp\/v2\/types\/page"}],"author":[{"embeddable":true,"href":"https:\/\/semmelweis.hu\/tdk\/wp-json\/wp\/v2\/users\/101596"}],"replies":[{"embeddable":true,"href":"https:\/\/semmelweis.hu\/tdk\/wp-json\/wp\/v2\/comments?post=7362"}],"version-history":[{"count":10,"href":"https:\/\/semmelweis.hu\/tdk\/wp-json\/wp\/v2\/pages\/7362\/revisions"}],"predecessor-version":[{"id":11553,"href":"https:\/\/semmelweis.hu\/tdk\/wp-json\/wp\/v2\/pages\/7362\/revisions\/11553"}],"up":[{"embeddable":true,"href":"https:\/\/semmelweis.hu\/tdk\/wp-json\/wp\/v2\/pages\/9092"}],"wp:attachment":[{"href":"https:\/\/semmelweis.hu\/tdk\/wp-json\/wp\/v2\/media?parent=7362"}],"wp:term":[{"taxonomy":"category","embeddable":true,"href":"https:\/\/semmelweis.hu\/tdk\/wp-json\/wp\/v2\/categories?post=7362"},{"taxonomy":"post_tag","embeddable":true,"href":"https:\/\/semmelweis.hu\/tdk\/wp-json\/wp\/v2\/tags?post=7362"}],"curies":[{"name":"wp","href":"https:\/\/api.w.org\/{rel}","templated":true}]}}